{"id":8758,"date":"2025-08-27T12:02:04","date_gmt":"2025-08-27T12:02:04","guid":{"rendered":"https:\/\/btmtelectric.com\/?post_type=product&#038;p=8758"},"modified":"2025-08-28T12:16:36","modified_gmt":"2025-08-28T12:16:36","slug":"disjoncteur-nb1-63-4p-c20-6ka-chint","status":"publish","type":"product","link":"https:\/\/btmtelectric.com\/index.php\/product\/disjoncteur-nb1-63-4p-c20-6ka-chint\/","title":{"rendered":"DISJONCTEUR NB1-63 4P C20 6KA CHINT"},"content":{"rendered":"<h3 data-start=\"656\" data-end=\"691\">Caract\u00e9ristiques techniques :<\/h3>\n<ul data-start=\"692\" data-end=\"1467\">\n<li data-start=\"692\" data-end=\"799\">\n<p data-start=\"694\" data-end=\"799\"><strong data-start=\"694\" data-end=\"718\">Courant nominal (In)<\/strong> : <strong data-start=\"721\" data-end=\"729\">20 A<\/strong>, adapt\u00e9 \u00e0 la protection des circuits de faible \u00e0 moyenne puissance.<\/p>\n<\/li>\n<li data-start=\"800\" data-end=\"901\">\n<p data-start=\"802\" data-end=\"901\"><strong data-start=\"802\" data-end=\"821\">Nombre de p\u00f4les<\/strong> : <strong data-start=\"824\" data-end=\"830\">4P<\/strong>, assurant une couverture compl\u00e8te des r\u00e9seaux triphas\u00e9s avec neutre.<\/p>\n<\/li>\n<li data-start=\"902\" data-end=\"985\">\n<p data-start=\"904\" data-end=\"985\"><strong data-start=\"904\" data-end=\"929\">Tension assign\u00e9e (Ue)<\/strong> : <strong data-start=\"932\" data-end=\"948\">230\/400 V AC<\/strong>, compatible monophas\u00e9 et triphas\u00e9.<\/p>\n<\/li>\n<li data-start=\"986\" data-end=\"1037\">\n<p data-start=\"988\" data-end=\"1037\"><strong data-start=\"988\" data-end=\"1019\">Fr\u00e9quence de fonctionnement<\/strong> : <strong data-start=\"1022\" data-end=\"1034\">50\/60 Hz<\/strong>.<\/p>\n<\/li>\n<li data-start=\"1038\" data-end=\"1155\">\n<p data-start=\"1040\" data-end=\"1155\"><strong data-start=\"1040\" data-end=\"1068\">Pouvoir de coupure (Icn)<\/strong> : <strong data-start=\"1071\" data-end=\"1082\">6 000 A<\/strong>, garantissant une protection efficace m\u00eame en cas de d\u00e9faut important.<\/p>\n<\/li>\n<li data-start=\"1156\" data-end=\"1256\">\n<p data-start=\"1158\" data-end=\"1256\"><strong data-start=\"1158\" data-end=\"1185\">Dur\u00e9e de vie \u00e9lectrique<\/strong> : jusqu\u2019\u00e0 <strong data-start=\"1196\" data-end=\"1215\">4 000 man\u0153uvres<\/strong>, garantissant fiabilit\u00e9 dans le temps.<\/p>\n<\/li>\n<li data-start=\"1257\" data-end=\"1348\">\n<p data-start=\"1259\" data-end=\"1348\"><strong data-start=\"1259\" data-end=\"1285\">Dur\u00e9e de vie m\u00e9canique<\/strong> : jusqu\u2019\u00e0 <strong data-start=\"1296\" data-end=\"1316\">20 000 man\u0153uvres<\/strong>, t\u00e9moignant de sa robustesse.<\/p>\n<\/li>\n<li data-start=\"1349\" data-end=\"1467\">\n<p data-start=\"1351\" data-end=\"1467\"><strong data-start=\"1351\" data-end=\"1384\">Temp\u00e9rature de fonctionnement<\/strong> : de <strong data-start=\"1390\" data-end=\"1409\">\u201325 \u00b0C \u00e0 +60 \u00b0C<\/strong>, permettant une utilisation dans divers environnements.<\/p>\n<\/li>\n<\/ul>\n<h3 data-start=\"1469\" data-end=\"1489\">Points forts :<\/h3>\n<ul data-start=\"1490\" data-end=\"1821\">\n<li data-start=\"1490\" data-end=\"1575\">\n<p data-start=\"1492\" data-end=\"1575\"><strong data-start=\"1492\" data-end=\"1521\">Polyvalence d\u2019utilisation<\/strong> : convient au r\u00e9sidentiel, tertiaire et industriel.<\/p>\n<\/li>\n<li data-start=\"1576\" data-end=\"1637\">\n<p data-start=\"1578\" data-end=\"1637\"><strong data-start=\"1578\" data-end=\"1592\">Robustesse<\/strong> : forte endurance m\u00e9canique et \u00e9lectrique.<\/p>\n<\/li>\n<li data-start=\"1638\" data-end=\"1720\">\n<p data-start=\"1640\" data-end=\"1720\"><strong data-start=\"1640\" data-end=\"1661\">S\u00e9curit\u00e9 optimale<\/strong> : prot\u00e8ge efficacement les \u00e9quipements et les personnes.<\/p>\n<\/li>\n<li data-start=\"1721\" data-end=\"1821\">\n<p data-start=\"1723\" data-end=\"1821\"><strong data-start=\"1723\" data-end=\"1745\">Fiabilit\u00e9 garantie<\/strong> : con\u00e7u pour fonctionner durablement m\u00eame dans des conditions exigeantes.<\/p>\n<\/li>\n<\/ul>\n","protected":false},"excerpt":{"rendered":"<p>Caract\u00e9ristiques techniques : Courant nominal (In) : 20 A, adapt\u00e9 \u00e0 la protection des circuits de faible \u00e0 moyenne puissance. Nombre de p\u00f4les : 4P, assurant une couverture compl\u00e8te des<\/p>\n","protected":false},"featured_media":8826,"comment_status":"open","ping_status":"closed","template":"","meta":{"_acf_changed":false,"content-type":""},"product_brand":[],"product_cat":[367],"product_tag":[],"class_list":{"0":"post-8758","1":"product","2":"type-product","3":"status-publish","4":"has-post-thumbnail","6":"product_cat-disjoncteurs","8":"first","9":"instock","10":"shipping-taxable","11":"purchasable","12":"product-type-simple"},"acf":[],"yoast_head":"<!-- This site is optimized with the Yoast SEO plugin v27.3 - https:\/\/yoast.com\/product\/yoast-seo-wordpress\/ -->\n<title>DISJONCTEUR NB1-63 4P C20 6KA CHINT - BTMT ELECTRIC \u2013 Solutions \u00c9lectriques Fiables et Innovantes<\/title>\n<meta name=\"robots\" content=\"index, follow, max-snippet:-1, max-image-preview:large, max-video-preview:-1\" \/>\n<link rel=\"canonical\" href=\"https:\/\/btmtelectric.com\/index.php\/product\/disjoncteur-nb1-63-4p-c20-6ka-chint\/\" \/>\n<meta property=\"og:locale\" content=\"fr_FR\" \/>\n<meta property=\"og:type\" content=\"article\" \/>\n<meta property=\"og:title\" content=\"DISJONCTEUR NB1-63 4P C20 6KA CHINT - BTMT ELECTRIC \u2013 Solutions \u00c9lectriques Fiables et Innovantes\" \/>\n<meta property=\"og:description\" content=\"Caract\u00e9ristiques techniques : Courant nominal (In) : 20 A, adapt\u00e9 \u00e0 la protection des circuits de faible \u00e0 moyenne puissance. Nombre de p\u00f4les : 4P, assurant une couverture compl\u00e8te des\" \/>\n<meta property=\"og:url\" content=\"https:\/\/btmtelectric.com\/index.php\/product\/disjoncteur-nb1-63-4p-c20-6ka-chint\/\" \/>\n<meta property=\"og:site_name\" content=\"BTMT ELECTRIC \u2013 Solutions \u00c9lectriques Fiables et Innovantes\" \/>\n<meta property=\"article:publisher\" content=\"https:\/\/www.facebook.com\/profile.php?id=61578000361796\" \/>\n<meta property=\"article:modified_time\" content=\"2025-08-28T12:16:36+00:00\" \/>\n<meta property=\"og:image\" content=\"https:\/\/btmtelectric.com\/wp-content\/uploads\/2025\/08\/disj-modulaire-c20-4p.jpg\" \/>\n\t<meta property=\"og:image:width\" content=\"381\" \/>\n\t<meta property=\"og:image:height\" content=\"492\" \/>\n\t<meta property=\"og:image:type\" content=\"image\/jpeg\" \/>\n<meta name=\"twitter:card\" content=\"summary_large_image\" \/>\n<meta name=\"twitter:label1\" content=\"Dur\u00e9e de lecture estim\u00e9e\" \/>\n\t<meta name=\"twitter:data1\" content=\"1 minute\" \/>\n<script type=\"application\/ld+json\" class=\"yoast-schema-graph\">{\"@context\":\"https:\\\/\\\/schema.org\",\"@graph\":[{\"@type\":\"WebPage\",\"@id\":\"https:\\\/\\\/btmtelectric.com\\\/index.php\\\/product\\\/disjoncteur-nb1-63-4p-c20-6ka-chint\\\/\",\"url\":\"https:\\\/\\\/btmtelectric.com\\\/index.php\\\/product\\\/disjoncteur-nb1-63-4p-c20-6ka-chint\\\/\",\"name\":\"DISJONCTEUR NB1-63 4P C20 6KA CHINT - BTMT ELECTRIC \u2013 Solutions \u00c9lectriques Fiables et Innovantes\",\"isPartOf\":{\"@id\":\"https:\\\/\\\/btmtelectric.com\\\/#website\"},\"primaryImageOfPage\":{\"@id\":\"https:\\\/\\\/btmtelectric.com\\\/index.php\\\/product\\\/disjoncteur-nb1-63-4p-c20-6ka-chint\\\/#primaryimage\"},\"image\":{\"@id\":\"https:\\\/\\\/btmtelectric.com\\\/index.php\\\/product\\\/disjoncteur-nb1-63-4p-c20-6ka-chint\\\/#primaryimage\"},\"thumbnailUrl\":\"https:\\\/\\\/btmtelectric.com\\\/wp-content\\\/uploads\\\/2025\\\/08\\\/disj-modulaire-c20-4p.jpg\",\"datePublished\":\"2025-08-27T12:02:04+00:00\",\"dateModified\":\"2025-08-28T12:16:36+00:00\",\"breadcrumb\":{\"@id\":\"https:\\\/\\\/btmtelectric.com\\\/index.php\\\/product\\\/disjoncteur-nb1-63-4p-c20-6ka-chint\\\/#breadcrumb\"},\"inLanguage\":\"fr-FR\",\"potentialAction\":[{\"@type\":\"ReadAction\",\"target\":[\"https:\\\/\\\/btmtelectric.com\\\/index.php\\\/product\\\/disjoncteur-nb1-63-4p-c20-6ka-chint\\\/\"]}]},{\"@type\":\"ImageObject\",\"inLanguage\":\"fr-FR\",\"@id\":\"https:\\\/\\\/btmtelectric.com\\\/index.php\\\/product\\\/disjoncteur-nb1-63-4p-c20-6ka-chint\\\/#primaryimage\",\"url\":\"https:\\\/\\\/btmtelectric.com\\\/wp-content\\\/uploads\\\/2025\\\/08\\\/disj-modulaire-c20-4p.jpg\",\"contentUrl\":\"https:\\\/\\\/btmtelectric.com\\\/wp-content\\\/uploads\\\/2025\\\/08\\\/disj-modulaire-c20-4p.jpg\",\"width\":381,\"height\":492},{\"@type\":\"BreadcrumbList\",\"@id\":\"https:\\\/\\\/btmtelectric.com\\\/index.php\\\/product\\\/disjoncteur-nb1-63-4p-c20-6ka-chint\\\/#breadcrumb\",\"itemListElement\":[{\"@type\":\"ListItem\",\"position\":1,\"name\":\"Accueil\",\"item\":\"https:\\\/\\\/btmtelectric.com\\\/\"},{\"@type\":\"ListItem\",\"position\":2,\"name\":\"Boutique\",\"item\":\"https:\\\/\\\/btmtelectric.com\\\/index.php\\\/boutique\\\/\"},{\"@type\":\"ListItem\",\"position\":3,\"name\":\"DISJONCTEUR NB1-63 4P C20 6KA CHINT\"}]},{\"@type\":\"WebSite\",\"@id\":\"https:\\\/\\\/btmtelectric.com\\\/#website\",\"url\":\"https:\\\/\\\/btmtelectric.com\\\/\",\"name\":\"BTMT ELECTRIC \u2013 Solutions \u00c9lectriques Fiables et Innovantes\",\"description\":\"\",\"publisher\":{\"@id\":\"https:\\\/\\\/btmtelectric.com\\\/#organization\"},\"potentialAction\":[{\"@type\":\"SearchAction\",\"target\":{\"@type\":\"EntryPoint\",\"urlTemplate\":\"https:\\\/\\\/btmtelectric.com\\\/?s={search_term_string}\"},\"query-input\":{\"@type\":\"PropertyValueSpecification\",\"valueRequired\":true,\"valueName\":\"search_term_string\"}}],\"inLanguage\":\"fr-FR\"},{\"@type\":\"Organization\",\"@id\":\"https:\\\/\\\/btmtelectric.com\\\/#organization\",\"name\":\"BTMT ELECTRIC \u2013 Solutions \u00c9lectriques Fiables et Innovantes\",\"url\":\"https:\\\/\\\/btmtelectric.com\\\/\",\"logo\":{\"@type\":\"ImageObject\",\"inLanguage\":\"fr-FR\",\"@id\":\"https:\\\/\\\/btmtelectric.com\\\/#\\\/schema\\\/logo\\\/image\\\/\",\"url\":\"https:\\\/\\\/btmtelectric.com\\\/wp-content\\\/uploads\\\/2025\\\/07\\\/WhatsApp_Image_2025-07-09_at_11.45.18_AM-removebg-preview-1.png\",\"contentUrl\":\"https:\\\/\\\/btmtelectric.com\\\/wp-content\\\/uploads\\\/2025\\\/07\\\/WhatsApp_Image_2025-07-09_at_11.45.18_AM-removebg-preview-1.png\",\"width\":175,\"height\":42,\"caption\":\"BTMT ELECTRIC \u2013 Solutions \u00c9lectriques Fiables et Innovantes\"},\"image\":{\"@id\":\"https:\\\/\\\/btmtelectric.com\\\/#\\\/schema\\\/logo\\\/image\\\/\"},\"sameAs\":[\"https:\\\/\\\/www.facebook.com\\\/profile.php?id=61578000361796\",\"https:\\\/\\\/www.instagram.com\\\/btmtelectric\\\/\"]}]}<\/script>\n<!-- \/ Yoast SEO plugin. -->","yoast_head_json":{"title":"DISJONCTEUR NB1-63 4P C20 6KA CHINT - BTMT ELECTRIC \u2013 Solutions \u00c9lectriques Fiables et Innovantes","robots":{"index":"index","follow":"follow","max-snippet":"max-snippet:-1","max-image-preview":"max-image-preview:large","max-video-preview":"max-video-preview:-1"},"canonical":"https:\/\/btmtelectric.com\/index.php\/product\/disjoncteur-nb1-63-4p-c20-6ka-chint\/","og_locale":"fr_FR","og_type":"article","og_title":"DISJONCTEUR NB1-63 4P C20 6KA CHINT - BTMT ELECTRIC \u2013 Solutions \u00c9lectriques Fiables et Innovantes","og_description":"Caract\u00e9ristiques techniques : Courant nominal (In) : 20 A, adapt\u00e9 \u00e0 la protection des circuits de faible \u00e0 moyenne puissance. Nombre de p\u00f4les : 4P, assurant une couverture compl\u00e8te des","og_url":"https:\/\/btmtelectric.com\/index.php\/product\/disjoncteur-nb1-63-4p-c20-6ka-chint\/","og_site_name":"BTMT ELECTRIC \u2013 Solutions \u00c9lectriques Fiables et Innovantes","article_publisher":"https:\/\/www.facebook.com\/profile.php?id=61578000361796","article_modified_time":"2025-08-28T12:16:36+00:00","og_image":[{"width":381,"height":492,"url":"https:\/\/btmtelectric.com\/wp-content\/uploads\/2025\/08\/disj-modulaire-c20-4p.jpg","type":"image\/jpeg"}],"twitter_card":"summary_large_image","twitter_misc":{"Dur\u00e9e de lecture estim\u00e9e":"1 minute"},"schema":{"@context":"https:\/\/schema.org","@graph":[{"@type":"WebPage","@id":"https:\/\/btmtelectric.com\/index.php\/product\/disjoncteur-nb1-63-4p-c20-6ka-chint\/","url":"https:\/\/btmtelectric.com\/index.php\/product\/disjoncteur-nb1-63-4p-c20-6ka-chint\/","name":"DISJONCTEUR NB1-63 4P C20 6KA CHINT - BTMT ELECTRIC \u2013 Solutions \u00c9lectriques Fiables et Innovantes","isPartOf":{"@id":"https:\/\/btmtelectric.com\/#website"},"primaryImageOfPage":{"@id":"https:\/\/btmtelectric.com\/index.php\/product\/disjoncteur-nb1-63-4p-c20-6ka-chint\/#primaryimage"},"image":{"@id":"https:\/\/btmtelectric.com\/index.php\/product\/disjoncteur-nb1-63-4p-c20-6ka-chint\/#primaryimage"},"thumbnailUrl":"https:\/\/btmtelectric.com\/wp-content\/uploads\/2025\/08\/disj-modulaire-c20-4p.jpg","datePublished":"2025-08-27T12:02:04+00:00","dateModified":"2025-08-28T12:16:36+00:00","breadcrumb":{"@id":"https:\/\/btmtelectric.com\/index.php\/product\/disjoncteur-nb1-63-4p-c20-6ka-chint\/#breadcrumb"},"inLanguage":"fr-FR","potentialAction":[{"@type":"ReadAction","target":["https:\/\/btmtelectric.com\/index.php\/product\/disjoncteur-nb1-63-4p-c20-6ka-chint\/"]}]},{"@type":"ImageObject","inLanguage":"fr-FR","@id":"https:\/\/btmtelectric.com\/index.php\/product\/disjoncteur-nb1-63-4p-c20-6ka-chint\/#primaryimage","url":"https:\/\/btmtelectric.com\/wp-content\/uploads\/2025\/08\/disj-modulaire-c20-4p.jpg","contentUrl":"https:\/\/btmtelectric.com\/wp-content\/uploads\/2025\/08\/disj-modulaire-c20-4p.jpg","width":381,"height":492},{"@type":"BreadcrumbList","@id":"https:\/\/btmtelectric.com\/index.php\/product\/disjoncteur-nb1-63-4p-c20-6ka-chint\/#breadcrumb","itemListElement":[{"@type":"ListItem","position":1,"name":"Accueil","item":"https:\/\/btmtelectric.com\/"},{"@type":"ListItem","position":2,"name":"Boutique","item":"https:\/\/btmtelectric.com\/index.php\/boutique\/"},{"@type":"ListItem","position":3,"name":"DISJONCTEUR NB1-63 4P C20 6KA CHINT"}]},{"@type":"WebSite","@id":"https:\/\/btmtelectric.com\/#website","url":"https:\/\/btmtelectric.com\/","name":"BTMT ELECTRIC \u2013 Solutions \u00c9lectriques Fiables et Innovantes","description":"","publisher":{"@id":"https:\/\/btmtelectric.com\/#organization"},"potentialAction":[{"@type":"SearchAction","target":{"@type":"EntryPoint","urlTemplate":"https:\/\/btmtelectric.com\/?s={search_term_string}"},"query-input":{"@type":"PropertyValueSpecification","valueRequired":true,"valueName":"search_term_string"}}],"inLanguage":"fr-FR"},{"@type":"Organization","@id":"https:\/\/btmtelectric.com\/#organization","name":"BTMT ELECTRIC \u2013 Solutions \u00c9lectriques Fiables et Innovantes","url":"https:\/\/btmtelectric.com\/","logo":{"@type":"ImageObject","inLanguage":"fr-FR","@id":"https:\/\/btmtelectric.com\/#\/schema\/logo\/image\/","url":"https:\/\/btmtelectric.com\/wp-content\/uploads\/2025\/07\/WhatsApp_Image_2025-07-09_at_11.45.18_AM-removebg-preview-1.png","contentUrl":"https:\/\/btmtelectric.com\/wp-content\/uploads\/2025\/07\/WhatsApp_Image_2025-07-09_at_11.45.18_AM-removebg-preview-1.png","width":175,"height":42,"caption":"BTMT ELECTRIC \u2013 Solutions \u00c9lectriques Fiables et Innovantes"},"image":{"@id":"https:\/\/btmtelectric.com\/#\/schema\/logo\/image\/"},"sameAs":["https:\/\/www.facebook.com\/profile.php?id=61578000361796","https:\/\/www.instagram.com\/btmtelectric\/"]}]}},"_links":{"self":[{"href":"https:\/\/btmtelectric.com\/index.php\/wp-json\/wp\/v2\/product\/8758","targetHints":{"allow":["GET"]}}],"collection":[{"href":"https:\/\/btmtelectric.com\/index.php\/wp-json\/wp\/v2\/product"}],"about":[{"href":"https:\/\/btmtelectric.com\/index.php\/wp-json\/wp\/v2\/types\/product"}],"replies":[{"embeddable":true,"href":"https:\/\/btmtelectric.com\/index.php\/wp-json\/wp\/v2\/comments?post=8758"}],"wp:featuredmedia":[{"embeddable":true,"href":"https:\/\/btmtelectric.com\/index.php\/wp-json\/wp\/v2\/media\/8826"}],"wp:attachment":[{"href":"https:\/\/btmtelectric.com\/index.php\/wp-json\/wp\/v2\/media?parent=8758"}],"wp:term":[{"taxonomy":"product_brand","embeddable":true,"href":"https:\/\/btmtelectric.com\/index.php\/wp-json\/wp\/v2\/product_brand?post=8758"},{"taxonomy":"product_cat","embeddable":true,"href":"https:\/\/btmtelectric.com\/index.php\/wp-json\/wp\/v2\/product_cat?post=8758"},{"taxonomy":"product_tag","embeddable":true,"href":"https:\/\/btmtelectric.com\/index.php\/wp-json\/wp\/v2\/product_tag?post=8758"}],"curies":[{"name":"wp","href":"https:\/\/api.w.org\/{rel}","templated":true}]}}