{"id":8741,"date":"2025-08-27T11:33:28","date_gmt":"2025-08-27T11:33:28","guid":{"rendered":"https:\/\/btmtelectric.com\/?post_type=product&#038;p=8741"},"modified":"2025-08-27T11:33:28","modified_gmt":"2025-08-27T11:33:28","slug":"disjoncteur-moteur-ns2-80b-25-40a-chint","status":"publish","type":"product","link":"https:\/\/btmtelectric.com\/index.php\/product\/disjoncteur-moteur-ns2-80b-25-40a-chint\/","title":{"rendered":"DISJONCTEUR MOTEUR NS2-80B 25-40A CHINT"},"content":{"rendered":"<ul>\n<li data-start=\"159\" data-end=\"253\">\n<p data-start=\"161\" data-end=\"253\">Disjoncteur-moteur manuel (MPCB) pour commande ON\/OFF et protection des moteurs triphas\u00e9s.<\/p>\n<\/li>\n<li data-start=\"254\" data-end=\"342\">\n<p data-start=\"256\" data-end=\"342\">Prot\u00e8ge efficacement contre les <strong data-start=\"288\" data-end=\"339\">surcharges, courts-circuits et d\u00e9fauts de phase<\/strong>.<\/p>\n<\/li>\n<li data-start=\"343\" data-end=\"391\">\n<p data-start=\"345\" data-end=\"391\"><strong data-start=\"345\" data-end=\"388\">Plage de r\u00e9glage du courant : 25 \u00e0 40 A<\/strong>.<\/p>\n<\/li>\n<li data-start=\"392\" data-end=\"459\">\n<p data-start=\"394\" data-end=\"459\">Conforme aux normes <strong data-start=\"414\" data-end=\"432\">IEC\/EN 60947-2<\/strong> et <strong data-start=\"436\" data-end=\"456\">IEC\/EN 60947-4-1<\/strong>.<\/p>\n<\/li>\n<li data-start=\"460\" data-end=\"515\">\n<p data-start=\"462\" data-end=\"515\">Adapt\u00e9 \u00e0 des <strong data-start=\"475\" data-end=\"512\">tensions de service jusqu\u2019\u00e0 690 V<\/strong>.<\/p>\n<\/li>\n<li data-start=\"516\" data-end=\"570\">\n<p data-start=\"518\" data-end=\"570\"><strong data-start=\"518\" data-end=\"547\">Capacit\u00e9 de coupure (Icu)<\/strong> : 15 kA \u00e0 400\/415 V.<\/p>\n<\/li>\n<li data-start=\"571\" data-end=\"626\">\n<p data-start=\"573\" data-end=\"626\"><strong data-start=\"573\" data-end=\"602\">Capacit\u00e9 de service (Ics)<\/strong> : 7,5 kA \u00e0 400\/415 V.<\/p>\n<\/li>\n<li data-start=\"627\" data-end=\"708\">\n<p data-start=\"629\" data-end=\"708\">Permet de contr\u00f4ler des puissances moteur jusqu\u2019\u00e0 <strong data-start=\"679\" data-end=\"688\">22 kW<\/strong> selon la tension.<\/p>\n<ul>\n<li data-start=\"238\" data-end=\"372\">\n<p data-start=\"240\" data-end=\"372\"><strong data-start=\"240\" data-end=\"263\">Protection compl\u00e8te<\/strong> : contre surcharge, court-circuit et d\u00e9faut de phase, ce qui r\u00e9duit fortement les risques de panne moteur.<\/p>\n<\/li>\n<li data-start=\"373\" data-end=\"517\">\n<p data-start=\"375\" data-end=\"517\"><strong data-start=\"375\" data-end=\"401\">Normes internationales<\/strong> : conforme aux normes <strong data-start=\"424\" data-end=\"442\">IEC\/EN 60947-2<\/strong> et <strong data-start=\"446\" data-end=\"459\">60947-4-1<\/strong>, ce qui garantit une fiabilit\u00e9 et une s\u00e9curit\u00e9 test\u00e9es.<\/p>\n<\/li>\n<li data-start=\"518\" data-end=\"674\">\n<p data-start=\"520\" data-end=\"674\"><strong data-start=\"520\" data-end=\"553\">Capacit\u00e9s \u00e9lectriques \u00e9lev\u00e9es<\/strong> : tension jusqu\u2019\u00e0 <strong data-start=\"572\" data-end=\"581\">690 V<\/strong>, capacit\u00e9 de coupure jusqu\u2019\u00e0 <strong data-start=\"611\" data-end=\"620\">15 kA<\/strong>, assurant une endurance face aux chocs \u00e9lectriques.<\/p>\n<\/li>\n<li data-start=\"675\" data-end=\"797\">\n<p data-start=\"677\" data-end=\"797\"><strong data-start=\"677\" data-end=\"691\">Durabilit\u00e9<\/strong> : con\u00e7u pour supporter un usage r\u00e9p\u00e9t\u00e9 en d\u00e9marrage moteur et en conditions de fonctionnement intensif.<\/p>\n<\/li>\n<\/ul>\n<\/li>\n<\/ul>\n","protected":false},"excerpt":{"rendered":"<p>Disjoncteur-moteur manuel (MPCB) pour commande ON\/OFF et protection des moteurs triphas\u00e9s. Prot\u00e8ge efficacement contre les surcharges, courts-circuits et d\u00e9fauts de phase. Plage de r\u00e9glage du courant : 25 \u00e0 40<\/p>\n","protected":false},"featured_media":8742,"comment_status":"open","ping_status":"closed","template":"","meta":{"_acf_changed":false,"content-type":""},"product_brand":[],"product_cat":[367],"product_tag":[],"class_list":{"0":"post-8741","1":"product","2":"type-product","3":"status-publish","4":"has-post-thumbnail","6":"product_cat-disjoncteurs","8":"first","9":"instock","10":"shipping-taxable","11":"purchasable","12":"product-type-simple"},"acf":[],"yoast_head":"<!-- This site is optimized with the Yoast SEO plugin v27.3 - https:\/\/yoast.com\/product\/yoast-seo-wordpress\/ -->\n<title>DISJONCTEUR MOTEUR NS2-80B 25-40A CHINT - BTMT ELECTRIC \u2013 Solutions \u00c9lectriques Fiables et Innovantes<\/title>\n<meta name=\"robots\" content=\"index, follow, max-snippet:-1, max-image-preview:large, max-video-preview:-1\" \/>\n<link rel=\"canonical\" href=\"https:\/\/btmtelectric.com\/index.php\/product\/disjoncteur-moteur-ns2-80b-25-40a-chint\/\" \/>\n<meta property=\"og:locale\" content=\"fr_FR\" \/>\n<meta property=\"og:type\" content=\"article\" \/>\n<meta property=\"og:title\" content=\"DISJONCTEUR MOTEUR NS2-80B 25-40A CHINT - BTMT ELECTRIC \u2013 Solutions \u00c9lectriques Fiables et Innovantes\" \/>\n<meta property=\"og:description\" content=\"Disjoncteur-moteur manuel (MPCB) pour commande ON\/OFF et protection des moteurs triphas\u00e9s. Prot\u00e8ge efficacement contre les surcharges, courts-circuits et d\u00e9fauts de phase. Plage de r\u00e9glage du courant : 25 \u00e0 40\" \/>\n<meta property=\"og:url\" content=\"https:\/\/btmtelectric.com\/index.php\/product\/disjoncteur-moteur-ns2-80b-25-40a-chint\/\" \/>\n<meta property=\"og:site_name\" content=\"BTMT ELECTRIC \u2013 Solutions \u00c9lectriques Fiables et Innovantes\" \/>\n<meta property=\"article:publisher\" content=\"https:\/\/www.facebook.com\/profile.php?id=61578000361796\" \/>\n<meta property=\"og:image\" content=\"https:\/\/btmtelectric.com\/wp-content\/uploads\/2025\/08\/dis-shint-6.jpg\" \/>\n\t<meta property=\"og:image:width\" content=\"240\" \/>\n\t<meta property=\"og:image:height\" content=\"300\" \/>\n\t<meta property=\"og:image:type\" content=\"image\/jpeg\" \/>\n<meta name=\"twitter:card\" content=\"summary_large_image\" \/>\n<meta name=\"twitter:label1\" content=\"Dur\u00e9e de lecture estim\u00e9e\" \/>\n\t<meta name=\"twitter:data1\" content=\"1 minute\" \/>\n<script type=\"application\/ld+json\" class=\"yoast-schema-graph\">{\"@context\":\"https:\\\/\\\/schema.org\",\"@graph\":[{\"@type\":\"WebPage\",\"@id\":\"https:\\\/\\\/btmtelectric.com\\\/index.php\\\/product\\\/disjoncteur-moteur-ns2-80b-25-40a-chint\\\/\",\"url\":\"https:\\\/\\\/btmtelectric.com\\\/index.php\\\/product\\\/disjoncteur-moteur-ns2-80b-25-40a-chint\\\/\",\"name\":\"DISJONCTEUR MOTEUR NS2-80B 25-40A CHINT - BTMT ELECTRIC \u2013 Solutions \u00c9lectriques Fiables et Innovantes\",\"isPartOf\":{\"@id\":\"https:\\\/\\\/btmtelectric.com\\\/#website\"},\"primaryImageOfPage\":{\"@id\":\"https:\\\/\\\/btmtelectric.com\\\/index.php\\\/product\\\/disjoncteur-moteur-ns2-80b-25-40a-chint\\\/#primaryimage\"},\"image\":{\"@id\":\"https:\\\/\\\/btmtelectric.com\\\/index.php\\\/product\\\/disjoncteur-moteur-ns2-80b-25-40a-chint\\\/#primaryimage\"},\"thumbnailUrl\":\"https:\\\/\\\/btmtelectric.com\\\/wp-content\\\/uploads\\\/2025\\\/08\\\/dis-shint-6.jpg\",\"datePublished\":\"2025-08-27T11:33:28+00:00\",\"breadcrumb\":{\"@id\":\"https:\\\/\\\/btmtelectric.com\\\/index.php\\\/product\\\/disjoncteur-moteur-ns2-80b-25-40a-chint\\\/#breadcrumb\"},\"inLanguage\":\"fr-FR\",\"potentialAction\":[{\"@type\":\"ReadAction\",\"target\":[\"https:\\\/\\\/btmtelectric.com\\\/index.php\\\/product\\\/disjoncteur-moteur-ns2-80b-25-40a-chint\\\/\"]}]},{\"@type\":\"ImageObject\",\"inLanguage\":\"fr-FR\",\"@id\":\"https:\\\/\\\/btmtelectric.com\\\/index.php\\\/product\\\/disjoncteur-moteur-ns2-80b-25-40a-chint\\\/#primaryimage\",\"url\":\"https:\\\/\\\/btmtelectric.com\\\/wp-content\\\/uploads\\\/2025\\\/08\\\/dis-shint-6.jpg\",\"contentUrl\":\"https:\\\/\\\/btmtelectric.com\\\/wp-content\\\/uploads\\\/2025\\\/08\\\/dis-shint-6.jpg\",\"width\":240,\"height\":300},{\"@type\":\"BreadcrumbList\",\"@id\":\"https:\\\/\\\/btmtelectric.com\\\/index.php\\\/product\\\/disjoncteur-moteur-ns2-80b-25-40a-chint\\\/#breadcrumb\",\"itemListElement\":[{\"@type\":\"ListItem\",\"position\":1,\"name\":\"Accueil\",\"item\":\"https:\\\/\\\/btmtelectric.com\\\/\"},{\"@type\":\"ListItem\",\"position\":2,\"name\":\"Boutique\",\"item\":\"https:\\\/\\\/btmtelectric.com\\\/index.php\\\/boutique\\\/\"},{\"@type\":\"ListItem\",\"position\":3,\"name\":\"DISJONCTEUR MOTEUR NS2-80B 25-40A CHINT\"}]},{\"@type\":\"WebSite\",\"@id\":\"https:\\\/\\\/btmtelectric.com\\\/#website\",\"url\":\"https:\\\/\\\/btmtelectric.com\\\/\",\"name\":\"BTMT ELECTRIC \u2013 Solutions \u00c9lectriques Fiables et Innovantes\",\"description\":\"\",\"publisher\":{\"@id\":\"https:\\\/\\\/btmtelectric.com\\\/#organization\"},\"potentialAction\":[{\"@type\":\"SearchAction\",\"target\":{\"@type\":\"EntryPoint\",\"urlTemplate\":\"https:\\\/\\\/btmtelectric.com\\\/?s={search_term_string}\"},\"query-input\":{\"@type\":\"PropertyValueSpecification\",\"valueRequired\":true,\"valueName\":\"search_term_string\"}}],\"inLanguage\":\"fr-FR\"},{\"@type\":\"Organization\",\"@id\":\"https:\\\/\\\/btmtelectric.com\\\/#organization\",\"name\":\"BTMT ELECTRIC \u2013 Solutions \u00c9lectriques Fiables et Innovantes\",\"url\":\"https:\\\/\\\/btmtelectric.com\\\/\",\"logo\":{\"@type\":\"ImageObject\",\"inLanguage\":\"fr-FR\",\"@id\":\"https:\\\/\\\/btmtelectric.com\\\/#\\\/schema\\\/logo\\\/image\\\/\",\"url\":\"https:\\\/\\\/btmtelectric.com\\\/wp-content\\\/uploads\\\/2025\\\/07\\\/WhatsApp_Image_2025-07-09_at_11.45.18_AM-removebg-preview-1.png\",\"contentUrl\":\"https:\\\/\\\/btmtelectric.com\\\/wp-content\\\/uploads\\\/2025\\\/07\\\/WhatsApp_Image_2025-07-09_at_11.45.18_AM-removebg-preview-1.png\",\"width\":175,\"height\":42,\"caption\":\"BTMT ELECTRIC \u2013 Solutions \u00c9lectriques Fiables et Innovantes\"},\"image\":{\"@id\":\"https:\\\/\\\/btmtelectric.com\\\/#\\\/schema\\\/logo\\\/image\\\/\"},\"sameAs\":[\"https:\\\/\\\/www.facebook.com\\\/profile.php?id=61578000361796\",\"https:\\\/\\\/www.instagram.com\\\/btmtelectric\\\/\"]}]}<\/script>\n<!-- \/ Yoast SEO plugin. -->","yoast_head_json":{"title":"DISJONCTEUR MOTEUR NS2-80B 25-40A CHINT - BTMT ELECTRIC \u2013 Solutions \u00c9lectriques Fiables et Innovantes","robots":{"index":"index","follow":"follow","max-snippet":"max-snippet:-1","max-image-preview":"max-image-preview:large","max-video-preview":"max-video-preview:-1"},"canonical":"https:\/\/btmtelectric.com\/index.php\/product\/disjoncteur-moteur-ns2-80b-25-40a-chint\/","og_locale":"fr_FR","og_type":"article","og_title":"DISJONCTEUR MOTEUR NS2-80B 25-40A CHINT - BTMT ELECTRIC \u2013 Solutions \u00c9lectriques Fiables et Innovantes","og_description":"Disjoncteur-moteur manuel (MPCB) pour commande ON\/OFF et protection des moteurs triphas\u00e9s. Prot\u00e8ge efficacement contre les surcharges, courts-circuits et d\u00e9fauts de phase. Plage de r\u00e9glage du courant : 25 \u00e0 40","og_url":"https:\/\/btmtelectric.com\/index.php\/product\/disjoncteur-moteur-ns2-80b-25-40a-chint\/","og_site_name":"BTMT ELECTRIC \u2013 Solutions \u00c9lectriques Fiables et Innovantes","article_publisher":"https:\/\/www.facebook.com\/profile.php?id=61578000361796","og_image":[{"width":240,"height":300,"url":"https:\/\/btmtelectric.com\/wp-content\/uploads\/2025\/08\/dis-shint-6.jpg","type":"image\/jpeg"}],"twitter_card":"summary_large_image","twitter_misc":{"Dur\u00e9e de lecture estim\u00e9e":"1 minute"},"schema":{"@context":"https:\/\/schema.org","@graph":[{"@type":"WebPage","@id":"https:\/\/btmtelectric.com\/index.php\/product\/disjoncteur-moteur-ns2-80b-25-40a-chint\/","url":"https:\/\/btmtelectric.com\/index.php\/product\/disjoncteur-moteur-ns2-80b-25-40a-chint\/","name":"DISJONCTEUR MOTEUR NS2-80B 25-40A CHINT - BTMT ELECTRIC \u2013 Solutions \u00c9lectriques Fiables et Innovantes","isPartOf":{"@id":"https:\/\/btmtelectric.com\/#website"},"primaryImageOfPage":{"@id":"https:\/\/btmtelectric.com\/index.php\/product\/disjoncteur-moteur-ns2-80b-25-40a-chint\/#primaryimage"},"image":{"@id":"https:\/\/btmtelectric.com\/index.php\/product\/disjoncteur-moteur-ns2-80b-25-40a-chint\/#primaryimage"},"thumbnailUrl":"https:\/\/btmtelectric.com\/wp-content\/uploads\/2025\/08\/dis-shint-6.jpg","datePublished":"2025-08-27T11:33:28+00:00","breadcrumb":{"@id":"https:\/\/btmtelectric.com\/index.php\/product\/disjoncteur-moteur-ns2-80b-25-40a-chint\/#breadcrumb"},"inLanguage":"fr-FR","potentialAction":[{"@type":"ReadAction","target":["https:\/\/btmtelectric.com\/index.php\/product\/disjoncteur-moteur-ns2-80b-25-40a-chint\/"]}]},{"@type":"ImageObject","inLanguage":"fr-FR","@id":"https:\/\/btmtelectric.com\/index.php\/product\/disjoncteur-moteur-ns2-80b-25-40a-chint\/#primaryimage","url":"https:\/\/btmtelectric.com\/wp-content\/uploads\/2025\/08\/dis-shint-6.jpg","contentUrl":"https:\/\/btmtelectric.com\/wp-content\/uploads\/2025\/08\/dis-shint-6.jpg","width":240,"height":300},{"@type":"BreadcrumbList","@id":"https:\/\/btmtelectric.com\/index.php\/product\/disjoncteur-moteur-ns2-80b-25-40a-chint\/#breadcrumb","itemListElement":[{"@type":"ListItem","position":1,"name":"Accueil","item":"https:\/\/btmtelectric.com\/"},{"@type":"ListItem","position":2,"name":"Boutique","item":"https:\/\/btmtelectric.com\/index.php\/boutique\/"},{"@type":"ListItem","position":3,"name":"DISJONCTEUR MOTEUR NS2-80B 25-40A CHINT"}]},{"@type":"WebSite","@id":"https:\/\/btmtelectric.com\/#website","url":"https:\/\/btmtelectric.com\/","name":"BTMT ELECTRIC \u2013 Solutions \u00c9lectriques Fiables et Innovantes","description":"","publisher":{"@id":"https:\/\/btmtelectric.com\/#organization"},"potentialAction":[{"@type":"SearchAction","target":{"@type":"EntryPoint","urlTemplate":"https:\/\/btmtelectric.com\/?s={search_term_string}"},"query-input":{"@type":"PropertyValueSpecification","valueRequired":true,"valueName":"search_term_string"}}],"inLanguage":"fr-FR"},{"@type":"Organization","@id":"https:\/\/btmtelectric.com\/#organization","name":"BTMT ELECTRIC \u2013 Solutions \u00c9lectriques Fiables et Innovantes","url":"https:\/\/btmtelectric.com\/","logo":{"@type":"ImageObject","inLanguage":"fr-FR","@id":"https:\/\/btmtelectric.com\/#\/schema\/logo\/image\/","url":"https:\/\/btmtelectric.com\/wp-content\/uploads\/2025\/07\/WhatsApp_Image_2025-07-09_at_11.45.18_AM-removebg-preview-1.png","contentUrl":"https:\/\/btmtelectric.com\/wp-content\/uploads\/2025\/07\/WhatsApp_Image_2025-07-09_at_11.45.18_AM-removebg-preview-1.png","width":175,"height":42,"caption":"BTMT ELECTRIC \u2013 Solutions \u00c9lectriques Fiables et Innovantes"},"image":{"@id":"https:\/\/btmtelectric.com\/#\/schema\/logo\/image\/"},"sameAs":["https:\/\/www.facebook.com\/profile.php?id=61578000361796","https:\/\/www.instagram.com\/btmtelectric\/"]}]}},"_links":{"self":[{"href":"https:\/\/btmtelectric.com\/index.php\/wp-json\/wp\/v2\/product\/8741","targetHints":{"allow":["GET"]}}],"collection":[{"href":"https:\/\/btmtelectric.com\/index.php\/wp-json\/wp\/v2\/product"}],"about":[{"href":"https:\/\/btmtelectric.com\/index.php\/wp-json\/wp\/v2\/types\/product"}],"replies":[{"embeddable":true,"href":"https:\/\/btmtelectric.com\/index.php\/wp-json\/wp\/v2\/comments?post=8741"}],"wp:featuredmedia":[{"embeddable":true,"href":"https:\/\/btmtelectric.com\/index.php\/wp-json\/wp\/v2\/media\/8742"}],"wp:attachment":[{"href":"https:\/\/btmtelectric.com\/index.php\/wp-json\/wp\/v2\/media?parent=8741"}],"wp:term":[{"taxonomy":"product_brand","embeddable":true,"href":"https:\/\/btmtelectric.com\/index.php\/wp-json\/wp\/v2\/product_brand?post=8741"},{"taxonomy":"product_cat","embeddable":true,"href":"https:\/\/btmtelectric.com\/index.php\/wp-json\/wp\/v2\/product_cat?post=8741"},{"taxonomy":"product_tag","embeddable":true,"href":"https:\/\/btmtelectric.com\/index.php\/wp-json\/wp\/v2\/product_tag?post=8741"}],"curies":[{"name":"wp","href":"https:\/\/api.w.org\/{rel}","templated":true}]}}