{"id":8735,"date":"2025-08-27T11:21:06","date_gmt":"2025-08-27T11:21:06","guid":{"rendered":"https:\/\/btmtelectric.com\/?post_type=product&#038;p=8735"},"modified":"2025-08-27T11:21:07","modified_gmt":"2025-08-27T11:21:07","slug":"disjoncteur-moteur-ns2-25-13-18a-chint","status":"publish","type":"product","link":"https:\/\/btmtelectric.com\/index.php\/product\/disjoncteur-moteur-ns2-25-13-18a-chint\/","title":{"rendered":"DISJONCTEUR MOTEUR NS2-25 13-18A CHINT"},"content":{"rendered":"<ul>\n<li data-start=\"110\" data-end=\"227\">\n<p data-start=\"112\" data-end=\"227\"><strong data-start=\"112\" data-end=\"148\">Disjoncteur-moteur manuel (MPCB)<\/strong> con\u00e7u pour la mise en marche\/arr\u00eat et la protection des moteurs asynchrones.<\/p>\n<\/li>\n<li data-start=\"228\" data-end=\"320\">\n<p data-start=\"230\" data-end=\"320\">Protection <strong data-start=\"241\" data-end=\"258\">sans fusibles<\/strong> contre les surcharges, courts-circuits et d\u00e9fauts de phase.<\/p>\n<\/li>\n<li data-start=\"321\" data-end=\"369\">\n<p data-start=\"323\" data-end=\"369\"><strong data-start=\"323\" data-end=\"366\">Plage de r\u00e9glage du courant : 13 \u00e0 18 A<\/strong>.<\/p>\n<\/li>\n<li data-start=\"370\" data-end=\"434\">\n<p data-start=\"372\" data-end=\"434\">Conforme aux normes <strong data-start=\"392\" data-end=\"410\">IEC\/EN 60947-2<\/strong> et <strong data-start=\"414\" data-end=\"431\">IEC 60947-4-1<\/strong>.<\/p>\n<\/li>\n<li data-start=\"435\" data-end=\"493\">\n<p data-start=\"437\" data-end=\"493\">Adapt\u00e9 pour des <strong data-start=\"453\" data-end=\"490\">tensions de service jusqu\u2019\u00e0 690 V<\/strong>.<\/p>\n<\/li>\n<li data-start=\"494\" data-end=\"602\">\n<p data-start=\"496\" data-end=\"530\"><strong data-start=\"496\" data-end=\"526\">Capacit\u00e9 de coupure \u00e9lev\u00e9e<\/strong> :<\/p>\n<ul data-start=\"533\" data-end=\"602\">\n<li data-start=\"533\" data-end=\"555\">\n<p data-start=\"535\" data-end=\"555\">100 kA \u00e0 230\/240 V<\/p>\n<\/li>\n<li data-start=\"558\" data-end=\"579\">\n<p data-start=\"560\" data-end=\"579\">15 kA \u00e0 400\/415 V<\/p>\n<\/li>\n<li data-start=\"582\" data-end=\"602\">\n<p data-start=\"584\" data-end=\"602\">3 kA \u00e0 660\/690 V<\/p>\n<\/li>\n<\/ul>\n<\/li>\n<li data-start=\"603\" data-end=\"697\">\n<p data-start=\"605\" data-end=\"697\">Format <strong data-start=\"612\" data-end=\"641\">compact (cadre taille 25)<\/strong>, id\u00e9al pour les environnements industriels exigeants.<\/p>\n<\/li>\n<\/ul>\n","protected":false},"excerpt":{"rendered":"<p>Disjoncteur-moteur manuel (MPCB) con\u00e7u pour la mise en marche\/arr\u00eat et la protection des moteurs asynchrones. Protection sans fusibles contre les surcharges, courts-circuits et d\u00e9fauts de phase. Plage de r\u00e9glage du<\/p>\n","protected":false},"featured_media":8736,"comment_status":"open","ping_status":"closed","template":"","meta":{"_acf_changed":false,"content-type":""},"product_brand":[],"product_cat":[367],"product_tag":[],"class_list":{"0":"post-8735","1":"product","2":"type-product","3":"status-publish","4":"has-post-thumbnail","6":"product_cat-disjoncteurs","8":"first","9":"instock","10":"shipping-taxable","11":"purchasable","12":"product-type-simple"},"acf":[],"yoast_head":"<!-- This site is optimized with the Yoast SEO plugin v27.3 - https:\/\/yoast.com\/product\/yoast-seo-wordpress\/ -->\n<title>DISJONCTEUR MOTEUR NS2-25 13-18A CHINT - BTMT ELECTRIC \u2013 Solutions \u00c9lectriques Fiables et Innovantes<\/title>\n<meta name=\"robots\" content=\"index, follow, max-snippet:-1, max-image-preview:large, max-video-preview:-1\" \/>\n<link rel=\"canonical\" href=\"https:\/\/btmtelectric.com\/index.php\/product\/disjoncteur-moteur-ns2-25-13-18a-chint\/\" \/>\n<meta property=\"og:locale\" content=\"fr_FR\" \/>\n<meta property=\"og:type\" content=\"article\" \/>\n<meta property=\"og:title\" content=\"DISJONCTEUR MOTEUR NS2-25 13-18A CHINT - BTMT ELECTRIC \u2013 Solutions \u00c9lectriques Fiables et Innovantes\" \/>\n<meta property=\"og:description\" content=\"Disjoncteur-moteur manuel (MPCB) con\u00e7u pour la mise en marche\/arr\u00eat et la protection des moteurs asynchrones. Protection sans fusibles contre les surcharges, courts-circuits et d\u00e9fauts de phase. Plage de r\u00e9glage du\" \/>\n<meta property=\"og:url\" content=\"https:\/\/btmtelectric.com\/index.php\/product\/disjoncteur-moteur-ns2-25-13-18a-chint\/\" \/>\n<meta property=\"og:site_name\" content=\"BTMT ELECTRIC \u2013 Solutions \u00c9lectriques Fiables et Innovantes\" \/>\n<meta property=\"article:publisher\" content=\"https:\/\/www.facebook.com\/profile.php?id=61578000361796\" \/>\n<meta property=\"article:modified_time\" content=\"2025-08-27T11:21:07+00:00\" \/>\n<meta property=\"og:image\" content=\"https:\/\/btmtelectric.com\/wp-content\/uploads\/2025\/08\/disj-shint-3.jpg\" \/>\n\t<meta property=\"og:image:width\" content=\"700\" \/>\n\t<meta property=\"og:image:height\" content=\"700\" \/>\n\t<meta property=\"og:image:type\" content=\"image\/jpeg\" \/>\n<meta name=\"twitter:card\" content=\"summary_large_image\" \/>\n<script type=\"application\/ld+json\" class=\"yoast-schema-graph\">{\"@context\":\"https:\\\/\\\/schema.org\",\"@graph\":[{\"@type\":\"WebPage\",\"@id\":\"https:\\\/\\\/btmtelectric.com\\\/index.php\\\/product\\\/disjoncteur-moteur-ns2-25-13-18a-chint\\\/\",\"url\":\"https:\\\/\\\/btmtelectric.com\\\/index.php\\\/product\\\/disjoncteur-moteur-ns2-25-13-18a-chint\\\/\",\"name\":\"DISJONCTEUR MOTEUR NS2-25 13-18A CHINT - BTMT ELECTRIC \u2013 Solutions \u00c9lectriques Fiables et Innovantes\",\"isPartOf\":{\"@id\":\"https:\\\/\\\/btmtelectric.com\\\/#website\"},\"primaryImageOfPage\":{\"@id\":\"https:\\\/\\\/btmtelectric.com\\\/index.php\\\/product\\\/disjoncteur-moteur-ns2-25-13-18a-chint\\\/#primaryimage\"},\"image\":{\"@id\":\"https:\\\/\\\/btmtelectric.com\\\/index.php\\\/product\\\/disjoncteur-moteur-ns2-25-13-18a-chint\\\/#primaryimage\"},\"thumbnailUrl\":\"https:\\\/\\\/btmtelectric.com\\\/wp-content\\\/uploads\\\/2025\\\/08\\\/disj-shint-3.jpg\",\"datePublished\":\"2025-08-27T11:21:06+00:00\",\"dateModified\":\"2025-08-27T11:21:07+00:00\",\"breadcrumb\":{\"@id\":\"https:\\\/\\\/btmtelectric.com\\\/index.php\\\/product\\\/disjoncteur-moteur-ns2-25-13-18a-chint\\\/#breadcrumb\"},\"inLanguage\":\"fr-FR\",\"potentialAction\":[{\"@type\":\"ReadAction\",\"target\":[\"https:\\\/\\\/btmtelectric.com\\\/index.php\\\/product\\\/disjoncteur-moteur-ns2-25-13-18a-chint\\\/\"]}]},{\"@type\":\"ImageObject\",\"inLanguage\":\"fr-FR\",\"@id\":\"https:\\\/\\\/btmtelectric.com\\\/index.php\\\/product\\\/disjoncteur-moteur-ns2-25-13-18a-chint\\\/#primaryimage\",\"url\":\"https:\\\/\\\/btmtelectric.com\\\/wp-content\\\/uploads\\\/2025\\\/08\\\/disj-shint-3.jpg\",\"contentUrl\":\"https:\\\/\\\/btmtelectric.com\\\/wp-content\\\/uploads\\\/2025\\\/08\\\/disj-shint-3.jpg\",\"width\":700,\"height\":700},{\"@type\":\"BreadcrumbList\",\"@id\":\"https:\\\/\\\/btmtelectric.com\\\/index.php\\\/product\\\/disjoncteur-moteur-ns2-25-13-18a-chint\\\/#breadcrumb\",\"itemListElement\":[{\"@type\":\"ListItem\",\"position\":1,\"name\":\"Accueil\",\"item\":\"https:\\\/\\\/btmtelectric.com\\\/\"},{\"@type\":\"ListItem\",\"position\":2,\"name\":\"Boutique\",\"item\":\"https:\\\/\\\/btmtelectric.com\\\/index.php\\\/boutique\\\/\"},{\"@type\":\"ListItem\",\"position\":3,\"name\":\"DISJONCTEUR MOTEUR NS2-25 13-18A CHINT\"}]},{\"@type\":\"WebSite\",\"@id\":\"https:\\\/\\\/btmtelectric.com\\\/#website\",\"url\":\"https:\\\/\\\/btmtelectric.com\\\/\",\"name\":\"BTMT ELECTRIC \u2013 Solutions \u00c9lectriques Fiables et Innovantes\",\"description\":\"\",\"publisher\":{\"@id\":\"https:\\\/\\\/btmtelectric.com\\\/#organization\"},\"potentialAction\":[{\"@type\":\"SearchAction\",\"target\":{\"@type\":\"EntryPoint\",\"urlTemplate\":\"https:\\\/\\\/btmtelectric.com\\\/?s={search_term_string}\"},\"query-input\":{\"@type\":\"PropertyValueSpecification\",\"valueRequired\":true,\"valueName\":\"search_term_string\"}}],\"inLanguage\":\"fr-FR\"},{\"@type\":\"Organization\",\"@id\":\"https:\\\/\\\/btmtelectric.com\\\/#organization\",\"name\":\"BTMT ELECTRIC \u2013 Solutions \u00c9lectriques Fiables et Innovantes\",\"url\":\"https:\\\/\\\/btmtelectric.com\\\/\",\"logo\":{\"@type\":\"ImageObject\",\"inLanguage\":\"fr-FR\",\"@id\":\"https:\\\/\\\/btmtelectric.com\\\/#\\\/schema\\\/logo\\\/image\\\/\",\"url\":\"https:\\\/\\\/btmtelectric.com\\\/wp-content\\\/uploads\\\/2025\\\/07\\\/WhatsApp_Image_2025-07-09_at_11.45.18_AM-removebg-preview-1.png\",\"contentUrl\":\"https:\\\/\\\/btmtelectric.com\\\/wp-content\\\/uploads\\\/2025\\\/07\\\/WhatsApp_Image_2025-07-09_at_11.45.18_AM-removebg-preview-1.png\",\"width\":175,\"height\":42,\"caption\":\"BTMT ELECTRIC \u2013 Solutions \u00c9lectriques Fiables et Innovantes\"},\"image\":{\"@id\":\"https:\\\/\\\/btmtelectric.com\\\/#\\\/schema\\\/logo\\\/image\\\/\"},\"sameAs\":[\"https:\\\/\\\/www.facebook.com\\\/profile.php?id=61578000361796\",\"https:\\\/\\\/www.instagram.com\\\/btmtelectric\\\/\"]}]}<\/script>\n<!-- \/ Yoast SEO plugin. -->","yoast_head_json":{"title":"DISJONCTEUR MOTEUR NS2-25 13-18A CHINT - BTMT ELECTRIC \u2013 Solutions \u00c9lectriques Fiables et Innovantes","robots":{"index":"index","follow":"follow","max-snippet":"max-snippet:-1","max-image-preview":"max-image-preview:large","max-video-preview":"max-video-preview:-1"},"canonical":"https:\/\/btmtelectric.com\/index.php\/product\/disjoncteur-moteur-ns2-25-13-18a-chint\/","og_locale":"fr_FR","og_type":"article","og_title":"DISJONCTEUR MOTEUR NS2-25 13-18A CHINT - BTMT ELECTRIC \u2013 Solutions \u00c9lectriques Fiables et Innovantes","og_description":"Disjoncteur-moteur manuel (MPCB) con\u00e7u pour la mise en marche\/arr\u00eat et la protection des moteurs asynchrones. Protection sans fusibles contre les surcharges, courts-circuits et d\u00e9fauts de phase. Plage de r\u00e9glage du","og_url":"https:\/\/btmtelectric.com\/index.php\/product\/disjoncteur-moteur-ns2-25-13-18a-chint\/","og_site_name":"BTMT ELECTRIC \u2013 Solutions \u00c9lectriques Fiables et Innovantes","article_publisher":"https:\/\/www.facebook.com\/profile.php?id=61578000361796","article_modified_time":"2025-08-27T11:21:07+00:00","og_image":[{"width":700,"height":700,"url":"https:\/\/btmtelectric.com\/wp-content\/uploads\/2025\/08\/disj-shint-3.jpg","type":"image\/jpeg"}],"twitter_card":"summary_large_image","schema":{"@context":"https:\/\/schema.org","@graph":[{"@type":"WebPage","@id":"https:\/\/btmtelectric.com\/index.php\/product\/disjoncteur-moteur-ns2-25-13-18a-chint\/","url":"https:\/\/btmtelectric.com\/index.php\/product\/disjoncteur-moteur-ns2-25-13-18a-chint\/","name":"DISJONCTEUR MOTEUR NS2-25 13-18A CHINT - BTMT ELECTRIC \u2013 Solutions \u00c9lectriques Fiables et Innovantes","isPartOf":{"@id":"https:\/\/btmtelectric.com\/#website"},"primaryImageOfPage":{"@id":"https:\/\/btmtelectric.com\/index.php\/product\/disjoncteur-moteur-ns2-25-13-18a-chint\/#primaryimage"},"image":{"@id":"https:\/\/btmtelectric.com\/index.php\/product\/disjoncteur-moteur-ns2-25-13-18a-chint\/#primaryimage"},"thumbnailUrl":"https:\/\/btmtelectric.com\/wp-content\/uploads\/2025\/08\/disj-shint-3.jpg","datePublished":"2025-08-27T11:21:06+00:00","dateModified":"2025-08-27T11:21:07+00:00","breadcrumb":{"@id":"https:\/\/btmtelectric.com\/index.php\/product\/disjoncteur-moteur-ns2-25-13-18a-chint\/#breadcrumb"},"inLanguage":"fr-FR","potentialAction":[{"@type":"ReadAction","target":["https:\/\/btmtelectric.com\/index.php\/product\/disjoncteur-moteur-ns2-25-13-18a-chint\/"]}]},{"@type":"ImageObject","inLanguage":"fr-FR","@id":"https:\/\/btmtelectric.com\/index.php\/product\/disjoncteur-moteur-ns2-25-13-18a-chint\/#primaryimage","url":"https:\/\/btmtelectric.com\/wp-content\/uploads\/2025\/08\/disj-shint-3.jpg","contentUrl":"https:\/\/btmtelectric.com\/wp-content\/uploads\/2025\/08\/disj-shint-3.jpg","width":700,"height":700},{"@type":"BreadcrumbList","@id":"https:\/\/btmtelectric.com\/index.php\/product\/disjoncteur-moteur-ns2-25-13-18a-chint\/#breadcrumb","itemListElement":[{"@type":"ListItem","position":1,"name":"Accueil","item":"https:\/\/btmtelectric.com\/"},{"@type":"ListItem","position":2,"name":"Boutique","item":"https:\/\/btmtelectric.com\/index.php\/boutique\/"},{"@type":"ListItem","position":3,"name":"DISJONCTEUR MOTEUR NS2-25 13-18A CHINT"}]},{"@type":"WebSite","@id":"https:\/\/btmtelectric.com\/#website","url":"https:\/\/btmtelectric.com\/","name":"BTMT ELECTRIC \u2013 Solutions \u00c9lectriques Fiables et Innovantes","description":"","publisher":{"@id":"https:\/\/btmtelectric.com\/#organization"},"potentialAction":[{"@type":"SearchAction","target":{"@type":"EntryPoint","urlTemplate":"https:\/\/btmtelectric.com\/?s={search_term_string}"},"query-input":{"@type":"PropertyValueSpecification","valueRequired":true,"valueName":"search_term_string"}}],"inLanguage":"fr-FR"},{"@type":"Organization","@id":"https:\/\/btmtelectric.com\/#organization","name":"BTMT ELECTRIC \u2013 Solutions \u00c9lectriques Fiables et Innovantes","url":"https:\/\/btmtelectric.com\/","logo":{"@type":"ImageObject","inLanguage":"fr-FR","@id":"https:\/\/btmtelectric.com\/#\/schema\/logo\/image\/","url":"https:\/\/btmtelectric.com\/wp-content\/uploads\/2025\/07\/WhatsApp_Image_2025-07-09_at_11.45.18_AM-removebg-preview-1.png","contentUrl":"https:\/\/btmtelectric.com\/wp-content\/uploads\/2025\/07\/WhatsApp_Image_2025-07-09_at_11.45.18_AM-removebg-preview-1.png","width":175,"height":42,"caption":"BTMT ELECTRIC \u2013 Solutions \u00c9lectriques Fiables et Innovantes"},"image":{"@id":"https:\/\/btmtelectric.com\/#\/schema\/logo\/image\/"},"sameAs":["https:\/\/www.facebook.com\/profile.php?id=61578000361796","https:\/\/www.instagram.com\/btmtelectric\/"]}]}},"_links":{"self":[{"href":"https:\/\/btmtelectric.com\/index.php\/wp-json\/wp\/v2\/product\/8735","targetHints":{"allow":["GET"]}}],"collection":[{"href":"https:\/\/btmtelectric.com\/index.php\/wp-json\/wp\/v2\/product"}],"about":[{"href":"https:\/\/btmtelectric.com\/index.php\/wp-json\/wp\/v2\/types\/product"}],"replies":[{"embeddable":true,"href":"https:\/\/btmtelectric.com\/index.php\/wp-json\/wp\/v2\/comments?post=8735"}],"wp:featuredmedia":[{"embeddable":true,"href":"https:\/\/btmtelectric.com\/index.php\/wp-json\/wp\/v2\/media\/8736"}],"wp:attachment":[{"href":"https:\/\/btmtelectric.com\/index.php\/wp-json\/wp\/v2\/media?parent=8735"}],"wp:term":[{"taxonomy":"product_brand","embeddable":true,"href":"https:\/\/btmtelectric.com\/index.php\/wp-json\/wp\/v2\/product_brand?post=8735"},{"taxonomy":"product_cat","embeddable":true,"href":"https:\/\/btmtelectric.com\/index.php\/wp-json\/wp\/v2\/product_cat?post=8735"},{"taxonomy":"product_tag","embeddable":true,"href":"https:\/\/btmtelectric.com\/index.php\/wp-json\/wp\/v2\/product_tag?post=8735"}],"curies":[{"name":"wp","href":"https:\/\/api.w.org\/{rel}","templated":true}]}}