{"id":8726,"date":"2025-08-23T11:18:53","date_gmt":"2025-08-23T11:18:53","guid":{"rendered":"https:\/\/btmtelectric.com\/?post_type=product&#038;p=8726"},"modified":"2025-08-23T12:01:31","modified_gmt":"2025-08-23T12:01:31","slug":"sf-200-sirene-incendie-exterieure","status":"publish","type":"product","link":"https:\/\/btmtelectric.com\/index.php\/product\/sf-200-sirene-incendie-exterieure\/","title":{"rendered":"SF 200, SIRENE INCENDIE EXTERIEURE"},"content":{"rendered":"<p data-start=\"69\" data-end=\"376\">La <strong data-start=\"72\" data-end=\"82\">SF 200<\/strong> est une <strong data-start=\"91\" data-end=\"163\">sir\u00e8ne incendie conventionnelle pi\u00e9zo\u00e9lectrique pour usage ext\u00e9rieur<\/strong>, sp\u00e9cialement con\u00e7ue pour garantir une alerte sonore et visuelle efficace en cas d\u2019incendie. Robuste et r\u00e9sistante aux conditions climatiques, elle assure une fiabilit\u00e9 optimale m\u00eame en environnement difficile.<\/p>\n<p data-start=\"378\" data-end=\"595\">\u00c9quip\u00e9e de <strong data-start=\"389\" data-end=\"436\">deux indicateurs flash LED haute visibilit\u00e9<\/strong> et d\u2019un <strong data-start=\"445\" data-end=\"474\">indicateur d\u2019\u00e9tat int\u00e9gr\u00e9<\/strong>, elle permet une signalisation claire et imm\u00e9diate, aussi bien pour les occupants que pour les \u00e9quipes d\u2019intervention.<\/p>\n<p data-start=\"597\" data-end=\"823\">Compacte, facile \u00e0 installer et conforme aux exigences de s\u00e9curit\u00e9 incendie, la SF 200 constitue un \u00e9l\u00e9ment essentiel pour renforcer la <strong data-start=\"733\" data-end=\"820\">s\u00e9curit\u00e9 des \u00e9tablissements recevant du public, des sites tertiaires et industriels<\/strong>.<\/p>\n","protected":false},"excerpt":{"rendered":"<p>La SF 200 est une sir\u00e8ne incendie conventionnelle pi\u00e9zo\u00e9lectrique pour usage ext\u00e9rieur, sp\u00e9cialement con\u00e7ue pour garantir une alerte sonore et visuelle efficace en cas d\u2019incendie. Robuste et r\u00e9sistante aux conditions<\/p>\n","protected":false},"featured_media":8727,"comment_status":"open","ping_status":"closed","template":"","meta":{"_acf_changed":false,"content-type":""},"product_brand":[],"product_cat":[389],"product_tag":[],"class_list":{"0":"post-8726","1":"product","2":"type-product","3":"status-publish","4":"has-post-thumbnail","6":"product_cat-sirene","8":"first","9":"instock","10":"shipping-taxable","11":"purchasable","12":"product-type-simple"},"acf":[],"yoast_head":"<!-- This site is optimized with the Yoast SEO plugin v27.3 - https:\/\/yoast.com\/product\/yoast-seo-wordpress\/ -->\n<title>SF 200, SIRENE INCENDIE EXTERIEURE - BTMT ELECTRIC \u2013 Solutions \u00c9lectriques Fiables et Innovantes<\/title>\n<meta name=\"robots\" content=\"index, follow, max-snippet:-1, max-image-preview:large, max-video-preview:-1\" \/>\n<link rel=\"canonical\" href=\"https:\/\/btmtelectric.com\/index.php\/product\/sf-200-sirene-incendie-exterieure\/\" \/>\n<meta property=\"og:locale\" content=\"fr_FR\" \/>\n<meta property=\"og:type\" content=\"article\" \/>\n<meta property=\"og:title\" content=\"SF 200, SIRENE INCENDIE EXTERIEURE - BTMT ELECTRIC \u2013 Solutions \u00c9lectriques Fiables et Innovantes\" \/>\n<meta property=\"og:description\" content=\"La SF 200 est une sir\u00e8ne incendie conventionnelle pi\u00e9zo\u00e9lectrique pour usage ext\u00e9rieur, sp\u00e9cialement con\u00e7ue pour garantir une alerte sonore et visuelle efficace en cas d\u2019incendie. Robuste et r\u00e9sistante aux conditions\" \/>\n<meta property=\"og:url\" content=\"https:\/\/btmtelectric.com\/index.php\/product\/sf-200-sirene-incendie-exterieure\/\" \/>\n<meta property=\"og:site_name\" content=\"BTMT ELECTRIC \u2013 Solutions \u00c9lectriques Fiables et Innovantes\" \/>\n<meta property=\"article:publisher\" content=\"https:\/\/www.facebook.com\/profile.php?id=61578000361796\" \/>\n<meta property=\"article:modified_time\" content=\"2025-08-23T12:01:31+00:00\" \/>\n<meta property=\"og:image\" content=\"https:\/\/btmtelectric.com\/wp-content\/uploads\/2025\/08\/200.jpeg\" \/>\n\t<meta property=\"og:image:width\" content=\"174\" \/>\n\t<meta property=\"og:image:height\" content=\"289\" \/>\n\t<meta property=\"og:image:type\" content=\"image\/jpeg\" \/>\n<meta name=\"twitter:card\" content=\"summary_large_image\" \/>\n<meta name=\"twitter:label1\" content=\"Dur\u00e9e de lecture estim\u00e9e\" \/>\n\t<meta name=\"twitter:data1\" content=\"1 minute\" \/>\n<script type=\"application\/ld+json\" class=\"yoast-schema-graph\">{\"@context\":\"https:\\\/\\\/schema.org\",\"@graph\":[{\"@type\":\"WebPage\",\"@id\":\"https:\\\/\\\/btmtelectric.com\\\/index.php\\\/product\\\/sf-200-sirene-incendie-exterieure\\\/\",\"url\":\"https:\\\/\\\/btmtelectric.com\\\/index.php\\\/product\\\/sf-200-sirene-incendie-exterieure\\\/\",\"name\":\"SF 200, SIRENE INCENDIE EXTERIEURE - BTMT ELECTRIC \u2013 Solutions \u00c9lectriques Fiables et Innovantes\",\"isPartOf\":{\"@id\":\"https:\\\/\\\/btmtelectric.com\\\/#website\"},\"primaryImageOfPage\":{\"@id\":\"https:\\\/\\\/btmtelectric.com\\\/index.php\\\/product\\\/sf-200-sirene-incendie-exterieure\\\/#primaryimage\"},\"image\":{\"@id\":\"https:\\\/\\\/btmtelectric.com\\\/index.php\\\/product\\\/sf-200-sirene-incendie-exterieure\\\/#primaryimage\"},\"thumbnailUrl\":\"https:\\\/\\\/btmtelectric.com\\\/wp-content\\\/uploads\\\/2025\\\/08\\\/200.jpeg\",\"datePublished\":\"2025-08-23T11:18:53+00:00\",\"dateModified\":\"2025-08-23T12:01:31+00:00\",\"breadcrumb\":{\"@id\":\"https:\\\/\\\/btmtelectric.com\\\/index.php\\\/product\\\/sf-200-sirene-incendie-exterieure\\\/#breadcrumb\"},\"inLanguage\":\"fr-FR\",\"potentialAction\":[{\"@type\":\"ReadAction\",\"target\":[\"https:\\\/\\\/btmtelectric.com\\\/index.php\\\/product\\\/sf-200-sirene-incendie-exterieure\\\/\"]}]},{\"@type\":\"ImageObject\",\"inLanguage\":\"fr-FR\",\"@id\":\"https:\\\/\\\/btmtelectric.com\\\/index.php\\\/product\\\/sf-200-sirene-incendie-exterieure\\\/#primaryimage\",\"url\":\"https:\\\/\\\/btmtelectric.com\\\/wp-content\\\/uploads\\\/2025\\\/08\\\/200.jpeg\",\"contentUrl\":\"https:\\\/\\\/btmtelectric.com\\\/wp-content\\\/uploads\\\/2025\\\/08\\\/200.jpeg\",\"width\":174,\"height\":289},{\"@type\":\"BreadcrumbList\",\"@id\":\"https:\\\/\\\/btmtelectric.com\\\/index.php\\\/product\\\/sf-200-sirene-incendie-exterieure\\\/#breadcrumb\",\"itemListElement\":[{\"@type\":\"ListItem\",\"position\":1,\"name\":\"Accueil\",\"item\":\"https:\\\/\\\/btmtelectric.com\\\/\"},{\"@type\":\"ListItem\",\"position\":2,\"name\":\"Boutique\",\"item\":\"https:\\\/\\\/btmtelectric.com\\\/index.php\\\/boutique\\\/\"},{\"@type\":\"ListItem\",\"position\":3,\"name\":\"SF 200, SIRENE INCENDIE EXTERIEURE\"}]},{\"@type\":\"WebSite\",\"@id\":\"https:\\\/\\\/btmtelectric.com\\\/#website\",\"url\":\"https:\\\/\\\/btmtelectric.com\\\/\",\"name\":\"BTMT ELECTRIC \u2013 Solutions \u00c9lectriques Fiables et Innovantes\",\"description\":\"\",\"publisher\":{\"@id\":\"https:\\\/\\\/btmtelectric.com\\\/#organization\"},\"potentialAction\":[{\"@type\":\"SearchAction\",\"target\":{\"@type\":\"EntryPoint\",\"urlTemplate\":\"https:\\\/\\\/btmtelectric.com\\\/?s={search_term_string}\"},\"query-input\":{\"@type\":\"PropertyValueSpecification\",\"valueRequired\":true,\"valueName\":\"search_term_string\"}}],\"inLanguage\":\"fr-FR\"},{\"@type\":\"Organization\",\"@id\":\"https:\\\/\\\/btmtelectric.com\\\/#organization\",\"name\":\"BTMT ELECTRIC \u2013 Solutions \u00c9lectriques Fiables et Innovantes\",\"url\":\"https:\\\/\\\/btmtelectric.com\\\/\",\"logo\":{\"@type\":\"ImageObject\",\"inLanguage\":\"fr-FR\",\"@id\":\"https:\\\/\\\/btmtelectric.com\\\/#\\\/schema\\\/logo\\\/image\\\/\",\"url\":\"https:\\\/\\\/btmtelectric.com\\\/wp-content\\\/uploads\\\/2025\\\/07\\\/WhatsApp_Image_2025-07-09_at_11.45.18_AM-removebg-preview-1.png\",\"contentUrl\":\"https:\\\/\\\/btmtelectric.com\\\/wp-content\\\/uploads\\\/2025\\\/07\\\/WhatsApp_Image_2025-07-09_at_11.45.18_AM-removebg-preview-1.png\",\"width\":175,\"height\":42,\"caption\":\"BTMT ELECTRIC \u2013 Solutions \u00c9lectriques Fiables et Innovantes\"},\"image\":{\"@id\":\"https:\\\/\\\/btmtelectric.com\\\/#\\\/schema\\\/logo\\\/image\\\/\"},\"sameAs\":[\"https:\\\/\\\/www.facebook.com\\\/profile.php?id=61578000361796\",\"https:\\\/\\\/www.instagram.com\\\/btmtelectric\\\/\"]}]}<\/script>\n<!-- \/ Yoast SEO plugin. -->","yoast_head_json":{"title":"SF 200, SIRENE INCENDIE EXTERIEURE - BTMT ELECTRIC \u2013 Solutions \u00c9lectriques Fiables et Innovantes","robots":{"index":"index","follow":"follow","max-snippet":"max-snippet:-1","max-image-preview":"max-image-preview:large","max-video-preview":"max-video-preview:-1"},"canonical":"https:\/\/btmtelectric.com\/index.php\/product\/sf-200-sirene-incendie-exterieure\/","og_locale":"fr_FR","og_type":"article","og_title":"SF 200, SIRENE INCENDIE EXTERIEURE - BTMT ELECTRIC \u2013 Solutions \u00c9lectriques Fiables et Innovantes","og_description":"La SF 200 est une sir\u00e8ne incendie conventionnelle pi\u00e9zo\u00e9lectrique pour usage ext\u00e9rieur, sp\u00e9cialement con\u00e7ue pour garantir une alerte sonore et visuelle efficace en cas d\u2019incendie. Robuste et r\u00e9sistante aux conditions","og_url":"https:\/\/btmtelectric.com\/index.php\/product\/sf-200-sirene-incendie-exterieure\/","og_site_name":"BTMT ELECTRIC \u2013 Solutions \u00c9lectriques Fiables et Innovantes","article_publisher":"https:\/\/www.facebook.com\/profile.php?id=61578000361796","article_modified_time":"2025-08-23T12:01:31+00:00","og_image":[{"width":174,"height":289,"url":"https:\/\/btmtelectric.com\/wp-content\/uploads\/2025\/08\/200.jpeg","type":"image\/jpeg"}],"twitter_card":"summary_large_image","twitter_misc":{"Dur\u00e9e de lecture estim\u00e9e":"1 minute"},"schema":{"@context":"https:\/\/schema.org","@graph":[{"@type":"WebPage","@id":"https:\/\/btmtelectric.com\/index.php\/product\/sf-200-sirene-incendie-exterieure\/","url":"https:\/\/btmtelectric.com\/index.php\/product\/sf-200-sirene-incendie-exterieure\/","name":"SF 200, SIRENE INCENDIE EXTERIEURE - BTMT ELECTRIC \u2013 Solutions \u00c9lectriques Fiables et Innovantes","isPartOf":{"@id":"https:\/\/btmtelectric.com\/#website"},"primaryImageOfPage":{"@id":"https:\/\/btmtelectric.com\/index.php\/product\/sf-200-sirene-incendie-exterieure\/#primaryimage"},"image":{"@id":"https:\/\/btmtelectric.com\/index.php\/product\/sf-200-sirene-incendie-exterieure\/#primaryimage"},"thumbnailUrl":"https:\/\/btmtelectric.com\/wp-content\/uploads\/2025\/08\/200.jpeg","datePublished":"2025-08-23T11:18:53+00:00","dateModified":"2025-08-23T12:01:31+00:00","breadcrumb":{"@id":"https:\/\/btmtelectric.com\/index.php\/product\/sf-200-sirene-incendie-exterieure\/#breadcrumb"},"inLanguage":"fr-FR","potentialAction":[{"@type":"ReadAction","target":["https:\/\/btmtelectric.com\/index.php\/product\/sf-200-sirene-incendie-exterieure\/"]}]},{"@type":"ImageObject","inLanguage":"fr-FR","@id":"https:\/\/btmtelectric.com\/index.php\/product\/sf-200-sirene-incendie-exterieure\/#primaryimage","url":"https:\/\/btmtelectric.com\/wp-content\/uploads\/2025\/08\/200.jpeg","contentUrl":"https:\/\/btmtelectric.com\/wp-content\/uploads\/2025\/08\/200.jpeg","width":174,"height":289},{"@type":"BreadcrumbList","@id":"https:\/\/btmtelectric.com\/index.php\/product\/sf-200-sirene-incendie-exterieure\/#breadcrumb","itemListElement":[{"@type":"ListItem","position":1,"name":"Accueil","item":"https:\/\/btmtelectric.com\/"},{"@type":"ListItem","position":2,"name":"Boutique","item":"https:\/\/btmtelectric.com\/index.php\/boutique\/"},{"@type":"ListItem","position":3,"name":"SF 200, SIRENE INCENDIE EXTERIEURE"}]},{"@type":"WebSite","@id":"https:\/\/btmtelectric.com\/#website","url":"https:\/\/btmtelectric.com\/","name":"BTMT ELECTRIC \u2013 Solutions \u00c9lectriques Fiables et Innovantes","description":"","publisher":{"@id":"https:\/\/btmtelectric.com\/#organization"},"potentialAction":[{"@type":"SearchAction","target":{"@type":"EntryPoint","urlTemplate":"https:\/\/btmtelectric.com\/?s={search_term_string}"},"query-input":{"@type":"PropertyValueSpecification","valueRequired":true,"valueName":"search_term_string"}}],"inLanguage":"fr-FR"},{"@type":"Organization","@id":"https:\/\/btmtelectric.com\/#organization","name":"BTMT ELECTRIC \u2013 Solutions \u00c9lectriques Fiables et Innovantes","url":"https:\/\/btmtelectric.com\/","logo":{"@type":"ImageObject","inLanguage":"fr-FR","@id":"https:\/\/btmtelectric.com\/#\/schema\/logo\/image\/","url":"https:\/\/btmtelectric.com\/wp-content\/uploads\/2025\/07\/WhatsApp_Image_2025-07-09_at_11.45.18_AM-removebg-preview-1.png","contentUrl":"https:\/\/btmtelectric.com\/wp-content\/uploads\/2025\/07\/WhatsApp_Image_2025-07-09_at_11.45.18_AM-removebg-preview-1.png","width":175,"height":42,"caption":"BTMT ELECTRIC \u2013 Solutions \u00c9lectriques Fiables et Innovantes"},"image":{"@id":"https:\/\/btmtelectric.com\/#\/schema\/logo\/image\/"},"sameAs":["https:\/\/www.facebook.com\/profile.php?id=61578000361796","https:\/\/www.instagram.com\/btmtelectric\/"]}]}},"_links":{"self":[{"href":"https:\/\/btmtelectric.com\/index.php\/wp-json\/wp\/v2\/product\/8726","targetHints":{"allow":["GET"]}}],"collection":[{"href":"https:\/\/btmtelectric.com\/index.php\/wp-json\/wp\/v2\/product"}],"about":[{"href":"https:\/\/btmtelectric.com\/index.php\/wp-json\/wp\/v2\/types\/product"}],"replies":[{"embeddable":true,"href":"https:\/\/btmtelectric.com\/index.php\/wp-json\/wp\/v2\/comments?post=8726"}],"wp:featuredmedia":[{"embeddable":true,"href":"https:\/\/btmtelectric.com\/index.php\/wp-json\/wp\/v2\/media\/8727"}],"wp:attachment":[{"href":"https:\/\/btmtelectric.com\/index.php\/wp-json\/wp\/v2\/media?parent=8726"}],"wp:term":[{"taxonomy":"product_brand","embeddable":true,"href":"https:\/\/btmtelectric.com\/index.php\/wp-json\/wp\/v2\/product_brand?post=8726"},{"taxonomy":"product_cat","embeddable":true,"href":"https:\/\/btmtelectric.com\/index.php\/wp-json\/wp\/v2\/product_cat?post=8726"},{"taxonomy":"product_tag","embeddable":true,"href":"https:\/\/btmtelectric.com\/index.php\/wp-json\/wp\/v2\/product_tag?post=8726"}],"curies":[{"name":"wp","href":"https:\/\/api.w.org\/{rel}","templated":true}]}}