{"id":8722,"date":"2025-08-23T11:07:30","date_gmt":"2025-08-23T11:07:30","guid":{"rendered":"https:\/\/btmtelectric.com\/?post_type=product&#038;p=8722"},"modified":"2025-08-23T11:33:19","modified_gmt":"2025-08-23T11:33:19","slug":"sensomag-mcp50-bouton-de-brise-de-glace","status":"publish","type":"product","link":"https:\/\/btmtelectric.com\/index.php\/product\/sensomag-mcp50-bouton-de-brise-de-glace\/","title":{"rendered":"SENSOMAG MCP50, BOUTON DE BRISE DE GLACE"},"content":{"rendered":"<p data-start=\"66\" data-end=\"455\">Le <strong data-start=\"69\" data-end=\"123\">d\u00e9clencheur manuel d\u2019alarme incendie conventionnel<\/strong> est un dispositif universel, con\u00e7u pour un <strong data-start=\"167\" data-end=\"184\">montage mural<\/strong> et <strong data-start=\"188\" data-end=\"249\">compatible avec tous les syst\u00e8mes incendie conventionnels<\/strong>. Dot\u00e9 d\u2019un <strong data-start=\"261\" data-end=\"306\">\u00e9l\u00e9ment fonctionnel flexible et r\u00e9armable<\/strong>, il permet de signaler manuellement un d\u00e9part de feu au <strong data-start=\"363\" data-end=\"395\">panneau de commande incendie<\/strong> par simple pression sur la zone indiqu\u00e9e par des fl\u00e8ches.<\/p>\n<p data-start=\"457\" data-end=\"754\">Une <strong data-start=\"461\" data-end=\"477\">LED int\u00e9gr\u00e9e<\/strong> assure une indication visuelle claire lors de l\u2019activation de l\u2019alarme ou lors des op\u00e9rations de test. Apr\u00e8s d\u00e9clenchement, l\u2019\u00e9l\u00e9ment peut \u00eatre <strong data-start=\"622\" data-end=\"671\">r\u00e9arm\u00e9 facilement \u00e0 l\u2019aide d\u2019une cl\u00e9 sp\u00e9ciale<\/strong>, garantissant ainsi une remise en service rapide sans n\u00e9cessit\u00e9 de remplacement.<\/p>\n<p data-start=\"756\" data-end=\"965\">Fiable, robuste et simple d\u2019utilisation, ce d\u00e9clencheur constitue une <strong data-start=\"826\" data-end=\"876\">solution essentielle pour la s\u00e9curit\u00e9 incendie<\/strong> dans les b\u00e2timents recevant du public, les locaux tertiaires et les sites industriels.<\/p>\n","protected":false},"excerpt":{"rendered":"<p>Le d\u00e9clencheur manuel d\u2019alarme incendie conventionnel est un dispositif universel, con\u00e7u pour un montage mural et compatible avec tous les syst\u00e8mes incendie conventionnels. Dot\u00e9 d\u2019un \u00e9l\u00e9ment fonctionnel flexible et r\u00e9armable,<\/p>\n","protected":false},"featured_media":8723,"comment_status":"open","ping_status":"closed","template":"","meta":{"_acf_changed":false,"content-type":""},"product_brand":[],"product_cat":[353],"product_tag":[],"class_list":{"0":"post-8722","1":"product","2":"type-product","3":"status-publish","4":"has-post-thumbnail","6":"product_cat-detecteur-incendie","8":"first","9":"instock","10":"shipping-taxable","11":"purchasable","12":"product-type-simple"},"acf":[],"yoast_head":"<!-- This site is optimized with the Yoast SEO plugin v27.3 - https:\/\/yoast.com\/product\/yoast-seo-wordpress\/ -->\n<title>SENSOMAG MCP50, BOUTON DE BRISE DE GLACE - BTMT ELECTRIC \u2013 Solutions \u00c9lectriques Fiables et Innovantes<\/title>\n<meta name=\"robots\" content=\"index, follow, max-snippet:-1, max-image-preview:large, max-video-preview:-1\" \/>\n<link rel=\"canonical\" href=\"https:\/\/btmtelectric.com\/index.php\/product\/sensomag-mcp50-bouton-de-brise-de-glace\/\" \/>\n<meta property=\"og:locale\" content=\"fr_FR\" \/>\n<meta property=\"og:type\" content=\"article\" \/>\n<meta property=\"og:title\" content=\"SENSOMAG MCP50, BOUTON DE BRISE DE GLACE - BTMT ELECTRIC \u2013 Solutions \u00c9lectriques Fiables et Innovantes\" \/>\n<meta property=\"og:description\" content=\"Le d\u00e9clencheur manuel d\u2019alarme incendie conventionnel est un dispositif universel, con\u00e7u pour un montage mural et compatible avec tous les syst\u00e8mes incendie conventionnels. Dot\u00e9 d\u2019un \u00e9l\u00e9ment fonctionnel flexible et r\u00e9armable,\" \/>\n<meta property=\"og:url\" content=\"https:\/\/btmtelectric.com\/index.php\/product\/sensomag-mcp50-bouton-de-brise-de-glace\/\" \/>\n<meta property=\"og:site_name\" content=\"BTMT ELECTRIC \u2013 Solutions \u00c9lectriques Fiables et Innovantes\" \/>\n<meta property=\"article:publisher\" content=\"https:\/\/www.facebook.com\/profile.php?id=61578000361796\" \/>\n<meta property=\"article:modified_time\" content=\"2025-08-23T11:33:19+00:00\" \/>\n<meta property=\"og:image\" content=\"https:\/\/btmtelectric.com\/wp-content\/uploads\/2025\/08\/prise-de-glace.jpg\" \/>\n\t<meta property=\"og:image:width\" content=\"416\" \/>\n\t<meta property=\"og:image:height\" content=\"404\" \/>\n\t<meta property=\"og:image:type\" content=\"image\/jpeg\" \/>\n<meta name=\"twitter:card\" content=\"summary_large_image\" \/>\n<meta name=\"twitter:label1\" content=\"Dur\u00e9e de lecture estim\u00e9e\" \/>\n\t<meta name=\"twitter:data1\" content=\"1 minute\" \/>\n<script type=\"application\/ld+json\" class=\"yoast-schema-graph\">{\"@context\":\"https:\\\/\\\/schema.org\",\"@graph\":[{\"@type\":\"WebPage\",\"@id\":\"https:\\\/\\\/btmtelectric.com\\\/index.php\\\/product\\\/sensomag-mcp50-bouton-de-brise-de-glace\\\/\",\"url\":\"https:\\\/\\\/btmtelectric.com\\\/index.php\\\/product\\\/sensomag-mcp50-bouton-de-brise-de-glace\\\/\",\"name\":\"SENSOMAG MCP50, BOUTON DE BRISE DE GLACE - BTMT ELECTRIC \u2013 Solutions \u00c9lectriques Fiables et Innovantes\",\"isPartOf\":{\"@id\":\"https:\\\/\\\/btmtelectric.com\\\/#website\"},\"primaryImageOfPage\":{\"@id\":\"https:\\\/\\\/btmtelectric.com\\\/index.php\\\/product\\\/sensomag-mcp50-bouton-de-brise-de-glace\\\/#primaryimage\"},\"image\":{\"@id\":\"https:\\\/\\\/btmtelectric.com\\\/index.php\\\/product\\\/sensomag-mcp50-bouton-de-brise-de-glace\\\/#primaryimage\"},\"thumbnailUrl\":\"https:\\\/\\\/btmtelectric.com\\\/wp-content\\\/uploads\\\/2025\\\/08\\\/prise-de-glace.jpg\",\"datePublished\":\"2025-08-23T11:07:30+00:00\",\"dateModified\":\"2025-08-23T11:33:19+00:00\",\"breadcrumb\":{\"@id\":\"https:\\\/\\\/btmtelectric.com\\\/index.php\\\/product\\\/sensomag-mcp50-bouton-de-brise-de-glace\\\/#breadcrumb\"},\"inLanguage\":\"fr-FR\",\"potentialAction\":[{\"@type\":\"ReadAction\",\"target\":[\"https:\\\/\\\/btmtelectric.com\\\/index.php\\\/product\\\/sensomag-mcp50-bouton-de-brise-de-glace\\\/\"]}]},{\"@type\":\"ImageObject\",\"inLanguage\":\"fr-FR\",\"@id\":\"https:\\\/\\\/btmtelectric.com\\\/index.php\\\/product\\\/sensomag-mcp50-bouton-de-brise-de-glace\\\/#primaryimage\",\"url\":\"https:\\\/\\\/btmtelectric.com\\\/wp-content\\\/uploads\\\/2025\\\/08\\\/prise-de-glace.jpg\",\"contentUrl\":\"https:\\\/\\\/btmtelectric.com\\\/wp-content\\\/uploads\\\/2025\\\/08\\\/prise-de-glace.jpg\",\"width\":416,\"height\":404},{\"@type\":\"BreadcrumbList\",\"@id\":\"https:\\\/\\\/btmtelectric.com\\\/index.php\\\/product\\\/sensomag-mcp50-bouton-de-brise-de-glace\\\/#breadcrumb\",\"itemListElement\":[{\"@type\":\"ListItem\",\"position\":1,\"name\":\"Accueil\",\"item\":\"https:\\\/\\\/btmtelectric.com\\\/\"},{\"@type\":\"ListItem\",\"position\":2,\"name\":\"Boutique\",\"item\":\"https:\\\/\\\/btmtelectric.com\\\/index.php\\\/boutique\\\/\"},{\"@type\":\"ListItem\",\"position\":3,\"name\":\"SENSOMAG MCP50, BOUTON DE BRISE DE GLACE\"}]},{\"@type\":\"WebSite\",\"@id\":\"https:\\\/\\\/btmtelectric.com\\\/#website\",\"url\":\"https:\\\/\\\/btmtelectric.com\\\/\",\"name\":\"BTMT ELECTRIC \u2013 Solutions \u00c9lectriques Fiables et Innovantes\",\"description\":\"\",\"publisher\":{\"@id\":\"https:\\\/\\\/btmtelectric.com\\\/#organization\"},\"potentialAction\":[{\"@type\":\"SearchAction\",\"target\":{\"@type\":\"EntryPoint\",\"urlTemplate\":\"https:\\\/\\\/btmtelectric.com\\\/?s={search_term_string}\"},\"query-input\":{\"@type\":\"PropertyValueSpecification\",\"valueRequired\":true,\"valueName\":\"search_term_string\"}}],\"inLanguage\":\"fr-FR\"},{\"@type\":\"Organization\",\"@id\":\"https:\\\/\\\/btmtelectric.com\\\/#organization\",\"name\":\"BTMT ELECTRIC \u2013 Solutions \u00c9lectriques Fiables et Innovantes\",\"url\":\"https:\\\/\\\/btmtelectric.com\\\/\",\"logo\":{\"@type\":\"ImageObject\",\"inLanguage\":\"fr-FR\",\"@id\":\"https:\\\/\\\/btmtelectric.com\\\/#\\\/schema\\\/logo\\\/image\\\/\",\"url\":\"https:\\\/\\\/btmtelectric.com\\\/wp-content\\\/uploads\\\/2025\\\/07\\\/WhatsApp_Image_2025-07-09_at_11.45.18_AM-removebg-preview-1.png\",\"contentUrl\":\"https:\\\/\\\/btmtelectric.com\\\/wp-content\\\/uploads\\\/2025\\\/07\\\/WhatsApp_Image_2025-07-09_at_11.45.18_AM-removebg-preview-1.png\",\"width\":175,\"height\":42,\"caption\":\"BTMT ELECTRIC \u2013 Solutions \u00c9lectriques Fiables et Innovantes\"},\"image\":{\"@id\":\"https:\\\/\\\/btmtelectric.com\\\/#\\\/schema\\\/logo\\\/image\\\/\"},\"sameAs\":[\"https:\\\/\\\/www.facebook.com\\\/profile.php?id=61578000361796\",\"https:\\\/\\\/www.instagram.com\\\/btmtelectric\\\/\"]}]}<\/script>\n<!-- \/ Yoast SEO plugin. -->","yoast_head_json":{"title":"SENSOMAG MCP50, BOUTON DE BRISE DE GLACE - BTMT ELECTRIC \u2013 Solutions \u00c9lectriques Fiables et Innovantes","robots":{"index":"index","follow":"follow","max-snippet":"max-snippet:-1","max-image-preview":"max-image-preview:large","max-video-preview":"max-video-preview:-1"},"canonical":"https:\/\/btmtelectric.com\/index.php\/product\/sensomag-mcp50-bouton-de-brise-de-glace\/","og_locale":"fr_FR","og_type":"article","og_title":"SENSOMAG MCP50, BOUTON DE BRISE DE GLACE - BTMT ELECTRIC \u2013 Solutions \u00c9lectriques Fiables et Innovantes","og_description":"Le d\u00e9clencheur manuel d\u2019alarme incendie conventionnel est un dispositif universel, con\u00e7u pour un montage mural et compatible avec tous les syst\u00e8mes incendie conventionnels. Dot\u00e9 d\u2019un \u00e9l\u00e9ment fonctionnel flexible et r\u00e9armable,","og_url":"https:\/\/btmtelectric.com\/index.php\/product\/sensomag-mcp50-bouton-de-brise-de-glace\/","og_site_name":"BTMT ELECTRIC \u2013 Solutions \u00c9lectriques Fiables et Innovantes","article_publisher":"https:\/\/www.facebook.com\/profile.php?id=61578000361796","article_modified_time":"2025-08-23T11:33:19+00:00","og_image":[{"width":416,"height":404,"url":"https:\/\/btmtelectric.com\/wp-content\/uploads\/2025\/08\/prise-de-glace.jpg","type":"image\/jpeg"}],"twitter_card":"summary_large_image","twitter_misc":{"Dur\u00e9e de lecture estim\u00e9e":"1 minute"},"schema":{"@context":"https:\/\/schema.org","@graph":[{"@type":"WebPage","@id":"https:\/\/btmtelectric.com\/index.php\/product\/sensomag-mcp50-bouton-de-brise-de-glace\/","url":"https:\/\/btmtelectric.com\/index.php\/product\/sensomag-mcp50-bouton-de-brise-de-glace\/","name":"SENSOMAG MCP50, BOUTON DE BRISE DE GLACE - BTMT ELECTRIC \u2013 Solutions \u00c9lectriques Fiables et Innovantes","isPartOf":{"@id":"https:\/\/btmtelectric.com\/#website"},"primaryImageOfPage":{"@id":"https:\/\/btmtelectric.com\/index.php\/product\/sensomag-mcp50-bouton-de-brise-de-glace\/#primaryimage"},"image":{"@id":"https:\/\/btmtelectric.com\/index.php\/product\/sensomag-mcp50-bouton-de-brise-de-glace\/#primaryimage"},"thumbnailUrl":"https:\/\/btmtelectric.com\/wp-content\/uploads\/2025\/08\/prise-de-glace.jpg","datePublished":"2025-08-23T11:07:30+00:00","dateModified":"2025-08-23T11:33:19+00:00","breadcrumb":{"@id":"https:\/\/btmtelectric.com\/index.php\/product\/sensomag-mcp50-bouton-de-brise-de-glace\/#breadcrumb"},"inLanguage":"fr-FR","potentialAction":[{"@type":"ReadAction","target":["https:\/\/btmtelectric.com\/index.php\/product\/sensomag-mcp50-bouton-de-brise-de-glace\/"]}]},{"@type":"ImageObject","inLanguage":"fr-FR","@id":"https:\/\/btmtelectric.com\/index.php\/product\/sensomag-mcp50-bouton-de-brise-de-glace\/#primaryimage","url":"https:\/\/btmtelectric.com\/wp-content\/uploads\/2025\/08\/prise-de-glace.jpg","contentUrl":"https:\/\/btmtelectric.com\/wp-content\/uploads\/2025\/08\/prise-de-glace.jpg","width":416,"height":404},{"@type":"BreadcrumbList","@id":"https:\/\/btmtelectric.com\/index.php\/product\/sensomag-mcp50-bouton-de-brise-de-glace\/#breadcrumb","itemListElement":[{"@type":"ListItem","position":1,"name":"Accueil","item":"https:\/\/btmtelectric.com\/"},{"@type":"ListItem","position":2,"name":"Boutique","item":"https:\/\/btmtelectric.com\/index.php\/boutique\/"},{"@type":"ListItem","position":3,"name":"SENSOMAG MCP50, BOUTON DE BRISE DE GLACE"}]},{"@type":"WebSite","@id":"https:\/\/btmtelectric.com\/#website","url":"https:\/\/btmtelectric.com\/","name":"BTMT ELECTRIC \u2013 Solutions \u00c9lectriques Fiables et Innovantes","description":"","publisher":{"@id":"https:\/\/btmtelectric.com\/#organization"},"potentialAction":[{"@type":"SearchAction","target":{"@type":"EntryPoint","urlTemplate":"https:\/\/btmtelectric.com\/?s={search_term_string}"},"query-input":{"@type":"PropertyValueSpecification","valueRequired":true,"valueName":"search_term_string"}}],"inLanguage":"fr-FR"},{"@type":"Organization","@id":"https:\/\/btmtelectric.com\/#organization","name":"BTMT ELECTRIC \u2013 Solutions \u00c9lectriques Fiables et Innovantes","url":"https:\/\/btmtelectric.com\/","logo":{"@type":"ImageObject","inLanguage":"fr-FR","@id":"https:\/\/btmtelectric.com\/#\/schema\/logo\/image\/","url":"https:\/\/btmtelectric.com\/wp-content\/uploads\/2025\/07\/WhatsApp_Image_2025-07-09_at_11.45.18_AM-removebg-preview-1.png","contentUrl":"https:\/\/btmtelectric.com\/wp-content\/uploads\/2025\/07\/WhatsApp_Image_2025-07-09_at_11.45.18_AM-removebg-preview-1.png","width":175,"height":42,"caption":"BTMT ELECTRIC \u2013 Solutions \u00c9lectriques Fiables et Innovantes"},"image":{"@id":"https:\/\/btmtelectric.com\/#\/schema\/logo\/image\/"},"sameAs":["https:\/\/www.facebook.com\/profile.php?id=61578000361796","https:\/\/www.instagram.com\/btmtelectric\/"]}]}},"_links":{"self":[{"href":"https:\/\/btmtelectric.com\/index.php\/wp-json\/wp\/v2\/product\/8722","targetHints":{"allow":["GET"]}}],"collection":[{"href":"https:\/\/btmtelectric.com\/index.php\/wp-json\/wp\/v2\/product"}],"about":[{"href":"https:\/\/btmtelectric.com\/index.php\/wp-json\/wp\/v2\/types\/product"}],"replies":[{"embeddable":true,"href":"https:\/\/btmtelectric.com\/index.php\/wp-json\/wp\/v2\/comments?post=8722"}],"wp:featuredmedia":[{"embeddable":true,"href":"https:\/\/btmtelectric.com\/index.php\/wp-json\/wp\/v2\/media\/8723"}],"wp:attachment":[{"href":"https:\/\/btmtelectric.com\/index.php\/wp-json\/wp\/v2\/media?parent=8722"}],"wp:term":[{"taxonomy":"product_brand","embeddable":true,"href":"https:\/\/btmtelectric.com\/index.php\/wp-json\/wp\/v2\/product_brand?post=8722"},{"taxonomy":"product_cat","embeddable":true,"href":"https:\/\/btmtelectric.com\/index.php\/wp-json\/wp\/v2\/product_cat?post=8722"},{"taxonomy":"product_tag","embeddable":true,"href":"https:\/\/btmtelectric.com\/index.php\/wp-json\/wp\/v2\/product_tag?post=8722"}],"curies":[{"name":"wp","href":"https:\/\/api.w.org\/{rel}","templated":true}]}}