{"id":8717,"date":"2025-08-23T10:54:46","date_gmt":"2025-08-23T10:54:46","guid":{"rendered":"https:\/\/btmtelectric.com\/?post_type=product&#038;p=8717"},"modified":"2025-08-23T10:57:18","modified_gmt":"2025-08-23T10:57:18","slug":"sensomag-b24d-socle-standard-24v-pour-detcteur-incendie","status":"publish","type":"product","link":"https:\/\/btmtelectric.com\/index.php\/product\/sensomag-b24d-socle-standard-24v-pour-detcteur-incendie\/","title":{"rendered":"SENSOMAG B24D, SOCLE STANDARD 24V POUR DETCTEUR INCENDIE"},"content":{"rendered":"<p data-start=\"66\" data-end=\"441\">La <strong data-start=\"69\" data-end=\"86\">SensoMAG B24D<\/strong> est une <strong data-start=\"95\" data-end=\"123\">base de montage standard<\/strong> sp\u00e9cialement con\u00e7ue pour les d\u00e9tecteurs conventionnels de la gamme <strong data-start=\"191\" data-end=\"203\">SensoMAG<\/strong> (mod\u00e8les F10, F10B, R20, S30 et M40). Elle est \u00e9quip\u00e9e d\u2019une <strong data-start=\"265\" data-end=\"292\">diode Schottky int\u00e9gr\u00e9e<\/strong>, permettant la d\u00e9tection et la signalisation lorsqu\u2019un d\u00e9tecteur est retir\u00e9 de son socle, renfor\u00e7ant ainsi la s\u00e9curit\u00e9 et la fiabilit\u00e9 du syst\u00e8me.<\/p>\n<p data-start=\"443\" data-end=\"733\">Con\u00e7ue pour une <strong data-start=\"459\" data-end=\"492\">installation simple et rapide<\/strong>, la B24D assure une connexion stable et durable entre le d\u00e9tecteur et le syst\u00e8me de d\u00e9tection incendie. Sa conception robuste garantit une <strong data-start=\"632\" data-end=\"658\">compatibilit\u00e9 optimale<\/strong> et une int\u00e9gration ais\u00e9e dans tout environnement de protection incendie.<\/p>\n","protected":false},"excerpt":{"rendered":"<p>La SensoMAG B24D est une base de montage standard sp\u00e9cialement con\u00e7ue pour les d\u00e9tecteurs conventionnels de la gamme SensoMAG (mod\u00e8les F10, F10B, R20, S30 et M40). Elle est \u00e9quip\u00e9e d\u2019une<\/p>\n","protected":false},"featured_media":8718,"comment_status":"open","ping_status":"closed","template":"","meta":{"_acf_changed":false,"content-type":""},"product_brand":[],"product_cat":[353],"product_tag":[],"class_list":{"0":"post-8717","1":"product","2":"type-product","3":"status-publish","4":"has-post-thumbnail","6":"product_cat-detecteur-incendie","8":"first","9":"instock","10":"shipping-taxable","11":"purchasable","12":"product-type-simple"},"acf":[],"yoast_head":"<!-- This site is optimized with the Yoast SEO plugin v27.3 - https:\/\/yoast.com\/product\/yoast-seo-wordpress\/ -->\n<title>SENSOMAG B24D, SOCLE STANDARD 24V POUR DETCTEUR INCENDIE - BTMT ELECTRIC \u2013 Solutions \u00c9lectriques Fiables et Innovantes<\/title>\n<meta name=\"robots\" content=\"index, follow, max-snippet:-1, max-image-preview:large, max-video-preview:-1\" \/>\n<link rel=\"canonical\" href=\"https:\/\/btmtelectric.com\/index.php\/product\/sensomag-b24d-socle-standard-24v-pour-detcteur-incendie\/\" \/>\n<meta property=\"og:locale\" content=\"fr_FR\" \/>\n<meta property=\"og:type\" content=\"article\" \/>\n<meta property=\"og:title\" content=\"SENSOMAG B24D, SOCLE STANDARD 24V POUR DETCTEUR INCENDIE - BTMT ELECTRIC \u2013 Solutions \u00c9lectriques Fiables et Innovantes\" \/>\n<meta property=\"og:description\" content=\"La SensoMAG B24D est une base de montage standard sp\u00e9cialement con\u00e7ue pour les d\u00e9tecteurs conventionnels de la gamme SensoMAG (mod\u00e8les F10, F10B, R20, S30 et M40). Elle est \u00e9quip\u00e9e d\u2019une\" \/>\n<meta property=\"og:url\" content=\"https:\/\/btmtelectric.com\/index.php\/product\/sensomag-b24d-socle-standard-24v-pour-detcteur-incendie\/\" \/>\n<meta property=\"og:site_name\" content=\"BTMT ELECTRIC \u2013 Solutions \u00c9lectriques Fiables et Innovantes\" \/>\n<meta property=\"article:publisher\" content=\"https:\/\/www.facebook.com\/profile.php?id=61578000361796\" \/>\n<meta property=\"article:modified_time\" content=\"2025-08-23T10:57:18+00:00\" \/>\n<meta property=\"og:image\" content=\"https:\/\/btmtelectric.com\/wp-content\/uploads\/2025\/08\/b24.jpeg\" \/>\n\t<meta property=\"og:image:width\" content=\"235\" \/>\n\t<meta property=\"og:image:height\" content=\"215\" \/>\n\t<meta property=\"og:image:type\" content=\"image\/jpeg\" \/>\n<meta name=\"twitter:card\" content=\"summary_large_image\" \/>\n<meta name=\"twitter:label1\" content=\"Dur\u00e9e de lecture estim\u00e9e\" \/>\n\t<meta name=\"twitter:data1\" content=\"1 minute\" \/>\n<script type=\"application\/ld+json\" class=\"yoast-schema-graph\">{\"@context\":\"https:\\\/\\\/schema.org\",\"@graph\":[{\"@type\":\"WebPage\",\"@id\":\"https:\\\/\\\/btmtelectric.com\\\/index.php\\\/product\\\/sensomag-b24d-socle-standard-24v-pour-detcteur-incendie\\\/\",\"url\":\"https:\\\/\\\/btmtelectric.com\\\/index.php\\\/product\\\/sensomag-b24d-socle-standard-24v-pour-detcteur-incendie\\\/\",\"name\":\"SENSOMAG B24D, SOCLE STANDARD 24V POUR DETCTEUR INCENDIE - BTMT ELECTRIC \u2013 Solutions \u00c9lectriques Fiables et Innovantes\",\"isPartOf\":{\"@id\":\"https:\\\/\\\/btmtelectric.com\\\/#website\"},\"primaryImageOfPage\":{\"@id\":\"https:\\\/\\\/btmtelectric.com\\\/index.php\\\/product\\\/sensomag-b24d-socle-standard-24v-pour-detcteur-incendie\\\/#primaryimage\"},\"image\":{\"@id\":\"https:\\\/\\\/btmtelectric.com\\\/index.php\\\/product\\\/sensomag-b24d-socle-standard-24v-pour-detcteur-incendie\\\/#primaryimage\"},\"thumbnailUrl\":\"https:\\\/\\\/btmtelectric.com\\\/wp-content\\\/uploads\\\/2025\\\/08\\\/b24.jpeg\",\"datePublished\":\"2025-08-23T10:54:46+00:00\",\"dateModified\":\"2025-08-23T10:57:18+00:00\",\"breadcrumb\":{\"@id\":\"https:\\\/\\\/btmtelectric.com\\\/index.php\\\/product\\\/sensomag-b24d-socle-standard-24v-pour-detcteur-incendie\\\/#breadcrumb\"},\"inLanguage\":\"fr-FR\",\"potentialAction\":[{\"@type\":\"ReadAction\",\"target\":[\"https:\\\/\\\/btmtelectric.com\\\/index.php\\\/product\\\/sensomag-b24d-socle-standard-24v-pour-detcteur-incendie\\\/\"]}]},{\"@type\":\"ImageObject\",\"inLanguage\":\"fr-FR\",\"@id\":\"https:\\\/\\\/btmtelectric.com\\\/index.php\\\/product\\\/sensomag-b24d-socle-standard-24v-pour-detcteur-incendie\\\/#primaryimage\",\"url\":\"https:\\\/\\\/btmtelectric.com\\\/wp-content\\\/uploads\\\/2025\\\/08\\\/b24.jpeg\",\"contentUrl\":\"https:\\\/\\\/btmtelectric.com\\\/wp-content\\\/uploads\\\/2025\\\/08\\\/b24.jpeg\",\"width\":235,\"height\":215},{\"@type\":\"BreadcrumbList\",\"@id\":\"https:\\\/\\\/btmtelectric.com\\\/index.php\\\/product\\\/sensomag-b24d-socle-standard-24v-pour-detcteur-incendie\\\/#breadcrumb\",\"itemListElement\":[{\"@type\":\"ListItem\",\"position\":1,\"name\":\"Accueil\",\"item\":\"https:\\\/\\\/btmtelectric.com\\\/\"},{\"@type\":\"ListItem\",\"position\":2,\"name\":\"Boutique\",\"item\":\"https:\\\/\\\/btmtelectric.com\\\/index.php\\\/boutique\\\/\"},{\"@type\":\"ListItem\",\"position\":3,\"name\":\"SENSOMAG B24D, SOCLE STANDARD 24V POUR DETCTEUR INCENDIE\"}]},{\"@type\":\"WebSite\",\"@id\":\"https:\\\/\\\/btmtelectric.com\\\/#website\",\"url\":\"https:\\\/\\\/btmtelectric.com\\\/\",\"name\":\"BTMT ELECTRIC \u2013 Solutions \u00c9lectriques Fiables et Innovantes\",\"description\":\"\",\"publisher\":{\"@id\":\"https:\\\/\\\/btmtelectric.com\\\/#organization\"},\"potentialAction\":[{\"@type\":\"SearchAction\",\"target\":{\"@type\":\"EntryPoint\",\"urlTemplate\":\"https:\\\/\\\/btmtelectric.com\\\/?s={search_term_string}\"},\"query-input\":{\"@type\":\"PropertyValueSpecification\",\"valueRequired\":true,\"valueName\":\"search_term_string\"}}],\"inLanguage\":\"fr-FR\"},{\"@type\":\"Organization\",\"@id\":\"https:\\\/\\\/btmtelectric.com\\\/#organization\",\"name\":\"BTMT ELECTRIC \u2013 Solutions \u00c9lectriques Fiables et Innovantes\",\"url\":\"https:\\\/\\\/btmtelectric.com\\\/\",\"logo\":{\"@type\":\"ImageObject\",\"inLanguage\":\"fr-FR\",\"@id\":\"https:\\\/\\\/btmtelectric.com\\\/#\\\/schema\\\/logo\\\/image\\\/\",\"url\":\"https:\\\/\\\/btmtelectric.com\\\/wp-content\\\/uploads\\\/2025\\\/07\\\/WhatsApp_Image_2025-07-09_at_11.45.18_AM-removebg-preview-1.png\",\"contentUrl\":\"https:\\\/\\\/btmtelectric.com\\\/wp-content\\\/uploads\\\/2025\\\/07\\\/WhatsApp_Image_2025-07-09_at_11.45.18_AM-removebg-preview-1.png\",\"width\":175,\"height\":42,\"caption\":\"BTMT ELECTRIC \u2013 Solutions \u00c9lectriques Fiables et Innovantes\"},\"image\":{\"@id\":\"https:\\\/\\\/btmtelectric.com\\\/#\\\/schema\\\/logo\\\/image\\\/\"},\"sameAs\":[\"https:\\\/\\\/www.facebook.com\\\/profile.php?id=61578000361796\",\"https:\\\/\\\/www.instagram.com\\\/btmtelectric\\\/\"]}]}<\/script>\n<!-- \/ Yoast SEO plugin. -->","yoast_head_json":{"title":"SENSOMAG B24D, SOCLE STANDARD 24V POUR DETCTEUR INCENDIE - BTMT ELECTRIC \u2013 Solutions \u00c9lectriques Fiables et Innovantes","robots":{"index":"index","follow":"follow","max-snippet":"max-snippet:-1","max-image-preview":"max-image-preview:large","max-video-preview":"max-video-preview:-1"},"canonical":"https:\/\/btmtelectric.com\/index.php\/product\/sensomag-b24d-socle-standard-24v-pour-detcteur-incendie\/","og_locale":"fr_FR","og_type":"article","og_title":"SENSOMAG B24D, SOCLE STANDARD 24V POUR DETCTEUR INCENDIE - BTMT ELECTRIC \u2013 Solutions \u00c9lectriques Fiables et Innovantes","og_description":"La SensoMAG B24D est une base de montage standard sp\u00e9cialement con\u00e7ue pour les d\u00e9tecteurs conventionnels de la gamme SensoMAG (mod\u00e8les F10, F10B, R20, S30 et M40). Elle est \u00e9quip\u00e9e d\u2019une","og_url":"https:\/\/btmtelectric.com\/index.php\/product\/sensomag-b24d-socle-standard-24v-pour-detcteur-incendie\/","og_site_name":"BTMT ELECTRIC \u2013 Solutions \u00c9lectriques Fiables et Innovantes","article_publisher":"https:\/\/www.facebook.com\/profile.php?id=61578000361796","article_modified_time":"2025-08-23T10:57:18+00:00","og_image":[{"width":235,"height":215,"url":"https:\/\/btmtelectric.com\/wp-content\/uploads\/2025\/08\/b24.jpeg","type":"image\/jpeg"}],"twitter_card":"summary_large_image","twitter_misc":{"Dur\u00e9e de lecture estim\u00e9e":"1 minute"},"schema":{"@context":"https:\/\/schema.org","@graph":[{"@type":"WebPage","@id":"https:\/\/btmtelectric.com\/index.php\/product\/sensomag-b24d-socle-standard-24v-pour-detcteur-incendie\/","url":"https:\/\/btmtelectric.com\/index.php\/product\/sensomag-b24d-socle-standard-24v-pour-detcteur-incendie\/","name":"SENSOMAG B24D, SOCLE STANDARD 24V POUR DETCTEUR INCENDIE - BTMT ELECTRIC \u2013 Solutions \u00c9lectriques Fiables et Innovantes","isPartOf":{"@id":"https:\/\/btmtelectric.com\/#website"},"primaryImageOfPage":{"@id":"https:\/\/btmtelectric.com\/index.php\/product\/sensomag-b24d-socle-standard-24v-pour-detcteur-incendie\/#primaryimage"},"image":{"@id":"https:\/\/btmtelectric.com\/index.php\/product\/sensomag-b24d-socle-standard-24v-pour-detcteur-incendie\/#primaryimage"},"thumbnailUrl":"https:\/\/btmtelectric.com\/wp-content\/uploads\/2025\/08\/b24.jpeg","datePublished":"2025-08-23T10:54:46+00:00","dateModified":"2025-08-23T10:57:18+00:00","breadcrumb":{"@id":"https:\/\/btmtelectric.com\/index.php\/product\/sensomag-b24d-socle-standard-24v-pour-detcteur-incendie\/#breadcrumb"},"inLanguage":"fr-FR","potentialAction":[{"@type":"ReadAction","target":["https:\/\/btmtelectric.com\/index.php\/product\/sensomag-b24d-socle-standard-24v-pour-detcteur-incendie\/"]}]},{"@type":"ImageObject","inLanguage":"fr-FR","@id":"https:\/\/btmtelectric.com\/index.php\/product\/sensomag-b24d-socle-standard-24v-pour-detcteur-incendie\/#primaryimage","url":"https:\/\/btmtelectric.com\/wp-content\/uploads\/2025\/08\/b24.jpeg","contentUrl":"https:\/\/btmtelectric.com\/wp-content\/uploads\/2025\/08\/b24.jpeg","width":235,"height":215},{"@type":"BreadcrumbList","@id":"https:\/\/btmtelectric.com\/index.php\/product\/sensomag-b24d-socle-standard-24v-pour-detcteur-incendie\/#breadcrumb","itemListElement":[{"@type":"ListItem","position":1,"name":"Accueil","item":"https:\/\/btmtelectric.com\/"},{"@type":"ListItem","position":2,"name":"Boutique","item":"https:\/\/btmtelectric.com\/index.php\/boutique\/"},{"@type":"ListItem","position":3,"name":"SENSOMAG B24D, SOCLE STANDARD 24V POUR DETCTEUR INCENDIE"}]},{"@type":"WebSite","@id":"https:\/\/btmtelectric.com\/#website","url":"https:\/\/btmtelectric.com\/","name":"BTMT ELECTRIC \u2013 Solutions \u00c9lectriques Fiables et Innovantes","description":"","publisher":{"@id":"https:\/\/btmtelectric.com\/#organization"},"potentialAction":[{"@type":"SearchAction","target":{"@type":"EntryPoint","urlTemplate":"https:\/\/btmtelectric.com\/?s={search_term_string}"},"query-input":{"@type":"PropertyValueSpecification","valueRequired":true,"valueName":"search_term_string"}}],"inLanguage":"fr-FR"},{"@type":"Organization","@id":"https:\/\/btmtelectric.com\/#organization","name":"BTMT ELECTRIC \u2013 Solutions \u00c9lectriques Fiables et Innovantes","url":"https:\/\/btmtelectric.com\/","logo":{"@type":"ImageObject","inLanguage":"fr-FR","@id":"https:\/\/btmtelectric.com\/#\/schema\/logo\/image\/","url":"https:\/\/btmtelectric.com\/wp-content\/uploads\/2025\/07\/WhatsApp_Image_2025-07-09_at_11.45.18_AM-removebg-preview-1.png","contentUrl":"https:\/\/btmtelectric.com\/wp-content\/uploads\/2025\/07\/WhatsApp_Image_2025-07-09_at_11.45.18_AM-removebg-preview-1.png","width":175,"height":42,"caption":"BTMT ELECTRIC \u2013 Solutions \u00c9lectriques Fiables et Innovantes"},"image":{"@id":"https:\/\/btmtelectric.com\/#\/schema\/logo\/image\/"},"sameAs":["https:\/\/www.facebook.com\/profile.php?id=61578000361796","https:\/\/www.instagram.com\/btmtelectric\/"]}]}},"_links":{"self":[{"href":"https:\/\/btmtelectric.com\/index.php\/wp-json\/wp\/v2\/product\/8717","targetHints":{"allow":["GET"]}}],"collection":[{"href":"https:\/\/btmtelectric.com\/index.php\/wp-json\/wp\/v2\/product"}],"about":[{"href":"https:\/\/btmtelectric.com\/index.php\/wp-json\/wp\/v2\/types\/product"}],"replies":[{"embeddable":true,"href":"https:\/\/btmtelectric.com\/index.php\/wp-json\/wp\/v2\/comments?post=8717"}],"wp:featuredmedia":[{"embeddable":true,"href":"https:\/\/btmtelectric.com\/index.php\/wp-json\/wp\/v2\/media\/8718"}],"wp:attachment":[{"href":"https:\/\/btmtelectric.com\/index.php\/wp-json\/wp\/v2\/media?parent=8717"}],"wp:term":[{"taxonomy":"product_brand","embeddable":true,"href":"https:\/\/btmtelectric.com\/index.php\/wp-json\/wp\/v2\/product_brand?post=8717"},{"taxonomy":"product_cat","embeddable":true,"href":"https:\/\/btmtelectric.com\/index.php\/wp-json\/wp\/v2\/product_cat?post=8717"},{"taxonomy":"product_tag","embeddable":true,"href":"https:\/\/btmtelectric.com\/index.php\/wp-json\/wp\/v2\/product_tag?post=8717"}],"curies":[{"name":"wp","href":"https:\/\/api.w.org\/{rel}","templated":true}]}}