{"id":8713,"date":"2025-08-23T10:47:00","date_gmt":"2025-08-23T10:47:00","guid":{"rendered":"https:\/\/btmtelectric.com\/?post_type=product&#038;p=8713"},"modified":"2025-08-23T11:27:16","modified_gmt":"2025-08-23T11:27:16","slug":"mag-8p-central-incendie-conventionnel-8-zones","status":"publish","type":"product","link":"https:\/\/btmtelectric.com\/index.php\/product\/mag-8p-central-incendie-conventionnel-8-zones\/","title":{"rendered":"MAG 8P, CENTRAL INCENDIE CONVENTIONNEL 8 ZONES"},"content":{"rendered":"<p data-start=\"83\" data-end=\"470\">La <strong data-start=\"86\" data-end=\"103\">centrale MAG8<\/strong> est un syst\u00e8me de d\u00e9tection incendie conventionnel offrant <strong data-start=\"163\" data-end=\"188\">8 zones ind\u00e9pendantes<\/strong>, chacune pouvant accueillir jusqu\u2019\u00e0 <strong data-start=\"225\" data-end=\"255\">32 d\u00e9tecteurs automatiques<\/strong>, soit un total de <strong data-start=\"274\" data-end=\"292\">256 d\u00e9tecteurs<\/strong> pour une couverture optimale. En compl\u00e9ment, elle permet le raccordement d\u2019un nombre <strong data-start=\"378\" data-end=\"414\">illimit\u00e9 de d\u00e9clencheurs manuels<\/strong>, conform\u00e9ment aux r\u00e9glementations locales en vigueur.<\/p>\n<p data-start=\"472\" data-end=\"606\">Son <strong data-start=\"476\" data-end=\"504\">bo\u00eetier en plastique ABS<\/strong> l\u00e9ger et r\u00e9sistant facilite l\u2019installation tout en garantissant une bonne durabilit\u00e9 dans le temps.<\/p>\n<p data-start=\"608\" data-end=\"867\">Le <strong data-start=\"611\" data-end=\"630\">panneau frontal<\/strong>, enti\u00e8rement s\u00e9rigraphi\u00e9 en fran\u00e7ais, int\u00e8gre une s\u00e9rie de <strong data-start=\"690\" data-end=\"717\">voyants lumineux clairs<\/strong> assurant une lecture imm\u00e9diate de l\u2019\u00e9tat du syst\u00e8me : pr\u00e9sence secteur, mise en alarme, d\u00e9faut g\u00e9n\u00e9ral, activation des sir\u00e8nes, phase de test, etc.<\/p>\n<p data-start=\"869\" data-end=\"1110\">Robuste, pratique et conviviale, la MAG8 se pr\u00e9sente comme une <strong data-start=\"932\" data-end=\"1001\">solution fiable pour les installations de moyenne \u00e0 grande taille<\/strong>, n\u00e9cessitant \u00e0 la fois simplicit\u00e9 d\u2019utilisation et conformit\u00e9 aux normes de s\u00e9curit\u00e9 incendie europ\u00e9ennes.<\/p>\n","protected":false},"excerpt":{"rendered":"<p>La centrale MAG8 est un syst\u00e8me de d\u00e9tection incendie conventionnel offrant 8 zones ind\u00e9pendantes, chacune pouvant accueillir jusqu\u2019\u00e0 32 d\u00e9tecteurs automatiques, soit un total de 256 d\u00e9tecteurs pour une couverture<\/p>\n","protected":false},"featured_media":8728,"comment_status":"open","ping_status":"closed","template":"","meta":{"_acf_changed":false,"content-type":""},"product_brand":[],"product_cat":[352],"product_tag":[],"class_list":{"0":"post-8713","1":"product","2":"type-product","3":"status-publish","4":"has-post-thumbnail","6":"product_cat-centrale-incendie","8":"first","9":"instock","10":"shipping-taxable","11":"purchasable","12":"product-type-simple"},"acf":[],"yoast_head":"<!-- This site is optimized with the Yoast SEO plugin v27.3 - https:\/\/yoast.com\/product\/yoast-seo-wordpress\/ -->\n<title>MAG 8P, CENTRAL INCENDIE CONVENTIONNEL 8 ZONES - BTMT ELECTRIC \u2013 Solutions \u00c9lectriques Fiables et Innovantes<\/title>\n<meta name=\"robots\" content=\"index, follow, max-snippet:-1, max-image-preview:large, max-video-preview:-1\" \/>\n<link rel=\"canonical\" href=\"https:\/\/btmtelectric.com\/index.php\/product\/mag-8p-central-incendie-conventionnel-8-zones\/\" \/>\n<meta property=\"og:locale\" content=\"fr_FR\" \/>\n<meta property=\"og:type\" content=\"article\" \/>\n<meta property=\"og:title\" content=\"MAG 8P, CENTRAL INCENDIE CONVENTIONNEL 8 ZONES - BTMT ELECTRIC \u2013 Solutions \u00c9lectriques Fiables et Innovantes\" \/>\n<meta property=\"og:description\" content=\"La centrale MAG8 est un syst\u00e8me de d\u00e9tection incendie conventionnel offrant 8 zones ind\u00e9pendantes, chacune pouvant accueillir jusqu\u2019\u00e0 32 d\u00e9tecteurs automatiques, soit un total de 256 d\u00e9tecteurs pour une couverture\" \/>\n<meta property=\"og:url\" content=\"https:\/\/btmtelectric.com\/index.php\/product\/mag-8p-central-incendie-conventionnel-8-zones\/\" \/>\n<meta property=\"og:site_name\" content=\"BTMT ELECTRIC \u2013 Solutions \u00c9lectriques Fiables et Innovantes\" \/>\n<meta property=\"article:publisher\" content=\"https:\/\/www.facebook.com\/profile.php?id=61578000361796\" \/>\n<meta property=\"article:modified_time\" content=\"2025-08-23T11:27:16+00:00\" \/>\n<meta property=\"og:image\" content=\"https:\/\/btmtelectric.com\/wp-content\/uploads\/2025\/08\/8p.jpg\" \/>\n\t<meta property=\"og:image:width\" content=\"340\" \/>\n\t<meta property=\"og:image:height\" content=\"290\" \/>\n\t<meta property=\"og:image:type\" content=\"image\/jpeg\" \/>\n<meta name=\"twitter:card\" content=\"summary_large_image\" \/>\n<meta name=\"twitter:label1\" content=\"Dur\u00e9e de lecture estim\u00e9e\" \/>\n\t<meta name=\"twitter:data1\" content=\"1 minute\" \/>\n<script type=\"application\/ld+json\" class=\"yoast-schema-graph\">{\"@context\":\"https:\\\/\\\/schema.org\",\"@graph\":[{\"@type\":\"WebPage\",\"@id\":\"https:\\\/\\\/btmtelectric.com\\\/index.php\\\/product\\\/mag-8p-central-incendie-conventionnel-8-zones\\\/\",\"url\":\"https:\\\/\\\/btmtelectric.com\\\/index.php\\\/product\\\/mag-8p-central-incendie-conventionnel-8-zones\\\/\",\"name\":\"MAG 8P, CENTRAL INCENDIE CONVENTIONNEL 8 ZONES - BTMT ELECTRIC \u2013 Solutions \u00c9lectriques Fiables et Innovantes\",\"isPartOf\":{\"@id\":\"https:\\\/\\\/btmtelectric.com\\\/#website\"},\"primaryImageOfPage\":{\"@id\":\"https:\\\/\\\/btmtelectric.com\\\/index.php\\\/product\\\/mag-8p-central-incendie-conventionnel-8-zones\\\/#primaryimage\"},\"image\":{\"@id\":\"https:\\\/\\\/btmtelectric.com\\\/index.php\\\/product\\\/mag-8p-central-incendie-conventionnel-8-zones\\\/#primaryimage\"},\"thumbnailUrl\":\"https:\\\/\\\/btmtelectric.com\\\/wp-content\\\/uploads\\\/2025\\\/08\\\/8p.jpg\",\"datePublished\":\"2025-08-23T10:47:00+00:00\",\"dateModified\":\"2025-08-23T11:27:16+00:00\",\"breadcrumb\":{\"@id\":\"https:\\\/\\\/btmtelectric.com\\\/index.php\\\/product\\\/mag-8p-central-incendie-conventionnel-8-zones\\\/#breadcrumb\"},\"inLanguage\":\"fr-FR\",\"potentialAction\":[{\"@type\":\"ReadAction\",\"target\":[\"https:\\\/\\\/btmtelectric.com\\\/index.php\\\/product\\\/mag-8p-central-incendie-conventionnel-8-zones\\\/\"]}]},{\"@type\":\"ImageObject\",\"inLanguage\":\"fr-FR\",\"@id\":\"https:\\\/\\\/btmtelectric.com\\\/index.php\\\/product\\\/mag-8p-central-incendie-conventionnel-8-zones\\\/#primaryimage\",\"url\":\"https:\\\/\\\/btmtelectric.com\\\/wp-content\\\/uploads\\\/2025\\\/08\\\/8p.jpg\",\"contentUrl\":\"https:\\\/\\\/btmtelectric.com\\\/wp-content\\\/uploads\\\/2025\\\/08\\\/8p.jpg\",\"width\":340,\"height\":290},{\"@type\":\"BreadcrumbList\",\"@id\":\"https:\\\/\\\/btmtelectric.com\\\/index.php\\\/product\\\/mag-8p-central-incendie-conventionnel-8-zones\\\/#breadcrumb\",\"itemListElement\":[{\"@type\":\"ListItem\",\"position\":1,\"name\":\"Accueil\",\"item\":\"https:\\\/\\\/btmtelectric.com\\\/\"},{\"@type\":\"ListItem\",\"position\":2,\"name\":\"Boutique\",\"item\":\"https:\\\/\\\/btmtelectric.com\\\/index.php\\\/boutique\\\/\"},{\"@type\":\"ListItem\",\"position\":3,\"name\":\"MAG 8P, CENTRAL INCENDIE CONVENTIONNEL 8 ZONES\"}]},{\"@type\":\"WebSite\",\"@id\":\"https:\\\/\\\/btmtelectric.com\\\/#website\",\"url\":\"https:\\\/\\\/btmtelectric.com\\\/\",\"name\":\"BTMT ELECTRIC \u2013 Solutions \u00c9lectriques Fiables et Innovantes\",\"description\":\"\",\"publisher\":{\"@id\":\"https:\\\/\\\/btmtelectric.com\\\/#organization\"},\"potentialAction\":[{\"@type\":\"SearchAction\",\"target\":{\"@type\":\"EntryPoint\",\"urlTemplate\":\"https:\\\/\\\/btmtelectric.com\\\/?s={search_term_string}\"},\"query-input\":{\"@type\":\"PropertyValueSpecification\",\"valueRequired\":true,\"valueName\":\"search_term_string\"}}],\"inLanguage\":\"fr-FR\"},{\"@type\":\"Organization\",\"@id\":\"https:\\\/\\\/btmtelectric.com\\\/#organization\",\"name\":\"BTMT ELECTRIC \u2013 Solutions \u00c9lectriques Fiables et Innovantes\",\"url\":\"https:\\\/\\\/btmtelectric.com\\\/\",\"logo\":{\"@type\":\"ImageObject\",\"inLanguage\":\"fr-FR\",\"@id\":\"https:\\\/\\\/btmtelectric.com\\\/#\\\/schema\\\/logo\\\/image\\\/\",\"url\":\"https:\\\/\\\/btmtelectric.com\\\/wp-content\\\/uploads\\\/2025\\\/07\\\/WhatsApp_Image_2025-07-09_at_11.45.18_AM-removebg-preview-1.png\",\"contentUrl\":\"https:\\\/\\\/btmtelectric.com\\\/wp-content\\\/uploads\\\/2025\\\/07\\\/WhatsApp_Image_2025-07-09_at_11.45.18_AM-removebg-preview-1.png\",\"width\":175,\"height\":42,\"caption\":\"BTMT ELECTRIC \u2013 Solutions \u00c9lectriques Fiables et Innovantes\"},\"image\":{\"@id\":\"https:\\\/\\\/btmtelectric.com\\\/#\\\/schema\\\/logo\\\/image\\\/\"},\"sameAs\":[\"https:\\\/\\\/www.facebook.com\\\/profile.php?id=61578000361796\",\"https:\\\/\\\/www.instagram.com\\\/btmtelectric\\\/\"]}]}<\/script>\n<!-- \/ Yoast SEO plugin. -->","yoast_head_json":{"title":"MAG 8P, CENTRAL INCENDIE CONVENTIONNEL 8 ZONES - BTMT ELECTRIC \u2013 Solutions \u00c9lectriques Fiables et Innovantes","robots":{"index":"index","follow":"follow","max-snippet":"max-snippet:-1","max-image-preview":"max-image-preview:large","max-video-preview":"max-video-preview:-1"},"canonical":"https:\/\/btmtelectric.com\/index.php\/product\/mag-8p-central-incendie-conventionnel-8-zones\/","og_locale":"fr_FR","og_type":"article","og_title":"MAG 8P, CENTRAL INCENDIE CONVENTIONNEL 8 ZONES - BTMT ELECTRIC \u2013 Solutions \u00c9lectriques Fiables et Innovantes","og_description":"La centrale MAG8 est un syst\u00e8me de d\u00e9tection incendie conventionnel offrant 8 zones ind\u00e9pendantes, chacune pouvant accueillir jusqu\u2019\u00e0 32 d\u00e9tecteurs automatiques, soit un total de 256 d\u00e9tecteurs pour une couverture","og_url":"https:\/\/btmtelectric.com\/index.php\/product\/mag-8p-central-incendie-conventionnel-8-zones\/","og_site_name":"BTMT ELECTRIC \u2013 Solutions \u00c9lectriques Fiables et Innovantes","article_publisher":"https:\/\/www.facebook.com\/profile.php?id=61578000361796","article_modified_time":"2025-08-23T11:27:16+00:00","og_image":[{"width":340,"height":290,"url":"https:\/\/btmtelectric.com\/wp-content\/uploads\/2025\/08\/8p.jpg","type":"image\/jpeg"}],"twitter_card":"summary_large_image","twitter_misc":{"Dur\u00e9e de lecture estim\u00e9e":"1 minute"},"schema":{"@context":"https:\/\/schema.org","@graph":[{"@type":"WebPage","@id":"https:\/\/btmtelectric.com\/index.php\/product\/mag-8p-central-incendie-conventionnel-8-zones\/","url":"https:\/\/btmtelectric.com\/index.php\/product\/mag-8p-central-incendie-conventionnel-8-zones\/","name":"MAG 8P, CENTRAL INCENDIE CONVENTIONNEL 8 ZONES - BTMT ELECTRIC \u2013 Solutions \u00c9lectriques Fiables et Innovantes","isPartOf":{"@id":"https:\/\/btmtelectric.com\/#website"},"primaryImageOfPage":{"@id":"https:\/\/btmtelectric.com\/index.php\/product\/mag-8p-central-incendie-conventionnel-8-zones\/#primaryimage"},"image":{"@id":"https:\/\/btmtelectric.com\/index.php\/product\/mag-8p-central-incendie-conventionnel-8-zones\/#primaryimage"},"thumbnailUrl":"https:\/\/btmtelectric.com\/wp-content\/uploads\/2025\/08\/8p.jpg","datePublished":"2025-08-23T10:47:00+00:00","dateModified":"2025-08-23T11:27:16+00:00","breadcrumb":{"@id":"https:\/\/btmtelectric.com\/index.php\/product\/mag-8p-central-incendie-conventionnel-8-zones\/#breadcrumb"},"inLanguage":"fr-FR","potentialAction":[{"@type":"ReadAction","target":["https:\/\/btmtelectric.com\/index.php\/product\/mag-8p-central-incendie-conventionnel-8-zones\/"]}]},{"@type":"ImageObject","inLanguage":"fr-FR","@id":"https:\/\/btmtelectric.com\/index.php\/product\/mag-8p-central-incendie-conventionnel-8-zones\/#primaryimage","url":"https:\/\/btmtelectric.com\/wp-content\/uploads\/2025\/08\/8p.jpg","contentUrl":"https:\/\/btmtelectric.com\/wp-content\/uploads\/2025\/08\/8p.jpg","width":340,"height":290},{"@type":"BreadcrumbList","@id":"https:\/\/btmtelectric.com\/index.php\/product\/mag-8p-central-incendie-conventionnel-8-zones\/#breadcrumb","itemListElement":[{"@type":"ListItem","position":1,"name":"Accueil","item":"https:\/\/btmtelectric.com\/"},{"@type":"ListItem","position":2,"name":"Boutique","item":"https:\/\/btmtelectric.com\/index.php\/boutique\/"},{"@type":"ListItem","position":3,"name":"MAG 8P, CENTRAL INCENDIE CONVENTIONNEL 8 ZONES"}]},{"@type":"WebSite","@id":"https:\/\/btmtelectric.com\/#website","url":"https:\/\/btmtelectric.com\/","name":"BTMT ELECTRIC \u2013 Solutions \u00c9lectriques Fiables et Innovantes","description":"","publisher":{"@id":"https:\/\/btmtelectric.com\/#organization"},"potentialAction":[{"@type":"SearchAction","target":{"@type":"EntryPoint","urlTemplate":"https:\/\/btmtelectric.com\/?s={search_term_string}"},"query-input":{"@type":"PropertyValueSpecification","valueRequired":true,"valueName":"search_term_string"}}],"inLanguage":"fr-FR"},{"@type":"Organization","@id":"https:\/\/btmtelectric.com\/#organization","name":"BTMT ELECTRIC \u2013 Solutions \u00c9lectriques Fiables et Innovantes","url":"https:\/\/btmtelectric.com\/","logo":{"@type":"ImageObject","inLanguage":"fr-FR","@id":"https:\/\/btmtelectric.com\/#\/schema\/logo\/image\/","url":"https:\/\/btmtelectric.com\/wp-content\/uploads\/2025\/07\/WhatsApp_Image_2025-07-09_at_11.45.18_AM-removebg-preview-1.png","contentUrl":"https:\/\/btmtelectric.com\/wp-content\/uploads\/2025\/07\/WhatsApp_Image_2025-07-09_at_11.45.18_AM-removebg-preview-1.png","width":175,"height":42,"caption":"BTMT ELECTRIC \u2013 Solutions \u00c9lectriques Fiables et Innovantes"},"image":{"@id":"https:\/\/btmtelectric.com\/#\/schema\/logo\/image\/"},"sameAs":["https:\/\/www.facebook.com\/profile.php?id=61578000361796","https:\/\/www.instagram.com\/btmtelectric\/"]}]}},"_links":{"self":[{"href":"https:\/\/btmtelectric.com\/index.php\/wp-json\/wp\/v2\/product\/8713","targetHints":{"allow":["GET"]}}],"collection":[{"href":"https:\/\/btmtelectric.com\/index.php\/wp-json\/wp\/v2\/product"}],"about":[{"href":"https:\/\/btmtelectric.com\/index.php\/wp-json\/wp\/v2\/types\/product"}],"replies":[{"embeddable":true,"href":"https:\/\/btmtelectric.com\/index.php\/wp-json\/wp\/v2\/comments?post=8713"}],"wp:featuredmedia":[{"embeddable":true,"href":"https:\/\/btmtelectric.com\/index.php\/wp-json\/wp\/v2\/media\/8728"}],"wp:attachment":[{"href":"https:\/\/btmtelectric.com\/index.php\/wp-json\/wp\/v2\/media?parent=8713"}],"wp:term":[{"taxonomy":"product_brand","embeddable":true,"href":"https:\/\/btmtelectric.com\/index.php\/wp-json\/wp\/v2\/product_brand?post=8713"},{"taxonomy":"product_cat","embeddable":true,"href":"https:\/\/btmtelectric.com\/index.php\/wp-json\/wp\/v2\/product_cat?post=8713"},{"taxonomy":"product_tag","embeddable":true,"href":"https:\/\/btmtelectric.com\/index.php\/wp-json\/wp\/v2\/product_tag?post=8713"}],"curies":[{"name":"wp","href":"https:\/\/api.w.org\/{rel}","templated":true}]}}