{"id":8654,"date":"2025-08-20T09:15:54","date_gmt":"2025-08-20T09:15:54","guid":{"rendered":"https:\/\/btmtelectric.com\/?post_type=product&#038;p=8654"},"modified":"2026-04-04T12:16:41","modified_gmt":"2026-04-04T12:16:41","slug":"fil-rigide-1-5-mm2","status":"publish","type":"product","link":"https:\/\/btmtelectric.com\/index.php\/product\/fil-rigide-1-5-mm2\/","title":{"rendered":"FIL RIGIDE 1.5 mm\u00b2 100M"},"content":{"rendered":"<h3 data-section-id=\"1d9gu2l\" data-start=\"765\" data-end=\"839\">Fil rigide 1.5 mm\u00b2 : C\u00e2ble \u00e9lectrique fiable pour vos installations<\/h3>\n<p data-start=\"841\" data-end=\"1122\">Le <strong data-start=\"844\" data-end=\"866\">fil rigide 1.5 mm\u00b2<\/strong> est parfait pour vos installations \u00e9lectriques domestiques et circuits d\u2019\u00e9clairage. En effet, il assure une <strong data-start=\"975\" data-end=\"997\">bonne conductivit\u00e9<\/strong> et une alimentation stable pour vos appareils. Ainsi, vous pouvez installer vos c\u00e2bles en toute s\u00e9curit\u00e9 et avec efficacit\u00e9.<\/p>\n<h3 data-section-id=\"1da07gm\" data-start=\"1124\" data-end=\"1169\">\u2699\ufe0f Caract\u00e9ristiques du fil rigide 1.5 mm\u00b2<\/h3>\n<ul data-start=\"1171\" data-end=\"1350\">\n<li data-section-id=\"1qgby2r\" data-start=\"1171\" data-end=\"1192\">Section : 1.5 mm\u00b2<\/li>\n<li data-section-id=\"11vo8yz\" data-start=\"1193\" data-end=\"1218\">Longueur : 100 m\u00e8tres<\/li>\n<li data-section-id=\"1usqn4p\" data-start=\"1219\" data-end=\"1253\">Type : c\u00e2ble \u00e9lectrique rigide<\/li>\n<li data-section-id=\"kmxx6o\" data-start=\"1254\" data-end=\"1305\">Utilisation : \u00e9clairage et circuits domestiques<\/li>\n<li data-section-id=\"1f0tiq2\" data-start=\"1306\" data-end=\"1326\">Haute r\u00e9sistance<\/li>\n<li data-section-id=\"1h7bj68\" data-start=\"1327\" data-end=\"1350\">Installation facile<\/li>\n<\/ul>\n<p data-start=\"1352\" data-end=\"1598\">Gr\u00e2ce \u00e0 sa conception robuste, le <strong data-start=\"1386\" data-end=\"1408\">fil rigide 1.5 mm\u00b2<\/strong> supporte les charges \u00e9lectriques standard et garantit une s\u00e9curit\u00e9 maximale. De plus, sa structure rigide facilite le passage dans les gaines, permettant une installation propre et durable.<\/p>\n<h3 data-section-id=\"5t3zxp\" data-start=\"1600\" data-end=\"1641\">\ud83c\udfe0 Applications du fil rigide 1.5 mm\u00b2<\/h3>\n<p data-start=\"1643\" data-end=\"1669\">Ce c\u00e2ble convient pour :<\/p>\n<ul data-start=\"1670\" data-end=\"1803\">\n<li data-section-id=\"19mvjat\" data-start=\"1670\" data-end=\"1708\">installation d\u2019\u00e9clairage int\u00e9rieur<\/li>\n<li data-section-id=\"1ys9fcj\" data-start=\"1709\" data-end=\"1740\">c\u00e2blage domestique standard<\/li>\n<li data-section-id=\"1x9zeaw\" data-start=\"1741\" data-end=\"1777\">travaux de r\u00e9novation \u00e9lectrique<\/li>\n<li data-section-id=\"yh09j5\" data-start=\"1778\" data-end=\"1803\">circuits r\u00e9sidentiels<\/li>\n<\/ul>\n<p data-start=\"1805\" data-end=\"1954\">En outre, le rouleau de 100 m\u00e8tres permet de travailler sans interruptions fr\u00e9quentes et d\u2019installer le c\u00e2blage de mani\u00e8re fluide et professionnelle.<\/p>\n<h3 data-section-id=\"1p38yy1\" data-start=\"1956\" data-end=\"2009\">\ud83d\udee0\ufe0f Conseils d\u2019installation du fil rigide 1.5 mm\u00b2<\/h3>\n<p data-start=\"2011\" data-end=\"2283\">Pour garantir une installation optimale, utilisez ce c\u00e2ble avec des disjoncteurs adapt\u00e9s et des gaines de protection. Ainsi, vous assurez la s\u00e9curit\u00e9 et la long\u00e9vit\u00e9 de votre r\u00e9seau \u00e9lectrique. De plus, ce c\u00e2ble rigide est adapt\u00e9 aux particuliers comme aux professionnels.<\/p>\n","protected":false},"excerpt":{"rendered":"<p>Le fil rigide 1,5 mm\u00b2 assure fiabilit\u00e9 et s\u00e9curit\u00e9 pour tous types d\u2019installations \u00e9lectriques r\u00e9sidentielles et tertiaires. Sa section en cuivre et son isolation robuste garantissent une excellente conductivit\u00e9 et une protection optimale, faisant de lui un \u00e9l\u00e9ment essentiel pour des installations durables et s\u00e9curis\u00e9es.<\/p>\n","protected":false},"featured_media":8655,"comment_status":"open","ping_status":"closed","template":"","meta":{"_acf_changed":false,"content-type":""},"product_brand":[],"product_cat":[371],"product_tag":[],"class_list":{"0":"post-8654","1":"product","2":"type-product","3":"status-publish","4":"has-post-thumbnail","6":"product_cat-cables","8":"first","9":"instock","10":"shipping-taxable","11":"purchasable","12":"product-type-simple"},"acf":[],"yoast_head":"<!-- This site is optimized with the Yoast SEO plugin v27.3 - https:\/\/yoast.com\/product\/yoast-seo-wordpress\/ -->\n<title>Fil rigide 1.5 mm\u00b2 \u2013 C\u00e2ble \u00e9lectrique 100m fiable<\/title>\n<meta name=\"description\" content=\"Fil rigide 1.5 mm\u00b2 100m id\u00e9al pour installations \u00e9lectriques domestiques et circuits d\u2019\u00e9clairage. C\u00e2ble durable, fiable et facile \u00e0 installer.\" \/>\n<meta name=\"robots\" content=\"index, follow, max-snippet:-1, max-image-preview:large, max-video-preview:-1\" \/>\n<link rel=\"canonical\" href=\"https:\/\/btmtelectric.com\/index.php\/product\/fil-rigide-1-5-mm2\/\" \/>\n<meta property=\"og:locale\" content=\"fr_FR\" \/>\n<meta property=\"og:type\" content=\"article\" \/>\n<meta property=\"og:title\" content=\"Fil rigide 1.5 mm\u00b2 \u2013 C\u00e2ble \u00e9lectrique 100m fiable\" \/>\n<meta property=\"og:description\" content=\"Fil rigide 1.5 mm\u00b2 100m id\u00e9al pour installations \u00e9lectriques domestiques et circuits d\u2019\u00e9clairage. C\u00e2ble durable, fiable et facile \u00e0 installer.\" \/>\n<meta property=\"og:url\" content=\"https:\/\/btmtelectric.com\/index.php\/product\/fil-rigide-1-5-mm2\/\" \/>\n<meta property=\"og:site_name\" content=\"BTMT ELECTRIC \u2013 Solutions \u00c9lectriques Fiables et Innovantes\" \/>\n<meta property=\"article:publisher\" content=\"https:\/\/www.facebook.com\/profile.php?id=61578000361796\" \/>\n<meta property=\"article:modified_time\" content=\"2026-04-04T12:16:41+00:00\" \/>\n<meta property=\"og:image\" content=\"http:\/\/btmtelectric.com\/wp-content\/uploads\/2025\/08\/fil-rigide-1.5-mm-vert-jaune.jpeg\" \/>\n\t<meta property=\"og:image:width\" content=\"550\" \/>\n\t<meta property=\"og:image:height\" content=\"550\" \/>\n\t<meta property=\"og:image:type\" content=\"image\/jpeg\" \/>\n<meta name=\"twitter:card\" content=\"summary_large_image\" \/>\n<meta name=\"twitter:label1\" content=\"Dur\u00e9e de lecture estim\u00e9e\" \/>\n\t<meta name=\"twitter:data1\" content=\"1 minute\" \/>\n<script type=\"application\/ld+json\" class=\"yoast-schema-graph\">{\"@context\":\"https:\\\/\\\/schema.org\",\"@graph\":[{\"@type\":\"WebPage\",\"@id\":\"https:\\\/\\\/btmtelectric.com\\\/index.php\\\/product\\\/fil-rigide-1-5-mm2\\\/\",\"url\":\"https:\\\/\\\/btmtelectric.com\\\/index.php\\\/product\\\/fil-rigide-1-5-mm2\\\/\",\"name\":\"Fil rigide 1.5 mm\u00b2 \u2013 C\u00e2ble \u00e9lectrique 100m fiable\",\"isPartOf\":{\"@id\":\"https:\\\/\\\/btmtelectric.com\\\/#website\"},\"primaryImageOfPage\":{\"@id\":\"https:\\\/\\\/btmtelectric.com\\\/index.php\\\/product\\\/fil-rigide-1-5-mm2\\\/#primaryimage\"},\"image\":{\"@id\":\"https:\\\/\\\/btmtelectric.com\\\/index.php\\\/product\\\/fil-rigide-1-5-mm2\\\/#primaryimage\"},\"thumbnailUrl\":\"https:\\\/\\\/btmtelectric.com\\\/wp-content\\\/uploads\\\/2025\\\/08\\\/fil-rigide-1.5-mm-vert-jaune.jpeg\",\"datePublished\":\"2025-08-20T09:15:54+00:00\",\"dateModified\":\"2026-04-04T12:16:41+00:00\",\"description\":\"Fil rigide 1.5 mm\u00b2 100m id\u00e9al pour installations \u00e9lectriques domestiques et circuits d\u2019\u00e9clairage. C\u00e2ble durable, fiable et facile \u00e0 installer.\",\"breadcrumb\":{\"@id\":\"https:\\\/\\\/btmtelectric.com\\\/index.php\\\/product\\\/fil-rigide-1-5-mm2\\\/#breadcrumb\"},\"inLanguage\":\"fr-FR\",\"potentialAction\":[{\"@type\":\"ReadAction\",\"target\":[\"https:\\\/\\\/btmtelectric.com\\\/index.php\\\/product\\\/fil-rigide-1-5-mm2\\\/\"]}]},{\"@type\":\"ImageObject\",\"inLanguage\":\"fr-FR\",\"@id\":\"https:\\\/\\\/btmtelectric.com\\\/index.php\\\/product\\\/fil-rigide-1-5-mm2\\\/#primaryimage\",\"url\":\"https:\\\/\\\/btmtelectric.com\\\/wp-content\\\/uploads\\\/2025\\\/08\\\/fil-rigide-1.5-mm-vert-jaune.jpeg\",\"contentUrl\":\"https:\\\/\\\/btmtelectric.com\\\/wp-content\\\/uploads\\\/2025\\\/08\\\/fil-rigide-1.5-mm-vert-jaune.jpeg\",\"width\":550,\"height\":550,\"caption\":\"fil rigide 1.5 mm\u00b2 rouleau 100m c\u00e2ble \u00e9lectrique\"},{\"@type\":\"BreadcrumbList\",\"@id\":\"https:\\\/\\\/btmtelectric.com\\\/index.php\\\/product\\\/fil-rigide-1-5-mm2\\\/#breadcrumb\",\"itemListElement\":[{\"@type\":\"ListItem\",\"position\":1,\"name\":\"Accueil\",\"item\":\"https:\\\/\\\/btmtelectric.com\\\/\"},{\"@type\":\"ListItem\",\"position\":2,\"name\":\"Boutique\",\"item\":\"https:\\\/\\\/btmtelectric.com\\\/index.php\\\/boutique\\\/\"},{\"@type\":\"ListItem\",\"position\":3,\"name\":\"FIL RIGIDE 1.5 mm\u00b2 100M\"}]},{\"@type\":\"WebSite\",\"@id\":\"https:\\\/\\\/btmtelectric.com\\\/#website\",\"url\":\"https:\\\/\\\/btmtelectric.com\\\/\",\"name\":\"BTMT ELECTRIC \u2013 Solutions \u00c9lectriques Fiables et Innovantes\",\"description\":\"\",\"publisher\":{\"@id\":\"https:\\\/\\\/btmtelectric.com\\\/#organization\"},\"potentialAction\":[{\"@type\":\"SearchAction\",\"target\":{\"@type\":\"EntryPoint\",\"urlTemplate\":\"https:\\\/\\\/btmtelectric.com\\\/?s={search_term_string}\"},\"query-input\":{\"@type\":\"PropertyValueSpecification\",\"valueRequired\":true,\"valueName\":\"search_term_string\"}}],\"inLanguage\":\"fr-FR\"},{\"@type\":\"Organization\",\"@id\":\"https:\\\/\\\/btmtelectric.com\\\/#organization\",\"name\":\"BTMT ELECTRIC \u2013 Solutions \u00c9lectriques Fiables et Innovantes\",\"url\":\"https:\\\/\\\/btmtelectric.com\\\/\",\"logo\":{\"@type\":\"ImageObject\",\"inLanguage\":\"fr-FR\",\"@id\":\"https:\\\/\\\/btmtelectric.com\\\/#\\\/schema\\\/logo\\\/image\\\/\",\"url\":\"https:\\\/\\\/btmtelectric.com\\\/wp-content\\\/uploads\\\/2025\\\/07\\\/WhatsApp_Image_2025-07-09_at_11.45.18_AM-removebg-preview-1.png\",\"contentUrl\":\"https:\\\/\\\/btmtelectric.com\\\/wp-content\\\/uploads\\\/2025\\\/07\\\/WhatsApp_Image_2025-07-09_at_11.45.18_AM-removebg-preview-1.png\",\"width\":175,\"height\":42,\"caption\":\"BTMT ELECTRIC \u2013 Solutions \u00c9lectriques Fiables et Innovantes\"},\"image\":{\"@id\":\"https:\\\/\\\/btmtelectric.com\\\/#\\\/schema\\\/logo\\\/image\\\/\"},\"sameAs\":[\"https:\\\/\\\/www.facebook.com\\\/profile.php?id=61578000361796\",\"https:\\\/\\\/www.instagram.com\\\/btmtelectric\\\/\"]}]}<\/script>\n<!-- \/ Yoast SEO plugin. -->","yoast_head_json":{"title":"Fil rigide 1.5 mm\u00b2 \u2013 C\u00e2ble \u00e9lectrique 100m fiable","description":"Fil rigide 1.5 mm\u00b2 100m id\u00e9al pour installations \u00e9lectriques domestiques et circuits d\u2019\u00e9clairage. C\u00e2ble durable, fiable et facile \u00e0 installer.","robots":{"index":"index","follow":"follow","max-snippet":"max-snippet:-1","max-image-preview":"max-image-preview:large","max-video-preview":"max-video-preview:-1"},"canonical":"https:\/\/btmtelectric.com\/index.php\/product\/fil-rigide-1-5-mm2\/","og_locale":"fr_FR","og_type":"article","og_title":"Fil rigide 1.5 mm\u00b2 \u2013 C\u00e2ble \u00e9lectrique 100m fiable","og_description":"Fil rigide 1.5 mm\u00b2 100m id\u00e9al pour installations \u00e9lectriques domestiques et circuits d\u2019\u00e9clairage. C\u00e2ble durable, fiable et facile \u00e0 installer.","og_url":"https:\/\/btmtelectric.com\/index.php\/product\/fil-rigide-1-5-mm2\/","og_site_name":"BTMT ELECTRIC \u2013 Solutions \u00c9lectriques Fiables et Innovantes","article_publisher":"https:\/\/www.facebook.com\/profile.php?id=61578000361796","article_modified_time":"2026-04-04T12:16:41+00:00","og_image":[{"width":550,"height":550,"url":"http:\/\/btmtelectric.com\/wp-content\/uploads\/2025\/08\/fil-rigide-1.5-mm-vert-jaune.jpeg","type":"image\/jpeg"}],"twitter_card":"summary_large_image","twitter_misc":{"Dur\u00e9e de lecture estim\u00e9e":"1 minute"},"schema":{"@context":"https:\/\/schema.org","@graph":[{"@type":"WebPage","@id":"https:\/\/btmtelectric.com\/index.php\/product\/fil-rigide-1-5-mm2\/","url":"https:\/\/btmtelectric.com\/index.php\/product\/fil-rigide-1-5-mm2\/","name":"Fil rigide 1.5 mm\u00b2 \u2013 C\u00e2ble \u00e9lectrique 100m fiable","isPartOf":{"@id":"https:\/\/btmtelectric.com\/#website"},"primaryImageOfPage":{"@id":"https:\/\/btmtelectric.com\/index.php\/product\/fil-rigide-1-5-mm2\/#primaryimage"},"image":{"@id":"https:\/\/btmtelectric.com\/index.php\/product\/fil-rigide-1-5-mm2\/#primaryimage"},"thumbnailUrl":"https:\/\/btmtelectric.com\/wp-content\/uploads\/2025\/08\/fil-rigide-1.5-mm-vert-jaune.jpeg","datePublished":"2025-08-20T09:15:54+00:00","dateModified":"2026-04-04T12:16:41+00:00","description":"Fil rigide 1.5 mm\u00b2 100m id\u00e9al pour installations \u00e9lectriques domestiques et circuits d\u2019\u00e9clairage. C\u00e2ble durable, fiable et facile \u00e0 installer.","breadcrumb":{"@id":"https:\/\/btmtelectric.com\/index.php\/product\/fil-rigide-1-5-mm2\/#breadcrumb"},"inLanguage":"fr-FR","potentialAction":[{"@type":"ReadAction","target":["https:\/\/btmtelectric.com\/index.php\/product\/fil-rigide-1-5-mm2\/"]}]},{"@type":"ImageObject","inLanguage":"fr-FR","@id":"https:\/\/btmtelectric.com\/index.php\/product\/fil-rigide-1-5-mm2\/#primaryimage","url":"https:\/\/btmtelectric.com\/wp-content\/uploads\/2025\/08\/fil-rigide-1.5-mm-vert-jaune.jpeg","contentUrl":"https:\/\/btmtelectric.com\/wp-content\/uploads\/2025\/08\/fil-rigide-1.5-mm-vert-jaune.jpeg","width":550,"height":550,"caption":"fil rigide 1.5 mm\u00b2 rouleau 100m c\u00e2ble \u00e9lectrique"},{"@type":"BreadcrumbList","@id":"https:\/\/btmtelectric.com\/index.php\/product\/fil-rigide-1-5-mm2\/#breadcrumb","itemListElement":[{"@type":"ListItem","position":1,"name":"Accueil","item":"https:\/\/btmtelectric.com\/"},{"@type":"ListItem","position":2,"name":"Boutique","item":"https:\/\/btmtelectric.com\/index.php\/boutique\/"},{"@type":"ListItem","position":3,"name":"FIL RIGIDE 1.5 mm\u00b2 100M"}]},{"@type":"WebSite","@id":"https:\/\/btmtelectric.com\/#website","url":"https:\/\/btmtelectric.com\/","name":"BTMT ELECTRIC \u2013 Solutions \u00c9lectriques Fiables et Innovantes","description":"","publisher":{"@id":"https:\/\/btmtelectric.com\/#organization"},"potentialAction":[{"@type":"SearchAction","target":{"@type":"EntryPoint","urlTemplate":"https:\/\/btmtelectric.com\/?s={search_term_string}"},"query-input":{"@type":"PropertyValueSpecification","valueRequired":true,"valueName":"search_term_string"}}],"inLanguage":"fr-FR"},{"@type":"Organization","@id":"https:\/\/btmtelectric.com\/#organization","name":"BTMT ELECTRIC \u2013 Solutions \u00c9lectriques Fiables et Innovantes","url":"https:\/\/btmtelectric.com\/","logo":{"@type":"ImageObject","inLanguage":"fr-FR","@id":"https:\/\/btmtelectric.com\/#\/schema\/logo\/image\/","url":"https:\/\/btmtelectric.com\/wp-content\/uploads\/2025\/07\/WhatsApp_Image_2025-07-09_at_11.45.18_AM-removebg-preview-1.png","contentUrl":"https:\/\/btmtelectric.com\/wp-content\/uploads\/2025\/07\/WhatsApp_Image_2025-07-09_at_11.45.18_AM-removebg-preview-1.png","width":175,"height":42,"caption":"BTMT ELECTRIC \u2013 Solutions \u00c9lectriques Fiables et Innovantes"},"image":{"@id":"https:\/\/btmtelectric.com\/#\/schema\/logo\/image\/"},"sameAs":["https:\/\/www.facebook.com\/profile.php?id=61578000361796","https:\/\/www.instagram.com\/btmtelectric\/"]}]}},"_links":{"self":[{"href":"https:\/\/btmtelectric.com\/index.php\/wp-json\/wp\/v2\/product\/8654","targetHints":{"allow":["GET"]}}],"collection":[{"href":"https:\/\/btmtelectric.com\/index.php\/wp-json\/wp\/v2\/product"}],"about":[{"href":"https:\/\/btmtelectric.com\/index.php\/wp-json\/wp\/v2\/types\/product"}],"replies":[{"embeddable":true,"href":"https:\/\/btmtelectric.com\/index.php\/wp-json\/wp\/v2\/comments?post=8654"}],"wp:featuredmedia":[{"embeddable":true,"href":"https:\/\/btmtelectric.com\/index.php\/wp-json\/wp\/v2\/media\/8655"}],"wp:attachment":[{"href":"https:\/\/btmtelectric.com\/index.php\/wp-json\/wp\/v2\/media?parent=8654"}],"wp:term":[{"taxonomy":"product_brand","embeddable":true,"href":"https:\/\/btmtelectric.com\/index.php\/wp-json\/wp\/v2\/product_brand?post=8654"},{"taxonomy":"product_cat","embeddable":true,"href":"https:\/\/btmtelectric.com\/index.php\/wp-json\/wp\/v2\/product_cat?post=8654"},{"taxonomy":"product_tag","embeddable":true,"href":"https:\/\/btmtelectric.com\/index.php\/wp-json\/wp\/v2\/product_tag?post=8654"}],"curies":[{"name":"wp","href":"https:\/\/api.w.org\/{rel}","templated":true}]}}