{"id":8563,"date":"2025-07-24T17:55:14","date_gmt":"2025-07-24T17:55:14","guid":{"rendered":"https:\/\/btmtelectric.com\/?post_type=product&#038;p=8563"},"modified":"2025-07-24T17:55:14","modified_gmt":"2025-07-24T17:55:14","slug":"camera-dome-4mp-colorvu-md-2-0","status":"publish","type":"product","link":"https:\/\/btmtelectric.com\/index.php\/product\/camera-dome-4mp-colorvu-md-2-0\/","title":{"rendered":"Camera Dome 4MP ColorVu, MD 2.0"},"content":{"rendered":"<p data-start=\"153\" data-end=\"253\">Cam\u00e9ra 4 MP, imagerie color\u00e9e 24\/7, d\u00e9tection humain\/v\u00e9hicule, IP67, WDR 120 dB, compression H.265+.<\/p>\n","protected":false},"excerpt":{"rendered":"<p>Cette cam\u00e9ra offre une r\u00e9solution de 4 MP avec imagerie couleur 24h\/24 et 7j\/7, pour une surveillance optimale \u00e0 toute heure.<br data-start=\"409\" data-end=\"412\" \/>Elle supporte la d\u00e9tection intelligente des humains et v\u00e9hicules pour une s\u00e9curit\u00e9 renforc\u00e9e.<br data-start=\"505\" data-end=\"508\" \/>Son bo\u00eetier IP67 garantit une r\u00e9sistance \u00e0 l\u2019eau et \u00e0 la poussi\u00e8re, adapt\u00e9e \u00e0 une utilisation ext\u00e9rieure.<br data-start=\"613\" data-end=\"616\" \/>Gr\u00e2ce \u00e0 la technologie WDR 120 dB, elle fournit des images nettes m\u00eame en pr\u00e9sence d\u2019un fort contre-jour.<br data-start=\"721\" data-end=\"724\" \/>La compression vid\u00e9o H.265+ optimise le stockage et la transmission des donn\u00e9es.<\/p>\n","protected":false},"featured_media":8564,"comment_status":"open","ping_status":"closed","template":"","meta":{"_acf_changed":false,"content-type":""},"product_brand":[],"product_cat":[348],"product_tag":[],"class_list":{"0":"post-8563","1":"product","2":"type-product","3":"status-publish","4":"has-post-thumbnail","6":"product_cat-ip","8":"first","9":"instock","10":"shipping-taxable","11":"purchasable","12":"product-type-simple"},"acf":[],"yoast_head":"<!-- This site is optimized with the Yoast SEO plugin v27.3 - https:\/\/yoast.com\/product\/yoast-seo-wordpress\/ -->\n<title>Camera Dome 4MP ColorVu, MD 2.0 - BTMT ELECTRIC \u2013 Solutions \u00c9lectriques Fiables et Innovantes<\/title>\n<meta name=\"robots\" content=\"index, follow, max-snippet:-1, max-image-preview:large, max-video-preview:-1\" \/>\n<link rel=\"canonical\" href=\"https:\/\/btmtelectric.com\/index.php\/product\/camera-dome-4mp-colorvu-md-2-0\/\" \/>\n<meta property=\"og:locale\" content=\"fr_FR\" \/>\n<meta property=\"og:type\" content=\"article\" \/>\n<meta property=\"og:title\" content=\"Camera Dome 4MP ColorVu, MD 2.0 - BTMT ELECTRIC \u2013 Solutions \u00c9lectriques Fiables et Innovantes\" \/>\n<meta property=\"og:description\" content=\"Cette cam\u00e9ra offre une r\u00e9solution de 4 MP avec imagerie couleur 24h\/24 et 7j\/7, pour une surveillance optimale \u00e0 toute heure.Elle supporte la d\u00e9tection intelligente des humains et v\u00e9hicules pour une s\u00e9curit\u00e9 renforc\u00e9e.Son bo\u00eetier IP67 garantit une r\u00e9sistance \u00e0 l\u2019eau et \u00e0 la poussi\u00e8re, adapt\u00e9e \u00e0 une utilisation ext\u00e9rieure.Gr\u00e2ce \u00e0 la technologie WDR 120 dB, elle fournit des images nettes m\u00eame en pr\u00e9sence d\u2019un fort contre-jour.La compression vid\u00e9o H.265+ optimise le stockage et la transmission des donn\u00e9es.\" \/>\n<meta property=\"og:url\" content=\"https:\/\/btmtelectric.com\/index.php\/product\/camera-dome-4mp-colorvu-md-2-0\/\" \/>\n<meta property=\"og:site_name\" content=\"BTMT ELECTRIC \u2013 Solutions \u00c9lectriques Fiables et Innovantes\" \/>\n<meta property=\"article:publisher\" content=\"https:\/\/www.facebook.com\/profile.php?id=61578000361796\" \/>\n<meta property=\"og:image\" content=\"https:\/\/btmtelectric.com\/wp-content\/uploads\/2025\/07\/images-4-1.jpg\" \/>\n\t<meta property=\"og:image:width\" content=\"225\" \/>\n\t<meta property=\"og:image:height\" content=\"225\" \/>\n\t<meta property=\"og:image:type\" content=\"image\/jpeg\" \/>\n<meta name=\"twitter:card\" content=\"summary_large_image\" \/>\n<script type=\"application\/ld+json\" class=\"yoast-schema-graph\">{\"@context\":\"https:\\\/\\\/schema.org\",\"@graph\":[{\"@type\":\"WebPage\",\"@id\":\"https:\\\/\\\/btmtelectric.com\\\/index.php\\\/product\\\/camera-dome-4mp-colorvu-md-2-0\\\/\",\"url\":\"https:\\\/\\\/btmtelectric.com\\\/index.php\\\/product\\\/camera-dome-4mp-colorvu-md-2-0\\\/\",\"name\":\"Camera Dome 4MP ColorVu, MD 2.0 - BTMT ELECTRIC \u2013 Solutions \u00c9lectriques Fiables et Innovantes\",\"isPartOf\":{\"@id\":\"https:\\\/\\\/btmtelectric.com\\\/#website\"},\"primaryImageOfPage\":{\"@id\":\"https:\\\/\\\/btmtelectric.com\\\/index.php\\\/product\\\/camera-dome-4mp-colorvu-md-2-0\\\/#primaryimage\"},\"image\":{\"@id\":\"https:\\\/\\\/btmtelectric.com\\\/index.php\\\/product\\\/camera-dome-4mp-colorvu-md-2-0\\\/#primaryimage\"},\"thumbnailUrl\":\"https:\\\/\\\/btmtelectric.com\\\/wp-content\\\/uploads\\\/2025\\\/07\\\/images-4-1.jpg\",\"datePublished\":\"2025-07-24T17:55:14+00:00\",\"breadcrumb\":{\"@id\":\"https:\\\/\\\/btmtelectric.com\\\/index.php\\\/product\\\/camera-dome-4mp-colorvu-md-2-0\\\/#breadcrumb\"},\"inLanguage\":\"fr-FR\",\"potentialAction\":[{\"@type\":\"ReadAction\",\"target\":[\"https:\\\/\\\/btmtelectric.com\\\/index.php\\\/product\\\/camera-dome-4mp-colorvu-md-2-0\\\/\"]}]},{\"@type\":\"ImageObject\",\"inLanguage\":\"fr-FR\",\"@id\":\"https:\\\/\\\/btmtelectric.com\\\/index.php\\\/product\\\/camera-dome-4mp-colorvu-md-2-0\\\/#primaryimage\",\"url\":\"https:\\\/\\\/btmtelectric.com\\\/wp-content\\\/uploads\\\/2025\\\/07\\\/images-4-1.jpg\",\"contentUrl\":\"https:\\\/\\\/btmtelectric.com\\\/wp-content\\\/uploads\\\/2025\\\/07\\\/images-4-1.jpg\",\"width\":225,\"height\":225},{\"@type\":\"BreadcrumbList\",\"@id\":\"https:\\\/\\\/btmtelectric.com\\\/index.php\\\/product\\\/camera-dome-4mp-colorvu-md-2-0\\\/#breadcrumb\",\"itemListElement\":[{\"@type\":\"ListItem\",\"position\":1,\"name\":\"Accueil\",\"item\":\"https:\\\/\\\/btmtelectric.com\\\/\"},{\"@type\":\"ListItem\",\"position\":2,\"name\":\"Boutique\",\"item\":\"https:\\\/\\\/btmtelectric.com\\\/index.php\\\/boutique\\\/\"},{\"@type\":\"ListItem\",\"position\":3,\"name\":\"Camera Dome 4MP ColorVu, MD 2.0\"}]},{\"@type\":\"WebSite\",\"@id\":\"https:\\\/\\\/btmtelectric.com\\\/#website\",\"url\":\"https:\\\/\\\/btmtelectric.com\\\/\",\"name\":\"BTMT ELECTRIC \u2013 Solutions \u00c9lectriques Fiables et Innovantes\",\"description\":\"\",\"publisher\":{\"@id\":\"https:\\\/\\\/btmtelectric.com\\\/#organization\"},\"potentialAction\":[{\"@type\":\"SearchAction\",\"target\":{\"@type\":\"EntryPoint\",\"urlTemplate\":\"https:\\\/\\\/btmtelectric.com\\\/?s={search_term_string}\"},\"query-input\":{\"@type\":\"PropertyValueSpecification\",\"valueRequired\":true,\"valueName\":\"search_term_string\"}}],\"inLanguage\":\"fr-FR\"},{\"@type\":\"Organization\",\"@id\":\"https:\\\/\\\/btmtelectric.com\\\/#organization\",\"name\":\"BTMT ELECTRIC \u2013 Solutions \u00c9lectriques Fiables et Innovantes\",\"url\":\"https:\\\/\\\/btmtelectric.com\\\/\",\"logo\":{\"@type\":\"ImageObject\",\"inLanguage\":\"fr-FR\",\"@id\":\"https:\\\/\\\/btmtelectric.com\\\/#\\\/schema\\\/logo\\\/image\\\/\",\"url\":\"https:\\\/\\\/btmtelectric.com\\\/wp-content\\\/uploads\\\/2025\\\/07\\\/WhatsApp_Image_2025-07-09_at_11.45.18_AM-removebg-preview-1.png\",\"contentUrl\":\"https:\\\/\\\/btmtelectric.com\\\/wp-content\\\/uploads\\\/2025\\\/07\\\/WhatsApp_Image_2025-07-09_at_11.45.18_AM-removebg-preview-1.png\",\"width\":175,\"height\":42,\"caption\":\"BTMT ELECTRIC \u2013 Solutions \u00c9lectriques Fiables et Innovantes\"},\"image\":{\"@id\":\"https:\\\/\\\/btmtelectric.com\\\/#\\\/schema\\\/logo\\\/image\\\/\"},\"sameAs\":[\"https:\\\/\\\/www.facebook.com\\\/profile.php?id=61578000361796\",\"https:\\\/\\\/www.instagram.com\\\/btmtelectric\\\/\"]}]}<\/script>\n<!-- \/ Yoast SEO plugin. -->","yoast_head_json":{"title":"Camera Dome 4MP ColorVu, MD 2.0 - BTMT ELECTRIC \u2013 Solutions \u00c9lectriques Fiables et Innovantes","robots":{"index":"index","follow":"follow","max-snippet":"max-snippet:-1","max-image-preview":"max-image-preview:large","max-video-preview":"max-video-preview:-1"},"canonical":"https:\/\/btmtelectric.com\/index.php\/product\/camera-dome-4mp-colorvu-md-2-0\/","og_locale":"fr_FR","og_type":"article","og_title":"Camera Dome 4MP ColorVu, MD 2.0 - BTMT ELECTRIC \u2013 Solutions \u00c9lectriques Fiables et Innovantes","og_description":"Cette cam\u00e9ra offre une r\u00e9solution de 4 MP avec imagerie couleur 24h\/24 et 7j\/7, pour une surveillance optimale \u00e0 toute heure.Elle supporte la d\u00e9tection intelligente des humains et v\u00e9hicules pour une s\u00e9curit\u00e9 renforc\u00e9e.Son bo\u00eetier IP67 garantit une r\u00e9sistance \u00e0 l\u2019eau et \u00e0 la poussi\u00e8re, adapt\u00e9e \u00e0 une utilisation ext\u00e9rieure.Gr\u00e2ce \u00e0 la technologie WDR 120 dB, elle fournit des images nettes m\u00eame en pr\u00e9sence d\u2019un fort contre-jour.La compression vid\u00e9o H.265+ optimise le stockage et la transmission des donn\u00e9es.","og_url":"https:\/\/btmtelectric.com\/index.php\/product\/camera-dome-4mp-colorvu-md-2-0\/","og_site_name":"BTMT ELECTRIC \u2013 Solutions \u00c9lectriques Fiables et Innovantes","article_publisher":"https:\/\/www.facebook.com\/profile.php?id=61578000361796","og_image":[{"width":225,"height":225,"url":"https:\/\/btmtelectric.com\/wp-content\/uploads\/2025\/07\/images-4-1.jpg","type":"image\/jpeg"}],"twitter_card":"summary_large_image","schema":{"@context":"https:\/\/schema.org","@graph":[{"@type":"WebPage","@id":"https:\/\/btmtelectric.com\/index.php\/product\/camera-dome-4mp-colorvu-md-2-0\/","url":"https:\/\/btmtelectric.com\/index.php\/product\/camera-dome-4mp-colorvu-md-2-0\/","name":"Camera Dome 4MP ColorVu, MD 2.0 - BTMT ELECTRIC \u2013 Solutions \u00c9lectriques Fiables et Innovantes","isPartOf":{"@id":"https:\/\/btmtelectric.com\/#website"},"primaryImageOfPage":{"@id":"https:\/\/btmtelectric.com\/index.php\/product\/camera-dome-4mp-colorvu-md-2-0\/#primaryimage"},"image":{"@id":"https:\/\/btmtelectric.com\/index.php\/product\/camera-dome-4mp-colorvu-md-2-0\/#primaryimage"},"thumbnailUrl":"https:\/\/btmtelectric.com\/wp-content\/uploads\/2025\/07\/images-4-1.jpg","datePublished":"2025-07-24T17:55:14+00:00","breadcrumb":{"@id":"https:\/\/btmtelectric.com\/index.php\/product\/camera-dome-4mp-colorvu-md-2-0\/#breadcrumb"},"inLanguage":"fr-FR","potentialAction":[{"@type":"ReadAction","target":["https:\/\/btmtelectric.com\/index.php\/product\/camera-dome-4mp-colorvu-md-2-0\/"]}]},{"@type":"ImageObject","inLanguage":"fr-FR","@id":"https:\/\/btmtelectric.com\/index.php\/product\/camera-dome-4mp-colorvu-md-2-0\/#primaryimage","url":"https:\/\/btmtelectric.com\/wp-content\/uploads\/2025\/07\/images-4-1.jpg","contentUrl":"https:\/\/btmtelectric.com\/wp-content\/uploads\/2025\/07\/images-4-1.jpg","width":225,"height":225},{"@type":"BreadcrumbList","@id":"https:\/\/btmtelectric.com\/index.php\/product\/camera-dome-4mp-colorvu-md-2-0\/#breadcrumb","itemListElement":[{"@type":"ListItem","position":1,"name":"Accueil","item":"https:\/\/btmtelectric.com\/"},{"@type":"ListItem","position":2,"name":"Boutique","item":"https:\/\/btmtelectric.com\/index.php\/boutique\/"},{"@type":"ListItem","position":3,"name":"Camera Dome 4MP ColorVu, MD 2.0"}]},{"@type":"WebSite","@id":"https:\/\/btmtelectric.com\/#website","url":"https:\/\/btmtelectric.com\/","name":"BTMT ELECTRIC \u2013 Solutions \u00c9lectriques Fiables et Innovantes","description":"","publisher":{"@id":"https:\/\/btmtelectric.com\/#organization"},"potentialAction":[{"@type":"SearchAction","target":{"@type":"EntryPoint","urlTemplate":"https:\/\/btmtelectric.com\/?s={search_term_string}"},"query-input":{"@type":"PropertyValueSpecification","valueRequired":true,"valueName":"search_term_string"}}],"inLanguage":"fr-FR"},{"@type":"Organization","@id":"https:\/\/btmtelectric.com\/#organization","name":"BTMT ELECTRIC \u2013 Solutions \u00c9lectriques Fiables et Innovantes","url":"https:\/\/btmtelectric.com\/","logo":{"@type":"ImageObject","inLanguage":"fr-FR","@id":"https:\/\/btmtelectric.com\/#\/schema\/logo\/image\/","url":"https:\/\/btmtelectric.com\/wp-content\/uploads\/2025\/07\/WhatsApp_Image_2025-07-09_at_11.45.18_AM-removebg-preview-1.png","contentUrl":"https:\/\/btmtelectric.com\/wp-content\/uploads\/2025\/07\/WhatsApp_Image_2025-07-09_at_11.45.18_AM-removebg-preview-1.png","width":175,"height":42,"caption":"BTMT ELECTRIC \u2013 Solutions \u00c9lectriques Fiables et Innovantes"},"image":{"@id":"https:\/\/btmtelectric.com\/#\/schema\/logo\/image\/"},"sameAs":["https:\/\/www.facebook.com\/profile.php?id=61578000361796","https:\/\/www.instagram.com\/btmtelectric\/"]}]}},"_links":{"self":[{"href":"https:\/\/btmtelectric.com\/index.php\/wp-json\/wp\/v2\/product\/8563","targetHints":{"allow":["GET"]}}],"collection":[{"href":"https:\/\/btmtelectric.com\/index.php\/wp-json\/wp\/v2\/product"}],"about":[{"href":"https:\/\/btmtelectric.com\/index.php\/wp-json\/wp\/v2\/types\/product"}],"replies":[{"embeddable":true,"href":"https:\/\/btmtelectric.com\/index.php\/wp-json\/wp\/v2\/comments?post=8563"}],"wp:featuredmedia":[{"embeddable":true,"href":"https:\/\/btmtelectric.com\/index.php\/wp-json\/wp\/v2\/media\/8564"}],"wp:attachment":[{"href":"https:\/\/btmtelectric.com\/index.php\/wp-json\/wp\/v2\/media?parent=8563"}],"wp:term":[{"taxonomy":"product_brand","embeddable":true,"href":"https:\/\/btmtelectric.com\/index.php\/wp-json\/wp\/v2\/product_brand?post=8563"},{"taxonomy":"product_cat","embeddable":true,"href":"https:\/\/btmtelectric.com\/index.php\/wp-json\/wp\/v2\/product_cat?post=8563"},{"taxonomy":"product_tag","embeddable":true,"href":"https:\/\/btmtelectric.com\/index.php\/wp-json\/wp\/v2\/product_tag?post=8563"}],"curies":[{"name":"wp","href":"https:\/\/api.w.org\/{rel}","templated":true}]}}