{"id":8544,"date":"2025-07-24T17:43:07","date_gmt":"2025-07-24T17:43:07","guid":{"rendered":"https:\/\/btmtelectric.com\/?post_type=product&#038;p=8544"},"modified":"2025-07-24T17:43:07","modified_gmt":"2025-07-24T17:43:07","slug":"camera-ip-bullet-ir30m-4mp-ip67-4-mm","status":"publish","type":"product","link":"https:\/\/btmtelectric.com\/index.php\/product\/camera-ip-bullet-ir30m-4mp-ip67-4-mm\/","title":{"rendered":"Camera IP Bullet IR30m, 4MP, IP67, 4 mm"},"content":{"rendered":"<p data-start=\"309\" data-end=\"564\">Cette cam\u00e9ra est \u00e9quip\u00e9e d\u2019un <strong data-start=\"339\" data-end=\"382\">capteur CMOS 1\/3&#8243; \u00e0 balayage progressif<\/strong>, offrant une <strong data-start=\"396\" data-end=\"452\">r\u00e9solution de 4 MP (2560 \u00d7 1440) \u00e0 20 images\/seconde<\/strong>.<br data-start=\"453\" data-end=\"456\" \/>Elle propose des <strong data-start=\"473\" data-end=\"492\">lentilles fixes<\/strong> au choix : <strong data-start=\"504\" data-end=\"528\">2.8 mm, 4 mm ou 6 mm<\/strong>, selon les besoins de surveillance.<\/p>\n<p data-start=\"566\" data-end=\"914\">Elle prend en charge les codecs <strong data-start=\"598\" data-end=\"630\">H.265+, H.265, H.264+, H.264<\/strong>, avec <strong data-start=\"637\" data-end=\"666\">flux double (Dual Stream)<\/strong> pour optimiser le stockage et la bande passante.<br data-start=\"715\" data-end=\"718\" \/>La <strong data-start=\"721\" data-end=\"761\">plage dynamique \u00e9tendue (WDR 120 dB)<\/strong> assure une <strong data-start=\"773\" data-end=\"844\">excellente visibilit\u00e9 m\u00eame en conditions de fort contraste lumineux<\/strong>, et la technologie <strong data-start=\"864\" data-end=\"874\">3D DNR<\/strong> r\u00e9duit efficacement le bruit num\u00e9rique.<\/p>\n<p data-start=\"916\" data-end=\"1130\">Elle dispose d\u2019une <strong data-start=\"935\" data-end=\"974\">vision infrarouge jusqu\u2019\u00e0 30 m\u00e8tres<\/strong>, fonctionne en <strong data-start=\"990\" data-end=\"997\">PoE<\/strong> (Power over Ethernet) pour une installation simplifi\u00e9e, et est certifi\u00e9e <strong data-start=\"1071\" data-end=\"1079\">IP67<\/strong> pour une <strong data-start=\"1089\" data-end=\"1129\">r\u00e9sistance \u00e0 l\u2019eau et \u00e0 la poussi\u00e8re<\/strong>.<\/p>\n","protected":false},"excerpt":{"rendered":"<p data-start=\"174\" data-end=\"274\">Cam\u00e9ra 4 MP (2560\u00d71440), lentille fixe (2.8\/4\/6 mm), WDR 120 dB, 3D DNR, IR 30 m, H.265+, PoE, IP67.<\/p>\n","protected":false},"featured_media":8545,"comment_status":"open","ping_status":"closed","template":"","meta":{"_acf_changed":false,"content-type":""},"product_brand":[],"product_cat":[348],"product_tag":[],"class_list":{"0":"post-8544","1":"product","2":"type-product","3":"status-publish","4":"has-post-thumbnail","6":"product_cat-ip","8":"first","9":"instock","10":"shipping-taxable","11":"purchasable","12":"product-type-simple"},"acf":[],"yoast_head":"<!-- This site is optimized with the Yoast SEO plugin v27.3 - https:\/\/yoast.com\/product\/yoast-seo-wordpress\/ -->\n<title>Camera IP Bullet IR30m, 4MP, IP67, 4 mm - BTMT ELECTRIC \u2013 Solutions \u00c9lectriques Fiables et Innovantes<\/title>\n<meta name=\"robots\" content=\"index, follow, max-snippet:-1, max-image-preview:large, max-video-preview:-1\" \/>\n<link rel=\"canonical\" href=\"https:\/\/btmtelectric.com\/index.php\/product\/camera-ip-bullet-ir30m-4mp-ip67-4-mm\/\" \/>\n<meta property=\"og:locale\" content=\"fr_FR\" \/>\n<meta property=\"og:type\" content=\"article\" \/>\n<meta property=\"og:title\" content=\"Camera IP Bullet IR30m, 4MP, IP67, 4 mm - BTMT ELECTRIC \u2013 Solutions \u00c9lectriques Fiables et Innovantes\" \/>\n<meta property=\"og:description\" content=\"Cam\u00e9ra 4 MP (2560\u00d71440), lentille fixe (2.8\/4\/6 mm), WDR 120 dB, 3D DNR, IR 30 m, H.265+, PoE, IP67.\" \/>\n<meta property=\"og:url\" content=\"https:\/\/btmtelectric.com\/index.php\/product\/camera-ip-bullet-ir30m-4mp-ip67-4-mm\/\" \/>\n<meta property=\"og:site_name\" content=\"BTMT ELECTRIC \u2013 Solutions \u00c9lectriques Fiables et Innovantes\" \/>\n<meta property=\"article:publisher\" content=\"https:\/\/www.facebook.com\/profile.php?id=61578000361796\" \/>\n<meta property=\"og:image\" content=\"https:\/\/btmtelectric.com\/wp-content\/uploads\/2025\/07\/camera-ip-bullet-vf-colorvu-4mp-ip67-ik10.jpg\" \/>\n\t<meta property=\"og:image:width\" content=\"800\" \/>\n\t<meta property=\"og:image:height\" content=\"800\" \/>\n\t<meta property=\"og:image:type\" content=\"image\/jpeg\" \/>\n<meta name=\"twitter:card\" content=\"summary_large_image\" \/>\n<meta name=\"twitter:label1\" content=\"Dur\u00e9e de lecture estim\u00e9e\" \/>\n\t<meta name=\"twitter:data1\" content=\"1 minute\" \/>\n<script type=\"application\/ld+json\" class=\"yoast-schema-graph\">{\"@context\":\"https:\\\/\\\/schema.org\",\"@graph\":[{\"@type\":\"WebPage\",\"@id\":\"https:\\\/\\\/btmtelectric.com\\\/index.php\\\/product\\\/camera-ip-bullet-ir30m-4mp-ip67-4-mm\\\/\",\"url\":\"https:\\\/\\\/btmtelectric.com\\\/index.php\\\/product\\\/camera-ip-bullet-ir30m-4mp-ip67-4-mm\\\/\",\"name\":\"Camera IP Bullet IR30m, 4MP, IP67, 4 mm - BTMT ELECTRIC \u2013 Solutions \u00c9lectriques Fiables et Innovantes\",\"isPartOf\":{\"@id\":\"https:\\\/\\\/btmtelectric.com\\\/#website\"},\"primaryImageOfPage\":{\"@id\":\"https:\\\/\\\/btmtelectric.com\\\/index.php\\\/product\\\/camera-ip-bullet-ir30m-4mp-ip67-4-mm\\\/#primaryimage\"},\"image\":{\"@id\":\"https:\\\/\\\/btmtelectric.com\\\/index.php\\\/product\\\/camera-ip-bullet-ir30m-4mp-ip67-4-mm\\\/#primaryimage\"},\"thumbnailUrl\":\"https:\\\/\\\/btmtelectric.com\\\/wp-content\\\/uploads\\\/2025\\\/07\\\/camera-ip-bullet-vf-colorvu-4mp-ip67-ik10.jpg\",\"datePublished\":\"2025-07-24T17:43:07+00:00\",\"breadcrumb\":{\"@id\":\"https:\\\/\\\/btmtelectric.com\\\/index.php\\\/product\\\/camera-ip-bullet-ir30m-4mp-ip67-4-mm\\\/#breadcrumb\"},\"inLanguage\":\"fr-FR\",\"potentialAction\":[{\"@type\":\"ReadAction\",\"target\":[\"https:\\\/\\\/btmtelectric.com\\\/index.php\\\/product\\\/camera-ip-bullet-ir30m-4mp-ip67-4-mm\\\/\"]}]},{\"@type\":\"ImageObject\",\"inLanguage\":\"fr-FR\",\"@id\":\"https:\\\/\\\/btmtelectric.com\\\/index.php\\\/product\\\/camera-ip-bullet-ir30m-4mp-ip67-4-mm\\\/#primaryimage\",\"url\":\"https:\\\/\\\/btmtelectric.com\\\/wp-content\\\/uploads\\\/2025\\\/07\\\/camera-ip-bullet-vf-colorvu-4mp-ip67-ik10.jpg\",\"contentUrl\":\"https:\\\/\\\/btmtelectric.com\\\/wp-content\\\/uploads\\\/2025\\\/07\\\/camera-ip-bullet-vf-colorvu-4mp-ip67-ik10.jpg\",\"width\":800,\"height\":800},{\"@type\":\"BreadcrumbList\",\"@id\":\"https:\\\/\\\/btmtelectric.com\\\/index.php\\\/product\\\/camera-ip-bullet-ir30m-4mp-ip67-4-mm\\\/#breadcrumb\",\"itemListElement\":[{\"@type\":\"ListItem\",\"position\":1,\"name\":\"Accueil\",\"item\":\"https:\\\/\\\/btmtelectric.com\\\/\"},{\"@type\":\"ListItem\",\"position\":2,\"name\":\"Boutique\",\"item\":\"https:\\\/\\\/btmtelectric.com\\\/index.php\\\/boutique\\\/\"},{\"@type\":\"ListItem\",\"position\":3,\"name\":\"Camera IP Bullet IR30m, 4MP, IP67, 4 mm\"}]},{\"@type\":\"WebSite\",\"@id\":\"https:\\\/\\\/btmtelectric.com\\\/#website\",\"url\":\"https:\\\/\\\/btmtelectric.com\\\/\",\"name\":\"BTMT ELECTRIC \u2013 Solutions \u00c9lectriques Fiables et Innovantes\",\"description\":\"\",\"publisher\":{\"@id\":\"https:\\\/\\\/btmtelectric.com\\\/#organization\"},\"potentialAction\":[{\"@type\":\"SearchAction\",\"target\":{\"@type\":\"EntryPoint\",\"urlTemplate\":\"https:\\\/\\\/btmtelectric.com\\\/?s={search_term_string}\"},\"query-input\":{\"@type\":\"PropertyValueSpecification\",\"valueRequired\":true,\"valueName\":\"search_term_string\"}}],\"inLanguage\":\"fr-FR\"},{\"@type\":\"Organization\",\"@id\":\"https:\\\/\\\/btmtelectric.com\\\/#organization\",\"name\":\"BTMT ELECTRIC \u2013 Solutions \u00c9lectriques Fiables et Innovantes\",\"url\":\"https:\\\/\\\/btmtelectric.com\\\/\",\"logo\":{\"@type\":\"ImageObject\",\"inLanguage\":\"fr-FR\",\"@id\":\"https:\\\/\\\/btmtelectric.com\\\/#\\\/schema\\\/logo\\\/image\\\/\",\"url\":\"https:\\\/\\\/btmtelectric.com\\\/wp-content\\\/uploads\\\/2025\\\/07\\\/WhatsApp_Image_2025-07-09_at_11.45.18_AM-removebg-preview-1.png\",\"contentUrl\":\"https:\\\/\\\/btmtelectric.com\\\/wp-content\\\/uploads\\\/2025\\\/07\\\/WhatsApp_Image_2025-07-09_at_11.45.18_AM-removebg-preview-1.png\",\"width\":175,\"height\":42,\"caption\":\"BTMT ELECTRIC \u2013 Solutions \u00c9lectriques Fiables et Innovantes\"},\"image\":{\"@id\":\"https:\\\/\\\/btmtelectric.com\\\/#\\\/schema\\\/logo\\\/image\\\/\"},\"sameAs\":[\"https:\\\/\\\/www.facebook.com\\\/profile.php?id=61578000361796\",\"https:\\\/\\\/www.instagram.com\\\/btmtelectric\\\/\"]}]}<\/script>\n<!-- \/ Yoast SEO plugin. -->","yoast_head_json":{"title":"Camera IP Bullet IR30m, 4MP, IP67, 4 mm - BTMT ELECTRIC \u2013 Solutions \u00c9lectriques Fiables et Innovantes","robots":{"index":"index","follow":"follow","max-snippet":"max-snippet:-1","max-image-preview":"max-image-preview:large","max-video-preview":"max-video-preview:-1"},"canonical":"https:\/\/btmtelectric.com\/index.php\/product\/camera-ip-bullet-ir30m-4mp-ip67-4-mm\/","og_locale":"fr_FR","og_type":"article","og_title":"Camera IP Bullet IR30m, 4MP, IP67, 4 mm - BTMT ELECTRIC \u2013 Solutions \u00c9lectriques Fiables et Innovantes","og_description":"Cam\u00e9ra 4 MP (2560\u00d71440), lentille fixe (2.8\/4\/6 mm), WDR 120 dB, 3D DNR, IR 30 m, H.265+, PoE, IP67.","og_url":"https:\/\/btmtelectric.com\/index.php\/product\/camera-ip-bullet-ir30m-4mp-ip67-4-mm\/","og_site_name":"BTMT ELECTRIC \u2013 Solutions \u00c9lectriques Fiables et Innovantes","article_publisher":"https:\/\/www.facebook.com\/profile.php?id=61578000361796","og_image":[{"width":800,"height":800,"url":"https:\/\/btmtelectric.com\/wp-content\/uploads\/2025\/07\/camera-ip-bullet-vf-colorvu-4mp-ip67-ik10.jpg","type":"image\/jpeg"}],"twitter_card":"summary_large_image","twitter_misc":{"Dur\u00e9e de lecture estim\u00e9e":"1 minute"},"schema":{"@context":"https:\/\/schema.org","@graph":[{"@type":"WebPage","@id":"https:\/\/btmtelectric.com\/index.php\/product\/camera-ip-bullet-ir30m-4mp-ip67-4-mm\/","url":"https:\/\/btmtelectric.com\/index.php\/product\/camera-ip-bullet-ir30m-4mp-ip67-4-mm\/","name":"Camera IP Bullet IR30m, 4MP, IP67, 4 mm - BTMT ELECTRIC \u2013 Solutions \u00c9lectriques Fiables et Innovantes","isPartOf":{"@id":"https:\/\/btmtelectric.com\/#website"},"primaryImageOfPage":{"@id":"https:\/\/btmtelectric.com\/index.php\/product\/camera-ip-bullet-ir30m-4mp-ip67-4-mm\/#primaryimage"},"image":{"@id":"https:\/\/btmtelectric.com\/index.php\/product\/camera-ip-bullet-ir30m-4mp-ip67-4-mm\/#primaryimage"},"thumbnailUrl":"https:\/\/btmtelectric.com\/wp-content\/uploads\/2025\/07\/camera-ip-bullet-vf-colorvu-4mp-ip67-ik10.jpg","datePublished":"2025-07-24T17:43:07+00:00","breadcrumb":{"@id":"https:\/\/btmtelectric.com\/index.php\/product\/camera-ip-bullet-ir30m-4mp-ip67-4-mm\/#breadcrumb"},"inLanguage":"fr-FR","potentialAction":[{"@type":"ReadAction","target":["https:\/\/btmtelectric.com\/index.php\/product\/camera-ip-bullet-ir30m-4mp-ip67-4-mm\/"]}]},{"@type":"ImageObject","inLanguage":"fr-FR","@id":"https:\/\/btmtelectric.com\/index.php\/product\/camera-ip-bullet-ir30m-4mp-ip67-4-mm\/#primaryimage","url":"https:\/\/btmtelectric.com\/wp-content\/uploads\/2025\/07\/camera-ip-bullet-vf-colorvu-4mp-ip67-ik10.jpg","contentUrl":"https:\/\/btmtelectric.com\/wp-content\/uploads\/2025\/07\/camera-ip-bullet-vf-colorvu-4mp-ip67-ik10.jpg","width":800,"height":800},{"@type":"BreadcrumbList","@id":"https:\/\/btmtelectric.com\/index.php\/product\/camera-ip-bullet-ir30m-4mp-ip67-4-mm\/#breadcrumb","itemListElement":[{"@type":"ListItem","position":1,"name":"Accueil","item":"https:\/\/btmtelectric.com\/"},{"@type":"ListItem","position":2,"name":"Boutique","item":"https:\/\/btmtelectric.com\/index.php\/boutique\/"},{"@type":"ListItem","position":3,"name":"Camera IP Bullet IR30m, 4MP, IP67, 4 mm"}]},{"@type":"WebSite","@id":"https:\/\/btmtelectric.com\/#website","url":"https:\/\/btmtelectric.com\/","name":"BTMT ELECTRIC \u2013 Solutions \u00c9lectriques Fiables et Innovantes","description":"","publisher":{"@id":"https:\/\/btmtelectric.com\/#organization"},"potentialAction":[{"@type":"SearchAction","target":{"@type":"EntryPoint","urlTemplate":"https:\/\/btmtelectric.com\/?s={search_term_string}"},"query-input":{"@type":"PropertyValueSpecification","valueRequired":true,"valueName":"search_term_string"}}],"inLanguage":"fr-FR"},{"@type":"Organization","@id":"https:\/\/btmtelectric.com\/#organization","name":"BTMT ELECTRIC \u2013 Solutions \u00c9lectriques Fiables et Innovantes","url":"https:\/\/btmtelectric.com\/","logo":{"@type":"ImageObject","inLanguage":"fr-FR","@id":"https:\/\/btmtelectric.com\/#\/schema\/logo\/image\/","url":"https:\/\/btmtelectric.com\/wp-content\/uploads\/2025\/07\/WhatsApp_Image_2025-07-09_at_11.45.18_AM-removebg-preview-1.png","contentUrl":"https:\/\/btmtelectric.com\/wp-content\/uploads\/2025\/07\/WhatsApp_Image_2025-07-09_at_11.45.18_AM-removebg-preview-1.png","width":175,"height":42,"caption":"BTMT ELECTRIC \u2013 Solutions \u00c9lectriques Fiables et Innovantes"},"image":{"@id":"https:\/\/btmtelectric.com\/#\/schema\/logo\/image\/"},"sameAs":["https:\/\/www.facebook.com\/profile.php?id=61578000361796","https:\/\/www.instagram.com\/btmtelectric\/"]}]}},"_links":{"self":[{"href":"https:\/\/btmtelectric.com\/index.php\/wp-json\/wp\/v2\/product\/8544","targetHints":{"allow":["GET"]}}],"collection":[{"href":"https:\/\/btmtelectric.com\/index.php\/wp-json\/wp\/v2\/product"}],"about":[{"href":"https:\/\/btmtelectric.com\/index.php\/wp-json\/wp\/v2\/types\/product"}],"replies":[{"embeddable":true,"href":"https:\/\/btmtelectric.com\/index.php\/wp-json\/wp\/v2\/comments?post=8544"}],"wp:featuredmedia":[{"embeddable":true,"href":"https:\/\/btmtelectric.com\/index.php\/wp-json\/wp\/v2\/media\/8545"}],"wp:attachment":[{"href":"https:\/\/btmtelectric.com\/index.php\/wp-json\/wp\/v2\/media?parent=8544"}],"wp:term":[{"taxonomy":"product_brand","embeddable":true,"href":"https:\/\/btmtelectric.com\/index.php\/wp-json\/wp\/v2\/product_brand?post=8544"},{"taxonomy":"product_cat","embeddable":true,"href":"https:\/\/btmtelectric.com\/index.php\/wp-json\/wp\/v2\/product_cat?post=8544"},{"taxonomy":"product_tag","embeddable":true,"href":"https:\/\/btmtelectric.com\/index.php\/wp-json\/wp\/v2\/product_tag?post=8544"}],"curies":[{"name":"wp","href":"https:\/\/api.w.org\/{rel}","templated":true}]}}