{"id":8540,"date":"2025-07-24T17:36:14","date_gmt":"2025-07-24T17:36:14","guid":{"rendered":"https:\/\/btmtelectric.com\/?post_type=product&#038;p=8540"},"modified":"2025-07-24T17:36:14","modified_gmt":"2025-07-24T17:36:14","slug":"camera-ip-ptz-ir150m-2mp-32x","status":"publish","type":"product","link":"https:\/\/btmtelectric.com\/index.php\/product\/camera-ip-ptz-ir150m-2mp-32x\/","title":{"rendered":"Camera IP PTZ IR150m, 2MP, 32X"},"content":{"rendered":"<p data-start=\"387\" data-end=\"655\">Cette cam\u00e9ra de vid\u00e9osurveillance professionnelle int\u00e8gre un <strong data-start=\"448\" data-end=\"493\">capteur CMOS 1\/2.8&#8243; \u00e0 balayage progressif<\/strong> pour une <strong data-start=\"503\" data-end=\"537\">imagerie 2 MP de haute qualit\u00e9<\/strong>.<br data-start=\"538\" data-end=\"541\" \/>Gr\u00e2ce \u00e0 la technologie <strong data-start=\"564\" data-end=\"590\">powered-by-DarkFighter<\/strong>, elle offre d\u2019<strong data-start=\"605\" data-end=\"654\">excellentes performances en faible luminosit\u00e9<\/strong>.<\/p>\n<p data-start=\"657\" data-end=\"1052\">Elle est \u00e9quip\u00e9e d\u2019un <strong data-start=\"679\" data-end=\"699\">zoom optique 32\u00d7<\/strong> et <strong data-start=\"703\" data-end=\"725\">zoom num\u00e9rique 16\u00d7<\/strong>, permettant une surveillance pr\u00e9cise \u00e0 distance.<br data-start=\"774\" data-end=\"777\" \/>La cam\u00e9ra int\u00e8gre plusieurs fonctionnalit\u00e9s avanc\u00e9es : <strong data-start=\"832\" data-end=\"839\">WDR<\/strong>, <strong data-start=\"841\" data-end=\"848\">HLC<\/strong>, <strong data-start=\"850\" data-end=\"857\">BLC<\/strong>, <strong data-start=\"859\" data-end=\"869\">3D DNR<\/strong>, <strong data-start=\"871\" data-end=\"892\">anti-bu\u00e9e (Defog)<\/strong>, <strong data-start=\"894\" data-end=\"936\">exposition et mise au point r\u00e9gionales<\/strong>, et <strong data-start=\"941\" data-end=\"979\">mise au point rapide (Rapid Focus)<\/strong>.<br data-start=\"980\" data-end=\"983\" data-is-only-node=\"\" \/>Elle dispose d\u2019une <strong data-start=\"1002\" data-end=\"1051\">vision nocturne infrarouge jusqu\u2019\u00e0 150 m\u00e8tres<\/strong>.<\/p>\n<p data-start=\"1054\" data-end=\"1358\">La d\u00e9tection est optimis\u00e9e par l\u2019<strong data-start=\"1087\" data-end=\"1116\">intelligence artificielle<\/strong>, permettant une <strong data-start=\"1133\" data-end=\"1192\">classification pr\u00e9cise des cibles humaines et v\u00e9hicules<\/strong>, avec alarmes intelligentes bas\u00e9es sur <strong data-start=\"1232\" data-end=\"1252\">le deep learning<\/strong>.<br data-start=\"1253\" data-end=\"1256\" \/>La fonction <strong data-start=\"1268\" data-end=\"1287\">capture faciale<\/strong> permet de d\u00e9tecter et enregistrer <strong data-start=\"1322\" data-end=\"1357\">jusqu&#8217;\u00e0 5 visages simultan\u00e9ment<\/strong>.<\/p>\n","protected":false},"excerpt":{"rendered":"<p>Cam\u00e9ra 2 MP CMOS 1\/2.8&#8243;, zoom optique 32\u00d7, vision nocturne IR 150 m, technologie DarkFighter, d\u00e9tection intelligente humaine\/v\u00e9hicule, capture faciale, et fonctionnalit\u00e9s avanc\u00e9es.<\/p>\n","protected":false},"featured_media":8541,"comment_status":"open","ping_status":"closed","template":"","meta":{"_acf_changed":false,"content-type":""},"product_brand":[],"product_cat":[348],"product_tag":[],"class_list":{"0":"post-8540","1":"product","2":"type-product","3":"status-publish","4":"has-post-thumbnail","6":"product_cat-ip","8":"first","9":"instock","10":"shipping-taxable","11":"purchasable","12":"product-type-simple"},"acf":[],"yoast_head":"<!-- This site is optimized with the Yoast SEO plugin v27.3 - https:\/\/yoast.com\/product\/yoast-seo-wordpress\/ -->\n<title>Camera IP PTZ IR150m, 2MP, 32X - BTMT ELECTRIC \u2013 Solutions \u00c9lectriques Fiables et Innovantes<\/title>\n<meta name=\"robots\" content=\"index, follow, max-snippet:-1, max-image-preview:large, max-video-preview:-1\" \/>\n<link rel=\"canonical\" href=\"https:\/\/btmtelectric.com\/index.php\/product\/camera-ip-ptz-ir150m-2mp-32x\/\" \/>\n<meta property=\"og:locale\" content=\"fr_FR\" \/>\n<meta property=\"og:type\" content=\"article\" \/>\n<meta property=\"og:title\" content=\"Camera IP PTZ IR150m, 2MP, 32X - BTMT ELECTRIC \u2013 Solutions \u00c9lectriques Fiables et Innovantes\" \/>\n<meta property=\"og:description\" content=\"Cam\u00e9ra 2 MP CMOS 1\/2.8&quot;, zoom optique 32\u00d7, vision nocturne IR 150 m, technologie DarkFighter, d\u00e9tection intelligente humaine\/v\u00e9hicule, capture faciale, et fonctionnalit\u00e9s avanc\u00e9es.\" \/>\n<meta property=\"og:url\" content=\"https:\/\/btmtelectric.com\/index.php\/product\/camera-ip-ptz-ir150m-2mp-32x\/\" \/>\n<meta property=\"og:site_name\" content=\"BTMT ELECTRIC \u2013 Solutions \u00c9lectriques Fiables et Innovantes\" \/>\n<meta property=\"article:publisher\" content=\"https:\/\/www.facebook.com\/profile.php?id=61578000361796\" \/>\n<meta property=\"og:image\" content=\"https:\/\/btmtelectric.com\/wp-content\/uploads\/2025\/07\/images-1-1.jpg\" \/>\n\t<meta property=\"og:image:width\" content=\"225\" \/>\n\t<meta property=\"og:image:height\" content=\"225\" \/>\n\t<meta property=\"og:image:type\" content=\"image\/jpeg\" \/>\n<meta name=\"twitter:card\" content=\"summary_large_image\" \/>\n<meta name=\"twitter:label1\" content=\"Dur\u00e9e de lecture estim\u00e9e\" \/>\n\t<meta name=\"twitter:data1\" content=\"1 minute\" \/>\n<script type=\"application\/ld+json\" class=\"yoast-schema-graph\">{\"@context\":\"https:\\\/\\\/schema.org\",\"@graph\":[{\"@type\":\"WebPage\",\"@id\":\"https:\\\/\\\/btmtelectric.com\\\/index.php\\\/product\\\/camera-ip-ptz-ir150m-2mp-32x\\\/\",\"url\":\"https:\\\/\\\/btmtelectric.com\\\/index.php\\\/product\\\/camera-ip-ptz-ir150m-2mp-32x\\\/\",\"name\":\"Camera IP PTZ IR150m, 2MP, 32X - BTMT ELECTRIC \u2013 Solutions \u00c9lectriques Fiables et Innovantes\",\"isPartOf\":{\"@id\":\"https:\\\/\\\/btmtelectric.com\\\/#website\"},\"primaryImageOfPage\":{\"@id\":\"https:\\\/\\\/btmtelectric.com\\\/index.php\\\/product\\\/camera-ip-ptz-ir150m-2mp-32x\\\/#primaryimage\"},\"image\":{\"@id\":\"https:\\\/\\\/btmtelectric.com\\\/index.php\\\/product\\\/camera-ip-ptz-ir150m-2mp-32x\\\/#primaryimage\"},\"thumbnailUrl\":\"https:\\\/\\\/btmtelectric.com\\\/wp-content\\\/uploads\\\/2025\\\/07\\\/images-1-1.jpg\",\"datePublished\":\"2025-07-24T17:36:14+00:00\",\"breadcrumb\":{\"@id\":\"https:\\\/\\\/btmtelectric.com\\\/index.php\\\/product\\\/camera-ip-ptz-ir150m-2mp-32x\\\/#breadcrumb\"},\"inLanguage\":\"fr-FR\",\"potentialAction\":[{\"@type\":\"ReadAction\",\"target\":[\"https:\\\/\\\/btmtelectric.com\\\/index.php\\\/product\\\/camera-ip-ptz-ir150m-2mp-32x\\\/\"]}]},{\"@type\":\"ImageObject\",\"inLanguage\":\"fr-FR\",\"@id\":\"https:\\\/\\\/btmtelectric.com\\\/index.php\\\/product\\\/camera-ip-ptz-ir150m-2mp-32x\\\/#primaryimage\",\"url\":\"https:\\\/\\\/btmtelectric.com\\\/wp-content\\\/uploads\\\/2025\\\/07\\\/images-1-1.jpg\",\"contentUrl\":\"https:\\\/\\\/btmtelectric.com\\\/wp-content\\\/uploads\\\/2025\\\/07\\\/images-1-1.jpg\",\"width\":225,\"height\":225},{\"@type\":\"BreadcrumbList\",\"@id\":\"https:\\\/\\\/btmtelectric.com\\\/index.php\\\/product\\\/camera-ip-ptz-ir150m-2mp-32x\\\/#breadcrumb\",\"itemListElement\":[{\"@type\":\"ListItem\",\"position\":1,\"name\":\"Accueil\",\"item\":\"https:\\\/\\\/btmtelectric.com\\\/\"},{\"@type\":\"ListItem\",\"position\":2,\"name\":\"Boutique\",\"item\":\"https:\\\/\\\/btmtelectric.com\\\/index.php\\\/boutique\\\/\"},{\"@type\":\"ListItem\",\"position\":3,\"name\":\"Camera IP PTZ IR150m, 2MP, 32X\"}]},{\"@type\":\"WebSite\",\"@id\":\"https:\\\/\\\/btmtelectric.com\\\/#website\",\"url\":\"https:\\\/\\\/btmtelectric.com\\\/\",\"name\":\"BTMT ELECTRIC \u2013 Solutions \u00c9lectriques Fiables et Innovantes\",\"description\":\"\",\"publisher\":{\"@id\":\"https:\\\/\\\/btmtelectric.com\\\/#organization\"},\"potentialAction\":[{\"@type\":\"SearchAction\",\"target\":{\"@type\":\"EntryPoint\",\"urlTemplate\":\"https:\\\/\\\/btmtelectric.com\\\/?s={search_term_string}\"},\"query-input\":{\"@type\":\"PropertyValueSpecification\",\"valueRequired\":true,\"valueName\":\"search_term_string\"}}],\"inLanguage\":\"fr-FR\"},{\"@type\":\"Organization\",\"@id\":\"https:\\\/\\\/btmtelectric.com\\\/#organization\",\"name\":\"BTMT ELECTRIC \u2013 Solutions \u00c9lectriques Fiables et Innovantes\",\"url\":\"https:\\\/\\\/btmtelectric.com\\\/\",\"logo\":{\"@type\":\"ImageObject\",\"inLanguage\":\"fr-FR\",\"@id\":\"https:\\\/\\\/btmtelectric.com\\\/#\\\/schema\\\/logo\\\/image\\\/\",\"url\":\"https:\\\/\\\/btmtelectric.com\\\/wp-content\\\/uploads\\\/2025\\\/07\\\/WhatsApp_Image_2025-07-09_at_11.45.18_AM-removebg-preview-1.png\",\"contentUrl\":\"https:\\\/\\\/btmtelectric.com\\\/wp-content\\\/uploads\\\/2025\\\/07\\\/WhatsApp_Image_2025-07-09_at_11.45.18_AM-removebg-preview-1.png\",\"width\":175,\"height\":42,\"caption\":\"BTMT ELECTRIC \u2013 Solutions \u00c9lectriques Fiables et Innovantes\"},\"image\":{\"@id\":\"https:\\\/\\\/btmtelectric.com\\\/#\\\/schema\\\/logo\\\/image\\\/\"},\"sameAs\":[\"https:\\\/\\\/www.facebook.com\\\/profile.php?id=61578000361796\",\"https:\\\/\\\/www.instagram.com\\\/btmtelectric\\\/\"]}]}<\/script>\n<!-- \/ Yoast SEO plugin. -->","yoast_head_json":{"title":"Camera IP PTZ IR150m, 2MP, 32X - BTMT ELECTRIC \u2013 Solutions \u00c9lectriques Fiables et Innovantes","robots":{"index":"index","follow":"follow","max-snippet":"max-snippet:-1","max-image-preview":"max-image-preview:large","max-video-preview":"max-video-preview:-1"},"canonical":"https:\/\/btmtelectric.com\/index.php\/product\/camera-ip-ptz-ir150m-2mp-32x\/","og_locale":"fr_FR","og_type":"article","og_title":"Camera IP PTZ IR150m, 2MP, 32X - BTMT ELECTRIC \u2013 Solutions \u00c9lectriques Fiables et Innovantes","og_description":"Cam\u00e9ra 2 MP CMOS 1\/2.8\", zoom optique 32\u00d7, vision nocturne IR 150 m, technologie DarkFighter, d\u00e9tection intelligente humaine\/v\u00e9hicule, capture faciale, et fonctionnalit\u00e9s avanc\u00e9es.","og_url":"https:\/\/btmtelectric.com\/index.php\/product\/camera-ip-ptz-ir150m-2mp-32x\/","og_site_name":"BTMT ELECTRIC \u2013 Solutions \u00c9lectriques Fiables et Innovantes","article_publisher":"https:\/\/www.facebook.com\/profile.php?id=61578000361796","og_image":[{"width":225,"height":225,"url":"https:\/\/btmtelectric.com\/wp-content\/uploads\/2025\/07\/images-1-1.jpg","type":"image\/jpeg"}],"twitter_card":"summary_large_image","twitter_misc":{"Dur\u00e9e de lecture estim\u00e9e":"1 minute"},"schema":{"@context":"https:\/\/schema.org","@graph":[{"@type":"WebPage","@id":"https:\/\/btmtelectric.com\/index.php\/product\/camera-ip-ptz-ir150m-2mp-32x\/","url":"https:\/\/btmtelectric.com\/index.php\/product\/camera-ip-ptz-ir150m-2mp-32x\/","name":"Camera IP PTZ IR150m, 2MP, 32X - BTMT ELECTRIC \u2013 Solutions \u00c9lectriques Fiables et Innovantes","isPartOf":{"@id":"https:\/\/btmtelectric.com\/#website"},"primaryImageOfPage":{"@id":"https:\/\/btmtelectric.com\/index.php\/product\/camera-ip-ptz-ir150m-2mp-32x\/#primaryimage"},"image":{"@id":"https:\/\/btmtelectric.com\/index.php\/product\/camera-ip-ptz-ir150m-2mp-32x\/#primaryimage"},"thumbnailUrl":"https:\/\/btmtelectric.com\/wp-content\/uploads\/2025\/07\/images-1-1.jpg","datePublished":"2025-07-24T17:36:14+00:00","breadcrumb":{"@id":"https:\/\/btmtelectric.com\/index.php\/product\/camera-ip-ptz-ir150m-2mp-32x\/#breadcrumb"},"inLanguage":"fr-FR","potentialAction":[{"@type":"ReadAction","target":["https:\/\/btmtelectric.com\/index.php\/product\/camera-ip-ptz-ir150m-2mp-32x\/"]}]},{"@type":"ImageObject","inLanguage":"fr-FR","@id":"https:\/\/btmtelectric.com\/index.php\/product\/camera-ip-ptz-ir150m-2mp-32x\/#primaryimage","url":"https:\/\/btmtelectric.com\/wp-content\/uploads\/2025\/07\/images-1-1.jpg","contentUrl":"https:\/\/btmtelectric.com\/wp-content\/uploads\/2025\/07\/images-1-1.jpg","width":225,"height":225},{"@type":"BreadcrumbList","@id":"https:\/\/btmtelectric.com\/index.php\/product\/camera-ip-ptz-ir150m-2mp-32x\/#breadcrumb","itemListElement":[{"@type":"ListItem","position":1,"name":"Accueil","item":"https:\/\/btmtelectric.com\/"},{"@type":"ListItem","position":2,"name":"Boutique","item":"https:\/\/btmtelectric.com\/index.php\/boutique\/"},{"@type":"ListItem","position":3,"name":"Camera IP PTZ IR150m, 2MP, 32X"}]},{"@type":"WebSite","@id":"https:\/\/btmtelectric.com\/#website","url":"https:\/\/btmtelectric.com\/","name":"BTMT ELECTRIC \u2013 Solutions \u00c9lectriques Fiables et Innovantes","description":"","publisher":{"@id":"https:\/\/btmtelectric.com\/#organization"},"potentialAction":[{"@type":"SearchAction","target":{"@type":"EntryPoint","urlTemplate":"https:\/\/btmtelectric.com\/?s={search_term_string}"},"query-input":{"@type":"PropertyValueSpecification","valueRequired":true,"valueName":"search_term_string"}}],"inLanguage":"fr-FR"},{"@type":"Organization","@id":"https:\/\/btmtelectric.com\/#organization","name":"BTMT ELECTRIC \u2013 Solutions \u00c9lectriques Fiables et Innovantes","url":"https:\/\/btmtelectric.com\/","logo":{"@type":"ImageObject","inLanguage":"fr-FR","@id":"https:\/\/btmtelectric.com\/#\/schema\/logo\/image\/","url":"https:\/\/btmtelectric.com\/wp-content\/uploads\/2025\/07\/WhatsApp_Image_2025-07-09_at_11.45.18_AM-removebg-preview-1.png","contentUrl":"https:\/\/btmtelectric.com\/wp-content\/uploads\/2025\/07\/WhatsApp_Image_2025-07-09_at_11.45.18_AM-removebg-preview-1.png","width":175,"height":42,"caption":"BTMT ELECTRIC \u2013 Solutions \u00c9lectriques Fiables et Innovantes"},"image":{"@id":"https:\/\/btmtelectric.com\/#\/schema\/logo\/image\/"},"sameAs":["https:\/\/www.facebook.com\/profile.php?id=61578000361796","https:\/\/www.instagram.com\/btmtelectric\/"]}]}},"_links":{"self":[{"href":"https:\/\/btmtelectric.com\/index.php\/wp-json\/wp\/v2\/product\/8540","targetHints":{"allow":["GET"]}}],"collection":[{"href":"https:\/\/btmtelectric.com\/index.php\/wp-json\/wp\/v2\/product"}],"about":[{"href":"https:\/\/btmtelectric.com\/index.php\/wp-json\/wp\/v2\/types\/product"}],"replies":[{"embeddable":true,"href":"https:\/\/btmtelectric.com\/index.php\/wp-json\/wp\/v2\/comments?post=8540"}],"wp:featuredmedia":[{"embeddable":true,"href":"https:\/\/btmtelectric.com\/index.php\/wp-json\/wp\/v2\/media\/8541"}],"wp:attachment":[{"href":"https:\/\/btmtelectric.com\/index.php\/wp-json\/wp\/v2\/media?parent=8540"}],"wp:term":[{"taxonomy":"product_brand","embeddable":true,"href":"https:\/\/btmtelectric.com\/index.php\/wp-json\/wp\/v2\/product_brand?post=8540"},{"taxonomy":"product_cat","embeddable":true,"href":"https:\/\/btmtelectric.com\/index.php\/wp-json\/wp\/v2\/product_cat?post=8540"},{"taxonomy":"product_tag","embeddable":true,"href":"https:\/\/btmtelectric.com\/index.php\/wp-json\/wp\/v2\/product_tag?post=8540"}],"curies":[{"name":"wp","href":"https:\/\/api.w.org\/{rel}","templated":true}]}}