{"id":8471,"date":"2025-07-23T09:32:13","date_gmt":"2025-07-23T09:32:13","guid":{"rendered":"https:\/\/btmtelectric.com\/?post_type=product&#038;p=8471"},"modified":"2025-07-23T09:32:13","modified_gmt":"2025-07-23T09:32:13","slug":"detecteur-de-fumee-autonome-avec-camera-fisheye-integree","status":"publish","type":"product","link":"https:\/\/btmtelectric.com\/index.php\/product\/detecteur-de-fumee-autonome-avec-camera-fisheye-integree\/","title":{"rendered":"D\u00e9tecteur de fum\u00e9e autonome avec camera fisheye integr\u00e9e"},"content":{"rendered":"<p data-start=\"442\" data-end=\"689\">Ce <strong data-start=\"445\" data-end=\"484\">d\u00e9tecteur intelligent multifonction<\/strong> combine <strong data-start=\"493\" data-end=\"541\">d\u00e9tection de fum\u00e9e, d\u00e9tection de temp\u00e9rature<\/strong> et v\u00e9rification vid\u00e9o conforme \u00e0 la norme <strong data-start=\"584\" data-end=\"629\">VaaS (Intruder Verification as a Service)<\/strong>, assurant une s\u00e9curit\u00e9 renforc\u00e9e avec une grande pr\u00e9cision.<\/p>\n<p data-start=\"691\" data-end=\"965\">Il int\u00e8gre une <strong data-start=\"706\" data-end=\"755\">cam\u00e9ra HD 4 m\u00e9gapixels (2560 \u00d7 1440 @ 25 fps)<\/strong> avec <strong data-start=\"761\" data-end=\"785\">objectif grand angle<\/strong>, fournissant un flux vid\u00e9o en temps r\u00e9el pour l\u2019identification rapide des risques. Gr\u00e2ce \u00e0 sa <strong data-start=\"880\" data-end=\"902\">sensibilit\u00e9 \u00e9lev\u00e9e<\/strong>, ce dispositif est \u00e0 la fois fiable, s\u00fbr et facile \u00e0 utiliser.<\/p>\n<p data-start=\"967\" data-end=\"1243\">Le syst\u00e8me embarque une <strong data-start=\"991\" data-end=\"1034\">analyse vid\u00e9o intelligente configurable<\/strong>, id\u00e9ale pour <strong data-start=\"1048\" data-end=\"1082\">d\u00e9tecter les foyers d\u2019incendie<\/strong> ou v\u00e9rifier des situations \u00e0 risque. Lors d\u2019un \u00e9v\u00e9nement, des <strong data-start=\"1145\" data-end=\"1176\">alertes vid\u00e9o en temps r\u00e9el<\/strong> sont envoy\u00e9es \u00e0 l\u2019application mobile avec les d\u00e9tails de l\u2019alarme.<\/p>\n<p data-start=\"1245\" data-end=\"1422\">Un <strong data-start=\"1248\" data-end=\"1281\">buzzer int\u00e9gr\u00e9 \u00e0 haut d\u00e9cibel<\/strong> assure une signalisation sonore imm\u00e9diate, et l\u2019appareil peut stocker les donn\u00e9es localement sur carte <strong data-start=\"1385\" data-end=\"1421\">microSD\/SDHC\/SDXC jusqu\u2019\u00e0 128 Go<\/strong>.<\/p>\n","protected":false},"excerpt":{"rendered":"<p>D\u00e9tecteur intelligent avec d\u00e9tection de fum\u00e9e et temp\u00e9rature, cam\u00e9ra 4 MP HD grand angle, alerte sonore, analyse vid\u00e9o intelligente, stockage local 128 Go et notifications en temps r\u00e9el via application mobile.<\/p>\n","protected":false},"featured_media":8472,"comment_status":"open","ping_status":"closed","template":"","meta":{"_acf_changed":false,"content-type":""},"product_brand":[],"product_cat":[351],"product_tag":[],"class_list":{"0":"post-8471","1":"product","2":"type-product","3":"status-publish","4":"has-post-thumbnail","6":"product_cat-accessoire","8":"first","9":"instock","10":"shipping-taxable","11":"purchasable","12":"product-type-simple"},"acf":[],"yoast_head":"<!-- This site is optimized with the Yoast SEO plugin v27.3 - https:\/\/yoast.com\/product\/yoast-seo-wordpress\/ -->\n<title>D\u00e9tecteur de fum\u00e9e autonome avec camera fisheye integr\u00e9e - BTMT ELECTRIC \u2013 Solutions \u00c9lectriques Fiables et Innovantes<\/title>\n<meta name=\"robots\" content=\"index, follow, max-snippet:-1, max-image-preview:large, max-video-preview:-1\" \/>\n<link rel=\"canonical\" href=\"https:\/\/btmtelectric.com\/index.php\/product\/detecteur-de-fumee-autonome-avec-camera-fisheye-integree\/\" \/>\n<meta property=\"og:locale\" content=\"fr_FR\" \/>\n<meta property=\"og:type\" content=\"article\" \/>\n<meta property=\"og:title\" content=\"D\u00e9tecteur de fum\u00e9e autonome avec camera fisheye integr\u00e9e - BTMT ELECTRIC \u2013 Solutions \u00c9lectriques Fiables et Innovantes\" \/>\n<meta property=\"og:description\" content=\"D\u00e9tecteur intelligent avec d\u00e9tection de fum\u00e9e et temp\u00e9rature, cam\u00e9ra 4 MP HD grand angle, alerte sonore, analyse vid\u00e9o intelligente, stockage local 128 Go et notifications en temps r\u00e9el via application mobile.\" \/>\n<meta property=\"og:url\" content=\"https:\/\/btmtelectric.com\/index.php\/product\/detecteur-de-fumee-autonome-avec-camera-fisheye-integree\/\" \/>\n<meta property=\"og:site_name\" content=\"BTMT ELECTRIC \u2013 Solutions \u00c9lectriques Fiables et Innovantes\" \/>\n<meta property=\"article:publisher\" content=\"https:\/\/www.facebook.com\/profile.php?id=61578000361796\" \/>\n<meta property=\"og:image\" content=\"https:\/\/btmtelectric.com\/wp-content\/uploads\/2025\/07\/images-5.jpg\" \/>\n\t<meta property=\"og:image:width\" content=\"197\" \/>\n\t<meta property=\"og:image:height\" content=\"255\" \/>\n\t<meta property=\"og:image:type\" content=\"image\/jpeg\" \/>\n<meta name=\"twitter:card\" content=\"summary_large_image\" \/>\n<meta name=\"twitter:label1\" content=\"Dur\u00e9e de lecture estim\u00e9e\" \/>\n\t<meta name=\"twitter:data1\" content=\"1 minute\" \/>\n<script type=\"application\/ld+json\" class=\"yoast-schema-graph\">{\"@context\":\"https:\\\/\\\/schema.org\",\"@graph\":[{\"@type\":\"WebPage\",\"@id\":\"https:\\\/\\\/btmtelectric.com\\\/index.php\\\/product\\\/detecteur-de-fumee-autonome-avec-camera-fisheye-integree\\\/\",\"url\":\"https:\\\/\\\/btmtelectric.com\\\/index.php\\\/product\\\/detecteur-de-fumee-autonome-avec-camera-fisheye-integree\\\/\",\"name\":\"D\u00e9tecteur de fum\u00e9e autonome avec camera fisheye integr\u00e9e - BTMT ELECTRIC \u2013 Solutions \u00c9lectriques Fiables et Innovantes\",\"isPartOf\":{\"@id\":\"https:\\\/\\\/btmtelectric.com\\\/#website\"},\"primaryImageOfPage\":{\"@id\":\"https:\\\/\\\/btmtelectric.com\\\/index.php\\\/product\\\/detecteur-de-fumee-autonome-avec-camera-fisheye-integree\\\/#primaryimage\"},\"image\":{\"@id\":\"https:\\\/\\\/btmtelectric.com\\\/index.php\\\/product\\\/detecteur-de-fumee-autonome-avec-camera-fisheye-integree\\\/#primaryimage\"},\"thumbnailUrl\":\"https:\\\/\\\/btmtelectric.com\\\/wp-content\\\/uploads\\\/2025\\\/07\\\/images-5.jpg\",\"datePublished\":\"2025-07-23T09:32:13+00:00\",\"breadcrumb\":{\"@id\":\"https:\\\/\\\/btmtelectric.com\\\/index.php\\\/product\\\/detecteur-de-fumee-autonome-avec-camera-fisheye-integree\\\/#breadcrumb\"},\"inLanguage\":\"fr-FR\",\"potentialAction\":[{\"@type\":\"ReadAction\",\"target\":[\"https:\\\/\\\/btmtelectric.com\\\/index.php\\\/product\\\/detecteur-de-fumee-autonome-avec-camera-fisheye-integree\\\/\"]}]},{\"@type\":\"ImageObject\",\"inLanguage\":\"fr-FR\",\"@id\":\"https:\\\/\\\/btmtelectric.com\\\/index.php\\\/product\\\/detecteur-de-fumee-autonome-avec-camera-fisheye-integree\\\/#primaryimage\",\"url\":\"https:\\\/\\\/btmtelectric.com\\\/wp-content\\\/uploads\\\/2025\\\/07\\\/images-5.jpg\",\"contentUrl\":\"https:\\\/\\\/btmtelectric.com\\\/wp-content\\\/uploads\\\/2025\\\/07\\\/images-5.jpg\",\"width\":197,\"height\":255},{\"@type\":\"BreadcrumbList\",\"@id\":\"https:\\\/\\\/btmtelectric.com\\\/index.php\\\/product\\\/detecteur-de-fumee-autonome-avec-camera-fisheye-integree\\\/#breadcrumb\",\"itemListElement\":[{\"@type\":\"ListItem\",\"position\":1,\"name\":\"Accueil\",\"item\":\"https:\\\/\\\/btmtelectric.com\\\/\"},{\"@type\":\"ListItem\",\"position\":2,\"name\":\"Boutique\",\"item\":\"https:\\\/\\\/btmtelectric.com\\\/index.php\\\/boutique\\\/\"},{\"@type\":\"ListItem\",\"position\":3,\"name\":\"D\u00e9tecteur de fum\u00e9e autonome avec camera fisheye integr\u00e9e\"}]},{\"@type\":\"WebSite\",\"@id\":\"https:\\\/\\\/btmtelectric.com\\\/#website\",\"url\":\"https:\\\/\\\/btmtelectric.com\\\/\",\"name\":\"BTMT ELECTRIC \u2013 Solutions \u00c9lectriques Fiables et Innovantes\",\"description\":\"\",\"publisher\":{\"@id\":\"https:\\\/\\\/btmtelectric.com\\\/#organization\"},\"potentialAction\":[{\"@type\":\"SearchAction\",\"target\":{\"@type\":\"EntryPoint\",\"urlTemplate\":\"https:\\\/\\\/btmtelectric.com\\\/?s={search_term_string}\"},\"query-input\":{\"@type\":\"PropertyValueSpecification\",\"valueRequired\":true,\"valueName\":\"search_term_string\"}}],\"inLanguage\":\"fr-FR\"},{\"@type\":\"Organization\",\"@id\":\"https:\\\/\\\/btmtelectric.com\\\/#organization\",\"name\":\"BTMT ELECTRIC \u2013 Solutions \u00c9lectriques Fiables et Innovantes\",\"url\":\"https:\\\/\\\/btmtelectric.com\\\/\",\"logo\":{\"@type\":\"ImageObject\",\"inLanguage\":\"fr-FR\",\"@id\":\"https:\\\/\\\/btmtelectric.com\\\/#\\\/schema\\\/logo\\\/image\\\/\",\"url\":\"https:\\\/\\\/btmtelectric.com\\\/wp-content\\\/uploads\\\/2025\\\/07\\\/WhatsApp_Image_2025-07-09_at_11.45.18_AM-removebg-preview-1.png\",\"contentUrl\":\"https:\\\/\\\/btmtelectric.com\\\/wp-content\\\/uploads\\\/2025\\\/07\\\/WhatsApp_Image_2025-07-09_at_11.45.18_AM-removebg-preview-1.png\",\"width\":175,\"height\":42,\"caption\":\"BTMT ELECTRIC \u2013 Solutions \u00c9lectriques Fiables et Innovantes\"},\"image\":{\"@id\":\"https:\\\/\\\/btmtelectric.com\\\/#\\\/schema\\\/logo\\\/image\\\/\"},\"sameAs\":[\"https:\\\/\\\/www.facebook.com\\\/profile.php?id=61578000361796\",\"https:\\\/\\\/www.instagram.com\\\/btmtelectric\\\/\"]}]}<\/script>\n<!-- \/ Yoast SEO plugin. -->","yoast_head_json":{"title":"D\u00e9tecteur de fum\u00e9e autonome avec camera fisheye integr\u00e9e - BTMT ELECTRIC \u2013 Solutions \u00c9lectriques Fiables et Innovantes","robots":{"index":"index","follow":"follow","max-snippet":"max-snippet:-1","max-image-preview":"max-image-preview:large","max-video-preview":"max-video-preview:-1"},"canonical":"https:\/\/btmtelectric.com\/index.php\/product\/detecteur-de-fumee-autonome-avec-camera-fisheye-integree\/","og_locale":"fr_FR","og_type":"article","og_title":"D\u00e9tecteur de fum\u00e9e autonome avec camera fisheye integr\u00e9e - BTMT ELECTRIC \u2013 Solutions \u00c9lectriques Fiables et Innovantes","og_description":"D\u00e9tecteur intelligent avec d\u00e9tection de fum\u00e9e et temp\u00e9rature, cam\u00e9ra 4 MP HD grand angle, alerte sonore, analyse vid\u00e9o intelligente, stockage local 128 Go et notifications en temps r\u00e9el via application mobile.","og_url":"https:\/\/btmtelectric.com\/index.php\/product\/detecteur-de-fumee-autonome-avec-camera-fisheye-integree\/","og_site_name":"BTMT ELECTRIC \u2013 Solutions \u00c9lectriques Fiables et Innovantes","article_publisher":"https:\/\/www.facebook.com\/profile.php?id=61578000361796","og_image":[{"width":197,"height":255,"url":"https:\/\/btmtelectric.com\/wp-content\/uploads\/2025\/07\/images-5.jpg","type":"image\/jpeg"}],"twitter_card":"summary_large_image","twitter_misc":{"Dur\u00e9e de lecture estim\u00e9e":"1 minute"},"schema":{"@context":"https:\/\/schema.org","@graph":[{"@type":"WebPage","@id":"https:\/\/btmtelectric.com\/index.php\/product\/detecteur-de-fumee-autonome-avec-camera-fisheye-integree\/","url":"https:\/\/btmtelectric.com\/index.php\/product\/detecteur-de-fumee-autonome-avec-camera-fisheye-integree\/","name":"D\u00e9tecteur de fum\u00e9e autonome avec camera fisheye integr\u00e9e - BTMT ELECTRIC \u2013 Solutions \u00c9lectriques Fiables et Innovantes","isPartOf":{"@id":"https:\/\/btmtelectric.com\/#website"},"primaryImageOfPage":{"@id":"https:\/\/btmtelectric.com\/index.php\/product\/detecteur-de-fumee-autonome-avec-camera-fisheye-integree\/#primaryimage"},"image":{"@id":"https:\/\/btmtelectric.com\/index.php\/product\/detecteur-de-fumee-autonome-avec-camera-fisheye-integree\/#primaryimage"},"thumbnailUrl":"https:\/\/btmtelectric.com\/wp-content\/uploads\/2025\/07\/images-5.jpg","datePublished":"2025-07-23T09:32:13+00:00","breadcrumb":{"@id":"https:\/\/btmtelectric.com\/index.php\/product\/detecteur-de-fumee-autonome-avec-camera-fisheye-integree\/#breadcrumb"},"inLanguage":"fr-FR","potentialAction":[{"@type":"ReadAction","target":["https:\/\/btmtelectric.com\/index.php\/product\/detecteur-de-fumee-autonome-avec-camera-fisheye-integree\/"]}]},{"@type":"ImageObject","inLanguage":"fr-FR","@id":"https:\/\/btmtelectric.com\/index.php\/product\/detecteur-de-fumee-autonome-avec-camera-fisheye-integree\/#primaryimage","url":"https:\/\/btmtelectric.com\/wp-content\/uploads\/2025\/07\/images-5.jpg","contentUrl":"https:\/\/btmtelectric.com\/wp-content\/uploads\/2025\/07\/images-5.jpg","width":197,"height":255},{"@type":"BreadcrumbList","@id":"https:\/\/btmtelectric.com\/index.php\/product\/detecteur-de-fumee-autonome-avec-camera-fisheye-integree\/#breadcrumb","itemListElement":[{"@type":"ListItem","position":1,"name":"Accueil","item":"https:\/\/btmtelectric.com\/"},{"@type":"ListItem","position":2,"name":"Boutique","item":"https:\/\/btmtelectric.com\/index.php\/boutique\/"},{"@type":"ListItem","position":3,"name":"D\u00e9tecteur de fum\u00e9e autonome avec camera fisheye integr\u00e9e"}]},{"@type":"WebSite","@id":"https:\/\/btmtelectric.com\/#website","url":"https:\/\/btmtelectric.com\/","name":"BTMT ELECTRIC \u2013 Solutions \u00c9lectriques Fiables et Innovantes","description":"","publisher":{"@id":"https:\/\/btmtelectric.com\/#organization"},"potentialAction":[{"@type":"SearchAction","target":{"@type":"EntryPoint","urlTemplate":"https:\/\/btmtelectric.com\/?s={search_term_string}"},"query-input":{"@type":"PropertyValueSpecification","valueRequired":true,"valueName":"search_term_string"}}],"inLanguage":"fr-FR"},{"@type":"Organization","@id":"https:\/\/btmtelectric.com\/#organization","name":"BTMT ELECTRIC \u2013 Solutions \u00c9lectriques Fiables et Innovantes","url":"https:\/\/btmtelectric.com\/","logo":{"@type":"ImageObject","inLanguage":"fr-FR","@id":"https:\/\/btmtelectric.com\/#\/schema\/logo\/image\/","url":"https:\/\/btmtelectric.com\/wp-content\/uploads\/2025\/07\/WhatsApp_Image_2025-07-09_at_11.45.18_AM-removebg-preview-1.png","contentUrl":"https:\/\/btmtelectric.com\/wp-content\/uploads\/2025\/07\/WhatsApp_Image_2025-07-09_at_11.45.18_AM-removebg-preview-1.png","width":175,"height":42,"caption":"BTMT ELECTRIC \u2013 Solutions \u00c9lectriques Fiables et Innovantes"},"image":{"@id":"https:\/\/btmtelectric.com\/#\/schema\/logo\/image\/"},"sameAs":["https:\/\/www.facebook.com\/profile.php?id=61578000361796","https:\/\/www.instagram.com\/btmtelectric\/"]}]}},"_links":{"self":[{"href":"https:\/\/btmtelectric.com\/index.php\/wp-json\/wp\/v2\/product\/8471","targetHints":{"allow":["GET"]}}],"collection":[{"href":"https:\/\/btmtelectric.com\/index.php\/wp-json\/wp\/v2\/product"}],"about":[{"href":"https:\/\/btmtelectric.com\/index.php\/wp-json\/wp\/v2\/types\/product"}],"replies":[{"embeddable":true,"href":"https:\/\/btmtelectric.com\/index.php\/wp-json\/wp\/v2\/comments?post=8471"}],"wp:featuredmedia":[{"embeddable":true,"href":"https:\/\/btmtelectric.com\/index.php\/wp-json\/wp\/v2\/media\/8472"}],"wp:attachment":[{"href":"https:\/\/btmtelectric.com\/index.php\/wp-json\/wp\/v2\/media?parent=8471"}],"wp:term":[{"taxonomy":"product_brand","embeddable":true,"href":"https:\/\/btmtelectric.com\/index.php\/wp-json\/wp\/v2\/product_brand?post=8471"},{"taxonomy":"product_cat","embeddable":true,"href":"https:\/\/btmtelectric.com\/index.php\/wp-json\/wp\/v2\/product_cat?post=8471"},{"taxonomy":"product_tag","embeddable":true,"href":"https:\/\/btmtelectric.com\/index.php\/wp-json\/wp\/v2\/product_tag?post=8471"}],"curies":[{"name":"wp","href":"https:\/\/api.w.org\/{rel}","templated":true}]}}