{"id":8453,"date":"2025-07-23T09:05:53","date_gmt":"2025-07-23T09:05:53","guid":{"rendered":"https:\/\/btmtelectric.com\/?post_type=product&#038;p=8453"},"modified":"2025-07-23T09:06:34","modified_gmt":"2025-07-23T09:06:34","slug":"moniteur-tactile-couleur-7","status":"publish","type":"product","link":"https:\/\/btmtelectric.com\/index.php\/product\/moniteur-tactile-couleur-7\/","title":{"rendered":"Moniteur tactile couleur 7"},"content":{"rendered":"<p>Moniteur tactile couleur 7&#8243; (1024\u00d7600) avec interface utilisateur V2.0, PoE, stockage sur carte TF, d\u00e9verrouillage \u00e0 distance et visualisation vid\u00e9o en direct.<\/p>\n","protected":false},"excerpt":{"rendered":"<p data-start=\"315\" data-end=\"522\">Ce moniteur tactile couleur de <strong data-start=\"346\" data-end=\"358\">7 pouces<\/strong> offre une r\u00e9solution claire de <strong data-start=\"390\" data-end=\"411\">1024 \u00d7 600 pixels<\/strong> et int\u00e8gre la nouvelle interface utilisateur <strong data-start=\"457\" data-end=\"468\">UI V2.0<\/strong>, con\u00e7ue pour une utilisation intuitive et conviviale.<\/p>\n<p data-start=\"524\" data-end=\"748\">Il supporte l\u2019alimentation via <strong data-start=\"555\" data-end=\"584\">PoE (Power over Ethernet)<\/strong> pour une installation simplifi\u00e9e. Le moniteur peut stocker les messages et capturer des images directement sur une carte <strong data-start=\"706\" data-end=\"712\">TF<\/strong>, facilitant la gestion des donn\u00e9es.<\/p>\n<p data-start=\"750\" data-end=\"1035\">Il permet le <strong data-start=\"763\" data-end=\"792\">d\u00e9verrouillage \u00e0 distance<\/strong> via un logiciel client ou une application mobile, offrant une s\u00e9curit\u00e9 et un contr\u00f4le accrus. De plus, il permet de <strong data-start=\"909\" data-end=\"994\">visualiser en temps r\u00e9el les vid\u00e9os des postes de porte et des cam\u00e9ras connect\u00e9es<\/strong>, garantissant une surveillance compl\u00e8te.<\/p>\n","protected":false},"featured_media":8454,"comment_status":"open","ping_status":"closed","template":"","meta":{"_acf_changed":false,"content-type":""},"product_brand":[],"product_cat":[351],"product_tag":[],"class_list":{"0":"post-8453","1":"product","2":"type-product","3":"status-publish","4":"has-post-thumbnail","6":"product_cat-accessoire","8":"first","9":"instock","10":"shipping-taxable","11":"purchasable","12":"product-type-simple"},"acf":[],"yoast_head":"<!-- This site is optimized with the Yoast SEO plugin v27.3 - https:\/\/yoast.com\/product\/yoast-seo-wordpress\/ -->\n<title>Moniteur tactile couleur 7 - BTMT ELECTRIC \u2013 Solutions \u00c9lectriques Fiables et Innovantes<\/title>\n<meta name=\"robots\" content=\"index, follow, max-snippet:-1, max-image-preview:large, max-video-preview:-1\" \/>\n<link rel=\"canonical\" href=\"https:\/\/btmtelectric.com\/index.php\/product\/moniteur-tactile-couleur-7\/\" \/>\n<meta property=\"og:locale\" content=\"fr_FR\" \/>\n<meta property=\"og:type\" content=\"article\" \/>\n<meta property=\"og:title\" content=\"Moniteur tactile couleur 7 - BTMT ELECTRIC \u2013 Solutions \u00c9lectriques Fiables et Innovantes\" \/>\n<meta property=\"og:description\" content=\"Ce moniteur tactile couleur de 7 pouces offre une r\u00e9solution claire de 1024 \u00d7 600 pixels et int\u00e8gre la nouvelle interface utilisateur UI V2.0, con\u00e7ue pour une utilisation intuitive et conviviale. Il supporte l\u2019alimentation via PoE (Power over Ethernet) pour une installation simplifi\u00e9e. Le moniteur peut stocker les messages et capturer des images directement sur une carte TF, facilitant la gestion des donn\u00e9es. Il permet le d\u00e9verrouillage \u00e0 distance via un logiciel client ou une application mobile, offrant une s\u00e9curit\u00e9 et un contr\u00f4le accrus. De plus, il permet de visualiser en temps r\u00e9el les vid\u00e9os des postes de porte et des cam\u00e9ras connect\u00e9es, garantissant une surveillance compl\u00e8te.\" \/>\n<meta property=\"og:url\" content=\"https:\/\/btmtelectric.com\/index.php\/product\/moniteur-tactile-couleur-7\/\" \/>\n<meta property=\"og:site_name\" content=\"BTMT ELECTRIC \u2013 Solutions \u00c9lectriques Fiables et Innovantes\" \/>\n<meta property=\"article:publisher\" content=\"https:\/\/www.facebook.com\/profile.php?id=61578000361796\" \/>\n<meta property=\"article:modified_time\" content=\"2025-07-23T09:06:34+00:00\" \/>\n<meta property=\"og:image\" content=\"https:\/\/btmtelectric.com\/wp-content\/uploads\/2025\/07\/lbgwp60-moniteur-ecran-tactile-8-pouces-1280-x-720-ecran-hdmi-portable-ips-lcd-compatible-avec-rasp-pi-5-4b-3b-3b-windows-7-8-10-54383865330_L_NOPAD.jpg\" \/>\n\t<meta property=\"og:image:width\" content=\"500\" \/>\n\t<meta property=\"og:image:height\" content=\"500\" \/>\n\t<meta property=\"og:image:type\" content=\"image\/jpeg\" \/>\n<meta name=\"twitter:card\" content=\"summary_large_image\" \/>\n<script type=\"application\/ld+json\" class=\"yoast-schema-graph\">{\"@context\":\"https:\\\/\\\/schema.org\",\"@graph\":[{\"@type\":\"WebPage\",\"@id\":\"https:\\\/\\\/btmtelectric.com\\\/index.php\\\/product\\\/moniteur-tactile-couleur-7\\\/\",\"url\":\"https:\\\/\\\/btmtelectric.com\\\/index.php\\\/product\\\/moniteur-tactile-couleur-7\\\/\",\"name\":\"Moniteur tactile couleur 7 - BTMT ELECTRIC \u2013 Solutions \u00c9lectriques Fiables et Innovantes\",\"isPartOf\":{\"@id\":\"https:\\\/\\\/btmtelectric.com\\\/#website\"},\"primaryImageOfPage\":{\"@id\":\"https:\\\/\\\/btmtelectric.com\\\/index.php\\\/product\\\/moniteur-tactile-couleur-7\\\/#primaryimage\"},\"image\":{\"@id\":\"https:\\\/\\\/btmtelectric.com\\\/index.php\\\/product\\\/moniteur-tactile-couleur-7\\\/#primaryimage\"},\"thumbnailUrl\":\"https:\\\/\\\/btmtelectric.com\\\/wp-content\\\/uploads\\\/2025\\\/07\\\/lbgwp60-moniteur-ecran-tactile-8-pouces-1280-x-720-ecran-hdmi-portable-ips-lcd-compatible-avec-rasp-pi-5-4b-3b-3b-windows-7-8-10-54383865330_L_NOPAD.jpg\",\"datePublished\":\"2025-07-23T09:05:53+00:00\",\"dateModified\":\"2025-07-23T09:06:34+00:00\",\"breadcrumb\":{\"@id\":\"https:\\\/\\\/btmtelectric.com\\\/index.php\\\/product\\\/moniteur-tactile-couleur-7\\\/#breadcrumb\"},\"inLanguage\":\"fr-FR\",\"potentialAction\":[{\"@type\":\"ReadAction\",\"target\":[\"https:\\\/\\\/btmtelectric.com\\\/index.php\\\/product\\\/moniteur-tactile-couleur-7\\\/\"]}]},{\"@type\":\"ImageObject\",\"inLanguage\":\"fr-FR\",\"@id\":\"https:\\\/\\\/btmtelectric.com\\\/index.php\\\/product\\\/moniteur-tactile-couleur-7\\\/#primaryimage\",\"url\":\"https:\\\/\\\/btmtelectric.com\\\/wp-content\\\/uploads\\\/2025\\\/07\\\/lbgwp60-moniteur-ecran-tactile-8-pouces-1280-x-720-ecran-hdmi-portable-ips-lcd-compatible-avec-rasp-pi-5-4b-3b-3b-windows-7-8-10-54383865330_L_NOPAD.jpg\",\"contentUrl\":\"https:\\\/\\\/btmtelectric.com\\\/wp-content\\\/uploads\\\/2025\\\/07\\\/lbgwp60-moniteur-ecran-tactile-8-pouces-1280-x-720-ecran-hdmi-portable-ips-lcd-compatible-avec-rasp-pi-5-4b-3b-3b-windows-7-8-10-54383865330_L_NOPAD.jpg\",\"width\":500,\"height\":500},{\"@type\":\"BreadcrumbList\",\"@id\":\"https:\\\/\\\/btmtelectric.com\\\/index.php\\\/product\\\/moniteur-tactile-couleur-7\\\/#breadcrumb\",\"itemListElement\":[{\"@type\":\"ListItem\",\"position\":1,\"name\":\"Accueil\",\"item\":\"https:\\\/\\\/btmtelectric.com\\\/\"},{\"@type\":\"ListItem\",\"position\":2,\"name\":\"Boutique\",\"item\":\"https:\\\/\\\/btmtelectric.com\\\/index.php\\\/boutique\\\/\"},{\"@type\":\"ListItem\",\"position\":3,\"name\":\"Moniteur tactile couleur 7\"}]},{\"@type\":\"WebSite\",\"@id\":\"https:\\\/\\\/btmtelectric.com\\\/#website\",\"url\":\"https:\\\/\\\/btmtelectric.com\\\/\",\"name\":\"BTMT ELECTRIC \u2013 Solutions \u00c9lectriques Fiables et Innovantes\",\"description\":\"\",\"publisher\":{\"@id\":\"https:\\\/\\\/btmtelectric.com\\\/#organization\"},\"potentialAction\":[{\"@type\":\"SearchAction\",\"target\":{\"@type\":\"EntryPoint\",\"urlTemplate\":\"https:\\\/\\\/btmtelectric.com\\\/?s={search_term_string}\"},\"query-input\":{\"@type\":\"PropertyValueSpecification\",\"valueRequired\":true,\"valueName\":\"search_term_string\"}}],\"inLanguage\":\"fr-FR\"},{\"@type\":\"Organization\",\"@id\":\"https:\\\/\\\/btmtelectric.com\\\/#organization\",\"name\":\"BTMT ELECTRIC \u2013 Solutions \u00c9lectriques Fiables et Innovantes\",\"url\":\"https:\\\/\\\/btmtelectric.com\\\/\",\"logo\":{\"@type\":\"ImageObject\",\"inLanguage\":\"fr-FR\",\"@id\":\"https:\\\/\\\/btmtelectric.com\\\/#\\\/schema\\\/logo\\\/image\\\/\",\"url\":\"https:\\\/\\\/btmtelectric.com\\\/wp-content\\\/uploads\\\/2025\\\/07\\\/WhatsApp_Image_2025-07-09_at_11.45.18_AM-removebg-preview-1.png\",\"contentUrl\":\"https:\\\/\\\/btmtelectric.com\\\/wp-content\\\/uploads\\\/2025\\\/07\\\/WhatsApp_Image_2025-07-09_at_11.45.18_AM-removebg-preview-1.png\",\"width\":175,\"height\":42,\"caption\":\"BTMT ELECTRIC \u2013 Solutions \u00c9lectriques Fiables et Innovantes\"},\"image\":{\"@id\":\"https:\\\/\\\/btmtelectric.com\\\/#\\\/schema\\\/logo\\\/image\\\/\"},\"sameAs\":[\"https:\\\/\\\/www.facebook.com\\\/profile.php?id=61578000361796\",\"https:\\\/\\\/www.instagram.com\\\/btmtelectric\\\/\"]}]}<\/script>\n<!-- \/ Yoast SEO plugin. -->","yoast_head_json":{"title":"Moniteur tactile couleur 7 - BTMT ELECTRIC \u2013 Solutions \u00c9lectriques Fiables et Innovantes","robots":{"index":"index","follow":"follow","max-snippet":"max-snippet:-1","max-image-preview":"max-image-preview:large","max-video-preview":"max-video-preview:-1"},"canonical":"https:\/\/btmtelectric.com\/index.php\/product\/moniteur-tactile-couleur-7\/","og_locale":"fr_FR","og_type":"article","og_title":"Moniteur tactile couleur 7 - BTMT ELECTRIC \u2013 Solutions \u00c9lectriques Fiables et Innovantes","og_description":"Ce moniteur tactile couleur de 7 pouces offre une r\u00e9solution claire de 1024 \u00d7 600 pixels et int\u00e8gre la nouvelle interface utilisateur UI V2.0, con\u00e7ue pour une utilisation intuitive et conviviale. Il supporte l\u2019alimentation via PoE (Power over Ethernet) pour une installation simplifi\u00e9e. Le moniteur peut stocker les messages et capturer des images directement sur une carte TF, facilitant la gestion des donn\u00e9es. Il permet le d\u00e9verrouillage \u00e0 distance via un logiciel client ou une application mobile, offrant une s\u00e9curit\u00e9 et un contr\u00f4le accrus. De plus, il permet de visualiser en temps r\u00e9el les vid\u00e9os des postes de porte et des cam\u00e9ras connect\u00e9es, garantissant une surveillance compl\u00e8te.","og_url":"https:\/\/btmtelectric.com\/index.php\/product\/moniteur-tactile-couleur-7\/","og_site_name":"BTMT ELECTRIC \u2013 Solutions \u00c9lectriques Fiables et Innovantes","article_publisher":"https:\/\/www.facebook.com\/profile.php?id=61578000361796","article_modified_time":"2025-07-23T09:06:34+00:00","og_image":[{"width":500,"height":500,"url":"https:\/\/btmtelectric.com\/wp-content\/uploads\/2025\/07\/lbgwp60-moniteur-ecran-tactile-8-pouces-1280-x-720-ecran-hdmi-portable-ips-lcd-compatible-avec-rasp-pi-5-4b-3b-3b-windows-7-8-10-54383865330_L_NOPAD.jpg","type":"image\/jpeg"}],"twitter_card":"summary_large_image","schema":{"@context":"https:\/\/schema.org","@graph":[{"@type":"WebPage","@id":"https:\/\/btmtelectric.com\/index.php\/product\/moniteur-tactile-couleur-7\/","url":"https:\/\/btmtelectric.com\/index.php\/product\/moniteur-tactile-couleur-7\/","name":"Moniteur tactile couleur 7 - BTMT ELECTRIC \u2013 Solutions \u00c9lectriques Fiables et Innovantes","isPartOf":{"@id":"https:\/\/btmtelectric.com\/#website"},"primaryImageOfPage":{"@id":"https:\/\/btmtelectric.com\/index.php\/product\/moniteur-tactile-couleur-7\/#primaryimage"},"image":{"@id":"https:\/\/btmtelectric.com\/index.php\/product\/moniteur-tactile-couleur-7\/#primaryimage"},"thumbnailUrl":"https:\/\/btmtelectric.com\/wp-content\/uploads\/2025\/07\/lbgwp60-moniteur-ecran-tactile-8-pouces-1280-x-720-ecran-hdmi-portable-ips-lcd-compatible-avec-rasp-pi-5-4b-3b-3b-windows-7-8-10-54383865330_L_NOPAD.jpg","datePublished":"2025-07-23T09:05:53+00:00","dateModified":"2025-07-23T09:06:34+00:00","breadcrumb":{"@id":"https:\/\/btmtelectric.com\/index.php\/product\/moniteur-tactile-couleur-7\/#breadcrumb"},"inLanguage":"fr-FR","potentialAction":[{"@type":"ReadAction","target":["https:\/\/btmtelectric.com\/index.php\/product\/moniteur-tactile-couleur-7\/"]}]},{"@type":"ImageObject","inLanguage":"fr-FR","@id":"https:\/\/btmtelectric.com\/index.php\/product\/moniteur-tactile-couleur-7\/#primaryimage","url":"https:\/\/btmtelectric.com\/wp-content\/uploads\/2025\/07\/lbgwp60-moniteur-ecran-tactile-8-pouces-1280-x-720-ecran-hdmi-portable-ips-lcd-compatible-avec-rasp-pi-5-4b-3b-3b-windows-7-8-10-54383865330_L_NOPAD.jpg","contentUrl":"https:\/\/btmtelectric.com\/wp-content\/uploads\/2025\/07\/lbgwp60-moniteur-ecran-tactile-8-pouces-1280-x-720-ecran-hdmi-portable-ips-lcd-compatible-avec-rasp-pi-5-4b-3b-3b-windows-7-8-10-54383865330_L_NOPAD.jpg","width":500,"height":500},{"@type":"BreadcrumbList","@id":"https:\/\/btmtelectric.com\/index.php\/product\/moniteur-tactile-couleur-7\/#breadcrumb","itemListElement":[{"@type":"ListItem","position":1,"name":"Accueil","item":"https:\/\/btmtelectric.com\/"},{"@type":"ListItem","position":2,"name":"Boutique","item":"https:\/\/btmtelectric.com\/index.php\/boutique\/"},{"@type":"ListItem","position":3,"name":"Moniteur tactile couleur 7"}]},{"@type":"WebSite","@id":"https:\/\/btmtelectric.com\/#website","url":"https:\/\/btmtelectric.com\/","name":"BTMT ELECTRIC \u2013 Solutions \u00c9lectriques Fiables et Innovantes","description":"","publisher":{"@id":"https:\/\/btmtelectric.com\/#organization"},"potentialAction":[{"@type":"SearchAction","target":{"@type":"EntryPoint","urlTemplate":"https:\/\/btmtelectric.com\/?s={search_term_string}"},"query-input":{"@type":"PropertyValueSpecification","valueRequired":true,"valueName":"search_term_string"}}],"inLanguage":"fr-FR"},{"@type":"Organization","@id":"https:\/\/btmtelectric.com\/#organization","name":"BTMT ELECTRIC \u2013 Solutions \u00c9lectriques Fiables et Innovantes","url":"https:\/\/btmtelectric.com\/","logo":{"@type":"ImageObject","inLanguage":"fr-FR","@id":"https:\/\/btmtelectric.com\/#\/schema\/logo\/image\/","url":"https:\/\/btmtelectric.com\/wp-content\/uploads\/2025\/07\/WhatsApp_Image_2025-07-09_at_11.45.18_AM-removebg-preview-1.png","contentUrl":"https:\/\/btmtelectric.com\/wp-content\/uploads\/2025\/07\/WhatsApp_Image_2025-07-09_at_11.45.18_AM-removebg-preview-1.png","width":175,"height":42,"caption":"BTMT ELECTRIC \u2013 Solutions \u00c9lectriques Fiables et Innovantes"},"image":{"@id":"https:\/\/btmtelectric.com\/#\/schema\/logo\/image\/"},"sameAs":["https:\/\/www.facebook.com\/profile.php?id=61578000361796","https:\/\/www.instagram.com\/btmtelectric\/"]}]}},"_links":{"self":[{"href":"https:\/\/btmtelectric.com\/index.php\/wp-json\/wp\/v2\/product\/8453","targetHints":{"allow":["GET"]}}],"collection":[{"href":"https:\/\/btmtelectric.com\/index.php\/wp-json\/wp\/v2\/product"}],"about":[{"href":"https:\/\/btmtelectric.com\/index.php\/wp-json\/wp\/v2\/types\/product"}],"replies":[{"embeddable":true,"href":"https:\/\/btmtelectric.com\/index.php\/wp-json\/wp\/v2\/comments?post=8453"}],"wp:featuredmedia":[{"embeddable":true,"href":"https:\/\/btmtelectric.com\/index.php\/wp-json\/wp\/v2\/media\/8454"}],"wp:attachment":[{"href":"https:\/\/btmtelectric.com\/index.php\/wp-json\/wp\/v2\/media?parent=8453"}],"wp:term":[{"taxonomy":"product_brand","embeddable":true,"href":"https:\/\/btmtelectric.com\/index.php\/wp-json\/wp\/v2\/product_brand?post=8453"},{"taxonomy":"product_cat","embeddable":true,"href":"https:\/\/btmtelectric.com\/index.php\/wp-json\/wp\/v2\/product_cat?post=8453"},{"taxonomy":"product_tag","embeddable":true,"href":"https:\/\/btmtelectric.com\/index.php\/wp-json\/wp\/v2\/product_tag?post=8453"}],"curies":[{"name":"wp","href":"https:\/\/api.w.org\/{rel}","templated":true}]}}