{"id":8446,"date":"2025-07-23T08:49:09","date_gmt":"2025-07-23T08:49:09","guid":{"rendered":"https:\/\/btmtelectric.com\/?post_type=product&#038;p=8446"},"modified":"2025-07-23T08:49:09","modified_gmt":"2025-07-23T08:49:09","slug":"camera-turret-2mp-smart-hybrid-light-micro-integ","status":"publish","type":"product","link":"https:\/\/btmtelectric.com\/index.php\/product\/camera-turret-2mp-smart-hybrid-light-micro-integ\/","title":{"rendered":"Camera Turret 2MP, Smart Hybrid Light, Micro Integ"},"content":{"rendered":"<p data-start=\"317\" data-end=\"543\">Cette cam\u00e9ra de surveillance offre une <strong data-start=\"356\" data-end=\"386\">r\u00e9solution de 2 m\u00e9gapixels<\/strong> pour des images claires et d\u00e9taill\u00e9es. Elle prend en charge la <strong data-start=\"450\" data-end=\"505\">d\u00e9tection intelligente des humains et des v\u00e9hicules<\/strong>, am\u00e9liorant la pr\u00e9cision des alertes.<\/p>\n<p data-start=\"545\" data-end=\"753\">Gr\u00e2ce \u00e0 la technologie <strong data-start=\"568\" data-end=\"590\">Smart Hybrid Light<\/strong>, elle combine une lumi\u00e8re infrarouge et une lumi\u00e8re blanche avanc\u00e9e pour une vision nocturne longue port\u00e9e et des images de haute qualit\u00e9 m\u00eame dans l\u2019obscurit\u00e9.<\/p>\n<p data-start=\"755\" data-end=\"882\">Elle int\u00e8gre un <strong data-start=\"771\" data-end=\"793\">microphone int\u00e9gr\u00e9<\/strong> permettant une surveillance audio en temps r\u00e9el, renfor\u00e7ant la s\u00e9curit\u00e9 globale du site.<\/p>\n<p data-start=\"884\" data-end=\"994\">Pour optimiser la gestion des donn\u00e9es, elle utilise la technologie de compression vid\u00e9o efficace <strong data-start=\"981\" data-end=\"991\">H.265+<\/strong>.<\/p>\n<p data-start=\"996\" data-end=\"1141\">Con\u00e7ue pour une utilisation ext\u00e9rieure robuste, cette cam\u00e9ra est certifi\u00e9e <strong data-start=\"1071\" data-end=\"1079\">IP67<\/strong>, assurant une protection fiable contre l\u2019eau et la poussi\u00e8re.<\/p>\n","protected":false},"excerpt":{"rendered":"<p>Cam\u00e9ra 2 MP haute qualit\u00e9 avec d\u00e9tection humaine et v\u00e9hicule, lumi\u00e8re hybride intelligente, microphone int\u00e9gr\u00e9, compression H.265+, et protection IP67.<\/p>\n","protected":false},"featured_media":8447,"comment_status":"open","ping_status":"closed","template":"","meta":{"_acf_changed":false,"content-type":""},"product_brand":[],"product_cat":[348],"product_tag":[],"class_list":{"0":"post-8446","1":"product","2":"type-product","3":"status-publish","4":"has-post-thumbnail","6":"product_cat-ip","8":"first","9":"instock","10":"shipping-taxable","11":"purchasable","12":"product-type-simple"},"acf":[],"yoast_head":"<!-- This site is optimized with the Yoast SEO plugin v27.3 - https:\/\/yoast.com\/product\/yoast-seo-wordpress\/ -->\n<title>Camera Turret 2MP, Smart Hybrid Light, Micro Integ - BTMT ELECTRIC \u2013 Solutions \u00c9lectriques Fiables et Innovantes<\/title>\n<meta name=\"robots\" content=\"index, follow, max-snippet:-1, max-image-preview:large, max-video-preview:-1\" \/>\n<link rel=\"canonical\" href=\"https:\/\/btmtelectric.com\/index.php\/product\/camera-turret-2mp-smart-hybrid-light-micro-integ\/\" \/>\n<meta property=\"og:locale\" content=\"fr_FR\" \/>\n<meta property=\"og:type\" content=\"article\" \/>\n<meta property=\"og:title\" content=\"Camera Turret 2MP, Smart Hybrid Light, Micro Integ - BTMT ELECTRIC \u2013 Solutions \u00c9lectriques Fiables et Innovantes\" \/>\n<meta property=\"og:description\" content=\"Cam\u00e9ra 2 MP haute qualit\u00e9 avec d\u00e9tection humaine et v\u00e9hicule, lumi\u00e8re hybride intelligente, microphone int\u00e9gr\u00e9, compression H.265+, et protection IP67.\" \/>\n<meta property=\"og:url\" content=\"https:\/\/btmtelectric.com\/index.php\/product\/camera-turret-2mp-smart-hybrid-light-micro-integ\/\" \/>\n<meta property=\"og:site_name\" content=\"BTMT ELECTRIC \u2013 Solutions \u00c9lectriques Fiables et Innovantes\" \/>\n<meta property=\"article:publisher\" content=\"https:\/\/www.facebook.com\/profile.php?id=61578000361796\" \/>\n<meta property=\"og:image\" content=\"https:\/\/btmtelectric.com\/wp-content\/uploads\/2025\/07\/images-2.jpg\" \/>\n\t<meta property=\"og:image:width\" content=\"225\" \/>\n\t<meta property=\"og:image:height\" content=\"225\" \/>\n\t<meta property=\"og:image:type\" content=\"image\/jpeg\" \/>\n<meta name=\"twitter:card\" content=\"summary_large_image\" \/>\n<meta name=\"twitter:label1\" content=\"Dur\u00e9e de lecture estim\u00e9e\" \/>\n\t<meta name=\"twitter:data1\" content=\"1 minute\" \/>\n<script type=\"application\/ld+json\" class=\"yoast-schema-graph\">{\"@context\":\"https:\\\/\\\/schema.org\",\"@graph\":[{\"@type\":\"WebPage\",\"@id\":\"https:\\\/\\\/btmtelectric.com\\\/index.php\\\/product\\\/camera-turret-2mp-smart-hybrid-light-micro-integ\\\/\",\"url\":\"https:\\\/\\\/btmtelectric.com\\\/index.php\\\/product\\\/camera-turret-2mp-smart-hybrid-light-micro-integ\\\/\",\"name\":\"Camera Turret 2MP, Smart Hybrid Light, Micro Integ - BTMT ELECTRIC \u2013 Solutions \u00c9lectriques Fiables et Innovantes\",\"isPartOf\":{\"@id\":\"https:\\\/\\\/btmtelectric.com\\\/#website\"},\"primaryImageOfPage\":{\"@id\":\"https:\\\/\\\/btmtelectric.com\\\/index.php\\\/product\\\/camera-turret-2mp-smart-hybrid-light-micro-integ\\\/#primaryimage\"},\"image\":{\"@id\":\"https:\\\/\\\/btmtelectric.com\\\/index.php\\\/product\\\/camera-turret-2mp-smart-hybrid-light-micro-integ\\\/#primaryimage\"},\"thumbnailUrl\":\"https:\\\/\\\/btmtelectric.com\\\/wp-content\\\/uploads\\\/2025\\\/07\\\/images-2.jpg\",\"datePublished\":\"2025-07-23T08:49:09+00:00\",\"breadcrumb\":{\"@id\":\"https:\\\/\\\/btmtelectric.com\\\/index.php\\\/product\\\/camera-turret-2mp-smart-hybrid-light-micro-integ\\\/#breadcrumb\"},\"inLanguage\":\"fr-FR\",\"potentialAction\":[{\"@type\":\"ReadAction\",\"target\":[\"https:\\\/\\\/btmtelectric.com\\\/index.php\\\/product\\\/camera-turret-2mp-smart-hybrid-light-micro-integ\\\/\"]}]},{\"@type\":\"ImageObject\",\"inLanguage\":\"fr-FR\",\"@id\":\"https:\\\/\\\/btmtelectric.com\\\/index.php\\\/product\\\/camera-turret-2mp-smart-hybrid-light-micro-integ\\\/#primaryimage\",\"url\":\"https:\\\/\\\/btmtelectric.com\\\/wp-content\\\/uploads\\\/2025\\\/07\\\/images-2.jpg\",\"contentUrl\":\"https:\\\/\\\/btmtelectric.com\\\/wp-content\\\/uploads\\\/2025\\\/07\\\/images-2.jpg\",\"width\":225,\"height\":225},{\"@type\":\"BreadcrumbList\",\"@id\":\"https:\\\/\\\/btmtelectric.com\\\/index.php\\\/product\\\/camera-turret-2mp-smart-hybrid-light-micro-integ\\\/#breadcrumb\",\"itemListElement\":[{\"@type\":\"ListItem\",\"position\":1,\"name\":\"Accueil\",\"item\":\"https:\\\/\\\/btmtelectric.com\\\/\"},{\"@type\":\"ListItem\",\"position\":2,\"name\":\"Boutique\",\"item\":\"https:\\\/\\\/btmtelectric.com\\\/index.php\\\/boutique\\\/\"},{\"@type\":\"ListItem\",\"position\":3,\"name\":\"Camera Turret 2MP, Smart Hybrid Light, Micro Integ\"}]},{\"@type\":\"WebSite\",\"@id\":\"https:\\\/\\\/btmtelectric.com\\\/#website\",\"url\":\"https:\\\/\\\/btmtelectric.com\\\/\",\"name\":\"BTMT ELECTRIC \u2013 Solutions \u00c9lectriques Fiables et Innovantes\",\"description\":\"\",\"publisher\":{\"@id\":\"https:\\\/\\\/btmtelectric.com\\\/#organization\"},\"potentialAction\":[{\"@type\":\"SearchAction\",\"target\":{\"@type\":\"EntryPoint\",\"urlTemplate\":\"https:\\\/\\\/btmtelectric.com\\\/?s={search_term_string}\"},\"query-input\":{\"@type\":\"PropertyValueSpecification\",\"valueRequired\":true,\"valueName\":\"search_term_string\"}}],\"inLanguage\":\"fr-FR\"},{\"@type\":\"Organization\",\"@id\":\"https:\\\/\\\/btmtelectric.com\\\/#organization\",\"name\":\"BTMT ELECTRIC \u2013 Solutions \u00c9lectriques Fiables et Innovantes\",\"url\":\"https:\\\/\\\/btmtelectric.com\\\/\",\"logo\":{\"@type\":\"ImageObject\",\"inLanguage\":\"fr-FR\",\"@id\":\"https:\\\/\\\/btmtelectric.com\\\/#\\\/schema\\\/logo\\\/image\\\/\",\"url\":\"https:\\\/\\\/btmtelectric.com\\\/wp-content\\\/uploads\\\/2025\\\/07\\\/WhatsApp_Image_2025-07-09_at_11.45.18_AM-removebg-preview-1.png\",\"contentUrl\":\"https:\\\/\\\/btmtelectric.com\\\/wp-content\\\/uploads\\\/2025\\\/07\\\/WhatsApp_Image_2025-07-09_at_11.45.18_AM-removebg-preview-1.png\",\"width\":175,\"height\":42,\"caption\":\"BTMT ELECTRIC \u2013 Solutions \u00c9lectriques Fiables et Innovantes\"},\"image\":{\"@id\":\"https:\\\/\\\/btmtelectric.com\\\/#\\\/schema\\\/logo\\\/image\\\/\"},\"sameAs\":[\"https:\\\/\\\/www.facebook.com\\\/profile.php?id=61578000361796\",\"https:\\\/\\\/www.instagram.com\\\/btmtelectric\\\/\"]}]}<\/script>\n<!-- \/ Yoast SEO plugin. -->","yoast_head_json":{"title":"Camera Turret 2MP, Smart Hybrid Light, Micro Integ - BTMT ELECTRIC \u2013 Solutions \u00c9lectriques Fiables et Innovantes","robots":{"index":"index","follow":"follow","max-snippet":"max-snippet:-1","max-image-preview":"max-image-preview:large","max-video-preview":"max-video-preview:-1"},"canonical":"https:\/\/btmtelectric.com\/index.php\/product\/camera-turret-2mp-smart-hybrid-light-micro-integ\/","og_locale":"fr_FR","og_type":"article","og_title":"Camera Turret 2MP, Smart Hybrid Light, Micro Integ - BTMT ELECTRIC \u2013 Solutions \u00c9lectriques Fiables et Innovantes","og_description":"Cam\u00e9ra 2 MP haute qualit\u00e9 avec d\u00e9tection humaine et v\u00e9hicule, lumi\u00e8re hybride intelligente, microphone int\u00e9gr\u00e9, compression H.265+, et protection IP67.","og_url":"https:\/\/btmtelectric.com\/index.php\/product\/camera-turret-2mp-smart-hybrid-light-micro-integ\/","og_site_name":"BTMT ELECTRIC \u2013 Solutions \u00c9lectriques Fiables et Innovantes","article_publisher":"https:\/\/www.facebook.com\/profile.php?id=61578000361796","og_image":[{"width":225,"height":225,"url":"https:\/\/btmtelectric.com\/wp-content\/uploads\/2025\/07\/images-2.jpg","type":"image\/jpeg"}],"twitter_card":"summary_large_image","twitter_misc":{"Dur\u00e9e de lecture estim\u00e9e":"1 minute"},"schema":{"@context":"https:\/\/schema.org","@graph":[{"@type":"WebPage","@id":"https:\/\/btmtelectric.com\/index.php\/product\/camera-turret-2mp-smart-hybrid-light-micro-integ\/","url":"https:\/\/btmtelectric.com\/index.php\/product\/camera-turret-2mp-smart-hybrid-light-micro-integ\/","name":"Camera Turret 2MP, Smart Hybrid Light, Micro Integ - BTMT ELECTRIC \u2013 Solutions \u00c9lectriques Fiables et Innovantes","isPartOf":{"@id":"https:\/\/btmtelectric.com\/#website"},"primaryImageOfPage":{"@id":"https:\/\/btmtelectric.com\/index.php\/product\/camera-turret-2mp-smart-hybrid-light-micro-integ\/#primaryimage"},"image":{"@id":"https:\/\/btmtelectric.com\/index.php\/product\/camera-turret-2mp-smart-hybrid-light-micro-integ\/#primaryimage"},"thumbnailUrl":"https:\/\/btmtelectric.com\/wp-content\/uploads\/2025\/07\/images-2.jpg","datePublished":"2025-07-23T08:49:09+00:00","breadcrumb":{"@id":"https:\/\/btmtelectric.com\/index.php\/product\/camera-turret-2mp-smart-hybrid-light-micro-integ\/#breadcrumb"},"inLanguage":"fr-FR","potentialAction":[{"@type":"ReadAction","target":["https:\/\/btmtelectric.com\/index.php\/product\/camera-turret-2mp-smart-hybrid-light-micro-integ\/"]}]},{"@type":"ImageObject","inLanguage":"fr-FR","@id":"https:\/\/btmtelectric.com\/index.php\/product\/camera-turret-2mp-smart-hybrid-light-micro-integ\/#primaryimage","url":"https:\/\/btmtelectric.com\/wp-content\/uploads\/2025\/07\/images-2.jpg","contentUrl":"https:\/\/btmtelectric.com\/wp-content\/uploads\/2025\/07\/images-2.jpg","width":225,"height":225},{"@type":"BreadcrumbList","@id":"https:\/\/btmtelectric.com\/index.php\/product\/camera-turret-2mp-smart-hybrid-light-micro-integ\/#breadcrumb","itemListElement":[{"@type":"ListItem","position":1,"name":"Accueil","item":"https:\/\/btmtelectric.com\/"},{"@type":"ListItem","position":2,"name":"Boutique","item":"https:\/\/btmtelectric.com\/index.php\/boutique\/"},{"@type":"ListItem","position":3,"name":"Camera Turret 2MP, Smart Hybrid Light, Micro Integ"}]},{"@type":"WebSite","@id":"https:\/\/btmtelectric.com\/#website","url":"https:\/\/btmtelectric.com\/","name":"BTMT ELECTRIC \u2013 Solutions \u00c9lectriques Fiables et Innovantes","description":"","publisher":{"@id":"https:\/\/btmtelectric.com\/#organization"},"potentialAction":[{"@type":"SearchAction","target":{"@type":"EntryPoint","urlTemplate":"https:\/\/btmtelectric.com\/?s={search_term_string}"},"query-input":{"@type":"PropertyValueSpecification","valueRequired":true,"valueName":"search_term_string"}}],"inLanguage":"fr-FR"},{"@type":"Organization","@id":"https:\/\/btmtelectric.com\/#organization","name":"BTMT ELECTRIC \u2013 Solutions \u00c9lectriques Fiables et Innovantes","url":"https:\/\/btmtelectric.com\/","logo":{"@type":"ImageObject","inLanguage":"fr-FR","@id":"https:\/\/btmtelectric.com\/#\/schema\/logo\/image\/","url":"https:\/\/btmtelectric.com\/wp-content\/uploads\/2025\/07\/WhatsApp_Image_2025-07-09_at_11.45.18_AM-removebg-preview-1.png","contentUrl":"https:\/\/btmtelectric.com\/wp-content\/uploads\/2025\/07\/WhatsApp_Image_2025-07-09_at_11.45.18_AM-removebg-preview-1.png","width":175,"height":42,"caption":"BTMT ELECTRIC \u2013 Solutions \u00c9lectriques Fiables et Innovantes"},"image":{"@id":"https:\/\/btmtelectric.com\/#\/schema\/logo\/image\/"},"sameAs":["https:\/\/www.facebook.com\/profile.php?id=61578000361796","https:\/\/www.instagram.com\/btmtelectric\/"]}]}},"_links":{"self":[{"href":"https:\/\/btmtelectric.com\/index.php\/wp-json\/wp\/v2\/product\/8446","targetHints":{"allow":["GET"]}}],"collection":[{"href":"https:\/\/btmtelectric.com\/index.php\/wp-json\/wp\/v2\/product"}],"about":[{"href":"https:\/\/btmtelectric.com\/index.php\/wp-json\/wp\/v2\/types\/product"}],"replies":[{"embeddable":true,"href":"https:\/\/btmtelectric.com\/index.php\/wp-json\/wp\/v2\/comments?post=8446"}],"wp:featuredmedia":[{"embeddable":true,"href":"https:\/\/btmtelectric.com\/index.php\/wp-json\/wp\/v2\/media\/8447"}],"wp:attachment":[{"href":"https:\/\/btmtelectric.com\/index.php\/wp-json\/wp\/v2\/media?parent=8446"}],"wp:term":[{"taxonomy":"product_brand","embeddable":true,"href":"https:\/\/btmtelectric.com\/index.php\/wp-json\/wp\/v2\/product_brand?post=8446"},{"taxonomy":"product_cat","embeddable":true,"href":"https:\/\/btmtelectric.com\/index.php\/wp-json\/wp\/v2\/product_cat?post=8446"},{"taxonomy":"product_tag","embeddable":true,"href":"https:\/\/btmtelectric.com\/index.php\/wp-json\/wp\/v2\/product_tag?post=8446"}],"curies":[{"name":"wp","href":"https:\/\/api.w.org\/{rel}","templated":true}]}}