{"id":8444,"date":"2025-07-23T08:47:42","date_gmt":"2025-07-23T08:47:42","guid":{"rendered":"https:\/\/btmtelectric.com\/?post_type=product&#038;p=8444"},"modified":"2025-07-23T08:47:43","modified_gmt":"2025-07-23T08:47:43","slug":"camera-ip-turret-ir-30m-2mp-ip66-28mm","status":"publish","type":"product","link":"https:\/\/btmtelectric.com\/index.php\/product\/camera-ip-turret-ir-30m-2mp-ip66-28mm\/","title":{"rendered":"Camera IP Turret IR 30m, 2MP,  IP66, 2,8mm"},"content":{"rendered":"<p data-start=\"293\" data-end=\"560\">Cette cam\u00e9ra offre une <strong data-start=\"316\" data-end=\"358\">qualit\u00e9 d\u2019image \u00e9lev\u00e9e en 2 m\u00e9gapixels<\/strong> avec une r\u00e9solution claire et pr\u00e9cise. Elle utilise la technologie de compression vid\u00e9o <strong data-start=\"447\" data-end=\"457\">H.265+<\/strong> pour un enregistrement efficace, r\u00e9duisant l\u2019utilisation de la bande passante et l\u2019espace de stockage.<\/p>\n<p data-start=\"562\" data-end=\"817\">Gr\u00e2ce \u00e0 la technologie <strong data-start=\"585\" data-end=\"622\">DWDR (Digital Wide Dynamic Range)<\/strong>, elle garantit une image nette m\u00eame face \u00e0 un fort contre-jour. Con\u00e7ue pour r\u00e9sister aux conditions ext\u00e9rieures difficiles, elle b\u00e9n\u00e9ficie d\u2019une protection <strong data-start=\"779\" data-end=\"787\">IP67<\/strong> contre l\u2019eau et la poussi\u00e8re.<\/p>\n<p data-start=\"819\" data-end=\"1011\">La cam\u00e9ra est \u00e9quip\u00e9e de la technologie infrarouge avanc\u00e9e <strong data-start=\"878\" data-end=\"890\">EXIR 2.0<\/strong>, assurant une vision nocturne de qualit\u00e9 avec une port\u00e9e infrarouge \u00e9tendue pour une surveillance optimale jour et nuit.<\/p>\n","protected":false},"excerpt":{"rendered":"<p>Cam\u00e9ra 2 MP haute qualit\u00e9 avec compression H.265+, technologie DWDR, protection IP67 et infrarouge EXIR 2.0 \u00e0 longue port\u00e9e.<\/p>\n","protected":false},"featured_media":8445,"comment_status":"open","ping_status":"closed","template":"","meta":{"_acf_changed":false,"content-type":""},"product_brand":[],"product_cat":[348],"product_tag":[],"class_list":{"0":"post-8444","1":"product","2":"type-product","3":"status-publish","4":"has-post-thumbnail","6":"product_cat-ip","8":"first","9":"instock","10":"shipping-taxable","11":"purchasable","12":"product-type-simple"},"acf":[],"yoast_head":"<!-- This site is optimized with the Yoast SEO plugin v27.3 - https:\/\/yoast.com\/product\/yoast-seo-wordpress\/ -->\n<title>Camera IP Turret IR 30m, 2MP, IP66, 2,8mm - BTMT ELECTRIC \u2013 Solutions \u00c9lectriques Fiables et Innovantes<\/title>\n<meta name=\"robots\" content=\"index, follow, max-snippet:-1, max-image-preview:large, max-video-preview:-1\" \/>\n<link rel=\"canonical\" href=\"https:\/\/btmtelectric.com\/index.php\/product\/camera-ip-turret-ir-30m-2mp-ip66-28mm\/\" \/>\n<meta property=\"og:locale\" content=\"fr_FR\" \/>\n<meta property=\"og:type\" content=\"article\" \/>\n<meta property=\"og:title\" content=\"Camera IP Turret IR 30m, 2MP, IP66, 2,8mm - BTMT ELECTRIC \u2013 Solutions \u00c9lectriques Fiables et Innovantes\" \/>\n<meta property=\"og:description\" content=\"Cam\u00e9ra 2 MP haute qualit\u00e9 avec compression H.265+, technologie DWDR, protection IP67 et infrarouge EXIR 2.0 \u00e0 longue port\u00e9e.\" \/>\n<meta property=\"og:url\" content=\"https:\/\/btmtelectric.com\/index.php\/product\/camera-ip-turret-ir-30m-2mp-ip66-28mm\/\" \/>\n<meta property=\"og:site_name\" content=\"BTMT ELECTRIC \u2013 Solutions \u00c9lectriques Fiables et Innovantes\" \/>\n<meta property=\"article:publisher\" content=\"https:\/\/www.facebook.com\/profile.php?id=61578000361796\" \/>\n<meta property=\"article:modified_time\" content=\"2025-07-23T08:47:43+00:00\" \/>\n<meta property=\"og:image\" content=\"https:\/\/btmtelectric.com\/wp-content\/uploads\/2025\/07\/images-1.jpg\" \/>\n\t<meta property=\"og:image:width\" content=\"225\" \/>\n\t<meta property=\"og:image:height\" content=\"225\" \/>\n\t<meta property=\"og:image:type\" content=\"image\/jpeg\" \/>\n<meta name=\"twitter:card\" content=\"summary_large_image\" \/>\n<meta name=\"twitter:label1\" content=\"Dur\u00e9e de lecture estim\u00e9e\" \/>\n\t<meta name=\"twitter:data1\" content=\"1 minute\" \/>\n<script type=\"application\/ld+json\" class=\"yoast-schema-graph\">{\"@context\":\"https:\\\/\\\/schema.org\",\"@graph\":[{\"@type\":\"WebPage\",\"@id\":\"https:\\\/\\\/btmtelectric.com\\\/index.php\\\/product\\\/camera-ip-turret-ir-30m-2mp-ip66-28mm\\\/\",\"url\":\"https:\\\/\\\/btmtelectric.com\\\/index.php\\\/product\\\/camera-ip-turret-ir-30m-2mp-ip66-28mm\\\/\",\"name\":\"Camera IP Turret IR 30m, 2MP, IP66, 2,8mm - BTMT ELECTRIC \u2013 Solutions \u00c9lectriques Fiables et Innovantes\",\"isPartOf\":{\"@id\":\"https:\\\/\\\/btmtelectric.com\\\/#website\"},\"primaryImageOfPage\":{\"@id\":\"https:\\\/\\\/btmtelectric.com\\\/index.php\\\/product\\\/camera-ip-turret-ir-30m-2mp-ip66-28mm\\\/#primaryimage\"},\"image\":{\"@id\":\"https:\\\/\\\/btmtelectric.com\\\/index.php\\\/product\\\/camera-ip-turret-ir-30m-2mp-ip66-28mm\\\/#primaryimage\"},\"thumbnailUrl\":\"https:\\\/\\\/btmtelectric.com\\\/wp-content\\\/uploads\\\/2025\\\/07\\\/images-1.jpg\",\"datePublished\":\"2025-07-23T08:47:42+00:00\",\"dateModified\":\"2025-07-23T08:47:43+00:00\",\"breadcrumb\":{\"@id\":\"https:\\\/\\\/btmtelectric.com\\\/index.php\\\/product\\\/camera-ip-turret-ir-30m-2mp-ip66-28mm\\\/#breadcrumb\"},\"inLanguage\":\"fr-FR\",\"potentialAction\":[{\"@type\":\"ReadAction\",\"target\":[\"https:\\\/\\\/btmtelectric.com\\\/index.php\\\/product\\\/camera-ip-turret-ir-30m-2mp-ip66-28mm\\\/\"]}]},{\"@type\":\"ImageObject\",\"inLanguage\":\"fr-FR\",\"@id\":\"https:\\\/\\\/btmtelectric.com\\\/index.php\\\/product\\\/camera-ip-turret-ir-30m-2mp-ip66-28mm\\\/#primaryimage\",\"url\":\"https:\\\/\\\/btmtelectric.com\\\/wp-content\\\/uploads\\\/2025\\\/07\\\/images-1.jpg\",\"contentUrl\":\"https:\\\/\\\/btmtelectric.com\\\/wp-content\\\/uploads\\\/2025\\\/07\\\/images-1.jpg\",\"width\":225,\"height\":225},{\"@type\":\"BreadcrumbList\",\"@id\":\"https:\\\/\\\/btmtelectric.com\\\/index.php\\\/product\\\/camera-ip-turret-ir-30m-2mp-ip66-28mm\\\/#breadcrumb\",\"itemListElement\":[{\"@type\":\"ListItem\",\"position\":1,\"name\":\"Accueil\",\"item\":\"https:\\\/\\\/btmtelectric.com\\\/\"},{\"@type\":\"ListItem\",\"position\":2,\"name\":\"Boutique\",\"item\":\"https:\\\/\\\/btmtelectric.com\\\/index.php\\\/boutique\\\/\"},{\"@type\":\"ListItem\",\"position\":3,\"name\":\"Camera IP Turret IR 30m, 2MP, IP66, 2,8mm\"}]},{\"@type\":\"WebSite\",\"@id\":\"https:\\\/\\\/btmtelectric.com\\\/#website\",\"url\":\"https:\\\/\\\/btmtelectric.com\\\/\",\"name\":\"BTMT ELECTRIC \u2013 Solutions \u00c9lectriques Fiables et Innovantes\",\"description\":\"\",\"publisher\":{\"@id\":\"https:\\\/\\\/btmtelectric.com\\\/#organization\"},\"potentialAction\":[{\"@type\":\"SearchAction\",\"target\":{\"@type\":\"EntryPoint\",\"urlTemplate\":\"https:\\\/\\\/btmtelectric.com\\\/?s={search_term_string}\"},\"query-input\":{\"@type\":\"PropertyValueSpecification\",\"valueRequired\":true,\"valueName\":\"search_term_string\"}}],\"inLanguage\":\"fr-FR\"},{\"@type\":\"Organization\",\"@id\":\"https:\\\/\\\/btmtelectric.com\\\/#organization\",\"name\":\"BTMT ELECTRIC \u2013 Solutions \u00c9lectriques Fiables et Innovantes\",\"url\":\"https:\\\/\\\/btmtelectric.com\\\/\",\"logo\":{\"@type\":\"ImageObject\",\"inLanguage\":\"fr-FR\",\"@id\":\"https:\\\/\\\/btmtelectric.com\\\/#\\\/schema\\\/logo\\\/image\\\/\",\"url\":\"https:\\\/\\\/btmtelectric.com\\\/wp-content\\\/uploads\\\/2025\\\/07\\\/WhatsApp_Image_2025-07-09_at_11.45.18_AM-removebg-preview-1.png\",\"contentUrl\":\"https:\\\/\\\/btmtelectric.com\\\/wp-content\\\/uploads\\\/2025\\\/07\\\/WhatsApp_Image_2025-07-09_at_11.45.18_AM-removebg-preview-1.png\",\"width\":175,\"height\":42,\"caption\":\"BTMT ELECTRIC \u2013 Solutions \u00c9lectriques Fiables et Innovantes\"},\"image\":{\"@id\":\"https:\\\/\\\/btmtelectric.com\\\/#\\\/schema\\\/logo\\\/image\\\/\"},\"sameAs\":[\"https:\\\/\\\/www.facebook.com\\\/profile.php?id=61578000361796\",\"https:\\\/\\\/www.instagram.com\\\/btmtelectric\\\/\"]}]}<\/script>\n<!-- \/ Yoast SEO plugin. -->","yoast_head_json":{"title":"Camera IP Turret IR 30m, 2MP, IP66, 2,8mm - BTMT ELECTRIC \u2013 Solutions \u00c9lectriques Fiables et Innovantes","robots":{"index":"index","follow":"follow","max-snippet":"max-snippet:-1","max-image-preview":"max-image-preview:large","max-video-preview":"max-video-preview:-1"},"canonical":"https:\/\/btmtelectric.com\/index.php\/product\/camera-ip-turret-ir-30m-2mp-ip66-28mm\/","og_locale":"fr_FR","og_type":"article","og_title":"Camera IP Turret IR 30m, 2MP, IP66, 2,8mm - BTMT ELECTRIC \u2013 Solutions \u00c9lectriques Fiables et Innovantes","og_description":"Cam\u00e9ra 2 MP haute qualit\u00e9 avec compression H.265+, technologie DWDR, protection IP67 et infrarouge EXIR 2.0 \u00e0 longue port\u00e9e.","og_url":"https:\/\/btmtelectric.com\/index.php\/product\/camera-ip-turret-ir-30m-2mp-ip66-28mm\/","og_site_name":"BTMT ELECTRIC \u2013 Solutions \u00c9lectriques Fiables et Innovantes","article_publisher":"https:\/\/www.facebook.com\/profile.php?id=61578000361796","article_modified_time":"2025-07-23T08:47:43+00:00","og_image":[{"width":225,"height":225,"url":"https:\/\/btmtelectric.com\/wp-content\/uploads\/2025\/07\/images-1.jpg","type":"image\/jpeg"}],"twitter_card":"summary_large_image","twitter_misc":{"Dur\u00e9e de lecture estim\u00e9e":"1 minute"},"schema":{"@context":"https:\/\/schema.org","@graph":[{"@type":"WebPage","@id":"https:\/\/btmtelectric.com\/index.php\/product\/camera-ip-turret-ir-30m-2mp-ip66-28mm\/","url":"https:\/\/btmtelectric.com\/index.php\/product\/camera-ip-turret-ir-30m-2mp-ip66-28mm\/","name":"Camera IP Turret IR 30m, 2MP, IP66, 2,8mm - BTMT ELECTRIC \u2013 Solutions \u00c9lectriques Fiables et Innovantes","isPartOf":{"@id":"https:\/\/btmtelectric.com\/#website"},"primaryImageOfPage":{"@id":"https:\/\/btmtelectric.com\/index.php\/product\/camera-ip-turret-ir-30m-2mp-ip66-28mm\/#primaryimage"},"image":{"@id":"https:\/\/btmtelectric.com\/index.php\/product\/camera-ip-turret-ir-30m-2mp-ip66-28mm\/#primaryimage"},"thumbnailUrl":"https:\/\/btmtelectric.com\/wp-content\/uploads\/2025\/07\/images-1.jpg","datePublished":"2025-07-23T08:47:42+00:00","dateModified":"2025-07-23T08:47:43+00:00","breadcrumb":{"@id":"https:\/\/btmtelectric.com\/index.php\/product\/camera-ip-turret-ir-30m-2mp-ip66-28mm\/#breadcrumb"},"inLanguage":"fr-FR","potentialAction":[{"@type":"ReadAction","target":["https:\/\/btmtelectric.com\/index.php\/product\/camera-ip-turret-ir-30m-2mp-ip66-28mm\/"]}]},{"@type":"ImageObject","inLanguage":"fr-FR","@id":"https:\/\/btmtelectric.com\/index.php\/product\/camera-ip-turret-ir-30m-2mp-ip66-28mm\/#primaryimage","url":"https:\/\/btmtelectric.com\/wp-content\/uploads\/2025\/07\/images-1.jpg","contentUrl":"https:\/\/btmtelectric.com\/wp-content\/uploads\/2025\/07\/images-1.jpg","width":225,"height":225},{"@type":"BreadcrumbList","@id":"https:\/\/btmtelectric.com\/index.php\/product\/camera-ip-turret-ir-30m-2mp-ip66-28mm\/#breadcrumb","itemListElement":[{"@type":"ListItem","position":1,"name":"Accueil","item":"https:\/\/btmtelectric.com\/"},{"@type":"ListItem","position":2,"name":"Boutique","item":"https:\/\/btmtelectric.com\/index.php\/boutique\/"},{"@type":"ListItem","position":3,"name":"Camera IP Turret IR 30m, 2MP, IP66, 2,8mm"}]},{"@type":"WebSite","@id":"https:\/\/btmtelectric.com\/#website","url":"https:\/\/btmtelectric.com\/","name":"BTMT ELECTRIC \u2013 Solutions \u00c9lectriques Fiables et Innovantes","description":"","publisher":{"@id":"https:\/\/btmtelectric.com\/#organization"},"potentialAction":[{"@type":"SearchAction","target":{"@type":"EntryPoint","urlTemplate":"https:\/\/btmtelectric.com\/?s={search_term_string}"},"query-input":{"@type":"PropertyValueSpecification","valueRequired":true,"valueName":"search_term_string"}}],"inLanguage":"fr-FR"},{"@type":"Organization","@id":"https:\/\/btmtelectric.com\/#organization","name":"BTMT ELECTRIC \u2013 Solutions \u00c9lectriques Fiables et Innovantes","url":"https:\/\/btmtelectric.com\/","logo":{"@type":"ImageObject","inLanguage":"fr-FR","@id":"https:\/\/btmtelectric.com\/#\/schema\/logo\/image\/","url":"https:\/\/btmtelectric.com\/wp-content\/uploads\/2025\/07\/WhatsApp_Image_2025-07-09_at_11.45.18_AM-removebg-preview-1.png","contentUrl":"https:\/\/btmtelectric.com\/wp-content\/uploads\/2025\/07\/WhatsApp_Image_2025-07-09_at_11.45.18_AM-removebg-preview-1.png","width":175,"height":42,"caption":"BTMT ELECTRIC \u2013 Solutions \u00c9lectriques Fiables et Innovantes"},"image":{"@id":"https:\/\/btmtelectric.com\/#\/schema\/logo\/image\/"},"sameAs":["https:\/\/www.facebook.com\/profile.php?id=61578000361796","https:\/\/www.instagram.com\/btmtelectric\/"]}]}},"_links":{"self":[{"href":"https:\/\/btmtelectric.com\/index.php\/wp-json\/wp\/v2\/product\/8444","targetHints":{"allow":["GET"]}}],"collection":[{"href":"https:\/\/btmtelectric.com\/index.php\/wp-json\/wp\/v2\/product"}],"about":[{"href":"https:\/\/btmtelectric.com\/index.php\/wp-json\/wp\/v2\/types\/product"}],"replies":[{"embeddable":true,"href":"https:\/\/btmtelectric.com\/index.php\/wp-json\/wp\/v2\/comments?post=8444"}],"wp:featuredmedia":[{"embeddable":true,"href":"https:\/\/btmtelectric.com\/index.php\/wp-json\/wp\/v2\/media\/8445"}],"wp:attachment":[{"href":"https:\/\/btmtelectric.com\/index.php\/wp-json\/wp\/v2\/media?parent=8444"}],"wp:term":[{"taxonomy":"product_brand","embeddable":true,"href":"https:\/\/btmtelectric.com\/index.php\/wp-json\/wp\/v2\/product_brand?post=8444"},{"taxonomy":"product_cat","embeddable":true,"href":"https:\/\/btmtelectric.com\/index.php\/wp-json\/wp\/v2\/product_cat?post=8444"},{"taxonomy":"product_tag","embeddable":true,"href":"https:\/\/btmtelectric.com\/index.php\/wp-json\/wp\/v2\/product_tag?post=8444"}],"curies":[{"name":"wp","href":"https:\/\/api.w.org\/{rel}","templated":true}]}}