{"id":8440,"date":"2025-07-23T08:44:54","date_gmt":"2025-07-23T08:44:54","guid":{"rendered":"https:\/\/btmtelectric.com\/?post_type=product&#038;p=8440"},"modified":"2025-07-23T08:44:54","modified_gmt":"2025-07-23T08:44:54","slug":"camera-bullet-ir30m-2mp-ip67-4-mm","status":"publish","type":"product","link":"https:\/\/btmtelectric.com\/index.php\/product\/camera-bullet-ir30m-2mp-ip67-4-mm\/","title":{"rendered":"Camera Bullet IR30m, 2MP IP67, 4 mm"},"content":{"rendered":"<p data-start=\"316\" data-end=\"549\">Cette cam\u00e9ra IP haute d\u00e9finition int\u00e8gre un <strong data-start=\"360\" data-end=\"392\">capteur CMOS progressif 1\/3&#8243;<\/strong> offrant une r\u00e9solution Full HD de <strong data-start=\"427\" data-end=\"466\">1920 \u00d7 1080 \u00e0 30 images par seconde<\/strong>. Elle est \u00e9quip\u00e9e d\u2019une <strong data-start=\"491\" data-end=\"516\">lentille fixe de 4 mm<\/strong> pour une vision claire et nette.<\/p>\n<p data-start=\"551\" data-end=\"861\">Supportant les formats de compression avanc\u00e9s <strong data-start=\"597\" data-end=\"629\">H.265+, H.265, H.264+, H.264<\/strong>, cette cam\u00e9ra optimise l\u2019utilisation de la bande passante et de l\u2019espace de stockage. Elle dispose \u00e9galement de la fonctionnalit\u00e9 <strong data-start=\"760\" data-end=\"775\">dual stream<\/strong>, permettant la diffusion simultan\u00e9e de deux flux vid\u00e9o pour diff\u00e9rentes utilisations.<\/p>\n<p data-start=\"863\" data-end=\"1107\">La cam\u00e9ra b\u00e9n\u00e9ficie de la technologie <strong data-start=\"901\" data-end=\"937\">Digital WDR (Wide Dynamic Range)<\/strong> pour \u00e9quilibrer les sc\u00e8nes avec un fort contraste lumineux et d\u2019une r\u00e9duction num\u00e9rique du bruit 3D (<strong data-start=\"1039\" data-end=\"1049\">3D DNR<\/strong>) pour des images plus nettes m\u00eame en faible luminosit\u00e9.<\/p>\n<p data-start=\"1109\" data-end=\"1221\">Avec une port\u00e9e infrarouge jusqu\u2019\u00e0 <strong data-start=\"1144\" data-end=\"1157\">30 m\u00e8tres<\/strong>, la vision nocturne est assur\u00e9e m\u00eame dans l\u2019obscurit\u00e9 totale.<\/p>\n<p data-start=\"1223\" data-end=\"1435\">Elle est aliment\u00e9e par <strong data-start=\"1246\" data-end=\"1275\">PoE (Power over Ethernet)<\/strong> pour simplifier l\u2019installation et certifi\u00e9e <strong data-start=\"1320\" data-end=\"1328\">IP67<\/strong>, garantissant une excellente r\u00e9sistance \u00e0 l\u2019eau et \u00e0 la poussi\u00e8re pour une utilisation ext\u00e9rieure durable.<\/p>\n","protected":false},"excerpt":{"rendered":"<p>Cam\u00e9ra IP 1080p avec capteur CMOS 1\/3&#8243;, lentille fixe 4 mm, compression H.265+, double flux, WDR, r\u00e9duction de bruit 3D, IR 30m, PoE et IP67.<\/p>\n","protected":false},"featured_media":8441,"comment_status":"open","ping_status":"closed","template":"","meta":{"_acf_changed":false,"content-type":""},"product_brand":[],"product_cat":[348],"product_tag":[],"class_list":{"0":"post-8440","1":"product","2":"type-product","3":"status-publish","4":"has-post-thumbnail","6":"product_cat-ip","8":"first","9":"instock","10":"shipping-taxable","11":"purchasable","12":"product-type-simple"},"acf":[],"yoast_head":"<!-- This site is optimized with the Yoast SEO plugin v27.3 - https:\/\/yoast.com\/product\/yoast-seo-wordpress\/ -->\n<title>Camera Bullet IR30m, 2MP IP67, 4 mm - BTMT ELECTRIC \u2013 Solutions \u00c9lectriques Fiables et Innovantes<\/title>\n<meta name=\"robots\" content=\"index, follow, max-snippet:-1, max-image-preview:large, max-video-preview:-1\" \/>\n<link rel=\"canonical\" href=\"https:\/\/btmtelectric.com\/index.php\/product\/camera-bullet-ir30m-2mp-ip67-4-mm\/\" \/>\n<meta property=\"og:locale\" content=\"fr_FR\" \/>\n<meta property=\"og:type\" content=\"article\" \/>\n<meta property=\"og:title\" content=\"Camera Bullet IR30m, 2MP IP67, 4 mm - BTMT ELECTRIC \u2013 Solutions \u00c9lectriques Fiables et Innovantes\" \/>\n<meta property=\"og:description\" content=\"Cam\u00e9ra IP 1080p avec capteur CMOS 1\/3&quot;, lentille fixe 4 mm, compression H.265+, double flux, WDR, r\u00e9duction de bruit 3D, IR 30m, PoE et IP67.\" \/>\n<meta property=\"og:url\" content=\"https:\/\/btmtelectric.com\/index.php\/product\/camera-bullet-ir30m-2mp-ip67-4-mm\/\" \/>\n<meta property=\"og:site_name\" content=\"BTMT ELECTRIC \u2013 Solutions \u00c9lectriques Fiables et Innovantes\" \/>\n<meta property=\"article:publisher\" content=\"https:\/\/www.facebook.com\/profile.php?id=61578000361796\" \/>\n<meta property=\"og:image\" content=\"https:\/\/btmtelectric.com\/wp-content\/uploads\/2025\/07\/camera-hikvision-bullet-ir30m-2mp-ip67-4-mm-.jpg\" \/>\n\t<meta property=\"og:image:width\" content=\"800\" \/>\n\t<meta property=\"og:image:height\" content=\"800\" \/>\n\t<meta property=\"og:image:type\" content=\"image\/jpeg\" \/>\n<meta name=\"twitter:card\" content=\"summary_large_image\" \/>\n<meta name=\"twitter:label1\" content=\"Dur\u00e9e de lecture estim\u00e9e\" \/>\n\t<meta name=\"twitter:data1\" content=\"1 minute\" \/>\n<script type=\"application\/ld+json\" class=\"yoast-schema-graph\">{\"@context\":\"https:\\\/\\\/schema.org\",\"@graph\":[{\"@type\":\"WebPage\",\"@id\":\"https:\\\/\\\/btmtelectric.com\\\/index.php\\\/product\\\/camera-bullet-ir30m-2mp-ip67-4-mm\\\/\",\"url\":\"https:\\\/\\\/btmtelectric.com\\\/index.php\\\/product\\\/camera-bullet-ir30m-2mp-ip67-4-mm\\\/\",\"name\":\"Camera Bullet IR30m, 2MP IP67, 4 mm - BTMT ELECTRIC \u2013 Solutions \u00c9lectriques Fiables et Innovantes\",\"isPartOf\":{\"@id\":\"https:\\\/\\\/btmtelectric.com\\\/#website\"},\"primaryImageOfPage\":{\"@id\":\"https:\\\/\\\/btmtelectric.com\\\/index.php\\\/product\\\/camera-bullet-ir30m-2mp-ip67-4-mm\\\/#primaryimage\"},\"image\":{\"@id\":\"https:\\\/\\\/btmtelectric.com\\\/index.php\\\/product\\\/camera-bullet-ir30m-2mp-ip67-4-mm\\\/#primaryimage\"},\"thumbnailUrl\":\"https:\\\/\\\/btmtelectric.com\\\/wp-content\\\/uploads\\\/2025\\\/07\\\/camera-hikvision-bullet-ir30m-2mp-ip67-4-mm-.jpg\",\"datePublished\":\"2025-07-23T08:44:54+00:00\",\"breadcrumb\":{\"@id\":\"https:\\\/\\\/btmtelectric.com\\\/index.php\\\/product\\\/camera-bullet-ir30m-2mp-ip67-4-mm\\\/#breadcrumb\"},\"inLanguage\":\"fr-FR\",\"potentialAction\":[{\"@type\":\"ReadAction\",\"target\":[\"https:\\\/\\\/btmtelectric.com\\\/index.php\\\/product\\\/camera-bullet-ir30m-2mp-ip67-4-mm\\\/\"]}]},{\"@type\":\"ImageObject\",\"inLanguage\":\"fr-FR\",\"@id\":\"https:\\\/\\\/btmtelectric.com\\\/index.php\\\/product\\\/camera-bullet-ir30m-2mp-ip67-4-mm\\\/#primaryimage\",\"url\":\"https:\\\/\\\/btmtelectric.com\\\/wp-content\\\/uploads\\\/2025\\\/07\\\/camera-hikvision-bullet-ir30m-2mp-ip67-4-mm-.jpg\",\"contentUrl\":\"https:\\\/\\\/btmtelectric.com\\\/wp-content\\\/uploads\\\/2025\\\/07\\\/camera-hikvision-bullet-ir30m-2mp-ip67-4-mm-.jpg\",\"width\":800,\"height\":800},{\"@type\":\"BreadcrumbList\",\"@id\":\"https:\\\/\\\/btmtelectric.com\\\/index.php\\\/product\\\/camera-bullet-ir30m-2mp-ip67-4-mm\\\/#breadcrumb\",\"itemListElement\":[{\"@type\":\"ListItem\",\"position\":1,\"name\":\"Accueil\",\"item\":\"https:\\\/\\\/btmtelectric.com\\\/\"},{\"@type\":\"ListItem\",\"position\":2,\"name\":\"Boutique\",\"item\":\"https:\\\/\\\/btmtelectric.com\\\/index.php\\\/boutique\\\/\"},{\"@type\":\"ListItem\",\"position\":3,\"name\":\"Camera Bullet IR30m, 2MP IP67, 4 mm\"}]},{\"@type\":\"WebSite\",\"@id\":\"https:\\\/\\\/btmtelectric.com\\\/#website\",\"url\":\"https:\\\/\\\/btmtelectric.com\\\/\",\"name\":\"BTMT ELECTRIC \u2013 Solutions \u00c9lectriques Fiables et Innovantes\",\"description\":\"\",\"publisher\":{\"@id\":\"https:\\\/\\\/btmtelectric.com\\\/#organization\"},\"potentialAction\":[{\"@type\":\"SearchAction\",\"target\":{\"@type\":\"EntryPoint\",\"urlTemplate\":\"https:\\\/\\\/btmtelectric.com\\\/?s={search_term_string}\"},\"query-input\":{\"@type\":\"PropertyValueSpecification\",\"valueRequired\":true,\"valueName\":\"search_term_string\"}}],\"inLanguage\":\"fr-FR\"},{\"@type\":\"Organization\",\"@id\":\"https:\\\/\\\/btmtelectric.com\\\/#organization\",\"name\":\"BTMT ELECTRIC \u2013 Solutions \u00c9lectriques Fiables et Innovantes\",\"url\":\"https:\\\/\\\/btmtelectric.com\\\/\",\"logo\":{\"@type\":\"ImageObject\",\"inLanguage\":\"fr-FR\",\"@id\":\"https:\\\/\\\/btmtelectric.com\\\/#\\\/schema\\\/logo\\\/image\\\/\",\"url\":\"https:\\\/\\\/btmtelectric.com\\\/wp-content\\\/uploads\\\/2025\\\/07\\\/WhatsApp_Image_2025-07-09_at_11.45.18_AM-removebg-preview-1.png\",\"contentUrl\":\"https:\\\/\\\/btmtelectric.com\\\/wp-content\\\/uploads\\\/2025\\\/07\\\/WhatsApp_Image_2025-07-09_at_11.45.18_AM-removebg-preview-1.png\",\"width\":175,\"height\":42,\"caption\":\"BTMT ELECTRIC \u2013 Solutions \u00c9lectriques Fiables et Innovantes\"},\"image\":{\"@id\":\"https:\\\/\\\/btmtelectric.com\\\/#\\\/schema\\\/logo\\\/image\\\/\"},\"sameAs\":[\"https:\\\/\\\/www.facebook.com\\\/profile.php?id=61578000361796\",\"https:\\\/\\\/www.instagram.com\\\/btmtelectric\\\/\"]}]}<\/script>\n<!-- \/ Yoast SEO plugin. -->","yoast_head_json":{"title":"Camera Bullet IR30m, 2MP IP67, 4 mm - BTMT ELECTRIC \u2013 Solutions \u00c9lectriques Fiables et Innovantes","robots":{"index":"index","follow":"follow","max-snippet":"max-snippet:-1","max-image-preview":"max-image-preview:large","max-video-preview":"max-video-preview:-1"},"canonical":"https:\/\/btmtelectric.com\/index.php\/product\/camera-bullet-ir30m-2mp-ip67-4-mm\/","og_locale":"fr_FR","og_type":"article","og_title":"Camera Bullet IR30m, 2MP IP67, 4 mm - BTMT ELECTRIC \u2013 Solutions \u00c9lectriques Fiables et Innovantes","og_description":"Cam\u00e9ra IP 1080p avec capteur CMOS 1\/3\", lentille fixe 4 mm, compression H.265+, double flux, WDR, r\u00e9duction de bruit 3D, IR 30m, PoE et IP67.","og_url":"https:\/\/btmtelectric.com\/index.php\/product\/camera-bullet-ir30m-2mp-ip67-4-mm\/","og_site_name":"BTMT ELECTRIC \u2013 Solutions \u00c9lectriques Fiables et Innovantes","article_publisher":"https:\/\/www.facebook.com\/profile.php?id=61578000361796","og_image":[{"width":800,"height":800,"url":"https:\/\/btmtelectric.com\/wp-content\/uploads\/2025\/07\/camera-hikvision-bullet-ir30m-2mp-ip67-4-mm-.jpg","type":"image\/jpeg"}],"twitter_card":"summary_large_image","twitter_misc":{"Dur\u00e9e de lecture estim\u00e9e":"1 minute"},"schema":{"@context":"https:\/\/schema.org","@graph":[{"@type":"WebPage","@id":"https:\/\/btmtelectric.com\/index.php\/product\/camera-bullet-ir30m-2mp-ip67-4-mm\/","url":"https:\/\/btmtelectric.com\/index.php\/product\/camera-bullet-ir30m-2mp-ip67-4-mm\/","name":"Camera Bullet IR30m, 2MP IP67, 4 mm - BTMT ELECTRIC \u2013 Solutions \u00c9lectriques Fiables et Innovantes","isPartOf":{"@id":"https:\/\/btmtelectric.com\/#website"},"primaryImageOfPage":{"@id":"https:\/\/btmtelectric.com\/index.php\/product\/camera-bullet-ir30m-2mp-ip67-4-mm\/#primaryimage"},"image":{"@id":"https:\/\/btmtelectric.com\/index.php\/product\/camera-bullet-ir30m-2mp-ip67-4-mm\/#primaryimage"},"thumbnailUrl":"https:\/\/btmtelectric.com\/wp-content\/uploads\/2025\/07\/camera-hikvision-bullet-ir30m-2mp-ip67-4-mm-.jpg","datePublished":"2025-07-23T08:44:54+00:00","breadcrumb":{"@id":"https:\/\/btmtelectric.com\/index.php\/product\/camera-bullet-ir30m-2mp-ip67-4-mm\/#breadcrumb"},"inLanguage":"fr-FR","potentialAction":[{"@type":"ReadAction","target":["https:\/\/btmtelectric.com\/index.php\/product\/camera-bullet-ir30m-2mp-ip67-4-mm\/"]}]},{"@type":"ImageObject","inLanguage":"fr-FR","@id":"https:\/\/btmtelectric.com\/index.php\/product\/camera-bullet-ir30m-2mp-ip67-4-mm\/#primaryimage","url":"https:\/\/btmtelectric.com\/wp-content\/uploads\/2025\/07\/camera-hikvision-bullet-ir30m-2mp-ip67-4-mm-.jpg","contentUrl":"https:\/\/btmtelectric.com\/wp-content\/uploads\/2025\/07\/camera-hikvision-bullet-ir30m-2mp-ip67-4-mm-.jpg","width":800,"height":800},{"@type":"BreadcrumbList","@id":"https:\/\/btmtelectric.com\/index.php\/product\/camera-bullet-ir30m-2mp-ip67-4-mm\/#breadcrumb","itemListElement":[{"@type":"ListItem","position":1,"name":"Accueil","item":"https:\/\/btmtelectric.com\/"},{"@type":"ListItem","position":2,"name":"Boutique","item":"https:\/\/btmtelectric.com\/index.php\/boutique\/"},{"@type":"ListItem","position":3,"name":"Camera Bullet IR30m, 2MP IP67, 4 mm"}]},{"@type":"WebSite","@id":"https:\/\/btmtelectric.com\/#website","url":"https:\/\/btmtelectric.com\/","name":"BTMT ELECTRIC \u2013 Solutions \u00c9lectriques Fiables et Innovantes","description":"","publisher":{"@id":"https:\/\/btmtelectric.com\/#organization"},"potentialAction":[{"@type":"SearchAction","target":{"@type":"EntryPoint","urlTemplate":"https:\/\/btmtelectric.com\/?s={search_term_string}"},"query-input":{"@type":"PropertyValueSpecification","valueRequired":true,"valueName":"search_term_string"}}],"inLanguage":"fr-FR"},{"@type":"Organization","@id":"https:\/\/btmtelectric.com\/#organization","name":"BTMT ELECTRIC \u2013 Solutions \u00c9lectriques Fiables et Innovantes","url":"https:\/\/btmtelectric.com\/","logo":{"@type":"ImageObject","inLanguage":"fr-FR","@id":"https:\/\/btmtelectric.com\/#\/schema\/logo\/image\/","url":"https:\/\/btmtelectric.com\/wp-content\/uploads\/2025\/07\/WhatsApp_Image_2025-07-09_at_11.45.18_AM-removebg-preview-1.png","contentUrl":"https:\/\/btmtelectric.com\/wp-content\/uploads\/2025\/07\/WhatsApp_Image_2025-07-09_at_11.45.18_AM-removebg-preview-1.png","width":175,"height":42,"caption":"BTMT ELECTRIC \u2013 Solutions \u00c9lectriques Fiables et Innovantes"},"image":{"@id":"https:\/\/btmtelectric.com\/#\/schema\/logo\/image\/"},"sameAs":["https:\/\/www.facebook.com\/profile.php?id=61578000361796","https:\/\/www.instagram.com\/btmtelectric\/"]}]}},"_links":{"self":[{"href":"https:\/\/btmtelectric.com\/index.php\/wp-json\/wp\/v2\/product\/8440","targetHints":{"allow":["GET"]}}],"collection":[{"href":"https:\/\/btmtelectric.com\/index.php\/wp-json\/wp\/v2\/product"}],"about":[{"href":"https:\/\/btmtelectric.com\/index.php\/wp-json\/wp\/v2\/types\/product"}],"replies":[{"embeddable":true,"href":"https:\/\/btmtelectric.com\/index.php\/wp-json\/wp\/v2\/comments?post=8440"}],"wp:featuredmedia":[{"embeddable":true,"href":"https:\/\/btmtelectric.com\/index.php\/wp-json\/wp\/v2\/media\/8441"}],"wp:attachment":[{"href":"https:\/\/btmtelectric.com\/index.php\/wp-json\/wp\/v2\/media?parent=8440"}],"wp:term":[{"taxonomy":"product_brand","embeddable":true,"href":"https:\/\/btmtelectric.com\/index.php\/wp-json\/wp\/v2\/product_brand?post=8440"},{"taxonomy":"product_cat","embeddable":true,"href":"https:\/\/btmtelectric.com\/index.php\/wp-json\/wp\/v2\/product_cat?post=8440"},{"taxonomy":"product_tag","embeddable":true,"href":"https:\/\/btmtelectric.com\/index.php\/wp-json\/wp\/v2\/product_tag?post=8440"}],"curies":[{"name":"wp","href":"https:\/\/api.w.org\/{rel}","templated":true}]}}