{"id":8436,"date":"2025-07-23T08:41:10","date_gmt":"2025-07-23T08:41:10","guid":{"rendered":"https:\/\/btmtelectric.com\/?post_type=product&#038;p=8436"},"modified":"2025-07-23T08:41:10","modified_gmt":"2025-07-23T08:41:10","slug":"camera-ip-turret-ir-30m-2mp-ip66-28mm-mic-integre","status":"publish","type":"product","link":"https:\/\/btmtelectric.com\/index.php\/product\/camera-ip-turret-ir-30m-2mp-ip66-28mm-mic-integre\/","title":{"rendered":"Camera IP Turret IR 30m, 2MP IP66, 2,8mm, mic int\u00e9gr\u00e9"},"content":{"rendered":"<p data-start=\"298\" data-end=\"563\">Cette cam\u00e9ra de surveillance offre une <strong data-start=\"337\" data-end=\"387\">qualit\u00e9 d\u2019image exceptionnelle en 2 m\u00e9gapixels<\/strong>, assurant des images nettes et d\u00e9taill\u00e9es. Elle utilise la technologie de compression <strong data-start=\"474\" data-end=\"483\">H.264<\/strong> pour optimiser l\u2019espace de stockage tout en maintenant une haute qualit\u00e9 vid\u00e9o.<\/p>\n<p data-start=\"565\" data-end=\"772\">Gr\u00e2ce \u00e0 la technologie <strong data-start=\"588\" data-end=\"625\">DWDR (Digital Wide Dynamic Range)<\/strong>, la cam\u00e9ra g\u00e8re efficacement les sc\u00e8nes avec un fort contre-jour, garantissant une image claire m\u00eame dans des conditions d\u2019\u00e9clairage difficiles.<\/p>\n<p data-start=\"774\" data-end=\"1051\">Con\u00e7ue pour une utilisation ext\u00e9rieure robuste, elle est certifi\u00e9e <strong data-start=\"841\" data-end=\"849\">IP67<\/strong>, ce qui la rend r\u00e9sistante \u00e0 l\u2019eau et \u00e0 la poussi\u00e8re. Enfin, elle est \u00e9quip\u00e9e de la technologie infrarouge avanc\u00e9e <strong data-start=\"965\" data-end=\"977\">EXIR 2.0<\/strong>, permettant une vision nocturne performante gr\u00e2ce \u00e0 une longue port\u00e9e IR.<\/p>\n","protected":false},"excerpt":{"rendered":"<p data-start=\"137\" data-end=\"261\">Cam\u00e9ra 2 MP haute qualit\u00e9 avec compression H.264, technologie DWDR, protection IP67, et infrarouge EXIR 2.0 \u00e0 longue port\u00e9e.<\/p>\n","protected":false},"featured_media":8437,"comment_status":"open","ping_status":"closed","template":"","meta":{"_acf_changed":false,"content-type":""},"product_brand":[],"product_cat":[348],"product_tag":[],"class_list":{"0":"post-8436","1":"product","2":"type-product","3":"status-publish","4":"has-post-thumbnail","6":"product_cat-ip","8":"first","9":"instock","10":"shipping-taxable","11":"purchasable","12":"product-type-simple"},"acf":[],"yoast_head":"<!-- This site is optimized with the Yoast SEO plugin v27.3 - https:\/\/yoast.com\/product\/yoast-seo-wordpress\/ -->\n<title>Camera IP Turret IR 30m, 2MP IP66, 2,8mm, mic int\u00e9gr\u00e9 - BTMT ELECTRIC \u2013 Solutions \u00c9lectriques Fiables et Innovantes<\/title>\n<meta name=\"robots\" content=\"index, follow, max-snippet:-1, max-image-preview:large, max-video-preview:-1\" \/>\n<link rel=\"canonical\" href=\"https:\/\/btmtelectric.com\/index.php\/product\/camera-ip-turret-ir-30m-2mp-ip66-28mm-mic-integre\/\" \/>\n<meta property=\"og:locale\" content=\"fr_FR\" \/>\n<meta property=\"og:type\" content=\"article\" \/>\n<meta property=\"og:title\" content=\"Camera IP Turret IR 30m, 2MP IP66, 2,8mm, mic int\u00e9gr\u00e9 - BTMT ELECTRIC \u2013 Solutions \u00c9lectriques Fiables et Innovantes\" \/>\n<meta property=\"og:description\" content=\"Cam\u00e9ra 2 MP haute qualit\u00e9 avec compression H.264, technologie DWDR, protection IP67, et infrarouge EXIR 2.0 \u00e0 longue port\u00e9e.\" \/>\n<meta property=\"og:url\" content=\"https:\/\/btmtelectric.com\/index.php\/product\/camera-ip-turret-ir-30m-2mp-ip66-28mm-mic-integre\/\" \/>\n<meta property=\"og:site_name\" content=\"BTMT ELECTRIC \u2013 Solutions \u00c9lectriques Fiables et Innovantes\" \/>\n<meta property=\"article:publisher\" content=\"https:\/\/www.facebook.com\/profile.php?id=61578000361796\" \/>\n<meta property=\"og:image\" content=\"https:\/\/btmtelectric.com\/wp-content\/uploads\/2025\/07\/camera-ip-hikvision-turret-ir-30m-2mp-ip66-28mm-1-1.jpg\" \/>\n\t<meta property=\"og:image:width\" content=\"800\" \/>\n\t<meta property=\"og:image:height\" content=\"800\" \/>\n\t<meta property=\"og:image:type\" content=\"image\/jpeg\" \/>\n<meta name=\"twitter:card\" content=\"summary_large_image\" \/>\n<meta name=\"twitter:label1\" content=\"Dur\u00e9e de lecture estim\u00e9e\" \/>\n\t<meta name=\"twitter:data1\" content=\"1 minute\" \/>\n<script type=\"application\/ld+json\" class=\"yoast-schema-graph\">{\"@context\":\"https:\\\/\\\/schema.org\",\"@graph\":[{\"@type\":\"WebPage\",\"@id\":\"https:\\\/\\\/btmtelectric.com\\\/index.php\\\/product\\\/camera-ip-turret-ir-30m-2mp-ip66-28mm-mic-integre\\\/\",\"url\":\"https:\\\/\\\/btmtelectric.com\\\/index.php\\\/product\\\/camera-ip-turret-ir-30m-2mp-ip66-28mm-mic-integre\\\/\",\"name\":\"Camera IP Turret IR 30m, 2MP IP66, 2,8mm, mic int\u00e9gr\u00e9 - BTMT ELECTRIC \u2013 Solutions \u00c9lectriques Fiables et Innovantes\",\"isPartOf\":{\"@id\":\"https:\\\/\\\/btmtelectric.com\\\/#website\"},\"primaryImageOfPage\":{\"@id\":\"https:\\\/\\\/btmtelectric.com\\\/index.php\\\/product\\\/camera-ip-turret-ir-30m-2mp-ip66-28mm-mic-integre\\\/#primaryimage\"},\"image\":{\"@id\":\"https:\\\/\\\/btmtelectric.com\\\/index.php\\\/product\\\/camera-ip-turret-ir-30m-2mp-ip66-28mm-mic-integre\\\/#primaryimage\"},\"thumbnailUrl\":\"https:\\\/\\\/btmtelectric.com\\\/wp-content\\\/uploads\\\/2025\\\/07\\\/camera-ip-hikvision-turret-ir-30m-2mp-ip66-28mm-1-1.jpg\",\"datePublished\":\"2025-07-23T08:41:10+00:00\",\"breadcrumb\":{\"@id\":\"https:\\\/\\\/btmtelectric.com\\\/index.php\\\/product\\\/camera-ip-turret-ir-30m-2mp-ip66-28mm-mic-integre\\\/#breadcrumb\"},\"inLanguage\":\"fr-FR\",\"potentialAction\":[{\"@type\":\"ReadAction\",\"target\":[\"https:\\\/\\\/btmtelectric.com\\\/index.php\\\/product\\\/camera-ip-turret-ir-30m-2mp-ip66-28mm-mic-integre\\\/\"]}]},{\"@type\":\"ImageObject\",\"inLanguage\":\"fr-FR\",\"@id\":\"https:\\\/\\\/btmtelectric.com\\\/index.php\\\/product\\\/camera-ip-turret-ir-30m-2mp-ip66-28mm-mic-integre\\\/#primaryimage\",\"url\":\"https:\\\/\\\/btmtelectric.com\\\/wp-content\\\/uploads\\\/2025\\\/07\\\/camera-ip-hikvision-turret-ir-30m-2mp-ip66-28mm-1-1.jpg\",\"contentUrl\":\"https:\\\/\\\/btmtelectric.com\\\/wp-content\\\/uploads\\\/2025\\\/07\\\/camera-ip-hikvision-turret-ir-30m-2mp-ip66-28mm-1-1.jpg\",\"width\":800,\"height\":800},{\"@type\":\"BreadcrumbList\",\"@id\":\"https:\\\/\\\/btmtelectric.com\\\/index.php\\\/product\\\/camera-ip-turret-ir-30m-2mp-ip66-28mm-mic-integre\\\/#breadcrumb\",\"itemListElement\":[{\"@type\":\"ListItem\",\"position\":1,\"name\":\"Accueil\",\"item\":\"https:\\\/\\\/btmtelectric.com\\\/\"},{\"@type\":\"ListItem\",\"position\":2,\"name\":\"Boutique\",\"item\":\"https:\\\/\\\/btmtelectric.com\\\/index.php\\\/boutique\\\/\"},{\"@type\":\"ListItem\",\"position\":3,\"name\":\"Camera IP Turret IR 30m, 2MP IP66, 2,8mm, mic int\u00e9gr\u00e9\"}]},{\"@type\":\"WebSite\",\"@id\":\"https:\\\/\\\/btmtelectric.com\\\/#website\",\"url\":\"https:\\\/\\\/btmtelectric.com\\\/\",\"name\":\"BTMT ELECTRIC \u2013 Solutions \u00c9lectriques Fiables et Innovantes\",\"description\":\"\",\"publisher\":{\"@id\":\"https:\\\/\\\/btmtelectric.com\\\/#organization\"},\"potentialAction\":[{\"@type\":\"SearchAction\",\"target\":{\"@type\":\"EntryPoint\",\"urlTemplate\":\"https:\\\/\\\/btmtelectric.com\\\/?s={search_term_string}\"},\"query-input\":{\"@type\":\"PropertyValueSpecification\",\"valueRequired\":true,\"valueName\":\"search_term_string\"}}],\"inLanguage\":\"fr-FR\"},{\"@type\":\"Organization\",\"@id\":\"https:\\\/\\\/btmtelectric.com\\\/#organization\",\"name\":\"BTMT ELECTRIC \u2013 Solutions \u00c9lectriques Fiables et Innovantes\",\"url\":\"https:\\\/\\\/btmtelectric.com\\\/\",\"logo\":{\"@type\":\"ImageObject\",\"inLanguage\":\"fr-FR\",\"@id\":\"https:\\\/\\\/btmtelectric.com\\\/#\\\/schema\\\/logo\\\/image\\\/\",\"url\":\"https:\\\/\\\/btmtelectric.com\\\/wp-content\\\/uploads\\\/2025\\\/07\\\/WhatsApp_Image_2025-07-09_at_11.45.18_AM-removebg-preview-1.png\",\"contentUrl\":\"https:\\\/\\\/btmtelectric.com\\\/wp-content\\\/uploads\\\/2025\\\/07\\\/WhatsApp_Image_2025-07-09_at_11.45.18_AM-removebg-preview-1.png\",\"width\":175,\"height\":42,\"caption\":\"BTMT ELECTRIC \u2013 Solutions \u00c9lectriques Fiables et Innovantes\"},\"image\":{\"@id\":\"https:\\\/\\\/btmtelectric.com\\\/#\\\/schema\\\/logo\\\/image\\\/\"},\"sameAs\":[\"https:\\\/\\\/www.facebook.com\\\/profile.php?id=61578000361796\",\"https:\\\/\\\/www.instagram.com\\\/btmtelectric\\\/\"]}]}<\/script>\n<!-- \/ Yoast SEO plugin. -->","yoast_head_json":{"title":"Camera IP Turret IR 30m, 2MP IP66, 2,8mm, mic int\u00e9gr\u00e9 - BTMT ELECTRIC \u2013 Solutions \u00c9lectriques Fiables et Innovantes","robots":{"index":"index","follow":"follow","max-snippet":"max-snippet:-1","max-image-preview":"max-image-preview:large","max-video-preview":"max-video-preview:-1"},"canonical":"https:\/\/btmtelectric.com\/index.php\/product\/camera-ip-turret-ir-30m-2mp-ip66-28mm-mic-integre\/","og_locale":"fr_FR","og_type":"article","og_title":"Camera IP Turret IR 30m, 2MP IP66, 2,8mm, mic int\u00e9gr\u00e9 - BTMT ELECTRIC \u2013 Solutions \u00c9lectriques Fiables et Innovantes","og_description":"Cam\u00e9ra 2 MP haute qualit\u00e9 avec compression H.264, technologie DWDR, protection IP67, et infrarouge EXIR 2.0 \u00e0 longue port\u00e9e.","og_url":"https:\/\/btmtelectric.com\/index.php\/product\/camera-ip-turret-ir-30m-2mp-ip66-28mm-mic-integre\/","og_site_name":"BTMT ELECTRIC \u2013 Solutions \u00c9lectriques Fiables et Innovantes","article_publisher":"https:\/\/www.facebook.com\/profile.php?id=61578000361796","og_image":[{"width":800,"height":800,"url":"https:\/\/btmtelectric.com\/wp-content\/uploads\/2025\/07\/camera-ip-hikvision-turret-ir-30m-2mp-ip66-28mm-1-1.jpg","type":"image\/jpeg"}],"twitter_card":"summary_large_image","twitter_misc":{"Dur\u00e9e de lecture estim\u00e9e":"1 minute"},"schema":{"@context":"https:\/\/schema.org","@graph":[{"@type":"WebPage","@id":"https:\/\/btmtelectric.com\/index.php\/product\/camera-ip-turret-ir-30m-2mp-ip66-28mm-mic-integre\/","url":"https:\/\/btmtelectric.com\/index.php\/product\/camera-ip-turret-ir-30m-2mp-ip66-28mm-mic-integre\/","name":"Camera IP Turret IR 30m, 2MP IP66, 2,8mm, mic int\u00e9gr\u00e9 - BTMT ELECTRIC \u2013 Solutions \u00c9lectriques Fiables et Innovantes","isPartOf":{"@id":"https:\/\/btmtelectric.com\/#website"},"primaryImageOfPage":{"@id":"https:\/\/btmtelectric.com\/index.php\/product\/camera-ip-turret-ir-30m-2mp-ip66-28mm-mic-integre\/#primaryimage"},"image":{"@id":"https:\/\/btmtelectric.com\/index.php\/product\/camera-ip-turret-ir-30m-2mp-ip66-28mm-mic-integre\/#primaryimage"},"thumbnailUrl":"https:\/\/btmtelectric.com\/wp-content\/uploads\/2025\/07\/camera-ip-hikvision-turret-ir-30m-2mp-ip66-28mm-1-1.jpg","datePublished":"2025-07-23T08:41:10+00:00","breadcrumb":{"@id":"https:\/\/btmtelectric.com\/index.php\/product\/camera-ip-turret-ir-30m-2mp-ip66-28mm-mic-integre\/#breadcrumb"},"inLanguage":"fr-FR","potentialAction":[{"@type":"ReadAction","target":["https:\/\/btmtelectric.com\/index.php\/product\/camera-ip-turret-ir-30m-2mp-ip66-28mm-mic-integre\/"]}]},{"@type":"ImageObject","inLanguage":"fr-FR","@id":"https:\/\/btmtelectric.com\/index.php\/product\/camera-ip-turret-ir-30m-2mp-ip66-28mm-mic-integre\/#primaryimage","url":"https:\/\/btmtelectric.com\/wp-content\/uploads\/2025\/07\/camera-ip-hikvision-turret-ir-30m-2mp-ip66-28mm-1-1.jpg","contentUrl":"https:\/\/btmtelectric.com\/wp-content\/uploads\/2025\/07\/camera-ip-hikvision-turret-ir-30m-2mp-ip66-28mm-1-1.jpg","width":800,"height":800},{"@type":"BreadcrumbList","@id":"https:\/\/btmtelectric.com\/index.php\/product\/camera-ip-turret-ir-30m-2mp-ip66-28mm-mic-integre\/#breadcrumb","itemListElement":[{"@type":"ListItem","position":1,"name":"Accueil","item":"https:\/\/btmtelectric.com\/"},{"@type":"ListItem","position":2,"name":"Boutique","item":"https:\/\/btmtelectric.com\/index.php\/boutique\/"},{"@type":"ListItem","position":3,"name":"Camera IP Turret IR 30m, 2MP IP66, 2,8mm, mic int\u00e9gr\u00e9"}]},{"@type":"WebSite","@id":"https:\/\/btmtelectric.com\/#website","url":"https:\/\/btmtelectric.com\/","name":"BTMT ELECTRIC \u2013 Solutions \u00c9lectriques Fiables et Innovantes","description":"","publisher":{"@id":"https:\/\/btmtelectric.com\/#organization"},"potentialAction":[{"@type":"SearchAction","target":{"@type":"EntryPoint","urlTemplate":"https:\/\/btmtelectric.com\/?s={search_term_string}"},"query-input":{"@type":"PropertyValueSpecification","valueRequired":true,"valueName":"search_term_string"}}],"inLanguage":"fr-FR"},{"@type":"Organization","@id":"https:\/\/btmtelectric.com\/#organization","name":"BTMT ELECTRIC \u2013 Solutions \u00c9lectriques Fiables et Innovantes","url":"https:\/\/btmtelectric.com\/","logo":{"@type":"ImageObject","inLanguage":"fr-FR","@id":"https:\/\/btmtelectric.com\/#\/schema\/logo\/image\/","url":"https:\/\/btmtelectric.com\/wp-content\/uploads\/2025\/07\/WhatsApp_Image_2025-07-09_at_11.45.18_AM-removebg-preview-1.png","contentUrl":"https:\/\/btmtelectric.com\/wp-content\/uploads\/2025\/07\/WhatsApp_Image_2025-07-09_at_11.45.18_AM-removebg-preview-1.png","width":175,"height":42,"caption":"BTMT ELECTRIC \u2013 Solutions \u00c9lectriques Fiables et Innovantes"},"image":{"@id":"https:\/\/btmtelectric.com\/#\/schema\/logo\/image\/"},"sameAs":["https:\/\/www.facebook.com\/profile.php?id=61578000361796","https:\/\/www.instagram.com\/btmtelectric\/"]}]}},"_links":{"self":[{"href":"https:\/\/btmtelectric.com\/index.php\/wp-json\/wp\/v2\/product\/8436","targetHints":{"allow":["GET"]}}],"collection":[{"href":"https:\/\/btmtelectric.com\/index.php\/wp-json\/wp\/v2\/product"}],"about":[{"href":"https:\/\/btmtelectric.com\/index.php\/wp-json\/wp\/v2\/types\/product"}],"replies":[{"embeddable":true,"href":"https:\/\/btmtelectric.com\/index.php\/wp-json\/wp\/v2\/comments?post=8436"}],"wp:featuredmedia":[{"embeddable":true,"href":"https:\/\/btmtelectric.com\/index.php\/wp-json\/wp\/v2\/media\/8437"}],"wp:attachment":[{"href":"https:\/\/btmtelectric.com\/index.php\/wp-json\/wp\/v2\/media?parent=8436"}],"wp:term":[{"taxonomy":"product_brand","embeddable":true,"href":"https:\/\/btmtelectric.com\/index.php\/wp-json\/wp\/v2\/product_brand?post=8436"},{"taxonomy":"product_cat","embeddable":true,"href":"https:\/\/btmtelectric.com\/index.php\/wp-json\/wp\/v2\/product_cat?post=8436"},{"taxonomy":"product_tag","embeddable":true,"href":"https:\/\/btmtelectric.com\/index.php\/wp-json\/wp\/v2\/product_tag?post=8436"}],"curies":[{"name":"wp","href":"https:\/\/api.w.org\/{rel}","templated":true}]}}