{"id":8432,"date":"2025-07-23T08:32:55","date_gmt":"2025-07-23T08:32:55","guid":{"rendered":"https:\/\/btmtelectric.com\/?post_type=product&#038;p=8432"},"modified":"2025-07-23T08:32:55","modified_gmt":"2025-07-23T08:32:55","slug":"mouvement-filaire-double-technologie","status":"publish","type":"product","link":"https:\/\/btmtelectric.com\/index.php\/product\/mouvement-filaire-double-technologie\/","title":{"rendered":"Mouvement filaire  double technologie"},"content":{"rendered":"<p data-start=\"406\" data-end=\"727\">Le <strong data-start=\"409\" data-end=\"445\">d\u00e9tecteur de mouvement Dual-Tech<\/strong> combine <strong data-start=\"454\" data-end=\"494\">technologie infrarouge passive (PIR)<\/strong> et <strong data-start=\"498\" data-end=\"520\">micro-ondes 24\u202fGHz<\/strong> pour une d\u00e9tection ultra fiable et pr\u00e9cise, m\u00eame dans les environnements complexes. Il offre une <strong data-start=\"618\" data-end=\"654\">port\u00e9e de d\u00e9tection de 12 m\u00e8tres<\/strong> avec un angle de <strong data-start=\"672\" data-end=\"681\">85,9\u00b0<\/strong>, id\u00e9al pour une couverture large et efficace.<\/p>\n<p data-start=\"729\" data-end=\"918\">Con\u00e7u pour \u00e9viter les fausses alarmes, il int\u00e8gre une <strong data-start=\"783\" data-end=\"821\">immunit\u00e9 aux animaux jusqu\u2019\u00e0 30 kg<\/strong>, ce qui le rend parfaitement adapt\u00e9 aux environnements r\u00e9sidentiels avec animaux de compagnie.<\/p>\n<p data-start=\"920\" data-end=\"1143\">Il utilise une <strong data-start=\"935\" data-end=\"969\">sortie NC (normalement ferm\u00e9e)<\/strong> pour s&#8217;int\u00e9grer facilement aux syst\u00e8mes de s\u00e9curit\u00e9 traditionnels, et fonctionne avec une <strong data-start=\"1060\" data-end=\"1100\">tension d\u2019alimentation de 9 \u00e0 16 VDC<\/strong>, garantissant une compatibilit\u00e9 \u00e9tendue.<\/p>\n<p data-start=\"1145\" data-end=\"1257\">Ce d\u00e9tecteur est une solution id\u00e9ale pour ceux qui recherchent <strong data-start=\"1208\" data-end=\"1256\">performance, stabilit\u00e9 et s\u00e9curit\u00e9 renforc\u00e9e<\/strong>.<\/p>\n","protected":false},"excerpt":{"rendered":"<p data-start=\"201\" data-end=\"365\"><strong data-start=\"201\" data-end=\"237\">D\u00e9tecteur de mouvement Dual-Tech<\/strong> \u2013 D\u00e9tection 12\u202fm \/ 85,9\u00b0, immunit\u00e9 aux animaux jusqu\u2019\u00e0 30\u202fkg, technologie micro-ondes 24\u202fGHz, sortie NC, alimentation 9\u201316\u202fVDC.<\/p>\n","protected":false},"featured_media":8433,"comment_status":"open","ping_status":"closed","template":"","meta":{"_acf_changed":false,"content-type":""},"product_brand":[],"product_cat":[349],"product_tag":[],"class_list":{"0":"post-8432","1":"product","2":"type-product","3":"status-publish","4":"has-post-thumbnail","6":"product_cat-alarme","8":"first","9":"instock","10":"shipping-taxable","11":"purchasable","12":"product-type-simple"},"acf":[],"yoast_head":"<!-- This site is optimized with the Yoast SEO plugin v27.3 - https:\/\/yoast.com\/product\/yoast-seo-wordpress\/ -->\n<title>Mouvement filaire double technologie - BTMT ELECTRIC \u2013 Solutions \u00c9lectriques Fiables et Innovantes<\/title>\n<meta name=\"robots\" content=\"index, follow, max-snippet:-1, max-image-preview:large, max-video-preview:-1\" \/>\n<link rel=\"canonical\" href=\"https:\/\/btmtelectric.com\/index.php\/product\/mouvement-filaire-double-technologie\/\" \/>\n<meta property=\"og:locale\" content=\"fr_FR\" \/>\n<meta property=\"og:type\" content=\"article\" \/>\n<meta property=\"og:title\" content=\"Mouvement filaire double technologie - BTMT ELECTRIC \u2013 Solutions \u00c9lectriques Fiables et Innovantes\" \/>\n<meta property=\"og:description\" content=\"D\u00e9tecteur de mouvement Dual-Tech \u2013 D\u00e9tection 12\u202fm \/ 85,9\u00b0, immunit\u00e9 aux animaux jusqu\u2019\u00e0 30\u202fkg, technologie micro-ondes 24\u202fGHz, sortie NC, alimentation 9\u201316\u202fVDC.\" \/>\n<meta property=\"og:url\" content=\"https:\/\/btmtelectric.com\/index.php\/product\/mouvement-filaire-double-technologie\/\" \/>\n<meta property=\"og:site_name\" content=\"BTMT ELECTRIC \u2013 Solutions \u00c9lectriques Fiables et Innovantes\" \/>\n<meta property=\"article:publisher\" content=\"https:\/\/www.facebook.com\/profile.php?id=61578000361796\" \/>\n<meta property=\"og:image\" content=\"https:\/\/btmtelectric.com\/wp-content\/uploads\/2025\/07\/PIRIN-MW.png\" \/>\n\t<meta property=\"og:image:width\" content=\"345\" \/>\n\t<meta property=\"og:image:height\" content=\"328\" \/>\n\t<meta property=\"og:image:type\" content=\"image\/png\" \/>\n<meta name=\"twitter:card\" content=\"summary_large_image\" \/>\n<meta name=\"twitter:label1\" content=\"Dur\u00e9e de lecture estim\u00e9e\" \/>\n\t<meta name=\"twitter:data1\" content=\"1 minute\" \/>\n<script type=\"application\/ld+json\" class=\"yoast-schema-graph\">{\"@context\":\"https:\\\/\\\/schema.org\",\"@graph\":[{\"@type\":\"WebPage\",\"@id\":\"https:\\\/\\\/btmtelectric.com\\\/index.php\\\/product\\\/mouvement-filaire-double-technologie\\\/\",\"url\":\"https:\\\/\\\/btmtelectric.com\\\/index.php\\\/product\\\/mouvement-filaire-double-technologie\\\/\",\"name\":\"Mouvement filaire double technologie - BTMT ELECTRIC \u2013 Solutions \u00c9lectriques Fiables et Innovantes\",\"isPartOf\":{\"@id\":\"https:\\\/\\\/btmtelectric.com\\\/#website\"},\"primaryImageOfPage\":{\"@id\":\"https:\\\/\\\/btmtelectric.com\\\/index.php\\\/product\\\/mouvement-filaire-double-technologie\\\/#primaryimage\"},\"image\":{\"@id\":\"https:\\\/\\\/btmtelectric.com\\\/index.php\\\/product\\\/mouvement-filaire-double-technologie\\\/#primaryimage\"},\"thumbnailUrl\":\"https:\\\/\\\/btmtelectric.com\\\/wp-content\\\/uploads\\\/2025\\\/07\\\/PIRIN-MW.png\",\"datePublished\":\"2025-07-23T08:32:55+00:00\",\"breadcrumb\":{\"@id\":\"https:\\\/\\\/btmtelectric.com\\\/index.php\\\/product\\\/mouvement-filaire-double-technologie\\\/#breadcrumb\"},\"inLanguage\":\"fr-FR\",\"potentialAction\":[{\"@type\":\"ReadAction\",\"target\":[\"https:\\\/\\\/btmtelectric.com\\\/index.php\\\/product\\\/mouvement-filaire-double-technologie\\\/\"]}]},{\"@type\":\"ImageObject\",\"inLanguage\":\"fr-FR\",\"@id\":\"https:\\\/\\\/btmtelectric.com\\\/index.php\\\/product\\\/mouvement-filaire-double-technologie\\\/#primaryimage\",\"url\":\"https:\\\/\\\/btmtelectric.com\\\/wp-content\\\/uploads\\\/2025\\\/07\\\/PIRIN-MW.png\",\"contentUrl\":\"https:\\\/\\\/btmtelectric.com\\\/wp-content\\\/uploads\\\/2025\\\/07\\\/PIRIN-MW.png\",\"width\":345,\"height\":328},{\"@type\":\"BreadcrumbList\",\"@id\":\"https:\\\/\\\/btmtelectric.com\\\/index.php\\\/product\\\/mouvement-filaire-double-technologie\\\/#breadcrumb\",\"itemListElement\":[{\"@type\":\"ListItem\",\"position\":1,\"name\":\"Accueil\",\"item\":\"https:\\\/\\\/btmtelectric.com\\\/\"},{\"@type\":\"ListItem\",\"position\":2,\"name\":\"Boutique\",\"item\":\"https:\\\/\\\/btmtelectric.com\\\/index.php\\\/boutique\\\/\"},{\"@type\":\"ListItem\",\"position\":3,\"name\":\"Mouvement filaire double technologie\"}]},{\"@type\":\"WebSite\",\"@id\":\"https:\\\/\\\/btmtelectric.com\\\/#website\",\"url\":\"https:\\\/\\\/btmtelectric.com\\\/\",\"name\":\"BTMT ELECTRIC \u2013 Solutions \u00c9lectriques Fiables et Innovantes\",\"description\":\"\",\"publisher\":{\"@id\":\"https:\\\/\\\/btmtelectric.com\\\/#organization\"},\"potentialAction\":[{\"@type\":\"SearchAction\",\"target\":{\"@type\":\"EntryPoint\",\"urlTemplate\":\"https:\\\/\\\/btmtelectric.com\\\/?s={search_term_string}\"},\"query-input\":{\"@type\":\"PropertyValueSpecification\",\"valueRequired\":true,\"valueName\":\"search_term_string\"}}],\"inLanguage\":\"fr-FR\"},{\"@type\":\"Organization\",\"@id\":\"https:\\\/\\\/btmtelectric.com\\\/#organization\",\"name\":\"BTMT ELECTRIC \u2013 Solutions \u00c9lectriques Fiables et Innovantes\",\"url\":\"https:\\\/\\\/btmtelectric.com\\\/\",\"logo\":{\"@type\":\"ImageObject\",\"inLanguage\":\"fr-FR\",\"@id\":\"https:\\\/\\\/btmtelectric.com\\\/#\\\/schema\\\/logo\\\/image\\\/\",\"url\":\"https:\\\/\\\/btmtelectric.com\\\/wp-content\\\/uploads\\\/2025\\\/07\\\/WhatsApp_Image_2025-07-09_at_11.45.18_AM-removebg-preview-1.png\",\"contentUrl\":\"https:\\\/\\\/btmtelectric.com\\\/wp-content\\\/uploads\\\/2025\\\/07\\\/WhatsApp_Image_2025-07-09_at_11.45.18_AM-removebg-preview-1.png\",\"width\":175,\"height\":42,\"caption\":\"BTMT ELECTRIC \u2013 Solutions \u00c9lectriques Fiables et Innovantes\"},\"image\":{\"@id\":\"https:\\\/\\\/btmtelectric.com\\\/#\\\/schema\\\/logo\\\/image\\\/\"},\"sameAs\":[\"https:\\\/\\\/www.facebook.com\\\/profile.php?id=61578000361796\",\"https:\\\/\\\/www.instagram.com\\\/btmtelectric\\\/\"]}]}<\/script>\n<!-- \/ Yoast SEO plugin. -->","yoast_head_json":{"title":"Mouvement filaire double technologie - BTMT ELECTRIC \u2013 Solutions \u00c9lectriques Fiables et Innovantes","robots":{"index":"index","follow":"follow","max-snippet":"max-snippet:-1","max-image-preview":"max-image-preview:large","max-video-preview":"max-video-preview:-1"},"canonical":"https:\/\/btmtelectric.com\/index.php\/product\/mouvement-filaire-double-technologie\/","og_locale":"fr_FR","og_type":"article","og_title":"Mouvement filaire double technologie - BTMT ELECTRIC \u2013 Solutions \u00c9lectriques Fiables et Innovantes","og_description":"D\u00e9tecteur de mouvement Dual-Tech \u2013 D\u00e9tection 12\u202fm \/ 85,9\u00b0, immunit\u00e9 aux animaux jusqu\u2019\u00e0 30\u202fkg, technologie micro-ondes 24\u202fGHz, sortie NC, alimentation 9\u201316\u202fVDC.","og_url":"https:\/\/btmtelectric.com\/index.php\/product\/mouvement-filaire-double-technologie\/","og_site_name":"BTMT ELECTRIC \u2013 Solutions \u00c9lectriques Fiables et Innovantes","article_publisher":"https:\/\/www.facebook.com\/profile.php?id=61578000361796","og_image":[{"width":345,"height":328,"url":"https:\/\/btmtelectric.com\/wp-content\/uploads\/2025\/07\/PIRIN-MW.png","type":"image\/png"}],"twitter_card":"summary_large_image","twitter_misc":{"Dur\u00e9e de lecture estim\u00e9e":"1 minute"},"schema":{"@context":"https:\/\/schema.org","@graph":[{"@type":"WebPage","@id":"https:\/\/btmtelectric.com\/index.php\/product\/mouvement-filaire-double-technologie\/","url":"https:\/\/btmtelectric.com\/index.php\/product\/mouvement-filaire-double-technologie\/","name":"Mouvement filaire double technologie - BTMT ELECTRIC \u2013 Solutions \u00c9lectriques Fiables et Innovantes","isPartOf":{"@id":"https:\/\/btmtelectric.com\/#website"},"primaryImageOfPage":{"@id":"https:\/\/btmtelectric.com\/index.php\/product\/mouvement-filaire-double-technologie\/#primaryimage"},"image":{"@id":"https:\/\/btmtelectric.com\/index.php\/product\/mouvement-filaire-double-technologie\/#primaryimage"},"thumbnailUrl":"https:\/\/btmtelectric.com\/wp-content\/uploads\/2025\/07\/PIRIN-MW.png","datePublished":"2025-07-23T08:32:55+00:00","breadcrumb":{"@id":"https:\/\/btmtelectric.com\/index.php\/product\/mouvement-filaire-double-technologie\/#breadcrumb"},"inLanguage":"fr-FR","potentialAction":[{"@type":"ReadAction","target":["https:\/\/btmtelectric.com\/index.php\/product\/mouvement-filaire-double-technologie\/"]}]},{"@type":"ImageObject","inLanguage":"fr-FR","@id":"https:\/\/btmtelectric.com\/index.php\/product\/mouvement-filaire-double-technologie\/#primaryimage","url":"https:\/\/btmtelectric.com\/wp-content\/uploads\/2025\/07\/PIRIN-MW.png","contentUrl":"https:\/\/btmtelectric.com\/wp-content\/uploads\/2025\/07\/PIRIN-MW.png","width":345,"height":328},{"@type":"BreadcrumbList","@id":"https:\/\/btmtelectric.com\/index.php\/product\/mouvement-filaire-double-technologie\/#breadcrumb","itemListElement":[{"@type":"ListItem","position":1,"name":"Accueil","item":"https:\/\/btmtelectric.com\/"},{"@type":"ListItem","position":2,"name":"Boutique","item":"https:\/\/btmtelectric.com\/index.php\/boutique\/"},{"@type":"ListItem","position":3,"name":"Mouvement filaire double technologie"}]},{"@type":"WebSite","@id":"https:\/\/btmtelectric.com\/#website","url":"https:\/\/btmtelectric.com\/","name":"BTMT ELECTRIC \u2013 Solutions \u00c9lectriques Fiables et Innovantes","description":"","publisher":{"@id":"https:\/\/btmtelectric.com\/#organization"},"potentialAction":[{"@type":"SearchAction","target":{"@type":"EntryPoint","urlTemplate":"https:\/\/btmtelectric.com\/?s={search_term_string}"},"query-input":{"@type":"PropertyValueSpecification","valueRequired":true,"valueName":"search_term_string"}}],"inLanguage":"fr-FR"},{"@type":"Organization","@id":"https:\/\/btmtelectric.com\/#organization","name":"BTMT ELECTRIC \u2013 Solutions \u00c9lectriques Fiables et Innovantes","url":"https:\/\/btmtelectric.com\/","logo":{"@type":"ImageObject","inLanguage":"fr-FR","@id":"https:\/\/btmtelectric.com\/#\/schema\/logo\/image\/","url":"https:\/\/btmtelectric.com\/wp-content\/uploads\/2025\/07\/WhatsApp_Image_2025-07-09_at_11.45.18_AM-removebg-preview-1.png","contentUrl":"https:\/\/btmtelectric.com\/wp-content\/uploads\/2025\/07\/WhatsApp_Image_2025-07-09_at_11.45.18_AM-removebg-preview-1.png","width":175,"height":42,"caption":"BTMT ELECTRIC \u2013 Solutions \u00c9lectriques Fiables et Innovantes"},"image":{"@id":"https:\/\/btmtelectric.com\/#\/schema\/logo\/image\/"},"sameAs":["https:\/\/www.facebook.com\/profile.php?id=61578000361796","https:\/\/www.instagram.com\/btmtelectric\/"]}]}},"_links":{"self":[{"href":"https:\/\/btmtelectric.com\/index.php\/wp-json\/wp\/v2\/product\/8432","targetHints":{"allow":["GET"]}}],"collection":[{"href":"https:\/\/btmtelectric.com\/index.php\/wp-json\/wp\/v2\/product"}],"about":[{"href":"https:\/\/btmtelectric.com\/index.php\/wp-json\/wp\/v2\/types\/product"}],"replies":[{"embeddable":true,"href":"https:\/\/btmtelectric.com\/index.php\/wp-json\/wp\/v2\/comments?post=8432"}],"wp:featuredmedia":[{"embeddable":true,"href":"https:\/\/btmtelectric.com\/index.php\/wp-json\/wp\/v2\/media\/8433"}],"wp:attachment":[{"href":"https:\/\/btmtelectric.com\/index.php\/wp-json\/wp\/v2\/media?parent=8432"}],"wp:term":[{"taxonomy":"product_brand","embeddable":true,"href":"https:\/\/btmtelectric.com\/index.php\/wp-json\/wp\/v2\/product_brand?post=8432"},{"taxonomy":"product_cat","embeddable":true,"href":"https:\/\/btmtelectric.com\/index.php\/wp-json\/wp\/v2\/product_cat?post=8432"},{"taxonomy":"product_tag","embeddable":true,"href":"https:\/\/btmtelectric.com\/index.php\/wp-json\/wp\/v2\/product_tag?post=8432"}],"curies":[{"name":"wp","href":"https:\/\/api.w.org\/{rel}","templated":true}]}}