{"id":8430,"date":"2025-07-23T08:30:52","date_gmt":"2025-07-23T08:30:52","guid":{"rendered":"https:\/\/btmtelectric.com\/?post_type=product&#038;p=8430"},"modified":"2025-09-09T15:31:32","modified_gmt":"2025-09-09T15:31:32","slug":"detecteur-de-mouvement-filaire-avec-levee-de-doute","status":"publish","type":"product","link":"https:\/\/btmtelectric.com\/index.php\/product\/detecteur-de-mouvement-filaire-avec-levee-de-doute\/","title":{"rendered":"D\u00e9tecteur de mouvement filaire avec lev\u00e9e de doute"},"content":{"rendered":"<p data-start=\"401\" data-end=\"680\">Ce <strong data-start=\"404\" data-end=\"463\">d\u00e9tecteur de mouvement intelligent avec cam\u00e9ra int\u00e9gr\u00e9e<\/strong> combine s\u00e9curit\u00e9 avanc\u00e9e et performance optique. Il offre une <strong data-start=\"526\" data-end=\"585\">port\u00e9e de d\u00e9tection de 12 m\u00e8tres avec un angle de 85,9\u00b0<\/strong>, ainsi qu\u2019une <strong data-start=\"600\" data-end=\"650\">immunit\u00e9 aux animaux domestiques jusqu\u2019\u00e0 30 kg<\/strong>, \u00e9vitant les fausses alertes.<\/p>\n<p data-start=\"682\" data-end=\"1043\">\u00c9quip\u00e9 de la technologie <strong data-start=\"707\" data-end=\"744\">SEC (Smart Environmental Control)<\/strong>, il utilise un <strong data-start=\"760\" data-end=\"801\">traitement num\u00e9rique avanc\u00e9 du signal<\/strong> et des <strong data-start=\"809\" data-end=\"824\">optiques 3D<\/strong> pour une d\u00e9tection pr\u00e9cise et fiable, quelles que soient les conditions environnementales. Sa <strong data-start=\"919\" data-end=\"952\">lentille infrarouge polaris\u00e9e<\/strong> assure une <strong data-start=\"964\" data-end=\"998\">illumination nocturne uniforme<\/strong>, offrant des <strong data-start=\"1012\" data-end=\"1042\">images nettes m\u00eame de nuit<\/strong>.<\/p>\n<p data-start=\"1045\" data-end=\"1330\">Le capteur dispose \u00e9galement d\u2019un <strong data-start=\"1079\" data-end=\"1124\">tampon m\u00e9moire int\u00e9gr\u00e9 de grande capacit\u00e9<\/strong> pour le <strong data-start=\"1133\" data-end=\"1160\">stockage local d\u2019images<\/strong> en cas d\u2019\u00e9v\u00e9nements. Enfin, il est <strong data-start=\"1196\" data-end=\"1262\">enti\u00e8rement configurable \u00e0 distance via une application mobile<\/strong>, permettant un r\u00e9glage facile et rapide sans intervention sur site.<\/p>\n","protected":false},"excerpt":{"rendered":"<p><strong data-start=\"179\" data-end=\"230\">D\u00e9tecteur de mouvement avec cam\u00e9ra intelligente<\/strong> \u2013 D\u00e9tection jusqu\u2019\u00e0 12\u202fm, immunit\u00e9 aux animaux jusqu\u2019\u00e0 30\u202fkg, vision nocturne optimis\u00e9e, configurable \u00e0 distance via application.<\/p>\n","protected":false},"featured_media":9152,"comment_status":"open","ping_status":"closed","template":"","meta":{"_acf_changed":false,"content-type":""},"product_brand":[],"product_cat":[349],"product_tag":[],"class_list":{"0":"post-8430","1":"product","2":"type-product","3":"status-publish","4":"has-post-thumbnail","6":"product_cat-alarme","8":"first","9":"instock","10":"shipping-taxable","11":"purchasable","12":"product-type-simple"},"acf":[],"yoast_head":"<!-- This site is optimized with the Yoast SEO plugin v27.3 - https:\/\/yoast.com\/product\/yoast-seo-wordpress\/ -->\n<title>D\u00e9tecteur de mouvement filaire avec lev\u00e9e de doute - BTMT ELECTRIC \u2013 Solutions \u00c9lectriques Fiables et Innovantes<\/title>\n<meta name=\"robots\" content=\"index, follow, max-snippet:-1, max-image-preview:large, max-video-preview:-1\" \/>\n<link rel=\"canonical\" href=\"https:\/\/btmtelectric.com\/index.php\/product\/detecteur-de-mouvement-filaire-avec-levee-de-doute\/\" \/>\n<meta property=\"og:locale\" content=\"fr_FR\" \/>\n<meta property=\"og:type\" content=\"article\" \/>\n<meta property=\"og:title\" content=\"D\u00e9tecteur de mouvement filaire avec lev\u00e9e de doute - BTMT ELECTRIC \u2013 Solutions \u00c9lectriques Fiables et Innovantes\" \/>\n<meta property=\"og:description\" content=\"D\u00e9tecteur de mouvement avec cam\u00e9ra intelligente \u2013 D\u00e9tection jusqu\u2019\u00e0 12\u202fm, immunit\u00e9 aux animaux jusqu\u2019\u00e0 30\u202fkg, vision nocturne optimis\u00e9e, configurable \u00e0 distance via application.\" \/>\n<meta property=\"og:url\" content=\"https:\/\/btmtelectric.com\/index.php\/product\/detecteur-de-mouvement-filaire-avec-levee-de-doute\/\" \/>\n<meta property=\"og:site_name\" content=\"BTMT ELECTRIC \u2013 Solutions \u00c9lectriques Fiables et Innovantes\" \/>\n<meta property=\"article:publisher\" content=\"https:\/\/www.facebook.com\/profile.php?id=61578000361796\" \/>\n<meta property=\"article:modified_time\" content=\"2025-09-09T15:31:32+00:00\" \/>\n<meta property=\"og:image\" content=\"https:\/\/btmtelectric.com\/wp-content\/uploads\/2025\/07\/Detecteur-de-mouvement-filaire-avec-levee-de-doute-1.jpg\" \/>\n\t<meta property=\"og:image:width\" content=\"1000\" \/>\n\t<meta property=\"og:image:height\" content=\"1000\" \/>\n\t<meta property=\"og:image:type\" content=\"image\/jpeg\" \/>\n<meta name=\"twitter:card\" content=\"summary_large_image\" \/>\n<meta name=\"twitter:label1\" content=\"Dur\u00e9e de lecture estim\u00e9e\" \/>\n\t<meta name=\"twitter:data1\" content=\"1 minute\" \/>\n<script type=\"application\/ld+json\" class=\"yoast-schema-graph\">{\"@context\":\"https:\\\/\\\/schema.org\",\"@graph\":[{\"@type\":\"WebPage\",\"@id\":\"https:\\\/\\\/btmtelectric.com\\\/index.php\\\/product\\\/detecteur-de-mouvement-filaire-avec-levee-de-doute\\\/\",\"url\":\"https:\\\/\\\/btmtelectric.com\\\/index.php\\\/product\\\/detecteur-de-mouvement-filaire-avec-levee-de-doute\\\/\",\"name\":\"D\u00e9tecteur de mouvement filaire avec lev\u00e9e de doute - BTMT ELECTRIC \u2013 Solutions \u00c9lectriques Fiables et Innovantes\",\"isPartOf\":{\"@id\":\"https:\\\/\\\/btmtelectric.com\\\/#website\"},\"primaryImageOfPage\":{\"@id\":\"https:\\\/\\\/btmtelectric.com\\\/index.php\\\/product\\\/detecteur-de-mouvement-filaire-avec-levee-de-doute\\\/#primaryimage\"},\"image\":{\"@id\":\"https:\\\/\\\/btmtelectric.com\\\/index.php\\\/product\\\/detecteur-de-mouvement-filaire-avec-levee-de-doute\\\/#primaryimage\"},\"thumbnailUrl\":\"https:\\\/\\\/btmtelectric.com\\\/wp-content\\\/uploads\\\/2025\\\/07\\\/Detecteur-de-mouvement-filaire-avec-levee-de-doute-1.jpg\",\"datePublished\":\"2025-07-23T08:30:52+00:00\",\"dateModified\":\"2025-09-09T15:31:32+00:00\",\"breadcrumb\":{\"@id\":\"https:\\\/\\\/btmtelectric.com\\\/index.php\\\/product\\\/detecteur-de-mouvement-filaire-avec-levee-de-doute\\\/#breadcrumb\"},\"inLanguage\":\"fr-FR\",\"potentialAction\":[{\"@type\":\"ReadAction\",\"target\":[\"https:\\\/\\\/btmtelectric.com\\\/index.php\\\/product\\\/detecteur-de-mouvement-filaire-avec-levee-de-doute\\\/\"]}]},{\"@type\":\"ImageObject\",\"inLanguage\":\"fr-FR\",\"@id\":\"https:\\\/\\\/btmtelectric.com\\\/index.php\\\/product\\\/detecteur-de-mouvement-filaire-avec-levee-de-doute\\\/#primaryimage\",\"url\":\"https:\\\/\\\/btmtelectric.com\\\/wp-content\\\/uploads\\\/2025\\\/07\\\/Detecteur-de-mouvement-filaire-avec-levee-de-doute-1.jpg\",\"contentUrl\":\"https:\\\/\\\/btmtelectric.com\\\/wp-content\\\/uploads\\\/2025\\\/07\\\/Detecteur-de-mouvement-filaire-avec-levee-de-doute-1.jpg\",\"width\":1000,\"height\":1000},{\"@type\":\"BreadcrumbList\",\"@id\":\"https:\\\/\\\/btmtelectric.com\\\/index.php\\\/product\\\/detecteur-de-mouvement-filaire-avec-levee-de-doute\\\/#breadcrumb\",\"itemListElement\":[{\"@type\":\"ListItem\",\"position\":1,\"name\":\"Accueil\",\"item\":\"https:\\\/\\\/btmtelectric.com\\\/\"},{\"@type\":\"ListItem\",\"position\":2,\"name\":\"Boutique\",\"item\":\"https:\\\/\\\/btmtelectric.com\\\/index.php\\\/boutique\\\/\"},{\"@type\":\"ListItem\",\"position\":3,\"name\":\"D\u00e9tecteur de mouvement filaire avec lev\u00e9e de doute\"}]},{\"@type\":\"WebSite\",\"@id\":\"https:\\\/\\\/btmtelectric.com\\\/#website\",\"url\":\"https:\\\/\\\/btmtelectric.com\\\/\",\"name\":\"BTMT ELECTRIC \u2013 Solutions \u00c9lectriques Fiables et Innovantes\",\"description\":\"\",\"publisher\":{\"@id\":\"https:\\\/\\\/btmtelectric.com\\\/#organization\"},\"potentialAction\":[{\"@type\":\"SearchAction\",\"target\":{\"@type\":\"EntryPoint\",\"urlTemplate\":\"https:\\\/\\\/btmtelectric.com\\\/?s={search_term_string}\"},\"query-input\":{\"@type\":\"PropertyValueSpecification\",\"valueRequired\":true,\"valueName\":\"search_term_string\"}}],\"inLanguage\":\"fr-FR\"},{\"@type\":\"Organization\",\"@id\":\"https:\\\/\\\/btmtelectric.com\\\/#organization\",\"name\":\"BTMT ELECTRIC \u2013 Solutions \u00c9lectriques Fiables et Innovantes\",\"url\":\"https:\\\/\\\/btmtelectric.com\\\/\",\"logo\":{\"@type\":\"ImageObject\",\"inLanguage\":\"fr-FR\",\"@id\":\"https:\\\/\\\/btmtelectric.com\\\/#\\\/schema\\\/logo\\\/image\\\/\",\"url\":\"https:\\\/\\\/btmtelectric.com\\\/wp-content\\\/uploads\\\/2025\\\/07\\\/WhatsApp_Image_2025-07-09_at_11.45.18_AM-removebg-preview-1.png\",\"contentUrl\":\"https:\\\/\\\/btmtelectric.com\\\/wp-content\\\/uploads\\\/2025\\\/07\\\/WhatsApp_Image_2025-07-09_at_11.45.18_AM-removebg-preview-1.png\",\"width\":175,\"height\":42,\"caption\":\"BTMT ELECTRIC \u2013 Solutions \u00c9lectriques Fiables et Innovantes\"},\"image\":{\"@id\":\"https:\\\/\\\/btmtelectric.com\\\/#\\\/schema\\\/logo\\\/image\\\/\"},\"sameAs\":[\"https:\\\/\\\/www.facebook.com\\\/profile.php?id=61578000361796\",\"https:\\\/\\\/www.instagram.com\\\/btmtelectric\\\/\"]}]}<\/script>\n<!-- \/ Yoast SEO plugin. -->","yoast_head_json":{"title":"D\u00e9tecteur de mouvement filaire avec lev\u00e9e de doute - BTMT ELECTRIC \u2013 Solutions \u00c9lectriques Fiables et Innovantes","robots":{"index":"index","follow":"follow","max-snippet":"max-snippet:-1","max-image-preview":"max-image-preview:large","max-video-preview":"max-video-preview:-1"},"canonical":"https:\/\/btmtelectric.com\/index.php\/product\/detecteur-de-mouvement-filaire-avec-levee-de-doute\/","og_locale":"fr_FR","og_type":"article","og_title":"D\u00e9tecteur de mouvement filaire avec lev\u00e9e de doute - BTMT ELECTRIC \u2013 Solutions \u00c9lectriques Fiables et Innovantes","og_description":"D\u00e9tecteur de mouvement avec cam\u00e9ra intelligente \u2013 D\u00e9tection jusqu\u2019\u00e0 12\u202fm, immunit\u00e9 aux animaux jusqu\u2019\u00e0 30\u202fkg, vision nocturne optimis\u00e9e, configurable \u00e0 distance via application.","og_url":"https:\/\/btmtelectric.com\/index.php\/product\/detecteur-de-mouvement-filaire-avec-levee-de-doute\/","og_site_name":"BTMT ELECTRIC \u2013 Solutions \u00c9lectriques Fiables et Innovantes","article_publisher":"https:\/\/www.facebook.com\/profile.php?id=61578000361796","article_modified_time":"2025-09-09T15:31:32+00:00","og_image":[{"width":1000,"height":1000,"url":"https:\/\/btmtelectric.com\/wp-content\/uploads\/2025\/07\/Detecteur-de-mouvement-filaire-avec-levee-de-doute-1.jpg","type":"image\/jpeg"}],"twitter_card":"summary_large_image","twitter_misc":{"Dur\u00e9e de lecture estim\u00e9e":"1 minute"},"schema":{"@context":"https:\/\/schema.org","@graph":[{"@type":"WebPage","@id":"https:\/\/btmtelectric.com\/index.php\/product\/detecteur-de-mouvement-filaire-avec-levee-de-doute\/","url":"https:\/\/btmtelectric.com\/index.php\/product\/detecteur-de-mouvement-filaire-avec-levee-de-doute\/","name":"D\u00e9tecteur de mouvement filaire avec lev\u00e9e de doute - BTMT ELECTRIC \u2013 Solutions \u00c9lectriques Fiables et Innovantes","isPartOf":{"@id":"https:\/\/btmtelectric.com\/#website"},"primaryImageOfPage":{"@id":"https:\/\/btmtelectric.com\/index.php\/product\/detecteur-de-mouvement-filaire-avec-levee-de-doute\/#primaryimage"},"image":{"@id":"https:\/\/btmtelectric.com\/index.php\/product\/detecteur-de-mouvement-filaire-avec-levee-de-doute\/#primaryimage"},"thumbnailUrl":"https:\/\/btmtelectric.com\/wp-content\/uploads\/2025\/07\/Detecteur-de-mouvement-filaire-avec-levee-de-doute-1.jpg","datePublished":"2025-07-23T08:30:52+00:00","dateModified":"2025-09-09T15:31:32+00:00","breadcrumb":{"@id":"https:\/\/btmtelectric.com\/index.php\/product\/detecteur-de-mouvement-filaire-avec-levee-de-doute\/#breadcrumb"},"inLanguage":"fr-FR","potentialAction":[{"@type":"ReadAction","target":["https:\/\/btmtelectric.com\/index.php\/product\/detecteur-de-mouvement-filaire-avec-levee-de-doute\/"]}]},{"@type":"ImageObject","inLanguage":"fr-FR","@id":"https:\/\/btmtelectric.com\/index.php\/product\/detecteur-de-mouvement-filaire-avec-levee-de-doute\/#primaryimage","url":"https:\/\/btmtelectric.com\/wp-content\/uploads\/2025\/07\/Detecteur-de-mouvement-filaire-avec-levee-de-doute-1.jpg","contentUrl":"https:\/\/btmtelectric.com\/wp-content\/uploads\/2025\/07\/Detecteur-de-mouvement-filaire-avec-levee-de-doute-1.jpg","width":1000,"height":1000},{"@type":"BreadcrumbList","@id":"https:\/\/btmtelectric.com\/index.php\/product\/detecteur-de-mouvement-filaire-avec-levee-de-doute\/#breadcrumb","itemListElement":[{"@type":"ListItem","position":1,"name":"Accueil","item":"https:\/\/btmtelectric.com\/"},{"@type":"ListItem","position":2,"name":"Boutique","item":"https:\/\/btmtelectric.com\/index.php\/boutique\/"},{"@type":"ListItem","position":3,"name":"D\u00e9tecteur de mouvement filaire avec lev\u00e9e de doute"}]},{"@type":"WebSite","@id":"https:\/\/btmtelectric.com\/#website","url":"https:\/\/btmtelectric.com\/","name":"BTMT ELECTRIC \u2013 Solutions \u00c9lectriques Fiables et Innovantes","description":"","publisher":{"@id":"https:\/\/btmtelectric.com\/#organization"},"potentialAction":[{"@type":"SearchAction","target":{"@type":"EntryPoint","urlTemplate":"https:\/\/btmtelectric.com\/?s={search_term_string}"},"query-input":{"@type":"PropertyValueSpecification","valueRequired":true,"valueName":"search_term_string"}}],"inLanguage":"fr-FR"},{"@type":"Organization","@id":"https:\/\/btmtelectric.com\/#organization","name":"BTMT ELECTRIC \u2013 Solutions \u00c9lectriques Fiables et Innovantes","url":"https:\/\/btmtelectric.com\/","logo":{"@type":"ImageObject","inLanguage":"fr-FR","@id":"https:\/\/btmtelectric.com\/#\/schema\/logo\/image\/","url":"https:\/\/btmtelectric.com\/wp-content\/uploads\/2025\/07\/WhatsApp_Image_2025-07-09_at_11.45.18_AM-removebg-preview-1.png","contentUrl":"https:\/\/btmtelectric.com\/wp-content\/uploads\/2025\/07\/WhatsApp_Image_2025-07-09_at_11.45.18_AM-removebg-preview-1.png","width":175,"height":42,"caption":"BTMT ELECTRIC \u2013 Solutions \u00c9lectriques Fiables et Innovantes"},"image":{"@id":"https:\/\/btmtelectric.com\/#\/schema\/logo\/image\/"},"sameAs":["https:\/\/www.facebook.com\/profile.php?id=61578000361796","https:\/\/www.instagram.com\/btmtelectric\/"]}]}},"_links":{"self":[{"href":"https:\/\/btmtelectric.com\/index.php\/wp-json\/wp\/v2\/product\/8430","targetHints":{"allow":["GET"]}}],"collection":[{"href":"https:\/\/btmtelectric.com\/index.php\/wp-json\/wp\/v2\/product"}],"about":[{"href":"https:\/\/btmtelectric.com\/index.php\/wp-json\/wp\/v2\/types\/product"}],"replies":[{"embeddable":true,"href":"https:\/\/btmtelectric.com\/index.php\/wp-json\/wp\/v2\/comments?post=8430"}],"wp:featuredmedia":[{"embeddable":true,"href":"https:\/\/btmtelectric.com\/index.php\/wp-json\/wp\/v2\/media\/9152"}],"wp:attachment":[{"href":"https:\/\/btmtelectric.com\/index.php\/wp-json\/wp\/v2\/media?parent=8430"}],"wp:term":[{"taxonomy":"product_brand","embeddable":true,"href":"https:\/\/btmtelectric.com\/index.php\/wp-json\/wp\/v2\/product_brand?post=8430"},{"taxonomy":"product_cat","embeddable":true,"href":"https:\/\/btmtelectric.com\/index.php\/wp-json\/wp\/v2\/product_cat?post=8430"},{"taxonomy":"product_tag","embeddable":true,"href":"https:\/\/btmtelectric.com\/index.php\/wp-json\/wp\/v2\/product_tag?post=8430"}],"curies":[{"name":"wp","href":"https:\/\/api.w.org\/{rel}","templated":true}]}}