{"id":8428,"date":"2025-07-23T08:28:56","date_gmt":"2025-07-23T08:28:56","guid":{"rendered":"https:\/\/btmtelectric.com\/?post_type=product&#038;p=8428"},"modified":"2025-07-23T08:33:45","modified_gmt":"2025-07-23T08:33:45","slug":"detecteur-de-mouvement-filiaire-plafonnier-360","status":"publish","type":"product","link":"https:\/\/btmtelectric.com\/index.php\/product\/detecteur-de-mouvement-filiaire-plafonnier-360\/","title":{"rendered":"D\u00e9tecteur De Mouvement  Filiaire Plafonnier 360\u00b0"},"content":{"rendered":"<p data-start=\"342\" data-end=\"622\">Ce <strong data-start=\"345\" data-end=\"381\">d\u00e9tecteur de mouvement num\u00e9rique<\/strong> hautement performant est con\u00e7u pour une d\u00e9tection pr\u00e9cise et fiable. Il int\u00e8gre un <strong data-start=\"465\" data-end=\"528\">capteur pyro\u00e9lectrique quadruple (digital quad pyro sensor)<\/strong>, offrant une excellente immunit\u00e9 aux fausses alarmes et une d\u00e9tection pr\u00e9cise des mouvements.<\/p>\n<p data-start=\"624\" data-end=\"968\">Gr\u00e2ce \u00e0 sa fonction de <strong data-start=\"647\" data-end=\"674\">sensibilit\u00e9 automatique<\/strong>, le capteur ajuste intelligemment ses param\u00e8tres selon l\u2019environnement, garantissant une performance optimale dans diverses conditions. Il est \u00e9galement dot\u00e9 d\u2019une <strong data-start=\"839\" data-end=\"872\">adaptation large \u00e0 la tension<\/strong> (wide voltage adaptation), ce qui le rend compatible avec une large gamme de syst\u00e8mes d\u2019alarme.<\/p>\n<p data-start=\"970\" data-end=\"1095\">Enfin, il inclut une <strong data-start=\"991\" data-end=\"1032\">r\u00e9sistance EoL (End-of-Line) int\u00e9gr\u00e9e<\/strong>, facilitant l\u2019installation et r\u00e9duisant le c\u00e2blage n\u00e9cessaire.<\/p>\n","protected":false},"excerpt":{"rendered":"<p><strong data-start=\"160\" data-end=\"196\">D\u00e9tecteur de mouvement num\u00e9rique<\/strong> \u2013 \u00c9quip\u00e9 d\u2019un capteur pyro\u00e9lectrique quadruple, avec sensibilit\u00e9 automatique et r\u00e9sistance EoL int\u00e9gr\u00e9e.<\/p>\n","protected":false},"featured_media":8429,"comment_status":"open","ping_status":"closed","template":"","meta":{"_acf_changed":false,"content-type":""},"product_brand":[],"product_cat":[349],"product_tag":[],"class_list":{"0":"post-8428","1":"product","2":"type-product","3":"status-publish","4":"has-post-thumbnail","6":"product_cat-alarme","8":"first","9":"instock","10":"shipping-taxable","11":"purchasable","12":"product-type-simple"},"acf":[],"yoast_head":"<!-- This site is optimized with the Yoast SEO plugin v27.3 - https:\/\/yoast.com\/product\/yoast-seo-wordpress\/ -->\n<title>D\u00e9tecteur De Mouvement Filiaire Plafonnier 360\u00b0 - BTMT ELECTRIC \u2013 Solutions \u00c9lectriques Fiables et Innovantes<\/title>\n<meta name=\"robots\" content=\"index, follow, max-snippet:-1, max-image-preview:large, max-video-preview:-1\" \/>\n<link rel=\"canonical\" href=\"https:\/\/btmtelectric.com\/index.php\/product\/detecteur-de-mouvement-filiaire-plafonnier-360\/\" \/>\n<meta property=\"og:locale\" content=\"fr_FR\" \/>\n<meta property=\"og:type\" content=\"article\" \/>\n<meta property=\"og:title\" content=\"D\u00e9tecteur De Mouvement Filiaire Plafonnier 360\u00b0 - BTMT ELECTRIC \u2013 Solutions \u00c9lectriques Fiables et Innovantes\" \/>\n<meta property=\"og:description\" content=\"D\u00e9tecteur de mouvement num\u00e9rique \u2013 \u00c9quip\u00e9 d\u2019un capteur pyro\u00e9lectrique quadruple, avec sensibilit\u00e9 automatique et r\u00e9sistance EoL int\u00e9gr\u00e9e.\" \/>\n<meta property=\"og:url\" content=\"https:\/\/btmtelectric.com\/index.php\/product\/detecteur-de-mouvement-filiaire-plafonnier-360\/\" \/>\n<meta property=\"og:site_name\" content=\"BTMT ELECTRIC \u2013 Solutions \u00c9lectriques Fiables et Innovantes\" \/>\n<meta property=\"article:publisher\" content=\"https:\/\/www.facebook.com\/profile.php?id=61578000361796\" \/>\n<meta property=\"article:modified_time\" content=\"2025-07-23T08:33:45+00:00\" \/>\n<meta property=\"og:image\" content=\"https:\/\/btmtelectric.com\/wp-content\/uploads\/2025\/07\/d_tecteur_de_mouvement_usage_plafonnier_360__6m_ip20_-_blanc.jpg\" \/>\n\t<meta property=\"og:image:width\" content=\"700\" \/>\n\t<meta property=\"og:image:height\" content=\"700\" \/>\n\t<meta property=\"og:image:type\" content=\"image\/jpeg\" \/>\n<meta name=\"twitter:card\" content=\"summary_large_image\" \/>\n<meta name=\"twitter:label1\" content=\"Dur\u00e9e de lecture estim\u00e9e\" \/>\n\t<meta name=\"twitter:data1\" content=\"1 minute\" \/>\n<script type=\"application\/ld+json\" class=\"yoast-schema-graph\">{\"@context\":\"https:\\\/\\\/schema.org\",\"@graph\":[{\"@type\":\"WebPage\",\"@id\":\"https:\\\/\\\/btmtelectric.com\\\/index.php\\\/product\\\/detecteur-de-mouvement-filiaire-plafonnier-360\\\/\",\"url\":\"https:\\\/\\\/btmtelectric.com\\\/index.php\\\/product\\\/detecteur-de-mouvement-filiaire-plafonnier-360\\\/\",\"name\":\"D\u00e9tecteur De Mouvement Filiaire Plafonnier 360\u00b0 - BTMT ELECTRIC \u2013 Solutions \u00c9lectriques Fiables et Innovantes\",\"isPartOf\":{\"@id\":\"https:\\\/\\\/btmtelectric.com\\\/#website\"},\"primaryImageOfPage\":{\"@id\":\"https:\\\/\\\/btmtelectric.com\\\/index.php\\\/product\\\/detecteur-de-mouvement-filiaire-plafonnier-360\\\/#primaryimage\"},\"image\":{\"@id\":\"https:\\\/\\\/btmtelectric.com\\\/index.php\\\/product\\\/detecteur-de-mouvement-filiaire-plafonnier-360\\\/#primaryimage\"},\"thumbnailUrl\":\"https:\\\/\\\/btmtelectric.com\\\/wp-content\\\/uploads\\\/2025\\\/07\\\/d_tecteur_de_mouvement_usage_plafonnier_360__6m_ip20_-_blanc.jpg\",\"datePublished\":\"2025-07-23T08:28:56+00:00\",\"dateModified\":\"2025-07-23T08:33:45+00:00\",\"breadcrumb\":{\"@id\":\"https:\\\/\\\/btmtelectric.com\\\/index.php\\\/product\\\/detecteur-de-mouvement-filiaire-plafonnier-360\\\/#breadcrumb\"},\"inLanguage\":\"fr-FR\",\"potentialAction\":[{\"@type\":\"ReadAction\",\"target\":[\"https:\\\/\\\/btmtelectric.com\\\/index.php\\\/product\\\/detecteur-de-mouvement-filiaire-plafonnier-360\\\/\"]}]},{\"@type\":\"ImageObject\",\"inLanguage\":\"fr-FR\",\"@id\":\"https:\\\/\\\/btmtelectric.com\\\/index.php\\\/product\\\/detecteur-de-mouvement-filiaire-plafonnier-360\\\/#primaryimage\",\"url\":\"https:\\\/\\\/btmtelectric.com\\\/wp-content\\\/uploads\\\/2025\\\/07\\\/d_tecteur_de_mouvement_usage_plafonnier_360__6m_ip20_-_blanc.jpg\",\"contentUrl\":\"https:\\\/\\\/btmtelectric.com\\\/wp-content\\\/uploads\\\/2025\\\/07\\\/d_tecteur_de_mouvement_usage_plafonnier_360__6m_ip20_-_blanc.jpg\",\"width\":700,\"height\":700},{\"@type\":\"BreadcrumbList\",\"@id\":\"https:\\\/\\\/btmtelectric.com\\\/index.php\\\/product\\\/detecteur-de-mouvement-filiaire-plafonnier-360\\\/#breadcrumb\",\"itemListElement\":[{\"@type\":\"ListItem\",\"position\":1,\"name\":\"Accueil\",\"item\":\"https:\\\/\\\/btmtelectric.com\\\/\"},{\"@type\":\"ListItem\",\"position\":2,\"name\":\"Boutique\",\"item\":\"https:\\\/\\\/btmtelectric.com\\\/index.php\\\/boutique\\\/\"},{\"@type\":\"ListItem\",\"position\":3,\"name\":\"D\u00e9tecteur De Mouvement Filiaire Plafonnier 360\u00b0\"}]},{\"@type\":\"WebSite\",\"@id\":\"https:\\\/\\\/btmtelectric.com\\\/#website\",\"url\":\"https:\\\/\\\/btmtelectric.com\\\/\",\"name\":\"BTMT ELECTRIC \u2013 Solutions \u00c9lectriques Fiables et Innovantes\",\"description\":\"\",\"publisher\":{\"@id\":\"https:\\\/\\\/btmtelectric.com\\\/#organization\"},\"potentialAction\":[{\"@type\":\"SearchAction\",\"target\":{\"@type\":\"EntryPoint\",\"urlTemplate\":\"https:\\\/\\\/btmtelectric.com\\\/?s={search_term_string}\"},\"query-input\":{\"@type\":\"PropertyValueSpecification\",\"valueRequired\":true,\"valueName\":\"search_term_string\"}}],\"inLanguage\":\"fr-FR\"},{\"@type\":\"Organization\",\"@id\":\"https:\\\/\\\/btmtelectric.com\\\/#organization\",\"name\":\"BTMT ELECTRIC \u2013 Solutions \u00c9lectriques Fiables et Innovantes\",\"url\":\"https:\\\/\\\/btmtelectric.com\\\/\",\"logo\":{\"@type\":\"ImageObject\",\"inLanguage\":\"fr-FR\",\"@id\":\"https:\\\/\\\/btmtelectric.com\\\/#\\\/schema\\\/logo\\\/image\\\/\",\"url\":\"https:\\\/\\\/btmtelectric.com\\\/wp-content\\\/uploads\\\/2025\\\/07\\\/WhatsApp_Image_2025-07-09_at_11.45.18_AM-removebg-preview-1.png\",\"contentUrl\":\"https:\\\/\\\/btmtelectric.com\\\/wp-content\\\/uploads\\\/2025\\\/07\\\/WhatsApp_Image_2025-07-09_at_11.45.18_AM-removebg-preview-1.png\",\"width\":175,\"height\":42,\"caption\":\"BTMT ELECTRIC \u2013 Solutions \u00c9lectriques Fiables et Innovantes\"},\"image\":{\"@id\":\"https:\\\/\\\/btmtelectric.com\\\/#\\\/schema\\\/logo\\\/image\\\/\"},\"sameAs\":[\"https:\\\/\\\/www.facebook.com\\\/profile.php?id=61578000361796\",\"https:\\\/\\\/www.instagram.com\\\/btmtelectric\\\/\"]}]}<\/script>\n<!-- \/ Yoast SEO plugin. -->","yoast_head_json":{"title":"D\u00e9tecteur De Mouvement Filiaire Plafonnier 360\u00b0 - BTMT ELECTRIC \u2013 Solutions \u00c9lectriques Fiables et Innovantes","robots":{"index":"index","follow":"follow","max-snippet":"max-snippet:-1","max-image-preview":"max-image-preview:large","max-video-preview":"max-video-preview:-1"},"canonical":"https:\/\/btmtelectric.com\/index.php\/product\/detecteur-de-mouvement-filiaire-plafonnier-360\/","og_locale":"fr_FR","og_type":"article","og_title":"D\u00e9tecteur De Mouvement Filiaire Plafonnier 360\u00b0 - BTMT ELECTRIC \u2013 Solutions \u00c9lectriques Fiables et Innovantes","og_description":"D\u00e9tecteur de mouvement num\u00e9rique \u2013 \u00c9quip\u00e9 d\u2019un capteur pyro\u00e9lectrique quadruple, avec sensibilit\u00e9 automatique et r\u00e9sistance EoL int\u00e9gr\u00e9e.","og_url":"https:\/\/btmtelectric.com\/index.php\/product\/detecteur-de-mouvement-filiaire-plafonnier-360\/","og_site_name":"BTMT ELECTRIC \u2013 Solutions \u00c9lectriques Fiables et Innovantes","article_publisher":"https:\/\/www.facebook.com\/profile.php?id=61578000361796","article_modified_time":"2025-07-23T08:33:45+00:00","og_image":[{"width":700,"height":700,"url":"https:\/\/btmtelectric.com\/wp-content\/uploads\/2025\/07\/d_tecteur_de_mouvement_usage_plafonnier_360__6m_ip20_-_blanc.jpg","type":"image\/jpeg"}],"twitter_card":"summary_large_image","twitter_misc":{"Dur\u00e9e de lecture estim\u00e9e":"1 minute"},"schema":{"@context":"https:\/\/schema.org","@graph":[{"@type":"WebPage","@id":"https:\/\/btmtelectric.com\/index.php\/product\/detecteur-de-mouvement-filiaire-plafonnier-360\/","url":"https:\/\/btmtelectric.com\/index.php\/product\/detecteur-de-mouvement-filiaire-plafonnier-360\/","name":"D\u00e9tecteur De Mouvement Filiaire Plafonnier 360\u00b0 - BTMT ELECTRIC \u2013 Solutions \u00c9lectriques Fiables et Innovantes","isPartOf":{"@id":"https:\/\/btmtelectric.com\/#website"},"primaryImageOfPage":{"@id":"https:\/\/btmtelectric.com\/index.php\/product\/detecteur-de-mouvement-filiaire-plafonnier-360\/#primaryimage"},"image":{"@id":"https:\/\/btmtelectric.com\/index.php\/product\/detecteur-de-mouvement-filiaire-plafonnier-360\/#primaryimage"},"thumbnailUrl":"https:\/\/btmtelectric.com\/wp-content\/uploads\/2025\/07\/d_tecteur_de_mouvement_usage_plafonnier_360__6m_ip20_-_blanc.jpg","datePublished":"2025-07-23T08:28:56+00:00","dateModified":"2025-07-23T08:33:45+00:00","breadcrumb":{"@id":"https:\/\/btmtelectric.com\/index.php\/product\/detecteur-de-mouvement-filiaire-plafonnier-360\/#breadcrumb"},"inLanguage":"fr-FR","potentialAction":[{"@type":"ReadAction","target":["https:\/\/btmtelectric.com\/index.php\/product\/detecteur-de-mouvement-filiaire-plafonnier-360\/"]}]},{"@type":"ImageObject","inLanguage":"fr-FR","@id":"https:\/\/btmtelectric.com\/index.php\/product\/detecteur-de-mouvement-filiaire-plafonnier-360\/#primaryimage","url":"https:\/\/btmtelectric.com\/wp-content\/uploads\/2025\/07\/d_tecteur_de_mouvement_usage_plafonnier_360__6m_ip20_-_blanc.jpg","contentUrl":"https:\/\/btmtelectric.com\/wp-content\/uploads\/2025\/07\/d_tecteur_de_mouvement_usage_plafonnier_360__6m_ip20_-_blanc.jpg","width":700,"height":700},{"@type":"BreadcrumbList","@id":"https:\/\/btmtelectric.com\/index.php\/product\/detecteur-de-mouvement-filiaire-plafonnier-360\/#breadcrumb","itemListElement":[{"@type":"ListItem","position":1,"name":"Accueil","item":"https:\/\/btmtelectric.com\/"},{"@type":"ListItem","position":2,"name":"Boutique","item":"https:\/\/btmtelectric.com\/index.php\/boutique\/"},{"@type":"ListItem","position":3,"name":"D\u00e9tecteur De Mouvement Filiaire Plafonnier 360\u00b0"}]},{"@type":"WebSite","@id":"https:\/\/btmtelectric.com\/#website","url":"https:\/\/btmtelectric.com\/","name":"BTMT ELECTRIC \u2013 Solutions \u00c9lectriques Fiables et Innovantes","description":"","publisher":{"@id":"https:\/\/btmtelectric.com\/#organization"},"potentialAction":[{"@type":"SearchAction","target":{"@type":"EntryPoint","urlTemplate":"https:\/\/btmtelectric.com\/?s={search_term_string}"},"query-input":{"@type":"PropertyValueSpecification","valueRequired":true,"valueName":"search_term_string"}}],"inLanguage":"fr-FR"},{"@type":"Organization","@id":"https:\/\/btmtelectric.com\/#organization","name":"BTMT ELECTRIC \u2013 Solutions \u00c9lectriques Fiables et Innovantes","url":"https:\/\/btmtelectric.com\/","logo":{"@type":"ImageObject","inLanguage":"fr-FR","@id":"https:\/\/btmtelectric.com\/#\/schema\/logo\/image\/","url":"https:\/\/btmtelectric.com\/wp-content\/uploads\/2025\/07\/WhatsApp_Image_2025-07-09_at_11.45.18_AM-removebg-preview-1.png","contentUrl":"https:\/\/btmtelectric.com\/wp-content\/uploads\/2025\/07\/WhatsApp_Image_2025-07-09_at_11.45.18_AM-removebg-preview-1.png","width":175,"height":42,"caption":"BTMT ELECTRIC \u2013 Solutions \u00c9lectriques Fiables et Innovantes"},"image":{"@id":"https:\/\/btmtelectric.com\/#\/schema\/logo\/image\/"},"sameAs":["https:\/\/www.facebook.com\/profile.php?id=61578000361796","https:\/\/www.instagram.com\/btmtelectric\/"]}]}},"_links":{"self":[{"href":"https:\/\/btmtelectric.com\/index.php\/wp-json\/wp\/v2\/product\/8428","targetHints":{"allow":["GET"]}}],"collection":[{"href":"https:\/\/btmtelectric.com\/index.php\/wp-json\/wp\/v2\/product"}],"about":[{"href":"https:\/\/btmtelectric.com\/index.php\/wp-json\/wp\/v2\/types\/product"}],"replies":[{"embeddable":true,"href":"https:\/\/btmtelectric.com\/index.php\/wp-json\/wp\/v2\/comments?post=8428"}],"wp:featuredmedia":[{"embeddable":true,"href":"https:\/\/btmtelectric.com\/index.php\/wp-json\/wp\/v2\/media\/8429"}],"wp:attachment":[{"href":"https:\/\/btmtelectric.com\/index.php\/wp-json\/wp\/v2\/media?parent=8428"}],"wp:term":[{"taxonomy":"product_brand","embeddable":true,"href":"https:\/\/btmtelectric.com\/index.php\/wp-json\/wp\/v2\/product_brand?post=8428"},{"taxonomy":"product_cat","embeddable":true,"href":"https:\/\/btmtelectric.com\/index.php\/wp-json\/wp\/v2\/product_cat?post=8428"},{"taxonomy":"product_tag","embeddable":true,"href":"https:\/\/btmtelectric.com\/index.php\/wp-json\/wp\/v2\/product_tag?post=8428"}],"curies":[{"name":"wp","href":"https:\/\/api.w.org\/{rel}","templated":true}]}}