{"id":8416,"date":"2025-07-22T15:00:54","date_gmt":"2025-07-22T15:00:54","guid":{"rendered":"https:\/\/btmtelectric.com\/?post_type=product&#038;p=8416"},"modified":"2025-07-22T15:00:54","modified_gmt":"2025-07-22T15:00:54","slug":"clavier-lcd-filaire","status":"publish","type":"product","link":"https:\/\/btmtelectric.com\/index.php\/product\/clavier-lcd-filaire\/","title":{"rendered":"Clavier LCD Filaire"},"content":{"rendered":"<p>Ce clavier LCD offre une interface simple et intuitive avec la fonction d\u2019<strong data-start=\"456\" data-end=\"489\">armement par une seule touche<\/strong> (sans mot de passe). Il int\u00e8gre des boutons d\u00e9di\u00e9s pour les alarmes <strong data-start=\"558\" data-end=\"570\">incendie<\/strong>, <strong data-start=\"572\" data-end=\"583\">panique<\/strong> et <strong data-start=\"587\" data-end=\"599\">m\u00e9dicale<\/strong>, et permet l\u2019affichage du <strong data-start=\"626\" data-end=\"649\">nom de l\u2019entreprise<\/strong>, <strong data-start=\"651\" data-end=\"674\">num\u00e9ro de t\u00e9l\u00e9phone<\/strong> et <strong data-start=\"678\" data-end=\"687\">heure<\/strong>. Il dispose de <strong data-start=\"703\" data-end=\"735\">2 entr\u00e9es d\u2019alarme int\u00e9gr\u00e9es<\/strong> et <strong data-start=\"739\" data-end=\"760\">1 sortie d\u2019alarme<\/strong>, avec une prise en charge allant jusqu\u2019\u00e0 <strong data-start=\"802\" data-end=\"822\">64 t\u00e9l\u00e9commandes<\/strong>, id\u00e9al pour une gestion s\u00e9curis\u00e9e et flexible.<\/p>\n","protected":false},"excerpt":{"rendered":"<p>Clavier avec \u00e9cran LCD, armement par une touche, boutons d\u2019alarme (incendie, panique, m\u00e9dical), affichage des infos (nom, t\u00e9l\u00e9phone, heure), 2 entr\u00e9es \/ 1 sortie d\u2019alarme, jusqu\u2019\u00e0 64 t\u00e9l\u00e9commandes.<\/p>\n","protected":false},"featured_media":8417,"comment_status":"open","ping_status":"closed","template":"","meta":{"_acf_changed":false,"content-type":""},"product_brand":[],"product_cat":[349],"product_tag":[],"class_list":{"0":"post-8416","1":"product","2":"type-product","3":"status-publish","4":"has-post-thumbnail","6":"product_cat-alarme","8":"first","9":"instock","10":"shipping-taxable","11":"purchasable","12":"product-type-simple"},"acf":[],"yoast_head":"<!-- This site is optimized with the Yoast SEO plugin v27.3 - https:\/\/yoast.com\/product\/yoast-seo-wordpress\/ -->\n<title>Clavier LCD Filaire - BTMT ELECTRIC \u2013 Solutions \u00c9lectriques Fiables et Innovantes<\/title>\n<meta name=\"robots\" content=\"index, follow, max-snippet:-1, max-image-preview:large, max-video-preview:-1\" \/>\n<link rel=\"canonical\" href=\"https:\/\/btmtelectric.com\/index.php\/product\/clavier-lcd-filaire\/\" \/>\n<meta property=\"og:locale\" content=\"fr_FR\" \/>\n<meta property=\"og:type\" content=\"article\" \/>\n<meta property=\"og:title\" content=\"Clavier LCD Filaire - BTMT ELECTRIC \u2013 Solutions \u00c9lectriques Fiables et Innovantes\" \/>\n<meta property=\"og:description\" content=\"Clavier avec \u00e9cran LCD, armement par une touche, boutons d\u2019alarme (incendie, panique, m\u00e9dical), affichage des infos (nom, t\u00e9l\u00e9phone, heure), 2 entr\u00e9es \/ 1 sortie d\u2019alarme, jusqu\u2019\u00e0 64 t\u00e9l\u00e9commandes.\" \/>\n<meta property=\"og:url\" content=\"https:\/\/btmtelectric.com\/index.php\/product\/clavier-lcd-filaire\/\" \/>\n<meta property=\"og:site_name\" content=\"BTMT ELECTRIC \u2013 Solutions \u00c9lectriques Fiables et Innovantes\" \/>\n<meta property=\"article:publisher\" content=\"https:\/\/www.facebook.com\/profile.php?id=61578000361796\" \/>\n<meta property=\"og:image\" content=\"https:\/\/btmtelectric.com\/wp-content\/uploads\/2025\/07\/DS-PK1-LRT-HWB-CLAVIER-HIKVISION-LCD-FILAIRE-DS-PK1-LRT-HWB.png\" \/>\n\t<meta property=\"og:image:width\" content=\"584\" \/>\n\t<meta property=\"og:image:height\" content=\"367\" \/>\n\t<meta property=\"og:image:type\" content=\"image\/png\" \/>\n<meta name=\"twitter:card\" content=\"summary_large_image\" \/>\n<script type=\"application\/ld+json\" class=\"yoast-schema-graph\">{\"@context\":\"https:\\\/\\\/schema.org\",\"@graph\":[{\"@type\":\"WebPage\",\"@id\":\"https:\\\/\\\/btmtelectric.com\\\/index.php\\\/product\\\/clavier-lcd-filaire\\\/\",\"url\":\"https:\\\/\\\/btmtelectric.com\\\/index.php\\\/product\\\/clavier-lcd-filaire\\\/\",\"name\":\"Clavier LCD Filaire - BTMT ELECTRIC \u2013 Solutions \u00c9lectriques Fiables et Innovantes\",\"isPartOf\":{\"@id\":\"https:\\\/\\\/btmtelectric.com\\\/#website\"},\"primaryImageOfPage\":{\"@id\":\"https:\\\/\\\/btmtelectric.com\\\/index.php\\\/product\\\/clavier-lcd-filaire\\\/#primaryimage\"},\"image\":{\"@id\":\"https:\\\/\\\/btmtelectric.com\\\/index.php\\\/product\\\/clavier-lcd-filaire\\\/#primaryimage\"},\"thumbnailUrl\":\"https:\\\/\\\/btmtelectric.com\\\/wp-content\\\/uploads\\\/2025\\\/07\\\/DS-PK1-LRT-HWB-CLAVIER-HIKVISION-LCD-FILAIRE-DS-PK1-LRT-HWB.png\",\"datePublished\":\"2025-07-22T15:00:54+00:00\",\"breadcrumb\":{\"@id\":\"https:\\\/\\\/btmtelectric.com\\\/index.php\\\/product\\\/clavier-lcd-filaire\\\/#breadcrumb\"},\"inLanguage\":\"fr-FR\",\"potentialAction\":[{\"@type\":\"ReadAction\",\"target\":[\"https:\\\/\\\/btmtelectric.com\\\/index.php\\\/product\\\/clavier-lcd-filaire\\\/\"]}]},{\"@type\":\"ImageObject\",\"inLanguage\":\"fr-FR\",\"@id\":\"https:\\\/\\\/btmtelectric.com\\\/index.php\\\/product\\\/clavier-lcd-filaire\\\/#primaryimage\",\"url\":\"https:\\\/\\\/btmtelectric.com\\\/wp-content\\\/uploads\\\/2025\\\/07\\\/DS-PK1-LRT-HWB-CLAVIER-HIKVISION-LCD-FILAIRE-DS-PK1-LRT-HWB.png\",\"contentUrl\":\"https:\\\/\\\/btmtelectric.com\\\/wp-content\\\/uploads\\\/2025\\\/07\\\/DS-PK1-LRT-HWB-CLAVIER-HIKVISION-LCD-FILAIRE-DS-PK1-LRT-HWB.png\",\"width\":584,\"height\":367},{\"@type\":\"BreadcrumbList\",\"@id\":\"https:\\\/\\\/btmtelectric.com\\\/index.php\\\/product\\\/clavier-lcd-filaire\\\/#breadcrumb\",\"itemListElement\":[{\"@type\":\"ListItem\",\"position\":1,\"name\":\"Accueil\",\"item\":\"https:\\\/\\\/btmtelectric.com\\\/\"},{\"@type\":\"ListItem\",\"position\":2,\"name\":\"Boutique\",\"item\":\"https:\\\/\\\/btmtelectric.com\\\/index.php\\\/boutique\\\/\"},{\"@type\":\"ListItem\",\"position\":3,\"name\":\"Clavier LCD Filaire\"}]},{\"@type\":\"WebSite\",\"@id\":\"https:\\\/\\\/btmtelectric.com\\\/#website\",\"url\":\"https:\\\/\\\/btmtelectric.com\\\/\",\"name\":\"BTMT ELECTRIC \u2013 Solutions \u00c9lectriques Fiables et Innovantes\",\"description\":\"\",\"publisher\":{\"@id\":\"https:\\\/\\\/btmtelectric.com\\\/#organization\"},\"potentialAction\":[{\"@type\":\"SearchAction\",\"target\":{\"@type\":\"EntryPoint\",\"urlTemplate\":\"https:\\\/\\\/btmtelectric.com\\\/?s={search_term_string}\"},\"query-input\":{\"@type\":\"PropertyValueSpecification\",\"valueRequired\":true,\"valueName\":\"search_term_string\"}}],\"inLanguage\":\"fr-FR\"},{\"@type\":\"Organization\",\"@id\":\"https:\\\/\\\/btmtelectric.com\\\/#organization\",\"name\":\"BTMT ELECTRIC \u2013 Solutions \u00c9lectriques Fiables et Innovantes\",\"url\":\"https:\\\/\\\/btmtelectric.com\\\/\",\"logo\":{\"@type\":\"ImageObject\",\"inLanguage\":\"fr-FR\",\"@id\":\"https:\\\/\\\/btmtelectric.com\\\/#\\\/schema\\\/logo\\\/image\\\/\",\"url\":\"https:\\\/\\\/btmtelectric.com\\\/wp-content\\\/uploads\\\/2025\\\/07\\\/WhatsApp_Image_2025-07-09_at_11.45.18_AM-removebg-preview-1.png\",\"contentUrl\":\"https:\\\/\\\/btmtelectric.com\\\/wp-content\\\/uploads\\\/2025\\\/07\\\/WhatsApp_Image_2025-07-09_at_11.45.18_AM-removebg-preview-1.png\",\"width\":175,\"height\":42,\"caption\":\"BTMT ELECTRIC \u2013 Solutions \u00c9lectriques Fiables et Innovantes\"},\"image\":{\"@id\":\"https:\\\/\\\/btmtelectric.com\\\/#\\\/schema\\\/logo\\\/image\\\/\"},\"sameAs\":[\"https:\\\/\\\/www.facebook.com\\\/profile.php?id=61578000361796\",\"https:\\\/\\\/www.instagram.com\\\/btmtelectric\\\/\"]}]}<\/script>\n<!-- \/ Yoast SEO plugin. -->","yoast_head_json":{"title":"Clavier LCD Filaire - BTMT ELECTRIC \u2013 Solutions \u00c9lectriques Fiables et Innovantes","robots":{"index":"index","follow":"follow","max-snippet":"max-snippet:-1","max-image-preview":"max-image-preview:large","max-video-preview":"max-video-preview:-1"},"canonical":"https:\/\/btmtelectric.com\/index.php\/product\/clavier-lcd-filaire\/","og_locale":"fr_FR","og_type":"article","og_title":"Clavier LCD Filaire - BTMT ELECTRIC \u2013 Solutions \u00c9lectriques Fiables et Innovantes","og_description":"Clavier avec \u00e9cran LCD, armement par une touche, boutons d\u2019alarme (incendie, panique, m\u00e9dical), affichage des infos (nom, t\u00e9l\u00e9phone, heure), 2 entr\u00e9es \/ 1 sortie d\u2019alarme, jusqu\u2019\u00e0 64 t\u00e9l\u00e9commandes.","og_url":"https:\/\/btmtelectric.com\/index.php\/product\/clavier-lcd-filaire\/","og_site_name":"BTMT ELECTRIC \u2013 Solutions \u00c9lectriques Fiables et Innovantes","article_publisher":"https:\/\/www.facebook.com\/profile.php?id=61578000361796","og_image":[{"width":584,"height":367,"url":"https:\/\/btmtelectric.com\/wp-content\/uploads\/2025\/07\/DS-PK1-LRT-HWB-CLAVIER-HIKVISION-LCD-FILAIRE-DS-PK1-LRT-HWB.png","type":"image\/png"}],"twitter_card":"summary_large_image","schema":{"@context":"https:\/\/schema.org","@graph":[{"@type":"WebPage","@id":"https:\/\/btmtelectric.com\/index.php\/product\/clavier-lcd-filaire\/","url":"https:\/\/btmtelectric.com\/index.php\/product\/clavier-lcd-filaire\/","name":"Clavier LCD Filaire - BTMT ELECTRIC \u2013 Solutions \u00c9lectriques Fiables et Innovantes","isPartOf":{"@id":"https:\/\/btmtelectric.com\/#website"},"primaryImageOfPage":{"@id":"https:\/\/btmtelectric.com\/index.php\/product\/clavier-lcd-filaire\/#primaryimage"},"image":{"@id":"https:\/\/btmtelectric.com\/index.php\/product\/clavier-lcd-filaire\/#primaryimage"},"thumbnailUrl":"https:\/\/btmtelectric.com\/wp-content\/uploads\/2025\/07\/DS-PK1-LRT-HWB-CLAVIER-HIKVISION-LCD-FILAIRE-DS-PK1-LRT-HWB.png","datePublished":"2025-07-22T15:00:54+00:00","breadcrumb":{"@id":"https:\/\/btmtelectric.com\/index.php\/product\/clavier-lcd-filaire\/#breadcrumb"},"inLanguage":"fr-FR","potentialAction":[{"@type":"ReadAction","target":["https:\/\/btmtelectric.com\/index.php\/product\/clavier-lcd-filaire\/"]}]},{"@type":"ImageObject","inLanguage":"fr-FR","@id":"https:\/\/btmtelectric.com\/index.php\/product\/clavier-lcd-filaire\/#primaryimage","url":"https:\/\/btmtelectric.com\/wp-content\/uploads\/2025\/07\/DS-PK1-LRT-HWB-CLAVIER-HIKVISION-LCD-FILAIRE-DS-PK1-LRT-HWB.png","contentUrl":"https:\/\/btmtelectric.com\/wp-content\/uploads\/2025\/07\/DS-PK1-LRT-HWB-CLAVIER-HIKVISION-LCD-FILAIRE-DS-PK1-LRT-HWB.png","width":584,"height":367},{"@type":"BreadcrumbList","@id":"https:\/\/btmtelectric.com\/index.php\/product\/clavier-lcd-filaire\/#breadcrumb","itemListElement":[{"@type":"ListItem","position":1,"name":"Accueil","item":"https:\/\/btmtelectric.com\/"},{"@type":"ListItem","position":2,"name":"Boutique","item":"https:\/\/btmtelectric.com\/index.php\/boutique\/"},{"@type":"ListItem","position":3,"name":"Clavier LCD Filaire"}]},{"@type":"WebSite","@id":"https:\/\/btmtelectric.com\/#website","url":"https:\/\/btmtelectric.com\/","name":"BTMT ELECTRIC \u2013 Solutions \u00c9lectriques Fiables et Innovantes","description":"","publisher":{"@id":"https:\/\/btmtelectric.com\/#organization"},"potentialAction":[{"@type":"SearchAction","target":{"@type":"EntryPoint","urlTemplate":"https:\/\/btmtelectric.com\/?s={search_term_string}"},"query-input":{"@type":"PropertyValueSpecification","valueRequired":true,"valueName":"search_term_string"}}],"inLanguage":"fr-FR"},{"@type":"Organization","@id":"https:\/\/btmtelectric.com\/#organization","name":"BTMT ELECTRIC \u2013 Solutions \u00c9lectriques Fiables et Innovantes","url":"https:\/\/btmtelectric.com\/","logo":{"@type":"ImageObject","inLanguage":"fr-FR","@id":"https:\/\/btmtelectric.com\/#\/schema\/logo\/image\/","url":"https:\/\/btmtelectric.com\/wp-content\/uploads\/2025\/07\/WhatsApp_Image_2025-07-09_at_11.45.18_AM-removebg-preview-1.png","contentUrl":"https:\/\/btmtelectric.com\/wp-content\/uploads\/2025\/07\/WhatsApp_Image_2025-07-09_at_11.45.18_AM-removebg-preview-1.png","width":175,"height":42,"caption":"BTMT ELECTRIC \u2013 Solutions \u00c9lectriques Fiables et Innovantes"},"image":{"@id":"https:\/\/btmtelectric.com\/#\/schema\/logo\/image\/"},"sameAs":["https:\/\/www.facebook.com\/profile.php?id=61578000361796","https:\/\/www.instagram.com\/btmtelectric\/"]}]}},"_links":{"self":[{"href":"https:\/\/btmtelectric.com\/index.php\/wp-json\/wp\/v2\/product\/8416","targetHints":{"allow":["GET"]}}],"collection":[{"href":"https:\/\/btmtelectric.com\/index.php\/wp-json\/wp\/v2\/product"}],"about":[{"href":"https:\/\/btmtelectric.com\/index.php\/wp-json\/wp\/v2\/types\/product"}],"replies":[{"embeddable":true,"href":"https:\/\/btmtelectric.com\/index.php\/wp-json\/wp\/v2\/comments?post=8416"}],"wp:featuredmedia":[{"embeddable":true,"href":"https:\/\/btmtelectric.com\/index.php\/wp-json\/wp\/v2\/media\/8417"}],"wp:attachment":[{"href":"https:\/\/btmtelectric.com\/index.php\/wp-json\/wp\/v2\/media?parent=8416"}],"wp:term":[{"taxonomy":"product_brand","embeddable":true,"href":"https:\/\/btmtelectric.com\/index.php\/wp-json\/wp\/v2\/product_brand?post=8416"},{"taxonomy":"product_cat","embeddable":true,"href":"https:\/\/btmtelectric.com\/index.php\/wp-json\/wp\/v2\/product_cat?post=8416"},{"taxonomy":"product_tag","embeddable":true,"href":"https:\/\/btmtelectric.com\/index.php\/wp-json\/wp\/v2\/product_tag?post=8416"}],"curies":[{"name":"wp","href":"https:\/\/api.w.org\/{rel}","templated":true}]}}