{"id":8399,"date":"2025-07-22T13:29:36","date_gmt":"2025-07-22T13:29:36","guid":{"rendered":"https:\/\/btmtelectric.com\/?post_type=product&#038;p=8399"},"modified":"2025-07-22T13:30:44","modified_gmt":"2025-07-22T13:30:44","slug":"zodiac-60","status":"publish","type":"product","link":"https:\/\/btmtelectric.com\/index.php\/product\/zodiac-60\/","title":{"rendered":"ZODIAC 60"},"content":{"rendered":"<p data-start=\"215\" data-end=\"303\">Kit id\u00e9al pour motoriser un portail de garage basculant ou sectionnel, alimentation 24V.<\/p>\n<h4 data-start=\"305\" data-end=\"326\">Contenu du Kit :<\/h4>\n<ul data-start=\"328\" data-end=\"972\">\n<li data-start=\"328\" data-end=\"451\">\n<p data-start=\"330\" data-end=\"451\"><strong data-start=\"330\" data-end=\"356\">1 Motor\u00e9ducteur ZODIAC<\/strong><br data-start=\"356\" data-end=\"359\" \/>Force de traction : 600N \u2013 Puissance : 220W \u2013 Alimentation : 24V<br data-start=\"425\" data-end=\"428\" \/>\ud83d\udc49 <em data-start=\"433\" data-end=\"451\">R\u00e9f : RF 6120041<\/em><\/p>\n<\/li>\n<li data-start=\"453\" data-end=\"586\">\n<p data-start=\"455\" data-end=\"586\"><strong data-start=\"455\" data-end=\"510\">1 Carte \u00e9lectronique GEO 08 (int\u00e9gr\u00e9e au Zodiac 60)<\/strong><br data-start=\"510\" data-end=\"513\" \/>Carte de commande compl\u00e8te \u2013 Alimentation 24V<br data-start=\"560\" data-end=\"563\" \/>\ud83d\udc49 <em data-start=\"568\" data-end=\"586\">R\u00e9f : RF 6020444<\/em><\/p>\n<\/li>\n<li data-start=\"588\" data-end=\"717\">\n<p data-start=\"590\" data-end=\"717\"><strong data-start=\"590\" data-end=\"628\">1 Rail \u00e0 cha\u00eene \u2013 Course de 2500mm<\/strong><br data-start=\"628\" data-end=\"631\" \/>Transmission robuste et silencieuse pour ouverture fluide.<br data-start=\"691\" data-end=\"694\" \/>\ud83d\udc49 <em data-start=\"699\" data-end=\"717\">R\u00e9f : RF 6100060<\/em><\/p>\n<\/li>\n<li data-start=\"719\" data-end=\"846\">\n<p data-start=\"721\" data-end=\"846\"><strong data-start=\"721\" data-end=\"771\">1 Module de fr\u00e9quence RQFZ 868 MHz \u2013 3 broches<\/strong><br data-start=\"771\" data-end=\"774\" \/>Pour communication radio avec les \u00e9metteurs.<br data-start=\"820\" data-end=\"823\" \/>\ud83d\udc49 <em data-start=\"828\" data-end=\"846\">R\u00e9f : RF 6100347<\/em><\/p>\n<\/li>\n<li data-start=\"848\" data-end=\"972\">\n<p data-start=\"850\" data-end=\"972\"><strong data-start=\"850\" data-end=\"884\">2 \u00c9metteurs KILO TX2 \u2013 868 MHz<\/strong><br data-start=\"884\" data-end=\"887\" \/>T\u00e9l\u00e9commandes \u00e0 2 boutons, fr\u00e9quence stable et s\u00e9curis\u00e9e.<br data-start=\"946\" data-end=\"949\" \/>\ud83d\udc49 <em data-start=\"954\" data-end=\"972\">R\u00e9f : RF 6100332<\/em><\/p>\n<\/li>\n<\/ul>\n","protected":false},"excerpt":{"rendered":"<ul data-start=\"1043\" data-end=\"1264\">\n<li data-start=\"1043\" data-end=\"1093\">\n<p data-start=\"1045\" data-end=\"1093\">Moteur ZODIAC \u2013 600N \u2013 24V \u2013 220W (RF 6120041)<\/p>\n<\/li>\n<li data-start=\"1094\" data-end=\"1132\">\n<p data-start=\"1096\" data-end=\"1132\">Carte GEO 08 int\u00e9gr\u00e9e (RF 6020444)<\/p>\n<\/li>\n<li data-start=\"1133\" data-end=\"1172\">\n<p data-start=\"1135\" data-end=\"1172\">Rail \u00e0 cha\u00eene \u2013 2500mm (RF 6100060)<\/p>\n<\/li>\n<li data-start=\"1173\" data-end=\"1218\">\n<p data-start=\"1175\" data-end=\"1218\">Module radio 868 MHz \u2013 3 pin (RF 6100347)<\/p>\n<\/li>\n<li data-start=\"1219\" data-end=\"1264\">\n<p data-start=\"1221\" data-end=\"1264\">2 \u00c9metteurs KILO TX2 \u2013 868 MHz (RF 6100332)<\/p>\n<\/li>\n<\/ul>\n","protected":false},"featured_media":8400,"comment_status":"open","ping_status":"closed","template":"","meta":{"_acf_changed":false,"content-type":""},"product_brand":[],"product_cat":[359],"product_tag":[],"class_list":{"0":"post-8399","1":"product","2":"type-product","3":"status-publish","4":"has-post-thumbnail","6":"product_cat-moteurs-basculants-sectionnelles","8":"first","9":"instock","10":"shipping-taxable","11":"purchasable","12":"product-type-simple"},"acf":[],"yoast_head":"<!-- This site is optimized with the Yoast SEO plugin v27.3 - https:\/\/yoast.com\/product\/yoast-seo-wordpress\/ -->\n<title>ZODIAC 60 - BTMT ELECTRIC \u2013 Solutions \u00c9lectriques Fiables et Innovantes<\/title>\n<meta name=\"robots\" content=\"index, follow, max-snippet:-1, max-image-preview:large, max-video-preview:-1\" \/>\n<link rel=\"canonical\" href=\"https:\/\/btmtelectric.com\/index.php\/product\/zodiac-60\/\" \/>\n<meta property=\"og:locale\" content=\"fr_FR\" \/>\n<meta property=\"og:type\" content=\"article\" \/>\n<meta property=\"og:title\" content=\"ZODIAC 60 - BTMT ELECTRIC \u2013 Solutions \u00c9lectriques Fiables et Innovantes\" \/>\n<meta property=\"og:description\" content=\"Moteur ZODIAC \u2013 600N \u2013 24V \u2013 220W (RF 6120041)    Carte GEO 08 int\u00e9gr\u00e9e (RF 6020444)    Rail \u00e0 cha\u00eene \u2013 2500mm (RF 6100060)    Module radio 868 MHz \u2013 3 pin (RF 6100347)    2 \u00c9metteurs KILO TX2 \u2013 868 MHz (RF 6100332)\" \/>\n<meta property=\"og:url\" content=\"https:\/\/btmtelectric.com\/index.php\/product\/zodiac-60\/\" \/>\n<meta property=\"og:site_name\" content=\"BTMT ELECTRIC \u2013 Solutions \u00c9lectriques Fiables et Innovantes\" \/>\n<meta property=\"article:publisher\" content=\"https:\/\/www.facebook.com\/profile.php?id=61578000361796\" \/>\n<meta property=\"article:modified_time\" content=\"2025-07-22T13:30:44+00:00\" \/>\n<meta property=\"og:image\" content=\"https:\/\/btmtelectric.com\/wp-content\/uploads\/2025\/07\/Capture-decran-2025-07-22-142853.png\" \/>\n\t<meta property=\"og:image:width\" content=\"175\" \/>\n\t<meta property=\"og:image:height\" content=\"149\" \/>\n\t<meta property=\"og:image:type\" content=\"image\/png\" \/>\n<meta name=\"twitter:card\" content=\"summary_large_image\" \/>\n<script type=\"application\/ld+json\" class=\"yoast-schema-graph\">{\"@context\":\"https:\\\/\\\/schema.org\",\"@graph\":[{\"@type\":\"WebPage\",\"@id\":\"https:\\\/\\\/btmtelectric.com\\\/index.php\\\/product\\\/zodiac-60\\\/\",\"url\":\"https:\\\/\\\/btmtelectric.com\\\/index.php\\\/product\\\/zodiac-60\\\/\",\"name\":\"ZODIAC 60 - BTMT ELECTRIC \u2013 Solutions \u00c9lectriques Fiables et Innovantes\",\"isPartOf\":{\"@id\":\"https:\\\/\\\/btmtelectric.com\\\/#website\"},\"primaryImageOfPage\":{\"@id\":\"https:\\\/\\\/btmtelectric.com\\\/index.php\\\/product\\\/zodiac-60\\\/#primaryimage\"},\"image\":{\"@id\":\"https:\\\/\\\/btmtelectric.com\\\/index.php\\\/product\\\/zodiac-60\\\/#primaryimage\"},\"thumbnailUrl\":\"https:\\\/\\\/btmtelectric.com\\\/wp-content\\\/uploads\\\/2025\\\/07\\\/Capture-decran-2025-07-22-142853.png\",\"datePublished\":\"2025-07-22T13:29:36+00:00\",\"dateModified\":\"2025-07-22T13:30:44+00:00\",\"breadcrumb\":{\"@id\":\"https:\\\/\\\/btmtelectric.com\\\/index.php\\\/product\\\/zodiac-60\\\/#breadcrumb\"},\"inLanguage\":\"fr-FR\",\"potentialAction\":[{\"@type\":\"ReadAction\",\"target\":[\"https:\\\/\\\/btmtelectric.com\\\/index.php\\\/product\\\/zodiac-60\\\/\"]}]},{\"@type\":\"ImageObject\",\"inLanguage\":\"fr-FR\",\"@id\":\"https:\\\/\\\/btmtelectric.com\\\/index.php\\\/product\\\/zodiac-60\\\/#primaryimage\",\"url\":\"https:\\\/\\\/btmtelectric.com\\\/wp-content\\\/uploads\\\/2025\\\/07\\\/Capture-decran-2025-07-22-142853.png\",\"contentUrl\":\"https:\\\/\\\/btmtelectric.com\\\/wp-content\\\/uploads\\\/2025\\\/07\\\/Capture-decran-2025-07-22-142853.png\",\"width\":175,\"height\":149},{\"@type\":\"BreadcrumbList\",\"@id\":\"https:\\\/\\\/btmtelectric.com\\\/index.php\\\/product\\\/zodiac-60\\\/#breadcrumb\",\"itemListElement\":[{\"@type\":\"ListItem\",\"position\":1,\"name\":\"Accueil\",\"item\":\"https:\\\/\\\/btmtelectric.com\\\/\"},{\"@type\":\"ListItem\",\"position\":2,\"name\":\"Boutique\",\"item\":\"https:\\\/\\\/btmtelectric.com\\\/index.php\\\/boutique\\\/\"},{\"@type\":\"ListItem\",\"position\":3,\"name\":\"ZODIAC 60\"}]},{\"@type\":\"WebSite\",\"@id\":\"https:\\\/\\\/btmtelectric.com\\\/#website\",\"url\":\"https:\\\/\\\/btmtelectric.com\\\/\",\"name\":\"BTMT ELECTRIC \u2013 Solutions \u00c9lectriques Fiables et Innovantes\",\"description\":\"\",\"publisher\":{\"@id\":\"https:\\\/\\\/btmtelectric.com\\\/#organization\"},\"potentialAction\":[{\"@type\":\"SearchAction\",\"target\":{\"@type\":\"EntryPoint\",\"urlTemplate\":\"https:\\\/\\\/btmtelectric.com\\\/?s={search_term_string}\"},\"query-input\":{\"@type\":\"PropertyValueSpecification\",\"valueRequired\":true,\"valueName\":\"search_term_string\"}}],\"inLanguage\":\"fr-FR\"},{\"@type\":\"Organization\",\"@id\":\"https:\\\/\\\/btmtelectric.com\\\/#organization\",\"name\":\"BTMT ELECTRIC \u2013 Solutions \u00c9lectriques Fiables et Innovantes\",\"url\":\"https:\\\/\\\/btmtelectric.com\\\/\",\"logo\":{\"@type\":\"ImageObject\",\"inLanguage\":\"fr-FR\",\"@id\":\"https:\\\/\\\/btmtelectric.com\\\/#\\\/schema\\\/logo\\\/image\\\/\",\"url\":\"https:\\\/\\\/btmtelectric.com\\\/wp-content\\\/uploads\\\/2025\\\/07\\\/WhatsApp_Image_2025-07-09_at_11.45.18_AM-removebg-preview-1.png\",\"contentUrl\":\"https:\\\/\\\/btmtelectric.com\\\/wp-content\\\/uploads\\\/2025\\\/07\\\/WhatsApp_Image_2025-07-09_at_11.45.18_AM-removebg-preview-1.png\",\"width\":175,\"height\":42,\"caption\":\"BTMT ELECTRIC \u2013 Solutions \u00c9lectriques Fiables et Innovantes\"},\"image\":{\"@id\":\"https:\\\/\\\/btmtelectric.com\\\/#\\\/schema\\\/logo\\\/image\\\/\"},\"sameAs\":[\"https:\\\/\\\/www.facebook.com\\\/profile.php?id=61578000361796\",\"https:\\\/\\\/www.instagram.com\\\/btmtelectric\\\/\"]}]}<\/script>\n<!-- \/ Yoast SEO plugin. -->","yoast_head_json":{"title":"ZODIAC 60 - BTMT ELECTRIC \u2013 Solutions \u00c9lectriques Fiables et Innovantes","robots":{"index":"index","follow":"follow","max-snippet":"max-snippet:-1","max-image-preview":"max-image-preview:large","max-video-preview":"max-video-preview:-1"},"canonical":"https:\/\/btmtelectric.com\/index.php\/product\/zodiac-60\/","og_locale":"fr_FR","og_type":"article","og_title":"ZODIAC 60 - BTMT ELECTRIC \u2013 Solutions \u00c9lectriques Fiables et Innovantes","og_description":"Moteur ZODIAC \u2013 600N \u2013 24V \u2013 220W (RF 6120041)    Carte GEO 08 int\u00e9gr\u00e9e (RF 6020444)    Rail \u00e0 cha\u00eene \u2013 2500mm (RF 6100060)    Module radio 868 MHz \u2013 3 pin (RF 6100347)    2 \u00c9metteurs KILO TX2 \u2013 868 MHz (RF 6100332)","og_url":"https:\/\/btmtelectric.com\/index.php\/product\/zodiac-60\/","og_site_name":"BTMT ELECTRIC \u2013 Solutions \u00c9lectriques Fiables et Innovantes","article_publisher":"https:\/\/www.facebook.com\/profile.php?id=61578000361796","article_modified_time":"2025-07-22T13:30:44+00:00","og_image":[{"width":175,"height":149,"url":"https:\/\/btmtelectric.com\/wp-content\/uploads\/2025\/07\/Capture-decran-2025-07-22-142853.png","type":"image\/png"}],"twitter_card":"summary_large_image","schema":{"@context":"https:\/\/schema.org","@graph":[{"@type":"WebPage","@id":"https:\/\/btmtelectric.com\/index.php\/product\/zodiac-60\/","url":"https:\/\/btmtelectric.com\/index.php\/product\/zodiac-60\/","name":"ZODIAC 60 - BTMT ELECTRIC \u2013 Solutions \u00c9lectriques Fiables et Innovantes","isPartOf":{"@id":"https:\/\/btmtelectric.com\/#website"},"primaryImageOfPage":{"@id":"https:\/\/btmtelectric.com\/index.php\/product\/zodiac-60\/#primaryimage"},"image":{"@id":"https:\/\/btmtelectric.com\/index.php\/product\/zodiac-60\/#primaryimage"},"thumbnailUrl":"https:\/\/btmtelectric.com\/wp-content\/uploads\/2025\/07\/Capture-decran-2025-07-22-142853.png","datePublished":"2025-07-22T13:29:36+00:00","dateModified":"2025-07-22T13:30:44+00:00","breadcrumb":{"@id":"https:\/\/btmtelectric.com\/index.php\/product\/zodiac-60\/#breadcrumb"},"inLanguage":"fr-FR","potentialAction":[{"@type":"ReadAction","target":["https:\/\/btmtelectric.com\/index.php\/product\/zodiac-60\/"]}]},{"@type":"ImageObject","inLanguage":"fr-FR","@id":"https:\/\/btmtelectric.com\/index.php\/product\/zodiac-60\/#primaryimage","url":"https:\/\/btmtelectric.com\/wp-content\/uploads\/2025\/07\/Capture-decran-2025-07-22-142853.png","contentUrl":"https:\/\/btmtelectric.com\/wp-content\/uploads\/2025\/07\/Capture-decran-2025-07-22-142853.png","width":175,"height":149},{"@type":"BreadcrumbList","@id":"https:\/\/btmtelectric.com\/index.php\/product\/zodiac-60\/#breadcrumb","itemListElement":[{"@type":"ListItem","position":1,"name":"Accueil","item":"https:\/\/btmtelectric.com\/"},{"@type":"ListItem","position":2,"name":"Boutique","item":"https:\/\/btmtelectric.com\/index.php\/boutique\/"},{"@type":"ListItem","position":3,"name":"ZODIAC 60"}]},{"@type":"WebSite","@id":"https:\/\/btmtelectric.com\/#website","url":"https:\/\/btmtelectric.com\/","name":"BTMT ELECTRIC \u2013 Solutions \u00c9lectriques Fiables et Innovantes","description":"","publisher":{"@id":"https:\/\/btmtelectric.com\/#organization"},"potentialAction":[{"@type":"SearchAction","target":{"@type":"EntryPoint","urlTemplate":"https:\/\/btmtelectric.com\/?s={search_term_string}"},"query-input":{"@type":"PropertyValueSpecification","valueRequired":true,"valueName":"search_term_string"}}],"inLanguage":"fr-FR"},{"@type":"Organization","@id":"https:\/\/btmtelectric.com\/#organization","name":"BTMT ELECTRIC \u2013 Solutions \u00c9lectriques Fiables et Innovantes","url":"https:\/\/btmtelectric.com\/","logo":{"@type":"ImageObject","inLanguage":"fr-FR","@id":"https:\/\/btmtelectric.com\/#\/schema\/logo\/image\/","url":"https:\/\/btmtelectric.com\/wp-content\/uploads\/2025\/07\/WhatsApp_Image_2025-07-09_at_11.45.18_AM-removebg-preview-1.png","contentUrl":"https:\/\/btmtelectric.com\/wp-content\/uploads\/2025\/07\/WhatsApp_Image_2025-07-09_at_11.45.18_AM-removebg-preview-1.png","width":175,"height":42,"caption":"BTMT ELECTRIC \u2013 Solutions \u00c9lectriques Fiables et Innovantes"},"image":{"@id":"https:\/\/btmtelectric.com\/#\/schema\/logo\/image\/"},"sameAs":["https:\/\/www.facebook.com\/profile.php?id=61578000361796","https:\/\/www.instagram.com\/btmtelectric\/"]}]}},"_links":{"self":[{"href":"https:\/\/btmtelectric.com\/index.php\/wp-json\/wp\/v2\/product\/8399","targetHints":{"allow":["GET"]}}],"collection":[{"href":"https:\/\/btmtelectric.com\/index.php\/wp-json\/wp\/v2\/product"}],"about":[{"href":"https:\/\/btmtelectric.com\/index.php\/wp-json\/wp\/v2\/types\/product"}],"replies":[{"embeddable":true,"href":"https:\/\/btmtelectric.com\/index.php\/wp-json\/wp\/v2\/comments?post=8399"}],"wp:featuredmedia":[{"embeddable":true,"href":"https:\/\/btmtelectric.com\/index.php\/wp-json\/wp\/v2\/media\/8400"}],"wp:attachment":[{"href":"https:\/\/btmtelectric.com\/index.php\/wp-json\/wp\/v2\/media?parent=8399"}],"wp:term":[{"taxonomy":"product_brand","embeddable":true,"href":"https:\/\/btmtelectric.com\/index.php\/wp-json\/wp\/v2\/product_brand?post=8399"},{"taxonomy":"product_cat","embeddable":true,"href":"https:\/\/btmtelectric.com\/index.php\/wp-json\/wp\/v2\/product_cat?post=8399"},{"taxonomy":"product_tag","embeddable":true,"href":"https:\/\/btmtelectric.com\/index.php\/wp-json\/wp\/v2\/product_tag?post=8399"}],"curies":[{"name":"wp","href":"https:\/\/api.w.org\/{rel}","templated":true}]}}