{"id":8397,"date":"2025-07-22T13:26:01","date_gmt":"2025-07-22T13:26:01","guid":{"rendered":"https:\/\/btmtelectric.com\/?post_type=product&#038;p=8397"},"modified":"2025-07-22T13:36:44","modified_gmt":"2025-07-22T13:36:44","slug":"8397","status":"publish","type":"product","link":"https:\/\/btmtelectric.com\/index.php\/product\/8397\/","title":{"rendered":"BLIZZARD 9C"},"content":{"rendered":"<ul>\n<li data-start=\"1429\" data-end=\"1489\">\n<p data-start=\"1431\" data-end=\"1489\">Moteur BLIZZARD 900Kg \u2013 540W \u2013 590N \u2013 IP44 (RF 61100861)<\/p>\n<\/li>\n<li data-start=\"1490\" data-end=\"1550\">\n<p data-start=\"1492\" data-end=\"1550\">Carte Sprint 382 (\u00e0 bord Blizzard9c) \u2013 230VAC (RF JA382)<\/p>\n<\/li>\n<li data-start=\"1551\" data-end=\"1581\">\n<p data-start=\"1553\" data-end=\"1581\">Condensateur 12.5\u03bcF \/ 450V<\/p>\n<\/li>\n<li data-start=\"1582\" data-end=\"1629\">\n<p data-start=\"1584\" data-end=\"1629\">R\u00e9cepteur 868 MHz \u2013 5 broches (RF 61003525)<\/p>\n<\/li>\n<li data-start=\"1630\" data-end=\"1677\">\n<p data-start=\"1632\" data-end=\"1677\">2 \u00c9metteurs KILO TX2 \u2013 868 MHz (RF 6100332)<\/p>\n<\/li>\n<li data-start=\"1678\" data-end=\"1724\">\n<p data-start=\"1680\" data-end=\"1724\">Photocellule VEGA \u2013 24VAC\/VDC (RF 6100147)<\/p>\n<\/li>\n<li data-start=\"1725\" data-end=\"1762\">\n<p data-start=\"1727\" data-end=\"1762\">Lampe GUARD \u2013 230VAC (RF 6100315)<\/p>\n<\/li>\n<li data-start=\"1763\" data-end=\"1792\">\n<p data-start=\"1765\" data-end=\"1792\">4M Cr\u00e9maill\u00e8re galvanis\u00e9e<\/p>\n<\/li>\n<li data-start=\"1793\" data-end=\"1828\">\n<p data-start=\"1795\" data-end=\"1828\">Plaque de fondation (RF 737000)<\/p>\n<\/li>\n<li data-start=\"1829\" data-end=\"1868\">\n<p data-start=\"1831\" data-end=\"1868\">Fin de course magn\u00e9tique (RF 6020670)<\/p>\n<\/li>\n<\/ul>\n","protected":false},"excerpt":{"rendered":"<p data-start=\"177\" data-end=\"261\">Kit complet pour automatiser un portail coulissant jusqu\u2019\u00e0 900Kg, alimentation 230V.<\/p>\n<h4 data-start=\"263\" data-end=\"284\">Contenu du Kit :<\/h4>\n<ul data-start=\"286\" data-end=\"1366\">\n<li data-start=\"286\" data-end=\"416\">\n<p data-start=\"288\" data-end=\"416\"><strong data-start=\"288\" data-end=\"322\">1 Motor\u00e9ducteur BLIZZARD 900Kg<\/strong><br data-start=\"322\" data-end=\"325\" \/>Puissance : 540W \u2013 Force : 590N \u2013 Alimentation : 230VAC \u2013 IP44<br data-start=\"389\" data-end=\"392\" \/>\ud83d\udc49 <em data-start=\"397\" data-end=\"416\">R\u00e9f : RF 61100861<\/em><\/p>\n<\/li>\n<li data-start=\"418\" data-end=\"550\">\n<p data-start=\"420\" data-end=\"550\"><strong data-start=\"420\" data-end=\"477\">1 Carte \u00e9lectronique Sprint 382 int\u00e9gr\u00e9e (Blizzard9c)<\/strong><br data-start=\"477\" data-end=\"480\" \/>Carte de commande \u00e0 bord, compatible 230VAC.<br data-start=\"526\" data-end=\"529\" \/>\ud83d\udc49 <em data-start=\"534\" data-end=\"550\">R\u00e9f : RF JA382<\/em><\/p>\n<\/li>\n<li data-start=\"552\" data-end=\"640\">\n<p data-start=\"554\" data-end=\"640\"><strong data-start=\"554\" data-end=\"585\">1 Condensateur de d\u00e9marrage<\/strong><br data-start=\"585\" data-end=\"588\" \/>Capacit\u00e9 : 12.5\u03bcF \/ 450V \u2013 Avec connecteur rapide.<\/p>\n<\/li>\n<li data-start=\"642\" data-end=\"758\">\n<p data-start=\"644\" data-end=\"758\"><strong data-start=\"644\" data-end=\"687\">1 R\u00e9cepteur radio monocanal \u2013 5 broches<\/strong><br data-start=\"687\" data-end=\"690\" \/>Fr\u00e9quence : 868 MHz \u2013 Connexion stable.<br data-start=\"731\" data-end=\"734\" \/>\ud83d\udc49 <em data-start=\"739\" data-end=\"758\">R\u00e9f : RF 61003525<\/em><\/p>\n<\/li>\n<li data-start=\"760\" data-end=\"867\">\n<p data-start=\"762\" data-end=\"867\"><strong data-start=\"762\" data-end=\"796\">2 \u00c9metteurs KILO TX2 \u2013 868 MHz<\/strong><br data-start=\"796\" data-end=\"799\" \/>T\u00e9l\u00e9commandes 2 boutons \u2013 Port\u00e9e fiable.<br data-start=\"841\" data-end=\"844\" \/>\ud83d\udc49 <em data-start=\"849\" data-end=\"867\">R\u00e9f : RF 6100332<\/em><\/p>\n<\/li>\n<li data-start=\"869\" data-end=\"987\">\n<p data-start=\"871\" data-end=\"987\"><strong data-start=\"871\" data-end=\"904\">1 Paire de Photocellules VEGA<\/strong><br data-start=\"904\" data-end=\"907\" \/>Alimentation : 24VAC\/VDC \u2013 S\u00e9curit\u00e9 anti-\u00e9crasement.<br data-start=\"961\" data-end=\"964\" \/>\ud83d\udc49 <em data-start=\"969\" data-end=\"987\">R\u00e9f : RF 6100147<\/em><\/p>\n<\/li>\n<li data-start=\"989\" data-end=\"1099\">\n<p data-start=\"991\" data-end=\"1099\"><strong data-start=\"991\" data-end=\"1029\">1 Lampe clignotante GUARD \u2013 230VAC<\/strong><br data-start=\"1029\" data-end=\"1032\" \/>Avertit lors des mouvements du portail.<br data-start=\"1073\" data-end=\"1076\" \/>\ud83d\udc49 <em data-start=\"1081\" data-end=\"1099\">R\u00e9f : RF 6100315<\/em><\/p>\n<\/li>\n<li data-start=\"1101\" data-end=\"1169\">\n<p data-start=\"1103\" data-end=\"1169\"><strong data-start=\"1103\" data-end=\"1141\">4 m\u00e8tres de cr\u00e9maill\u00e8re galvanis\u00e9e<\/strong><br data-start=\"1141\" data-end=\"1144\" \/>Robuste, anticorrosion.<\/p>\n<\/li>\n<li data-start=\"1171\" data-end=\"1261\">\n<p data-start=\"1173\" data-end=\"1261\"><strong data-start=\"1173\" data-end=\"1198\">1 Plaque de fondation<\/strong><br data-start=\"1198\" data-end=\"1201\" \/>Pour installation fixe et stable.<br data-start=\"1236\" data-end=\"1239\" \/>\ud83d\udc49 <em data-start=\"1244\" data-end=\"1261\">R\u00e9f : RF 737000<\/em><\/p>\n<\/li>\n<li data-start=\"1263\" data-end=\"1366\">\n<p data-start=\"1265\" data-end=\"1366\"><strong data-start=\"1265\" data-end=\"1305\">1 Groupe de fin de course magn\u00e9tique<\/strong><br data-start=\"1305\" data-end=\"1308\" \/>Pr\u00e9cision d\u2019arr\u00eat automatique.<br data-start=\"1340\" data-end=\"1343\" \/>\ud83d\udc49 <em data-start=\"1348\" data-end=\"1366\">R\u00e9f : RF 6020670<\/em><\/p>\n<\/li>\n<\/ul>\n","protected":false},"featured_media":8398,"comment_status":"open","ping_status":"closed","template":"","meta":{"_acf_changed":false,"content-type":""},"product_brand":[],"product_cat":[360],"product_tag":[],"class_list":{"0":"post-8397","1":"product","2":"type-product","3":"status-publish","4":"has-post-thumbnail","6":"product_cat-moteurs-coulissants","8":"first","9":"instock","10":"shipping-taxable","11":"purchasable","12":"product-type-simple"},"acf":[],"yoast_head":"<!-- This site is optimized with the Yoast SEO plugin v27.3 - https:\/\/yoast.com\/product\/yoast-seo-wordpress\/ -->\n<title>BLIZZARD 9C - BTMT ELECTRIC \u2013 Solutions \u00c9lectriques Fiables et Innovantes<\/title>\n<meta name=\"robots\" content=\"index, follow, max-snippet:-1, max-image-preview:large, max-video-preview:-1\" \/>\n<link rel=\"canonical\" href=\"https:\/\/btmtelectric.com\/index.php\/product\/8397\/\" \/>\n<meta property=\"og:locale\" content=\"fr_FR\" \/>\n<meta property=\"og:type\" content=\"article\" \/>\n<meta property=\"og:title\" content=\"BLIZZARD 9C - BTMT ELECTRIC \u2013 Solutions \u00c9lectriques Fiables et Innovantes\" \/>\n<meta property=\"og:description\" content=\"Kit complet pour automatiser un portail coulissant jusqu\u2019\u00e0 900Kg, alimentation 230V.  Contenu du Kit :    1 Motor\u00e9ducteur BLIZZARD 900KgPuissance : 540W \u2013 Force : 590N \u2013 Alimentation : 230VAC \u2013 IP44\ud83d\udc49 R\u00e9f : RF 61100861    1 Carte \u00e9lectronique Sprint 382 int\u00e9gr\u00e9e (Blizzard9c)Carte de commande \u00e0 bord, compatible 230VAC.\ud83d\udc49 R\u00e9f : RF JA382    1 Condensateur de d\u00e9marrageCapacit\u00e9 : 12.5\u03bcF \/ 450V \u2013 Avec connecteur rapide.    1 R\u00e9cepteur radio monocanal \u2013 5 brochesFr\u00e9quence : 868 MHz \u2013 Connexion stable.\ud83d\udc49 R\u00e9f : RF 61003525    2 \u00c9metteurs KILO TX2 \u2013 868 MHzT\u00e9l\u00e9commandes 2 boutons \u2013 Port\u00e9e fiable.\ud83d\udc49 R\u00e9f : RF 6100332    1 Paire de Photocellules VEGAAlimentation : 24VAC\/VDC \u2013 S\u00e9curit\u00e9 anti-\u00e9crasement.\ud83d\udc49 R\u00e9f : RF 6100147    1 Lampe clignotante GUARD \u2013 230VACAvertit lors des mouvements du portail.\ud83d\udc49 R\u00e9f : RF 6100315    4 m\u00e8tres de cr\u00e9maill\u00e8re galvanis\u00e9eRobuste, anticorrosion.    1 Plaque de fondationPour installation fixe et stable.\ud83d\udc49 R\u00e9f : RF 737000    1 Groupe de fin de course magn\u00e9tiquePr\u00e9cision d\u2019arr\u00eat automatique.\ud83d\udc49 R\u00e9f : RF 6020670\" \/>\n<meta property=\"og:url\" content=\"https:\/\/btmtelectric.com\/index.php\/product\/8397\/\" \/>\n<meta property=\"og:site_name\" content=\"BTMT ELECTRIC \u2013 Solutions \u00c9lectriques Fiables et Innovantes\" \/>\n<meta property=\"article:publisher\" content=\"https:\/\/www.facebook.com\/profile.php?id=61578000361796\" \/>\n<meta property=\"article:modified_time\" content=\"2025-07-22T13:36:44+00:00\" \/>\n<meta property=\"og:image\" content=\"https:\/\/btmtelectric.com\/wp-content\/uploads\/2025\/07\/Capture-decran-2025-07-22-142329-1.png\" \/>\n\t<meta property=\"og:image:width\" content=\"194\" \/>\n\t<meta property=\"og:image:height\" content=\"126\" \/>\n\t<meta property=\"og:image:type\" content=\"image\/png\" \/>\n<meta name=\"twitter:card\" content=\"summary_large_image\" \/>\n<script type=\"application\/ld+json\" class=\"yoast-schema-graph\">{\"@context\":\"https:\\\/\\\/schema.org\",\"@graph\":[{\"@type\":\"WebPage\",\"@id\":\"https:\\\/\\\/btmtelectric.com\\\/index.php\\\/product\\\/8397\\\/\",\"url\":\"https:\\\/\\\/btmtelectric.com\\\/index.php\\\/product\\\/8397\\\/\",\"name\":\"BLIZZARD 9C - BTMT ELECTRIC \u2013 Solutions \u00c9lectriques Fiables et Innovantes\",\"isPartOf\":{\"@id\":\"https:\\\/\\\/btmtelectric.com\\\/#website\"},\"primaryImageOfPage\":{\"@id\":\"https:\\\/\\\/btmtelectric.com\\\/index.php\\\/product\\\/8397\\\/#primaryimage\"},\"image\":{\"@id\":\"https:\\\/\\\/btmtelectric.com\\\/index.php\\\/product\\\/8397\\\/#primaryimage\"},\"thumbnailUrl\":\"https:\\\/\\\/btmtelectric.com\\\/wp-content\\\/uploads\\\/2025\\\/07\\\/Capture-decran-2025-07-22-142329-1.png\",\"datePublished\":\"2025-07-22T13:26:01+00:00\",\"dateModified\":\"2025-07-22T13:36:44+00:00\",\"breadcrumb\":{\"@id\":\"https:\\\/\\\/btmtelectric.com\\\/index.php\\\/product\\\/8397\\\/#breadcrumb\"},\"inLanguage\":\"fr-FR\",\"potentialAction\":[{\"@type\":\"ReadAction\",\"target\":[\"https:\\\/\\\/btmtelectric.com\\\/index.php\\\/product\\\/8397\\\/\"]}]},{\"@type\":\"ImageObject\",\"inLanguage\":\"fr-FR\",\"@id\":\"https:\\\/\\\/btmtelectric.com\\\/index.php\\\/product\\\/8397\\\/#primaryimage\",\"url\":\"https:\\\/\\\/btmtelectric.com\\\/wp-content\\\/uploads\\\/2025\\\/07\\\/Capture-decran-2025-07-22-142329-1.png\",\"contentUrl\":\"https:\\\/\\\/btmtelectric.com\\\/wp-content\\\/uploads\\\/2025\\\/07\\\/Capture-decran-2025-07-22-142329-1.png\",\"width\":194,\"height\":126},{\"@type\":\"BreadcrumbList\",\"@id\":\"https:\\\/\\\/btmtelectric.com\\\/index.php\\\/product\\\/8397\\\/#breadcrumb\",\"itemListElement\":[{\"@type\":\"ListItem\",\"position\":1,\"name\":\"Accueil\",\"item\":\"https:\\\/\\\/btmtelectric.com\\\/\"},{\"@type\":\"ListItem\",\"position\":2,\"name\":\"Boutique\",\"item\":\"https:\\\/\\\/btmtelectric.com\\\/index.php\\\/boutique\\\/\"},{\"@type\":\"ListItem\",\"position\":3,\"name\":\"BLIZZARD 9C\"}]},{\"@type\":\"WebSite\",\"@id\":\"https:\\\/\\\/btmtelectric.com\\\/#website\",\"url\":\"https:\\\/\\\/btmtelectric.com\\\/\",\"name\":\"BTMT ELECTRIC \u2013 Solutions \u00c9lectriques Fiables et Innovantes\",\"description\":\"\",\"publisher\":{\"@id\":\"https:\\\/\\\/btmtelectric.com\\\/#organization\"},\"potentialAction\":[{\"@type\":\"SearchAction\",\"target\":{\"@type\":\"EntryPoint\",\"urlTemplate\":\"https:\\\/\\\/btmtelectric.com\\\/?s={search_term_string}\"},\"query-input\":{\"@type\":\"PropertyValueSpecification\",\"valueRequired\":true,\"valueName\":\"search_term_string\"}}],\"inLanguage\":\"fr-FR\"},{\"@type\":\"Organization\",\"@id\":\"https:\\\/\\\/btmtelectric.com\\\/#organization\",\"name\":\"BTMT ELECTRIC \u2013 Solutions \u00c9lectriques Fiables et Innovantes\",\"url\":\"https:\\\/\\\/btmtelectric.com\\\/\",\"logo\":{\"@type\":\"ImageObject\",\"inLanguage\":\"fr-FR\",\"@id\":\"https:\\\/\\\/btmtelectric.com\\\/#\\\/schema\\\/logo\\\/image\\\/\",\"url\":\"https:\\\/\\\/btmtelectric.com\\\/wp-content\\\/uploads\\\/2025\\\/07\\\/WhatsApp_Image_2025-07-09_at_11.45.18_AM-removebg-preview-1.png\",\"contentUrl\":\"https:\\\/\\\/btmtelectric.com\\\/wp-content\\\/uploads\\\/2025\\\/07\\\/WhatsApp_Image_2025-07-09_at_11.45.18_AM-removebg-preview-1.png\",\"width\":175,\"height\":42,\"caption\":\"BTMT ELECTRIC \u2013 Solutions \u00c9lectriques Fiables et Innovantes\"},\"image\":{\"@id\":\"https:\\\/\\\/btmtelectric.com\\\/#\\\/schema\\\/logo\\\/image\\\/\"},\"sameAs\":[\"https:\\\/\\\/www.facebook.com\\\/profile.php?id=61578000361796\",\"https:\\\/\\\/www.instagram.com\\\/btmtelectric\\\/\"]}]}<\/script>\n<!-- \/ Yoast SEO plugin. -->","yoast_head_json":{"title":"BLIZZARD 9C - BTMT ELECTRIC \u2013 Solutions \u00c9lectriques Fiables et Innovantes","robots":{"index":"index","follow":"follow","max-snippet":"max-snippet:-1","max-image-preview":"max-image-preview:large","max-video-preview":"max-video-preview:-1"},"canonical":"https:\/\/btmtelectric.com\/index.php\/product\/8397\/","og_locale":"fr_FR","og_type":"article","og_title":"BLIZZARD 9C - BTMT ELECTRIC \u2013 Solutions \u00c9lectriques Fiables et Innovantes","og_description":"Kit complet pour automatiser un portail coulissant jusqu\u2019\u00e0 900Kg, alimentation 230V.  Contenu du Kit :    1 Motor\u00e9ducteur BLIZZARD 900KgPuissance : 540W \u2013 Force : 590N \u2013 Alimentation : 230VAC \u2013 IP44\ud83d\udc49 R\u00e9f : RF 61100861    1 Carte \u00e9lectronique Sprint 382 int\u00e9gr\u00e9e (Blizzard9c)Carte de commande \u00e0 bord, compatible 230VAC.\ud83d\udc49 R\u00e9f : RF JA382    1 Condensateur de d\u00e9marrageCapacit\u00e9 : 12.5\u03bcF \/ 450V \u2013 Avec connecteur rapide.    1 R\u00e9cepteur radio monocanal \u2013 5 brochesFr\u00e9quence : 868 MHz \u2013 Connexion stable.\ud83d\udc49 R\u00e9f : RF 61003525    2 \u00c9metteurs KILO TX2 \u2013 868 MHzT\u00e9l\u00e9commandes 2 boutons \u2013 Port\u00e9e fiable.\ud83d\udc49 R\u00e9f : RF 6100332    1 Paire de Photocellules VEGAAlimentation : 24VAC\/VDC \u2013 S\u00e9curit\u00e9 anti-\u00e9crasement.\ud83d\udc49 R\u00e9f : RF 6100147    1 Lampe clignotante GUARD \u2013 230VACAvertit lors des mouvements du portail.\ud83d\udc49 R\u00e9f : RF 6100315    4 m\u00e8tres de cr\u00e9maill\u00e8re galvanis\u00e9eRobuste, anticorrosion.    1 Plaque de fondationPour installation fixe et stable.\ud83d\udc49 R\u00e9f : RF 737000    1 Groupe de fin de course magn\u00e9tiquePr\u00e9cision d\u2019arr\u00eat automatique.\ud83d\udc49 R\u00e9f : RF 6020670","og_url":"https:\/\/btmtelectric.com\/index.php\/product\/8397\/","og_site_name":"BTMT ELECTRIC \u2013 Solutions \u00c9lectriques Fiables et Innovantes","article_publisher":"https:\/\/www.facebook.com\/profile.php?id=61578000361796","article_modified_time":"2025-07-22T13:36:44+00:00","og_image":[{"width":194,"height":126,"url":"https:\/\/btmtelectric.com\/wp-content\/uploads\/2025\/07\/Capture-decran-2025-07-22-142329-1.png","type":"image\/png"}],"twitter_card":"summary_large_image","schema":{"@context":"https:\/\/schema.org","@graph":[{"@type":"WebPage","@id":"https:\/\/btmtelectric.com\/index.php\/product\/8397\/","url":"https:\/\/btmtelectric.com\/index.php\/product\/8397\/","name":"BLIZZARD 9C - BTMT ELECTRIC \u2013 Solutions \u00c9lectriques Fiables et Innovantes","isPartOf":{"@id":"https:\/\/btmtelectric.com\/#website"},"primaryImageOfPage":{"@id":"https:\/\/btmtelectric.com\/index.php\/product\/8397\/#primaryimage"},"image":{"@id":"https:\/\/btmtelectric.com\/index.php\/product\/8397\/#primaryimage"},"thumbnailUrl":"https:\/\/btmtelectric.com\/wp-content\/uploads\/2025\/07\/Capture-decran-2025-07-22-142329-1.png","datePublished":"2025-07-22T13:26:01+00:00","dateModified":"2025-07-22T13:36:44+00:00","breadcrumb":{"@id":"https:\/\/btmtelectric.com\/index.php\/product\/8397\/#breadcrumb"},"inLanguage":"fr-FR","potentialAction":[{"@type":"ReadAction","target":["https:\/\/btmtelectric.com\/index.php\/product\/8397\/"]}]},{"@type":"ImageObject","inLanguage":"fr-FR","@id":"https:\/\/btmtelectric.com\/index.php\/product\/8397\/#primaryimage","url":"https:\/\/btmtelectric.com\/wp-content\/uploads\/2025\/07\/Capture-decran-2025-07-22-142329-1.png","contentUrl":"https:\/\/btmtelectric.com\/wp-content\/uploads\/2025\/07\/Capture-decran-2025-07-22-142329-1.png","width":194,"height":126},{"@type":"BreadcrumbList","@id":"https:\/\/btmtelectric.com\/index.php\/product\/8397\/#breadcrumb","itemListElement":[{"@type":"ListItem","position":1,"name":"Accueil","item":"https:\/\/btmtelectric.com\/"},{"@type":"ListItem","position":2,"name":"Boutique","item":"https:\/\/btmtelectric.com\/index.php\/boutique\/"},{"@type":"ListItem","position":3,"name":"BLIZZARD 9C"}]},{"@type":"WebSite","@id":"https:\/\/btmtelectric.com\/#website","url":"https:\/\/btmtelectric.com\/","name":"BTMT ELECTRIC \u2013 Solutions \u00c9lectriques Fiables et Innovantes","description":"","publisher":{"@id":"https:\/\/btmtelectric.com\/#organization"},"potentialAction":[{"@type":"SearchAction","target":{"@type":"EntryPoint","urlTemplate":"https:\/\/btmtelectric.com\/?s={search_term_string}"},"query-input":{"@type":"PropertyValueSpecification","valueRequired":true,"valueName":"search_term_string"}}],"inLanguage":"fr-FR"},{"@type":"Organization","@id":"https:\/\/btmtelectric.com\/#organization","name":"BTMT ELECTRIC \u2013 Solutions \u00c9lectriques Fiables et Innovantes","url":"https:\/\/btmtelectric.com\/","logo":{"@type":"ImageObject","inLanguage":"fr-FR","@id":"https:\/\/btmtelectric.com\/#\/schema\/logo\/image\/","url":"https:\/\/btmtelectric.com\/wp-content\/uploads\/2025\/07\/WhatsApp_Image_2025-07-09_at_11.45.18_AM-removebg-preview-1.png","contentUrl":"https:\/\/btmtelectric.com\/wp-content\/uploads\/2025\/07\/WhatsApp_Image_2025-07-09_at_11.45.18_AM-removebg-preview-1.png","width":175,"height":42,"caption":"BTMT ELECTRIC \u2013 Solutions \u00c9lectriques Fiables et Innovantes"},"image":{"@id":"https:\/\/btmtelectric.com\/#\/schema\/logo\/image\/"},"sameAs":["https:\/\/www.facebook.com\/profile.php?id=61578000361796","https:\/\/www.instagram.com\/btmtelectric\/"]}]}},"_links":{"self":[{"href":"https:\/\/btmtelectric.com\/index.php\/wp-json\/wp\/v2\/product\/8397","targetHints":{"allow":["GET"]}}],"collection":[{"href":"https:\/\/btmtelectric.com\/index.php\/wp-json\/wp\/v2\/product"}],"about":[{"href":"https:\/\/btmtelectric.com\/index.php\/wp-json\/wp\/v2\/types\/product"}],"replies":[{"embeddable":true,"href":"https:\/\/btmtelectric.com\/index.php\/wp-json\/wp\/v2\/comments?post=8397"}],"wp:featuredmedia":[{"embeddable":true,"href":"https:\/\/btmtelectric.com\/index.php\/wp-json\/wp\/v2\/media\/8398"}],"wp:attachment":[{"href":"https:\/\/btmtelectric.com\/index.php\/wp-json\/wp\/v2\/media?parent=8397"}],"wp:term":[{"taxonomy":"product_brand","embeddable":true,"href":"https:\/\/btmtelectric.com\/index.php\/wp-json\/wp\/v2\/product_brand?post=8397"},{"taxonomy":"product_cat","embeddable":true,"href":"https:\/\/btmtelectric.com\/index.php\/wp-json\/wp\/v2\/product_cat?post=8397"},{"taxonomy":"product_tag","embeddable":true,"href":"https:\/\/btmtelectric.com\/index.php\/wp-json\/wp\/v2\/product_tag?post=8397"}],"curies":[{"name":"wp","href":"https:\/\/api.w.org\/{rel}","templated":true}]}}