{"id":8394,"date":"2025-07-22T13:24:36","date_gmt":"2025-07-22T13:24:36","guid":{"rendered":"https:\/\/btmtelectric.com\/?post_type=product&#038;p=8394"},"modified":"2025-07-22T13:24:36","modified_gmt":"2025-07-22T13:24:36","slug":"blizzard-5c","status":"publish","type":"product","link":"https:\/\/btmtelectric.com\/index.php\/product\/blizzard-5c\/","title":{"rendered":"BLIZZARD 5C"},"content":{"rendered":"<ul data-start=\"1472\" data-end=\"1908\">\n<li data-start=\"1472\" data-end=\"1532\">\n<p data-start=\"1474\" data-end=\"1532\">Moteur BLIZZARD 500Kg \u2013 360W \u2013 390N \u2013 IP44 (RF 61100821)<\/p>\n<\/li>\n<li data-start=\"1533\" data-end=\"1593\">\n<p data-start=\"1535\" data-end=\"1593\">Carte Sprint 382 (\u00e0 bord Blizzard5c) \u2013 230VAC (RF JA382)<\/p>\n<\/li>\n<li data-start=\"1594\" data-end=\"1622\">\n<p data-start=\"1596\" data-end=\"1622\">Condensateur 10\u03bcF \/ 450V<\/p>\n<\/li>\n<li data-start=\"1623\" data-end=\"1669\">\n<p data-start=\"1625\" data-end=\"1669\">R\u00e9cepteur 868 MHz \u2013 5 broches (RF 6100352)<\/p>\n<\/li>\n<li data-start=\"1670\" data-end=\"1717\">\n<p data-start=\"1672\" data-end=\"1717\">2 \u00c9metteurs KILO TX2 \u2013 868 MHz (RF 6100332)<\/p>\n<\/li>\n<li data-start=\"1718\" data-end=\"1764\">\n<p data-start=\"1720\" data-end=\"1764\">Photocellule VEGA \u2013 24VAC\/VDC (RF 6100147)<\/p>\n<\/li>\n<li data-start=\"1765\" data-end=\"1802\">\n<p data-start=\"1767\" data-end=\"1802\">Lampe GUARD \u2013 230VAC (RF 6100315)<\/p>\n<\/li>\n<li data-start=\"1803\" data-end=\"1832\">\n<p data-start=\"1805\" data-end=\"1832\">4M Cr\u00e9maill\u00e8re galvanis\u00e9e<\/p>\n<\/li>\n<li data-start=\"1833\" data-end=\"1868\">\n<p data-start=\"1835\" data-end=\"1868\">Plaque de fondation (RF 737000)<\/p>\n<\/li>\n<li data-start=\"1869\" data-end=\"1908\">\n<p data-start=\"1871\" data-end=\"1908\">Fin de course magn\u00e9tique (RF 6020670)<\/p>\n<\/li>\n<\/ul>\n","protected":false},"excerpt":{"rendered":"<p data-start=\"186\" data-end=\"274\">Kit complet pour automatiser un portail coulissant jusqu\u2019\u00e0 500Kg avec alimentation 230V.<\/p>\n<h4 data-start=\"276\" data-end=\"297\">Contenu du Kit :<\/h4>\n<ul data-start=\"299\" data-end=\"1409\">\n<li data-start=\"299\" data-end=\"429\">\n<p data-start=\"301\" data-end=\"429\"><strong data-start=\"301\" data-end=\"335\">1 Motor\u00e9ducteur BLIZZARD 500Kg<\/strong><br data-start=\"335\" data-end=\"338\" \/>Puissance : 360W \u2013 Force : 390N \u2013 Alimentation : 230VAC \u2013 IP44<br data-start=\"402\" data-end=\"405\" \/>\ud83d\udc49 <em data-start=\"410\" data-end=\"429\">R\u00e9f : RF 61100821<\/em><\/p>\n<\/li>\n<li data-start=\"431\" data-end=\"583\">\n<p data-start=\"433\" data-end=\"583\"><strong data-start=\"433\" data-end=\"490\">1 Carte \u00e9lectronique Sprint 382 int\u00e9gr\u00e9e (Blizzard5c)<\/strong><br data-start=\"490\" data-end=\"493\" \/>Carte de commande \u00e0 bord du moteur, gestion compl\u00e8te du syst\u00e8me.<br data-start=\"559\" data-end=\"562\" \/>\ud83d\udc49 <em data-start=\"567\" data-end=\"583\">R\u00e9f : RF JA382<\/em><\/p>\n<\/li>\n<li data-start=\"585\" data-end=\"671\">\n<p data-start=\"587\" data-end=\"671\"><strong data-start=\"587\" data-end=\"618\">1 Condensateur de d\u00e9marrage<\/strong><br data-start=\"618\" data-end=\"621\" \/>Capacit\u00e9 : 10\u03bcF \/ 450V \u2013 Avec connecteur rapide.<\/p>\n<\/li>\n<li data-start=\"673\" data-end=\"805\">\n<p data-start=\"675\" data-end=\"805\"><strong data-start=\"675\" data-end=\"718\">1 R\u00e9cepteur radio monocanal \u2013 5 broches<\/strong><br data-start=\"718\" data-end=\"721\" \/>Fr\u00e9quence : 868 MHz \u2013 Pour communication avec \u00e9metteurs.<br data-start=\"779\" data-end=\"782\" \/>\ud83d\udc49 <em data-start=\"787\" data-end=\"805\">R\u00e9f : RF 6100352<\/em><\/p>\n<\/li>\n<li data-start=\"807\" data-end=\"923\">\n<p data-start=\"809\" data-end=\"923\"><strong data-start=\"809\" data-end=\"843\">2 \u00c9metteurs KILO TX2 \u2013 868 MHz<\/strong><br data-start=\"843\" data-end=\"846\" \/>T\u00e9l\u00e9commandes 2 boutons pour contr\u00f4le \u00e0 distance.<br data-start=\"897\" data-end=\"900\" \/>\ud83d\udc49 <em data-start=\"905\" data-end=\"923\">R\u00e9f : RF 6100332<\/em><\/p>\n<\/li>\n<li data-start=\"925\" data-end=\"1035\">\n<p data-start=\"927\" data-end=\"1035\"><strong data-start=\"927\" data-end=\"960\">1 Paire de Photocellules VEGA<\/strong><br data-start=\"960\" data-end=\"963\" \/>Alim : 24VAC\/VDC \u2013 S\u00e9curit\u00e9 anti-\u00e9crasement.<br data-start=\"1009\" data-end=\"1012\" \/>\ud83d\udc49 <em data-start=\"1017\" data-end=\"1035\">R\u00e9f : RF 6100147<\/em><\/p>\n<\/li>\n<li data-start=\"1037\" data-end=\"1142\">\n<p data-start=\"1039\" data-end=\"1142\"><strong data-start=\"1039\" data-end=\"1077\">1 Lampe clignotante GUARD \u2013 230VAC<\/strong><br data-start=\"1077\" data-end=\"1080\" \/>Signale les mouvements du portail.<br data-start=\"1116\" data-end=\"1119\" \/>\ud83d\udc49 <em data-start=\"1124\" data-end=\"1142\">R\u00e9f : RF 6100315<\/em><\/p>\n<\/li>\n<li data-start=\"1144\" data-end=\"1215\">\n<p data-start=\"1146\" data-end=\"1215\"><strong data-start=\"1146\" data-end=\"1184\">4 m\u00e8tres de cr\u00e9maill\u00e8re galvanis\u00e9e<\/strong><br data-start=\"1184\" data-end=\"1187\" \/>R\u00e9sistante \u00e0 la corrosion.<\/p>\n<\/li>\n<li data-start=\"1217\" data-end=\"1305\">\n<p data-start=\"1219\" data-end=\"1305\"><strong data-start=\"1219\" data-end=\"1244\">1 Plaque de fondation<\/strong><br data-start=\"1244\" data-end=\"1247\" \/>Pour fixation du moteur au sol.<br data-start=\"1280\" data-end=\"1283\" \/>\ud83d\udc49 <em data-start=\"1288\" data-end=\"1305\">R\u00e9f : RF 737000<\/em><\/p>\n<\/li>\n<li data-start=\"1307\" data-end=\"1409\">\n<p data-start=\"1309\" data-end=\"1409\"><strong data-start=\"1309\" data-end=\"1349\">1 Groupe de fin de course magn\u00e9tique<\/strong><br data-start=\"1349\" data-end=\"1352\" \/>Pour arr\u00eat pr\u00e9cis du portail.<br data-start=\"1383\" data-end=\"1386\" \/>\ud83d\udc49 <em data-start=\"1391\" data-end=\"1409\">R\u00e9f : RF 6020670<\/em><\/p>\n<\/li>\n<\/ul>\n","protected":false},"featured_media":8395,"comment_status":"open","ping_status":"closed","template":"","meta":{"_acf_changed":false,"content-type":""},"product_brand":[],"product_cat":[368],"product_tag":[],"class_list":{"0":"post-8394","1":"product","2":"type-product","3":"status-publish","4":"has-post-thumbnail","6":"product_cat-materiels-de-commande","8":"first","9":"instock","10":"shipping-taxable","11":"purchasable","12":"product-type-simple"},"acf":[],"yoast_head":"<!-- This site is optimized with the Yoast SEO plugin v27.3 - https:\/\/yoast.com\/product\/yoast-seo-wordpress\/ -->\n<title>BLIZZARD 5C - BTMT ELECTRIC \u2013 Solutions \u00c9lectriques Fiables et Innovantes<\/title>\n<meta name=\"robots\" content=\"index, follow, max-snippet:-1, max-image-preview:large, max-video-preview:-1\" \/>\n<link rel=\"canonical\" href=\"https:\/\/btmtelectric.com\/index.php\/product\/blizzard-5c\/\" \/>\n<meta property=\"og:locale\" content=\"fr_FR\" \/>\n<meta property=\"og:type\" content=\"article\" \/>\n<meta property=\"og:title\" content=\"BLIZZARD 5C - BTMT ELECTRIC \u2013 Solutions \u00c9lectriques Fiables et Innovantes\" \/>\n<meta property=\"og:description\" content=\"Kit complet pour automatiser un portail coulissant jusqu\u2019\u00e0 500Kg avec alimentation 230V.  Contenu du Kit :    1 Motor\u00e9ducteur BLIZZARD 500KgPuissance : 360W \u2013 Force : 390N \u2013 Alimentation : 230VAC \u2013 IP44\ud83d\udc49 R\u00e9f : RF 61100821    1 Carte \u00e9lectronique Sprint 382 int\u00e9gr\u00e9e (Blizzard5c)Carte de commande \u00e0 bord du moteur, gestion compl\u00e8te du syst\u00e8me.\ud83d\udc49 R\u00e9f : RF JA382    1 Condensateur de d\u00e9marrageCapacit\u00e9 : 10\u03bcF \/ 450V \u2013 Avec connecteur rapide.    1 R\u00e9cepteur radio monocanal \u2013 5 brochesFr\u00e9quence : 868 MHz \u2013 Pour communication avec \u00e9metteurs.\ud83d\udc49 R\u00e9f : RF 6100352    2 \u00c9metteurs KILO TX2 \u2013 868 MHzT\u00e9l\u00e9commandes 2 boutons pour contr\u00f4le \u00e0 distance.\ud83d\udc49 R\u00e9f : RF 6100332    1 Paire de Photocellules VEGAAlim : 24VAC\/VDC \u2013 S\u00e9curit\u00e9 anti-\u00e9crasement.\ud83d\udc49 R\u00e9f : RF 6100147    1 Lampe clignotante GUARD \u2013 230VACSignale les mouvements du portail.\ud83d\udc49 R\u00e9f : RF 6100315    4 m\u00e8tres de cr\u00e9maill\u00e8re galvanis\u00e9eR\u00e9sistante \u00e0 la corrosion.    1 Plaque de fondationPour fixation du moteur au sol.\ud83d\udc49 R\u00e9f : RF 737000    1 Groupe de fin de course magn\u00e9tiquePour arr\u00eat pr\u00e9cis du portail.\ud83d\udc49 R\u00e9f : RF 6020670\" \/>\n<meta property=\"og:url\" content=\"https:\/\/btmtelectric.com\/index.php\/product\/blizzard-5c\/\" \/>\n<meta property=\"og:site_name\" content=\"BTMT ELECTRIC \u2013 Solutions \u00c9lectriques Fiables et Innovantes\" \/>\n<meta property=\"article:publisher\" content=\"https:\/\/www.facebook.com\/profile.php?id=61578000361796\" \/>\n<meta property=\"og:image\" content=\"https:\/\/btmtelectric.com\/wp-content\/uploads\/2025\/07\/Capture-decran-2025-07-22-142329.png\" \/>\n\t<meta property=\"og:image:width\" content=\"194\" \/>\n\t<meta property=\"og:image:height\" content=\"126\" \/>\n\t<meta property=\"og:image:type\" content=\"image\/png\" \/>\n<meta name=\"twitter:card\" content=\"summary_large_image\" \/>\n<script type=\"application\/ld+json\" class=\"yoast-schema-graph\">{\"@context\":\"https:\\\/\\\/schema.org\",\"@graph\":[{\"@type\":\"WebPage\",\"@id\":\"https:\\\/\\\/btmtelectric.com\\\/index.php\\\/product\\\/blizzard-5c\\\/\",\"url\":\"https:\\\/\\\/btmtelectric.com\\\/index.php\\\/product\\\/blizzard-5c\\\/\",\"name\":\"BLIZZARD 5C - BTMT ELECTRIC \u2013 Solutions \u00c9lectriques Fiables et Innovantes\",\"isPartOf\":{\"@id\":\"https:\\\/\\\/btmtelectric.com\\\/#website\"},\"primaryImageOfPage\":{\"@id\":\"https:\\\/\\\/btmtelectric.com\\\/index.php\\\/product\\\/blizzard-5c\\\/#primaryimage\"},\"image\":{\"@id\":\"https:\\\/\\\/btmtelectric.com\\\/index.php\\\/product\\\/blizzard-5c\\\/#primaryimage\"},\"thumbnailUrl\":\"https:\\\/\\\/btmtelectric.com\\\/wp-content\\\/uploads\\\/2025\\\/07\\\/Capture-decran-2025-07-22-142329.png\",\"datePublished\":\"2025-07-22T13:24:36+00:00\",\"breadcrumb\":{\"@id\":\"https:\\\/\\\/btmtelectric.com\\\/index.php\\\/product\\\/blizzard-5c\\\/#breadcrumb\"},\"inLanguage\":\"fr-FR\",\"potentialAction\":[{\"@type\":\"ReadAction\",\"target\":[\"https:\\\/\\\/btmtelectric.com\\\/index.php\\\/product\\\/blizzard-5c\\\/\"]}]},{\"@type\":\"ImageObject\",\"inLanguage\":\"fr-FR\",\"@id\":\"https:\\\/\\\/btmtelectric.com\\\/index.php\\\/product\\\/blizzard-5c\\\/#primaryimage\",\"url\":\"https:\\\/\\\/btmtelectric.com\\\/wp-content\\\/uploads\\\/2025\\\/07\\\/Capture-decran-2025-07-22-142329.png\",\"contentUrl\":\"https:\\\/\\\/btmtelectric.com\\\/wp-content\\\/uploads\\\/2025\\\/07\\\/Capture-decran-2025-07-22-142329.png\",\"width\":194,\"height\":126},{\"@type\":\"BreadcrumbList\",\"@id\":\"https:\\\/\\\/btmtelectric.com\\\/index.php\\\/product\\\/blizzard-5c\\\/#breadcrumb\",\"itemListElement\":[{\"@type\":\"ListItem\",\"position\":1,\"name\":\"Accueil\",\"item\":\"https:\\\/\\\/btmtelectric.com\\\/\"},{\"@type\":\"ListItem\",\"position\":2,\"name\":\"Boutique\",\"item\":\"https:\\\/\\\/btmtelectric.com\\\/index.php\\\/boutique\\\/\"},{\"@type\":\"ListItem\",\"position\":3,\"name\":\"BLIZZARD 5C\"}]},{\"@type\":\"WebSite\",\"@id\":\"https:\\\/\\\/btmtelectric.com\\\/#website\",\"url\":\"https:\\\/\\\/btmtelectric.com\\\/\",\"name\":\"BTMT ELECTRIC \u2013 Solutions \u00c9lectriques Fiables et Innovantes\",\"description\":\"\",\"publisher\":{\"@id\":\"https:\\\/\\\/btmtelectric.com\\\/#organization\"},\"potentialAction\":[{\"@type\":\"SearchAction\",\"target\":{\"@type\":\"EntryPoint\",\"urlTemplate\":\"https:\\\/\\\/btmtelectric.com\\\/?s={search_term_string}\"},\"query-input\":{\"@type\":\"PropertyValueSpecification\",\"valueRequired\":true,\"valueName\":\"search_term_string\"}}],\"inLanguage\":\"fr-FR\"},{\"@type\":\"Organization\",\"@id\":\"https:\\\/\\\/btmtelectric.com\\\/#organization\",\"name\":\"BTMT ELECTRIC \u2013 Solutions \u00c9lectriques Fiables et Innovantes\",\"url\":\"https:\\\/\\\/btmtelectric.com\\\/\",\"logo\":{\"@type\":\"ImageObject\",\"inLanguage\":\"fr-FR\",\"@id\":\"https:\\\/\\\/btmtelectric.com\\\/#\\\/schema\\\/logo\\\/image\\\/\",\"url\":\"https:\\\/\\\/btmtelectric.com\\\/wp-content\\\/uploads\\\/2025\\\/07\\\/WhatsApp_Image_2025-07-09_at_11.45.18_AM-removebg-preview-1.png\",\"contentUrl\":\"https:\\\/\\\/btmtelectric.com\\\/wp-content\\\/uploads\\\/2025\\\/07\\\/WhatsApp_Image_2025-07-09_at_11.45.18_AM-removebg-preview-1.png\",\"width\":175,\"height\":42,\"caption\":\"BTMT ELECTRIC \u2013 Solutions \u00c9lectriques Fiables et Innovantes\"},\"image\":{\"@id\":\"https:\\\/\\\/btmtelectric.com\\\/#\\\/schema\\\/logo\\\/image\\\/\"},\"sameAs\":[\"https:\\\/\\\/www.facebook.com\\\/profile.php?id=61578000361796\",\"https:\\\/\\\/www.instagram.com\\\/btmtelectric\\\/\"]}]}<\/script>\n<!-- \/ Yoast SEO plugin. -->","yoast_head_json":{"title":"BLIZZARD 5C - BTMT ELECTRIC \u2013 Solutions \u00c9lectriques Fiables et Innovantes","robots":{"index":"index","follow":"follow","max-snippet":"max-snippet:-1","max-image-preview":"max-image-preview:large","max-video-preview":"max-video-preview:-1"},"canonical":"https:\/\/btmtelectric.com\/index.php\/product\/blizzard-5c\/","og_locale":"fr_FR","og_type":"article","og_title":"BLIZZARD 5C - BTMT ELECTRIC \u2013 Solutions \u00c9lectriques Fiables et Innovantes","og_description":"Kit complet pour automatiser un portail coulissant jusqu\u2019\u00e0 500Kg avec alimentation 230V.  Contenu du Kit :    1 Motor\u00e9ducteur BLIZZARD 500KgPuissance : 360W \u2013 Force : 390N \u2013 Alimentation : 230VAC \u2013 IP44\ud83d\udc49 R\u00e9f : RF 61100821    1 Carte \u00e9lectronique Sprint 382 int\u00e9gr\u00e9e (Blizzard5c)Carte de commande \u00e0 bord du moteur, gestion compl\u00e8te du syst\u00e8me.\ud83d\udc49 R\u00e9f : RF JA382    1 Condensateur de d\u00e9marrageCapacit\u00e9 : 10\u03bcF \/ 450V \u2013 Avec connecteur rapide.    1 R\u00e9cepteur radio monocanal \u2013 5 brochesFr\u00e9quence : 868 MHz \u2013 Pour communication avec \u00e9metteurs.\ud83d\udc49 R\u00e9f : RF 6100352    2 \u00c9metteurs KILO TX2 \u2013 868 MHzT\u00e9l\u00e9commandes 2 boutons pour contr\u00f4le \u00e0 distance.\ud83d\udc49 R\u00e9f : RF 6100332    1 Paire de Photocellules VEGAAlim : 24VAC\/VDC \u2013 S\u00e9curit\u00e9 anti-\u00e9crasement.\ud83d\udc49 R\u00e9f : RF 6100147    1 Lampe clignotante GUARD \u2013 230VACSignale les mouvements du portail.\ud83d\udc49 R\u00e9f : RF 6100315    4 m\u00e8tres de cr\u00e9maill\u00e8re galvanis\u00e9eR\u00e9sistante \u00e0 la corrosion.    1 Plaque de fondationPour fixation du moteur au sol.\ud83d\udc49 R\u00e9f : RF 737000    1 Groupe de fin de course magn\u00e9tiquePour arr\u00eat pr\u00e9cis du portail.\ud83d\udc49 R\u00e9f : RF 6020670","og_url":"https:\/\/btmtelectric.com\/index.php\/product\/blizzard-5c\/","og_site_name":"BTMT ELECTRIC \u2013 Solutions \u00c9lectriques Fiables et Innovantes","article_publisher":"https:\/\/www.facebook.com\/profile.php?id=61578000361796","og_image":[{"width":194,"height":126,"url":"https:\/\/btmtelectric.com\/wp-content\/uploads\/2025\/07\/Capture-decran-2025-07-22-142329.png","type":"image\/png"}],"twitter_card":"summary_large_image","schema":{"@context":"https:\/\/schema.org","@graph":[{"@type":"WebPage","@id":"https:\/\/btmtelectric.com\/index.php\/product\/blizzard-5c\/","url":"https:\/\/btmtelectric.com\/index.php\/product\/blizzard-5c\/","name":"BLIZZARD 5C - BTMT ELECTRIC \u2013 Solutions \u00c9lectriques Fiables et Innovantes","isPartOf":{"@id":"https:\/\/btmtelectric.com\/#website"},"primaryImageOfPage":{"@id":"https:\/\/btmtelectric.com\/index.php\/product\/blizzard-5c\/#primaryimage"},"image":{"@id":"https:\/\/btmtelectric.com\/index.php\/product\/blizzard-5c\/#primaryimage"},"thumbnailUrl":"https:\/\/btmtelectric.com\/wp-content\/uploads\/2025\/07\/Capture-decran-2025-07-22-142329.png","datePublished":"2025-07-22T13:24:36+00:00","breadcrumb":{"@id":"https:\/\/btmtelectric.com\/index.php\/product\/blizzard-5c\/#breadcrumb"},"inLanguage":"fr-FR","potentialAction":[{"@type":"ReadAction","target":["https:\/\/btmtelectric.com\/index.php\/product\/blizzard-5c\/"]}]},{"@type":"ImageObject","inLanguage":"fr-FR","@id":"https:\/\/btmtelectric.com\/index.php\/product\/blizzard-5c\/#primaryimage","url":"https:\/\/btmtelectric.com\/wp-content\/uploads\/2025\/07\/Capture-decran-2025-07-22-142329.png","contentUrl":"https:\/\/btmtelectric.com\/wp-content\/uploads\/2025\/07\/Capture-decran-2025-07-22-142329.png","width":194,"height":126},{"@type":"BreadcrumbList","@id":"https:\/\/btmtelectric.com\/index.php\/product\/blizzard-5c\/#breadcrumb","itemListElement":[{"@type":"ListItem","position":1,"name":"Accueil","item":"https:\/\/btmtelectric.com\/"},{"@type":"ListItem","position":2,"name":"Boutique","item":"https:\/\/btmtelectric.com\/index.php\/boutique\/"},{"@type":"ListItem","position":3,"name":"BLIZZARD 5C"}]},{"@type":"WebSite","@id":"https:\/\/btmtelectric.com\/#website","url":"https:\/\/btmtelectric.com\/","name":"BTMT ELECTRIC \u2013 Solutions \u00c9lectriques Fiables et Innovantes","description":"","publisher":{"@id":"https:\/\/btmtelectric.com\/#organization"},"potentialAction":[{"@type":"SearchAction","target":{"@type":"EntryPoint","urlTemplate":"https:\/\/btmtelectric.com\/?s={search_term_string}"},"query-input":{"@type":"PropertyValueSpecification","valueRequired":true,"valueName":"search_term_string"}}],"inLanguage":"fr-FR"},{"@type":"Organization","@id":"https:\/\/btmtelectric.com\/#organization","name":"BTMT ELECTRIC \u2013 Solutions \u00c9lectriques Fiables et Innovantes","url":"https:\/\/btmtelectric.com\/","logo":{"@type":"ImageObject","inLanguage":"fr-FR","@id":"https:\/\/btmtelectric.com\/#\/schema\/logo\/image\/","url":"https:\/\/btmtelectric.com\/wp-content\/uploads\/2025\/07\/WhatsApp_Image_2025-07-09_at_11.45.18_AM-removebg-preview-1.png","contentUrl":"https:\/\/btmtelectric.com\/wp-content\/uploads\/2025\/07\/WhatsApp_Image_2025-07-09_at_11.45.18_AM-removebg-preview-1.png","width":175,"height":42,"caption":"BTMT ELECTRIC \u2013 Solutions \u00c9lectriques Fiables et Innovantes"},"image":{"@id":"https:\/\/btmtelectric.com\/#\/schema\/logo\/image\/"},"sameAs":["https:\/\/www.facebook.com\/profile.php?id=61578000361796","https:\/\/www.instagram.com\/btmtelectric\/"]}]}},"_links":{"self":[{"href":"https:\/\/btmtelectric.com\/index.php\/wp-json\/wp\/v2\/product\/8394","targetHints":{"allow":["GET"]}}],"collection":[{"href":"https:\/\/btmtelectric.com\/index.php\/wp-json\/wp\/v2\/product"}],"about":[{"href":"https:\/\/btmtelectric.com\/index.php\/wp-json\/wp\/v2\/types\/product"}],"replies":[{"embeddable":true,"href":"https:\/\/btmtelectric.com\/index.php\/wp-json\/wp\/v2\/comments?post=8394"}],"wp:featuredmedia":[{"embeddable":true,"href":"https:\/\/btmtelectric.com\/index.php\/wp-json\/wp\/v2\/media\/8395"}],"wp:attachment":[{"href":"https:\/\/btmtelectric.com\/index.php\/wp-json\/wp\/v2\/media?parent=8394"}],"wp:term":[{"taxonomy":"product_brand","embeddable":true,"href":"https:\/\/btmtelectric.com\/index.php\/wp-json\/wp\/v2\/product_brand?post=8394"},{"taxonomy":"product_cat","embeddable":true,"href":"https:\/\/btmtelectric.com\/index.php\/wp-json\/wp\/v2\/product_cat?post=8394"},{"taxonomy":"product_tag","embeddable":true,"href":"https:\/\/btmtelectric.com\/index.php\/wp-json\/wp\/v2\/product_tag?post=8394"}],"curies":[{"name":"wp","href":"https:\/\/api.w.org\/{rel}","templated":true}]}}