{"id":8390,"date":"2025-07-22T13:17:49","date_gmt":"2025-07-22T13:17:49","guid":{"rendered":"https:\/\/btmtelectric.com\/?post_type=product&#038;p=8390"},"modified":"2025-12-04T03:38:16","modified_gmt":"2025-12-04T03:38:16","slug":"falcon-m20","status":"publish","type":"product","link":"https:\/\/btmtelectric.com\/index.php\/product\/falcon-m20\/","title":{"rendered":"Falcon M20"},"content":{"rendered":"<ul>\n<li data-start=\"1518\" data-end=\"1569\">\n<p data-start=\"1520\" data-end=\"1569\">Moteur FALCON 2000Kg \u2013 800W \u2013 IP44 (RF 6110002)<\/p>\n<\/li>\n<li data-start=\"1570\" data-end=\"1610\">\n<p data-start=\"1572\" data-end=\"1610\">Carte Sprint M20 \u2013 230VAC (RF JA382)<\/p>\n<\/li>\n<li data-start=\"1611\" data-end=\"1639\">\n<p data-start=\"1613\" data-end=\"1639\">Condensateur 20\u03bcF \/ 450V<\/p>\n<\/li>\n<li data-start=\"1640\" data-end=\"1686\">\n<p data-start=\"1642\" data-end=\"1686\">R\u00e9cepteur 868 MHz \u2013 5 broches (RF 6100352)<\/p>\n<\/li>\n<li data-start=\"1687\" data-end=\"1734\">\n<p data-start=\"1689\" data-end=\"1734\">2 \u00c9metteurs KILO TX2 \u2013 868 MHz (RF 6100332)<\/p>\n<\/li>\n<li data-start=\"1735\" data-end=\"1782\">\n<p data-start=\"1737\" data-end=\"1782\">Photocellules VEGA \u2013 24VAC\/VDC (RF 6100147)<\/p>\n<\/li>\n<li data-start=\"1783\" data-end=\"1820\">\n<p data-start=\"1785\" data-end=\"1820\">Lampe GUARD \u2013 230VAC (RF 6100315)<\/p>\n<\/li>\n<li data-start=\"1821\" data-end=\"1850\">\n<p data-start=\"1823\" data-end=\"1850\">4M Cr\u00e9maill\u00e8re galvanis\u00e9e<\/p>\n<\/li>\n<li data-start=\"1851\" data-end=\"1887\">\n<p data-start=\"1853\" data-end=\"1887\">Plaque de fondation (RF 6020079)<\/p>\n<\/li>\n<li data-start=\"1888\" data-end=\"1927\">\n<p data-start=\"1890\" data-end=\"1927\">Fin de course magn\u00e9tique (RF 6020670)<\/p>\n<\/li>\n<\/ul>\n","protected":false},"excerpt":{"rendered":"<p data-start=\"175\" data-end=\"297\">Le kit comprend tous les \u00e9l\u00e9ments n\u00e9cessaires pour motoriser un portail coulissant jusqu\u2019\u00e0 2000 kg avec alimentation 230V.<\/p>\n<h4 data-start=\"299\" data-end=\"320\">Contenu du Kit :<\/h4>\n<ul data-start=\"322\" data-end=\"1456\">\n<li data-start=\"322\" data-end=\"457\">\n<p data-start=\"324\" data-end=\"457\"><strong data-start=\"324\" data-end=\"357\">1 Motor\u00e9ducteur FALCON 2000Kg<\/strong><br data-start=\"357\" data-end=\"360\" \/>Puissant moteur 800W, alimentation 230VAC, indice de protection IP44.<br data-start=\"431\" data-end=\"434\" \/>\ud83d\udc49 <em data-start=\"439\" data-end=\"457\">R\u00e9f : RF 6110002<\/em><\/p>\n<\/li>\n<li data-start=\"459\" data-end=\"590\">\n<p data-start=\"461\" data-end=\"590\"><strong data-start=\"461\" data-end=\"505\">1 Carte \u00e9lectronique Sprint M20 int\u00e9gr\u00e9e<\/strong><br data-start=\"505\" data-end=\"508\" \/>Gestion compl\u00e8te de l\u2019automatisme, mont\u00e9e sur le moteur.<br data-start=\"566\" data-end=\"569\" \/>\ud83d\udc49 <em data-start=\"574\" data-end=\"590\">R\u00e9f : RF JA382<\/em><\/p>\n<\/li>\n<li data-start=\"592\" data-end=\"690\">\n<p data-start=\"594\" data-end=\"690\"><strong data-start=\"594\" data-end=\"637\">1 Condensateur de d\u00e9marrage 20\u03bcF \/ 450V<\/strong><br data-start=\"637\" data-end=\"640\" \/>Avec connecteur rapide pour installation simple.<\/p>\n<\/li>\n<li data-start=\"692\" data-end=\"803\">\n<p data-start=\"694\" data-end=\"803\"><strong data-start=\"694\" data-end=\"733\">1 R\u00e9cepteur radio monocanal 868 MHz<\/strong><br data-start=\"733\" data-end=\"736\" \/>Connecteur 5 broches, r\u00e9ception fiable.<br data-start=\"777\" data-end=\"780\" \/>\ud83d\udc49 <em data-start=\"785\" data-end=\"803\">R\u00e9f : RF 6100352<\/em><\/p>\n<\/li>\n<li data-start=\"805\" data-end=\"919\">\n<p data-start=\"807\" data-end=\"919\"><strong data-start=\"807\" data-end=\"839\">2 \u00c9metteurs KILO TX2 868 MHz<\/strong><br data-start=\"839\" data-end=\"842\" \/>T\u00e9l\u00e9commandes 2 boutons pour ouverture\/fermeture.<br data-start=\"893\" data-end=\"896\" \/>\ud83d\udc49 <em data-start=\"901\" data-end=\"919\">R\u00e9f : RF 6100332<\/em><\/p>\n<\/li>\n<li data-start=\"921\" data-end=\"1036\">\n<p data-start=\"923\" data-end=\"1036\"><strong data-start=\"923\" data-end=\"956\">1 Paire de Photocellules VEGA<\/strong><br data-start=\"956\" data-end=\"959\" \/>Alimentation 24VAC\/VDC, s\u00e9curit\u00e9 anti-\u00e9crasement.<br data-start=\"1010\" data-end=\"1013\" \/>\ud83d\udc49 <em data-start=\"1018\" data-end=\"1036\">R\u00e9f : RF 6100147<\/em><\/p>\n<\/li>\n<li data-start=\"1038\" data-end=\"1141\">\n<p data-start=\"1040\" data-end=\"1141\"><strong data-start=\"1040\" data-end=\"1076\">1 Lampe clignotante GUARD 230VAC<\/strong><br data-start=\"1076\" data-end=\"1079\" \/>Signale les mouvements du portail.<br data-start=\"1115\" data-end=\"1118\" \/>\ud83d\udc49 <em data-start=\"1123\" data-end=\"1141\">R\u00e9f : RF 6100315<\/em><\/p>\n<\/li>\n<li data-start=\"1143\" data-end=\"1238\">\n<p data-start=\"1145\" data-end=\"1238\"><strong data-start=\"1145\" data-end=\"1183\">4 m\u00e8tres de cr\u00e9maill\u00e8re galvanis\u00e9e<\/strong><br data-start=\"1183\" data-end=\"1186\" \/>R\u00e9sistante \u00e0 la corrosion, \u00e0 fixer sur le portail.<\/p>\n<\/li>\n<li data-start=\"1240\" data-end=\"1329\">\n<p data-start=\"1242\" data-end=\"1329\"><strong data-start=\"1242\" data-end=\"1267\">1 Plaque de fondation<\/strong><br data-start=\"1267\" data-end=\"1270\" \/>Pour fixation solide du moteur.<br data-start=\"1303\" data-end=\"1306\" \/>\ud83d\udc49 <em data-start=\"1311\" data-end=\"1329\">R\u00e9f : RF 6020079<\/em><\/p>\n<\/li>\n<li data-start=\"1331\" data-end=\"1456\">\n<p data-start=\"1333\" data-end=\"1456\"><strong data-start=\"1333\" data-end=\"1373\">1 Groupe de fin de course magn\u00e9tique<\/strong><br data-start=\"1373\" data-end=\"1376\" \/>Permet de d\u00e9finir pr\u00e9cis\u00e9ment les positions d\u2019arr\u00eat.<br data-start=\"1430\" data-end=\"1433\" \/>\ud83d\udc49 <em data-start=\"1438\" data-end=\"1456\">R\u00e9f : RF 6020670<\/em><\/p>\n<\/li>\n<\/ul>\n","protected":false},"featured_media":8388,"comment_status":"open","ping_status":"closed","template":"","meta":{"_acf_changed":false,"content-type":""},"product_brand":[],"product_cat":[360],"product_tag":[],"class_list":{"0":"post-8390","1":"product","2":"type-product","3":"status-publish","4":"has-post-thumbnail","6":"product_cat-moteurs-coulissants","8":"first","9":"instock","10":"shipping-taxable","11":"purchasable","12":"product-type-simple"},"acf":[],"yoast_head":"<!-- This site is optimized with the Yoast SEO plugin v27.3 - https:\/\/yoast.com\/product\/yoast-seo-wordpress\/ -->\n<title>Falcon M20 - BTMT ELECTRIC \u2013 Solutions \u00c9lectriques Fiables et Innovantes<\/title>\n<meta name=\"robots\" content=\"index, follow, max-snippet:-1, max-image-preview:large, max-video-preview:-1\" \/>\n<link rel=\"canonical\" href=\"https:\/\/btmtelectric.com\/index.php\/product\/falcon-m20\/\" \/>\n<meta property=\"og:locale\" content=\"fr_FR\" \/>\n<meta property=\"og:type\" content=\"article\" \/>\n<meta property=\"og:title\" content=\"Falcon M20 - BTMT ELECTRIC \u2013 Solutions \u00c9lectriques Fiables et Innovantes\" \/>\n<meta property=\"og:description\" content=\"Le kit comprend tous les \u00e9l\u00e9ments n\u00e9cessaires pour motoriser un portail coulissant jusqu\u2019\u00e0 2000 kg avec alimentation 230V.  Contenu du Kit :    1 Motor\u00e9ducteur FALCON 2000KgPuissant moteur 800W, alimentation 230VAC, indice de protection IP44.\ud83d\udc49 R\u00e9f : RF 6110002    1 Carte \u00e9lectronique Sprint M20 int\u00e9gr\u00e9eGestion compl\u00e8te de l\u2019automatisme, mont\u00e9e sur le moteur.\ud83d\udc49 R\u00e9f : RF JA382    1 Condensateur de d\u00e9marrage 20\u03bcF \/ 450VAvec connecteur rapide pour installation simple.    1 R\u00e9cepteur radio monocanal 868 MHzConnecteur 5 broches, r\u00e9ception fiable.\ud83d\udc49 R\u00e9f : RF 6100352    2 \u00c9metteurs KILO TX2 868 MHzT\u00e9l\u00e9commandes 2 boutons pour ouverture\/fermeture.\ud83d\udc49 R\u00e9f : RF 6100332    1 Paire de Photocellules VEGAAlimentation 24VAC\/VDC, s\u00e9curit\u00e9 anti-\u00e9crasement.\ud83d\udc49 R\u00e9f : RF 6100147    1 Lampe clignotante GUARD 230VACSignale les mouvements du portail.\ud83d\udc49 R\u00e9f : RF 6100315    4 m\u00e8tres de cr\u00e9maill\u00e8re galvanis\u00e9eR\u00e9sistante \u00e0 la corrosion, \u00e0 fixer sur le portail.    1 Plaque de fondationPour fixation solide du moteur.\ud83d\udc49 R\u00e9f : RF 6020079    1 Groupe de fin de course magn\u00e9tiquePermet de d\u00e9finir pr\u00e9cis\u00e9ment les positions d\u2019arr\u00eat.\ud83d\udc49 R\u00e9f : RF 6020670\" \/>\n<meta property=\"og:url\" content=\"https:\/\/btmtelectric.com\/index.php\/product\/falcon-m20\/\" \/>\n<meta property=\"og:site_name\" content=\"BTMT ELECTRIC \u2013 Solutions \u00c9lectriques Fiables et Innovantes\" \/>\n<meta property=\"article:publisher\" content=\"https:\/\/www.facebook.com\/profile.php?id=61578000361796\" \/>\n<meta property=\"article:modified_time\" content=\"2025-12-04T03:38:16+00:00\" \/>\n<meta property=\"og:image\" content=\"https:\/\/btmtelectric.com\/wp-content\/uploads\/2025\/07\/Capture-decran-2025-07-22-140527.png\" \/>\n\t<meta property=\"og:image:width\" content=\"118\" \/>\n\t<meta property=\"og:image:height\" content=\"91\" \/>\n\t<meta property=\"og:image:type\" content=\"image\/png\" \/>\n<meta name=\"twitter:card\" content=\"summary_large_image\" \/>\n<script type=\"application\/ld+json\" class=\"yoast-schema-graph\">{\"@context\":\"https:\\\/\\\/schema.org\",\"@graph\":[{\"@type\":\"WebPage\",\"@id\":\"https:\\\/\\\/btmtelectric.com\\\/index.php\\\/product\\\/falcon-m20\\\/\",\"url\":\"https:\\\/\\\/btmtelectric.com\\\/index.php\\\/product\\\/falcon-m20\\\/\",\"name\":\"Falcon M20 - BTMT ELECTRIC \u2013 Solutions \u00c9lectriques Fiables et Innovantes\",\"isPartOf\":{\"@id\":\"https:\\\/\\\/btmtelectric.com\\\/#website\"},\"primaryImageOfPage\":{\"@id\":\"https:\\\/\\\/btmtelectric.com\\\/index.php\\\/product\\\/falcon-m20\\\/#primaryimage\"},\"image\":{\"@id\":\"https:\\\/\\\/btmtelectric.com\\\/index.php\\\/product\\\/falcon-m20\\\/#primaryimage\"},\"thumbnailUrl\":\"https:\\\/\\\/btmtelectric.com\\\/wp-content\\\/uploads\\\/2025\\\/07\\\/Capture-decran-2025-07-22-140527.png\",\"datePublished\":\"2025-07-22T13:17:49+00:00\",\"dateModified\":\"2025-12-04T03:38:16+00:00\",\"breadcrumb\":{\"@id\":\"https:\\\/\\\/btmtelectric.com\\\/index.php\\\/product\\\/falcon-m20\\\/#breadcrumb\"},\"inLanguage\":\"fr-FR\",\"potentialAction\":[{\"@type\":\"ReadAction\",\"target\":[\"https:\\\/\\\/btmtelectric.com\\\/index.php\\\/product\\\/falcon-m20\\\/\"]}]},{\"@type\":\"ImageObject\",\"inLanguage\":\"fr-FR\",\"@id\":\"https:\\\/\\\/btmtelectric.com\\\/index.php\\\/product\\\/falcon-m20\\\/#primaryimage\",\"url\":\"https:\\\/\\\/btmtelectric.com\\\/wp-content\\\/uploads\\\/2025\\\/07\\\/Capture-decran-2025-07-22-140527.png\",\"contentUrl\":\"https:\\\/\\\/btmtelectric.com\\\/wp-content\\\/uploads\\\/2025\\\/07\\\/Capture-decran-2025-07-22-140527.png\",\"width\":118,\"height\":91},{\"@type\":\"BreadcrumbList\",\"@id\":\"https:\\\/\\\/btmtelectric.com\\\/index.php\\\/product\\\/falcon-m20\\\/#breadcrumb\",\"itemListElement\":[{\"@type\":\"ListItem\",\"position\":1,\"name\":\"Accueil\",\"item\":\"https:\\\/\\\/btmtelectric.com\\\/\"},{\"@type\":\"ListItem\",\"position\":2,\"name\":\"Boutique\",\"item\":\"https:\\\/\\\/btmtelectric.com\\\/index.php\\\/boutique\\\/\"},{\"@type\":\"ListItem\",\"position\":3,\"name\":\"Falcon M20\"}]},{\"@type\":\"WebSite\",\"@id\":\"https:\\\/\\\/btmtelectric.com\\\/#website\",\"url\":\"https:\\\/\\\/btmtelectric.com\\\/\",\"name\":\"BTMT ELECTRIC \u2013 Solutions \u00c9lectriques Fiables et Innovantes\",\"description\":\"\",\"publisher\":{\"@id\":\"https:\\\/\\\/btmtelectric.com\\\/#organization\"},\"potentialAction\":[{\"@type\":\"SearchAction\",\"target\":{\"@type\":\"EntryPoint\",\"urlTemplate\":\"https:\\\/\\\/btmtelectric.com\\\/?s={search_term_string}\"},\"query-input\":{\"@type\":\"PropertyValueSpecification\",\"valueRequired\":true,\"valueName\":\"search_term_string\"}}],\"inLanguage\":\"fr-FR\"},{\"@type\":\"Organization\",\"@id\":\"https:\\\/\\\/btmtelectric.com\\\/#organization\",\"name\":\"BTMT ELECTRIC \u2013 Solutions \u00c9lectriques Fiables et Innovantes\",\"url\":\"https:\\\/\\\/btmtelectric.com\\\/\",\"logo\":{\"@type\":\"ImageObject\",\"inLanguage\":\"fr-FR\",\"@id\":\"https:\\\/\\\/btmtelectric.com\\\/#\\\/schema\\\/logo\\\/image\\\/\",\"url\":\"https:\\\/\\\/btmtelectric.com\\\/wp-content\\\/uploads\\\/2025\\\/07\\\/WhatsApp_Image_2025-07-09_at_11.45.18_AM-removebg-preview-1.png\",\"contentUrl\":\"https:\\\/\\\/btmtelectric.com\\\/wp-content\\\/uploads\\\/2025\\\/07\\\/WhatsApp_Image_2025-07-09_at_11.45.18_AM-removebg-preview-1.png\",\"width\":175,\"height\":42,\"caption\":\"BTMT ELECTRIC \u2013 Solutions \u00c9lectriques Fiables et Innovantes\"},\"image\":{\"@id\":\"https:\\\/\\\/btmtelectric.com\\\/#\\\/schema\\\/logo\\\/image\\\/\"},\"sameAs\":[\"https:\\\/\\\/www.facebook.com\\\/profile.php?id=61578000361796\",\"https:\\\/\\\/www.instagram.com\\\/btmtelectric\\\/\"]}]}<\/script>\n<!-- \/ Yoast SEO plugin. -->","yoast_head_json":{"title":"Falcon M20 - BTMT ELECTRIC \u2013 Solutions \u00c9lectriques Fiables et Innovantes","robots":{"index":"index","follow":"follow","max-snippet":"max-snippet:-1","max-image-preview":"max-image-preview:large","max-video-preview":"max-video-preview:-1"},"canonical":"https:\/\/btmtelectric.com\/index.php\/product\/falcon-m20\/","og_locale":"fr_FR","og_type":"article","og_title":"Falcon M20 - BTMT ELECTRIC \u2013 Solutions \u00c9lectriques Fiables et Innovantes","og_description":"Le kit comprend tous les \u00e9l\u00e9ments n\u00e9cessaires pour motoriser un portail coulissant jusqu\u2019\u00e0 2000 kg avec alimentation 230V.  Contenu du Kit :    1 Motor\u00e9ducteur FALCON 2000KgPuissant moteur 800W, alimentation 230VAC, indice de protection IP44.\ud83d\udc49 R\u00e9f : RF 6110002    1 Carte \u00e9lectronique Sprint M20 int\u00e9gr\u00e9eGestion compl\u00e8te de l\u2019automatisme, mont\u00e9e sur le moteur.\ud83d\udc49 R\u00e9f : RF JA382    1 Condensateur de d\u00e9marrage 20\u03bcF \/ 450VAvec connecteur rapide pour installation simple.    1 R\u00e9cepteur radio monocanal 868 MHzConnecteur 5 broches, r\u00e9ception fiable.\ud83d\udc49 R\u00e9f : RF 6100352    2 \u00c9metteurs KILO TX2 868 MHzT\u00e9l\u00e9commandes 2 boutons pour ouverture\/fermeture.\ud83d\udc49 R\u00e9f : RF 6100332    1 Paire de Photocellules VEGAAlimentation 24VAC\/VDC, s\u00e9curit\u00e9 anti-\u00e9crasement.\ud83d\udc49 R\u00e9f : RF 6100147    1 Lampe clignotante GUARD 230VACSignale les mouvements du portail.\ud83d\udc49 R\u00e9f : RF 6100315    4 m\u00e8tres de cr\u00e9maill\u00e8re galvanis\u00e9eR\u00e9sistante \u00e0 la corrosion, \u00e0 fixer sur le portail.    1 Plaque de fondationPour fixation solide du moteur.\ud83d\udc49 R\u00e9f : RF 6020079    1 Groupe de fin de course magn\u00e9tiquePermet de d\u00e9finir pr\u00e9cis\u00e9ment les positions d\u2019arr\u00eat.\ud83d\udc49 R\u00e9f : RF 6020670","og_url":"https:\/\/btmtelectric.com\/index.php\/product\/falcon-m20\/","og_site_name":"BTMT ELECTRIC \u2013 Solutions \u00c9lectriques Fiables et Innovantes","article_publisher":"https:\/\/www.facebook.com\/profile.php?id=61578000361796","article_modified_time":"2025-12-04T03:38:16+00:00","og_image":[{"width":118,"height":91,"url":"https:\/\/btmtelectric.com\/wp-content\/uploads\/2025\/07\/Capture-decran-2025-07-22-140527.png","type":"image\/png"}],"twitter_card":"summary_large_image","schema":{"@context":"https:\/\/schema.org","@graph":[{"@type":"WebPage","@id":"https:\/\/btmtelectric.com\/index.php\/product\/falcon-m20\/","url":"https:\/\/btmtelectric.com\/index.php\/product\/falcon-m20\/","name":"Falcon M20 - BTMT ELECTRIC \u2013 Solutions \u00c9lectriques Fiables et Innovantes","isPartOf":{"@id":"https:\/\/btmtelectric.com\/#website"},"primaryImageOfPage":{"@id":"https:\/\/btmtelectric.com\/index.php\/product\/falcon-m20\/#primaryimage"},"image":{"@id":"https:\/\/btmtelectric.com\/index.php\/product\/falcon-m20\/#primaryimage"},"thumbnailUrl":"https:\/\/btmtelectric.com\/wp-content\/uploads\/2025\/07\/Capture-decran-2025-07-22-140527.png","datePublished":"2025-07-22T13:17:49+00:00","dateModified":"2025-12-04T03:38:16+00:00","breadcrumb":{"@id":"https:\/\/btmtelectric.com\/index.php\/product\/falcon-m20\/#breadcrumb"},"inLanguage":"fr-FR","potentialAction":[{"@type":"ReadAction","target":["https:\/\/btmtelectric.com\/index.php\/product\/falcon-m20\/"]}]},{"@type":"ImageObject","inLanguage":"fr-FR","@id":"https:\/\/btmtelectric.com\/index.php\/product\/falcon-m20\/#primaryimage","url":"https:\/\/btmtelectric.com\/wp-content\/uploads\/2025\/07\/Capture-decran-2025-07-22-140527.png","contentUrl":"https:\/\/btmtelectric.com\/wp-content\/uploads\/2025\/07\/Capture-decran-2025-07-22-140527.png","width":118,"height":91},{"@type":"BreadcrumbList","@id":"https:\/\/btmtelectric.com\/index.php\/product\/falcon-m20\/#breadcrumb","itemListElement":[{"@type":"ListItem","position":1,"name":"Accueil","item":"https:\/\/btmtelectric.com\/"},{"@type":"ListItem","position":2,"name":"Boutique","item":"https:\/\/btmtelectric.com\/index.php\/boutique\/"},{"@type":"ListItem","position":3,"name":"Falcon M20"}]},{"@type":"WebSite","@id":"https:\/\/btmtelectric.com\/#website","url":"https:\/\/btmtelectric.com\/","name":"BTMT ELECTRIC \u2013 Solutions \u00c9lectriques Fiables et Innovantes","description":"","publisher":{"@id":"https:\/\/btmtelectric.com\/#organization"},"potentialAction":[{"@type":"SearchAction","target":{"@type":"EntryPoint","urlTemplate":"https:\/\/btmtelectric.com\/?s={search_term_string}"},"query-input":{"@type":"PropertyValueSpecification","valueRequired":true,"valueName":"search_term_string"}}],"inLanguage":"fr-FR"},{"@type":"Organization","@id":"https:\/\/btmtelectric.com\/#organization","name":"BTMT ELECTRIC \u2013 Solutions \u00c9lectriques Fiables et Innovantes","url":"https:\/\/btmtelectric.com\/","logo":{"@type":"ImageObject","inLanguage":"fr-FR","@id":"https:\/\/btmtelectric.com\/#\/schema\/logo\/image\/","url":"https:\/\/btmtelectric.com\/wp-content\/uploads\/2025\/07\/WhatsApp_Image_2025-07-09_at_11.45.18_AM-removebg-preview-1.png","contentUrl":"https:\/\/btmtelectric.com\/wp-content\/uploads\/2025\/07\/WhatsApp_Image_2025-07-09_at_11.45.18_AM-removebg-preview-1.png","width":175,"height":42,"caption":"BTMT ELECTRIC \u2013 Solutions \u00c9lectriques Fiables et Innovantes"},"image":{"@id":"https:\/\/btmtelectric.com\/#\/schema\/logo\/image\/"},"sameAs":["https:\/\/www.facebook.com\/profile.php?id=61578000361796","https:\/\/www.instagram.com\/btmtelectric\/"]}]}},"_links":{"self":[{"href":"https:\/\/btmtelectric.com\/index.php\/wp-json\/wp\/v2\/product\/8390","targetHints":{"allow":["GET"]}}],"collection":[{"href":"https:\/\/btmtelectric.com\/index.php\/wp-json\/wp\/v2\/product"}],"about":[{"href":"https:\/\/btmtelectric.com\/index.php\/wp-json\/wp\/v2\/types\/product"}],"replies":[{"embeddable":true,"href":"https:\/\/btmtelectric.com\/index.php\/wp-json\/wp\/v2\/comments?post=8390"}],"wp:featuredmedia":[{"embeddable":true,"href":"https:\/\/btmtelectric.com\/index.php\/wp-json\/wp\/v2\/media\/8388"}],"wp:attachment":[{"href":"https:\/\/btmtelectric.com\/index.php\/wp-json\/wp\/v2\/media?parent=8390"}],"wp:term":[{"taxonomy":"product_brand","embeddable":true,"href":"https:\/\/btmtelectric.com\/index.php\/wp-json\/wp\/v2\/product_brand?post=8390"},{"taxonomy":"product_cat","embeddable":true,"href":"https:\/\/btmtelectric.com\/index.php\/wp-json\/wp\/v2\/product_cat?post=8390"},{"taxonomy":"product_tag","embeddable":true,"href":"https:\/\/btmtelectric.com\/index.php\/wp-json\/wp\/v2\/product_tag?post=8390"}],"curies":[{"name":"wp","href":"https:\/\/api.w.org\/{rel}","templated":true}]}}