{"id":8370,"date":"2025-07-22T08:21:21","date_gmt":"2025-07-22T08:21:21","guid":{"rendered":"https:\/\/btmtelectric.com\/?post_type=product&#038;p=8370"},"modified":"2025-08-19T13:14:44","modified_gmt":"2025-08-19T13:14:44","slug":"moteur-de-plafond-a-traction-faac-genius-zodiac-60-2rcsz-portes-basculante-garage","status":"publish","type":"product","link":"https:\/\/btmtelectric.com\/index.php\/product\/moteur-de-plafond-a-traction-faac-genius-zodiac-60-2rcsz-portes-basculante-garage\/","title":{"rendered":"Moteur de plafond \u00e0 traction FAAC GENIUS ZODIAC 60 2RCSZ portes basculante garage"},"content":{"rendered":"<p data-start=\"811\" data-end=\"1325\">Ce kit complet est sp\u00e9cialement con\u00e7u pour l\u2019automatisation des portes sectionnelles et basculantes \u00e0 ressort. Il est \u00e9quip\u00e9 du moteur de plafond <strong data-start=\"957\" data-end=\"988\">FAAC GENIUS ZODIAC 60 2RCSZ<\/strong>, dot\u00e9 d\u2019un syst\u00e8me irr\u00e9versible fonctionnant en 24V avec une <strong data-start=\"1050\" data-end=\"1079\">force de pouss\u00e9e de 600 N<\/strong>, id\u00e9al pour des portes allant jusqu\u2019\u00e0 60 kg. Le moteur int\u00e8gre une <strong data-start=\"1147\" data-end=\"1172\">lumi\u00e8re de courtoisie<\/strong> et offre un acc\u00e8s facile au panneau de programmation, sans d\u00e9montage du carter, gr\u00e2ce \u00e0 un <strong data-start=\"1264\" data-end=\"1306\">montage rapide brevet\u00e9 en trois \u00e9tapes<\/strong> sign\u00e9 FAAC GENIUS.<\/p>\n<p data-start=\"1327\" data-end=\"1659\">La centrale de commande <strong data-start=\"1351\" data-end=\"1361\">GEO 08<\/strong> est int\u00e9gr\u00e9e au moteur. Elle comprend une entr\u00e9e pour moteur et encodeur, ainsi que trois broches pour le r\u00e9cepteur GENIUS RQFZ \u00e0 connexion rapide. Le syst\u00e8me est \u00e9galement pr\u00eat \u00e0 accueillir un <strong data-start=\"1556\" data-end=\"1586\">kit de batterie de secours<\/strong> (en option) pour assurer le fonctionnement en cas de coupure de courant.<\/p>\n<p data-start=\"1661\" data-end=\"1683\"><strong data-start=\"1661\" data-end=\"1681\">Contenu du kit :<\/strong><\/p>\n<ul data-start=\"1684\" data-end=\"1957\">\n<li data-start=\"1684\" data-end=\"1729\">\n<p data-start=\"1686\" data-end=\"1729\">1 moteur ZODIAC 60 avec centrale int\u00e9gr\u00e9e<\/p>\n<\/li>\n<li data-start=\"1730\" data-end=\"1759\">\n<p data-start=\"1732\" data-end=\"1759\">1 r\u00e9cepteur radio 433 MHz<\/p>\n<\/li>\n<li data-start=\"1760\" data-end=\"1848\">\n<p data-start=\"1762\" data-end=\"1848\">1 guide \u00e0 cha\u00eene de 3100 mm, permettant une ouverture compl\u00e8te d\u2019un cadre de 2500 mm<\/p>\n<\/li>\n<li data-start=\"1849\" data-end=\"1898\">\n<p data-start=\"1851\" data-end=\"1898\">2 t\u00e9l\u00e9commandes 4 canaux <strong data-start=\"1876\" data-end=\"1888\">ECHO TX4<\/strong> 433 MHz<\/p>\n<\/li>\n<li data-start=\"1899\" data-end=\"1957\">\n<p data-start=\"1901\" data-end=\"1957\">Accessoires de montage et manuel d\u2019installation inclus<\/p>\n<\/li>\n<\/ul>\n<p data-start=\"1959\" data-end=\"1980\">\ud83d\udce6 <strong data-start=\"1962\" data-end=\"1978\">Dimensions :<\/strong><\/p>\n<ul data-start=\"1981\" data-end=\"2089\">\n<li data-start=\"1981\" data-end=\"2011\">\n<p data-start=\"1983\" data-end=\"2011\">Moteur : 360 x 200 x 45 mm<\/p>\n<\/li>\n<li data-start=\"2012\" data-end=\"2042\">\n<p data-start=\"2014\" data-end=\"2042\">Guide : 1550 x 250 x 50 mm<\/p>\n<\/li>\n<li data-start=\"2043\" data-end=\"2089\">\n<p data-start=\"2045\" data-end=\"2089\">Poids total : 15,5 kg (exp\u00e9di\u00e9 en 2 colis)<\/p>\n<\/li>\n<\/ul>\n<p data-start=\"2091\" data-end=\"2228\">\ud83d\udd12 <strong data-start=\"2094\" data-end=\"2108\">Garantie :<\/strong> 24 mois<br data-start=\"2116\" data-end=\"2119\" \/>Le produit est livr\u00e9 avec tous les <strong data-start=\"2154\" data-end=\"2181\">certificats de s\u00e9curit\u00e9<\/strong> et le <strong data-start=\"2188\" data-end=\"2227\">manuel d\u2019utilisation et d\u2019entretien<\/strong>.<\/p>\n","protected":false},"excerpt":{"rendered":"<p>Kit complet pour motoriser les portes sectionnelles et basculantes \u00e0 ressort, avec moteur de plafond <strong data-start=\"280\" data-end=\"305\">FAAC GENIUS ZODIAC 60<\/strong> (force 600 N, 24V). Montage rapide en 3 \u00e9tapes brevet\u00e9es, lumi\u00e8re int\u00e9gr\u00e9e et acc\u00e8s direct \u00e0 la programmation sans d\u00e9montage. Le kit comprend la centrale <strong data-start=\"460\" data-end=\"470\">GEO 08<\/strong>, un r\u00e9cepteur 433 MHz, une cha\u00eene de 3,1 m (pour portes jusqu\u2019\u00e0 2,5 m), deux t\u00e9l\u00e9commandes ECHO TX4 \u00e0 4 canaux, les accessoires et le manuel. Batterie de secours possible (non incluse). Dimensions moteur : 360\u00d7200\u00d745 mm, guide : 1550\u00d7250\u00d750 mm. Poids total : 15,5 kg (2 colis). Garantie 24 mois.<\/p>\n","protected":false},"featured_media":8371,"comment_status":"open","ping_status":"closed","template":"","meta":{"_acf_changed":false,"content-type":""},"product_brand":[],"product_cat":[359],"product_tag":[],"class_list":{"0":"post-8370","1":"product","2":"type-product","3":"status-publish","4":"has-post-thumbnail","6":"product_cat-moteurs-basculants-sectionnelles","8":"first","9":"instock","10":"shipping-taxable","11":"purchasable","12":"product-type-simple"},"acf":[],"yoast_head":"<!-- This site is optimized with the Yoast SEO plugin v27.3 - https:\/\/yoast.com\/product\/yoast-seo-wordpress\/ -->\n<title>Moteur de plafond \u00e0 traction FAAC GENIUS ZODIAC 60 2RCSZ portes basculante garage - BTMT ELECTRIC \u2013 Solutions \u00c9lectriques Fiables et Innovantes<\/title>\n<meta name=\"robots\" content=\"index, follow, max-snippet:-1, max-image-preview:large, max-video-preview:-1\" \/>\n<link rel=\"canonical\" href=\"https:\/\/btmtelectric.com\/index.php\/product\/moteur-de-plafond-a-traction-faac-genius-zodiac-60-2rcsz-portes-basculante-garage\/\" \/>\n<meta property=\"og:locale\" content=\"fr_FR\" \/>\n<meta property=\"og:type\" content=\"article\" \/>\n<meta property=\"og:title\" content=\"Moteur de plafond \u00e0 traction FAAC GENIUS ZODIAC 60 2RCSZ portes basculante garage - BTMT ELECTRIC \u2013 Solutions \u00c9lectriques Fiables et Innovantes\" \/>\n<meta property=\"og:description\" content=\"Kit complet pour motoriser les portes sectionnelles et basculantes \u00e0 ressort, avec moteur de plafond FAAC GENIUS ZODIAC 60 (force 600 N, 24V). Montage rapide en 3 \u00e9tapes brevet\u00e9es, lumi\u00e8re int\u00e9gr\u00e9e et acc\u00e8s direct \u00e0 la programmation sans d\u00e9montage. Le kit comprend la centrale GEO 08, un r\u00e9cepteur 433 MHz, une cha\u00eene de 3,1 m (pour portes jusqu\u2019\u00e0 2,5 m), deux t\u00e9l\u00e9commandes ECHO TX4 \u00e0 4 canaux, les accessoires et le manuel. Batterie de secours possible (non incluse). Dimensions moteur : 360\u00d7200\u00d745 mm, guide : 1550\u00d7250\u00d750 mm. Poids total : 15,5 kg (2 colis). Garantie 24 mois.\" \/>\n<meta property=\"og:url\" content=\"https:\/\/btmtelectric.com\/index.php\/product\/moteur-de-plafond-a-traction-faac-genius-zodiac-60-2rcsz-portes-basculante-garage\/\" \/>\n<meta property=\"og:site_name\" content=\"BTMT ELECTRIC \u2013 Solutions \u00c9lectriques Fiables et Innovantes\" \/>\n<meta property=\"article:publisher\" content=\"https:\/\/www.facebook.com\/profile.php?id=61578000361796\" \/>\n<meta property=\"article:modified_time\" content=\"2025-08-19T13:14:44+00:00\" \/>\n<meta property=\"og:image\" content=\"https:\/\/btmtelectric.com\/wp-content\/uploads\/2025\/07\/moteur-de-plafond-a-traction-faac-genius-zodiac-60-2rcsz-portes-basculante-garage-kit-zodiac-avec-2-telecommande-by-atecnica_1024.jpg\" \/>\n\t<meta property=\"og:image:width\" content=\"1000\" \/>\n\t<meta property=\"og:image:height\" content=\"1000\" \/>\n\t<meta property=\"og:image:type\" content=\"image\/jpeg\" \/>\n<meta name=\"twitter:card\" content=\"summary_large_image\" \/>\n<meta name=\"twitter:label1\" content=\"Dur\u00e9e de lecture estim\u00e9e\" \/>\n\t<meta name=\"twitter:data1\" content=\"1 minute\" \/>\n<script type=\"application\/ld+json\" class=\"yoast-schema-graph\">{\"@context\":\"https:\\\/\\\/schema.org\",\"@graph\":[{\"@type\":\"WebPage\",\"@id\":\"https:\\\/\\\/btmtelectric.com\\\/index.php\\\/product\\\/moteur-de-plafond-a-traction-faac-genius-zodiac-60-2rcsz-portes-basculante-garage\\\/\",\"url\":\"https:\\\/\\\/btmtelectric.com\\\/index.php\\\/product\\\/moteur-de-plafond-a-traction-faac-genius-zodiac-60-2rcsz-portes-basculante-garage\\\/\",\"name\":\"Moteur de plafond \u00e0 traction FAAC GENIUS ZODIAC 60 2RCSZ portes basculante garage - BTMT ELECTRIC \u2013 Solutions \u00c9lectriques Fiables et Innovantes\",\"isPartOf\":{\"@id\":\"https:\\\/\\\/btmtelectric.com\\\/#website\"},\"primaryImageOfPage\":{\"@id\":\"https:\\\/\\\/btmtelectric.com\\\/index.php\\\/product\\\/moteur-de-plafond-a-traction-faac-genius-zodiac-60-2rcsz-portes-basculante-garage\\\/#primaryimage\"},\"image\":{\"@id\":\"https:\\\/\\\/btmtelectric.com\\\/index.php\\\/product\\\/moteur-de-plafond-a-traction-faac-genius-zodiac-60-2rcsz-portes-basculante-garage\\\/#primaryimage\"},\"thumbnailUrl\":\"https:\\\/\\\/btmtelectric.com\\\/wp-content\\\/uploads\\\/2025\\\/07\\\/moteur-de-plafond-a-traction-faac-genius-zodiac-60-2rcsz-portes-basculante-garage-kit-zodiac-avec-2-telecommande-by-atecnica_1024.jpg\",\"datePublished\":\"2025-07-22T08:21:21+00:00\",\"dateModified\":\"2025-08-19T13:14:44+00:00\",\"breadcrumb\":{\"@id\":\"https:\\\/\\\/btmtelectric.com\\\/index.php\\\/product\\\/moteur-de-plafond-a-traction-faac-genius-zodiac-60-2rcsz-portes-basculante-garage\\\/#breadcrumb\"},\"inLanguage\":\"fr-FR\",\"potentialAction\":[{\"@type\":\"ReadAction\",\"target\":[\"https:\\\/\\\/btmtelectric.com\\\/index.php\\\/product\\\/moteur-de-plafond-a-traction-faac-genius-zodiac-60-2rcsz-portes-basculante-garage\\\/\"]}]},{\"@type\":\"ImageObject\",\"inLanguage\":\"fr-FR\",\"@id\":\"https:\\\/\\\/btmtelectric.com\\\/index.php\\\/product\\\/moteur-de-plafond-a-traction-faac-genius-zodiac-60-2rcsz-portes-basculante-garage\\\/#primaryimage\",\"url\":\"https:\\\/\\\/btmtelectric.com\\\/wp-content\\\/uploads\\\/2025\\\/07\\\/moteur-de-plafond-a-traction-faac-genius-zodiac-60-2rcsz-portes-basculante-garage-kit-zodiac-avec-2-telecommande-by-atecnica_1024.jpg\",\"contentUrl\":\"https:\\\/\\\/btmtelectric.com\\\/wp-content\\\/uploads\\\/2025\\\/07\\\/moteur-de-plafond-a-traction-faac-genius-zodiac-60-2rcsz-portes-basculante-garage-kit-zodiac-avec-2-telecommande-by-atecnica_1024.jpg\",\"width\":1000,\"height\":1000},{\"@type\":\"BreadcrumbList\",\"@id\":\"https:\\\/\\\/btmtelectric.com\\\/index.php\\\/product\\\/moteur-de-plafond-a-traction-faac-genius-zodiac-60-2rcsz-portes-basculante-garage\\\/#breadcrumb\",\"itemListElement\":[{\"@type\":\"ListItem\",\"position\":1,\"name\":\"Accueil\",\"item\":\"https:\\\/\\\/btmtelectric.com\\\/\"},{\"@type\":\"ListItem\",\"position\":2,\"name\":\"Boutique\",\"item\":\"https:\\\/\\\/btmtelectric.com\\\/index.php\\\/boutique\\\/\"},{\"@type\":\"ListItem\",\"position\":3,\"name\":\"Moteur de plafond \u00e0 traction FAAC GENIUS ZODIAC 60 2RCSZ portes basculante garage\"}]},{\"@type\":\"WebSite\",\"@id\":\"https:\\\/\\\/btmtelectric.com\\\/#website\",\"url\":\"https:\\\/\\\/btmtelectric.com\\\/\",\"name\":\"BTMT ELECTRIC \u2013 Solutions \u00c9lectriques Fiables et Innovantes\",\"description\":\"\",\"publisher\":{\"@id\":\"https:\\\/\\\/btmtelectric.com\\\/#organization\"},\"potentialAction\":[{\"@type\":\"SearchAction\",\"target\":{\"@type\":\"EntryPoint\",\"urlTemplate\":\"https:\\\/\\\/btmtelectric.com\\\/?s={search_term_string}\"},\"query-input\":{\"@type\":\"PropertyValueSpecification\",\"valueRequired\":true,\"valueName\":\"search_term_string\"}}],\"inLanguage\":\"fr-FR\"},{\"@type\":\"Organization\",\"@id\":\"https:\\\/\\\/btmtelectric.com\\\/#organization\",\"name\":\"BTMT ELECTRIC \u2013 Solutions \u00c9lectriques Fiables et Innovantes\",\"url\":\"https:\\\/\\\/btmtelectric.com\\\/\",\"logo\":{\"@type\":\"ImageObject\",\"inLanguage\":\"fr-FR\",\"@id\":\"https:\\\/\\\/btmtelectric.com\\\/#\\\/schema\\\/logo\\\/image\\\/\",\"url\":\"https:\\\/\\\/btmtelectric.com\\\/wp-content\\\/uploads\\\/2025\\\/07\\\/WhatsApp_Image_2025-07-09_at_11.45.18_AM-removebg-preview-1.png\",\"contentUrl\":\"https:\\\/\\\/btmtelectric.com\\\/wp-content\\\/uploads\\\/2025\\\/07\\\/WhatsApp_Image_2025-07-09_at_11.45.18_AM-removebg-preview-1.png\",\"width\":175,\"height\":42,\"caption\":\"BTMT ELECTRIC \u2013 Solutions \u00c9lectriques Fiables et Innovantes\"},\"image\":{\"@id\":\"https:\\\/\\\/btmtelectric.com\\\/#\\\/schema\\\/logo\\\/image\\\/\"},\"sameAs\":[\"https:\\\/\\\/www.facebook.com\\\/profile.php?id=61578000361796\",\"https:\\\/\\\/www.instagram.com\\\/btmtelectric\\\/\"]}]}<\/script>\n<!-- \/ Yoast SEO plugin. -->","yoast_head_json":{"title":"Moteur de plafond \u00e0 traction FAAC GENIUS ZODIAC 60 2RCSZ portes basculante garage - BTMT ELECTRIC \u2013 Solutions \u00c9lectriques Fiables et Innovantes","robots":{"index":"index","follow":"follow","max-snippet":"max-snippet:-1","max-image-preview":"max-image-preview:large","max-video-preview":"max-video-preview:-1"},"canonical":"https:\/\/btmtelectric.com\/index.php\/product\/moteur-de-plafond-a-traction-faac-genius-zodiac-60-2rcsz-portes-basculante-garage\/","og_locale":"fr_FR","og_type":"article","og_title":"Moteur de plafond \u00e0 traction FAAC GENIUS ZODIAC 60 2RCSZ portes basculante garage - BTMT ELECTRIC \u2013 Solutions \u00c9lectriques Fiables et Innovantes","og_description":"Kit complet pour motoriser les portes sectionnelles et basculantes \u00e0 ressort, avec moteur de plafond FAAC GENIUS ZODIAC 60 (force 600 N, 24V). Montage rapide en 3 \u00e9tapes brevet\u00e9es, lumi\u00e8re int\u00e9gr\u00e9e et acc\u00e8s direct \u00e0 la programmation sans d\u00e9montage. Le kit comprend la centrale GEO 08, un r\u00e9cepteur 433 MHz, une cha\u00eene de 3,1 m (pour portes jusqu\u2019\u00e0 2,5 m), deux t\u00e9l\u00e9commandes ECHO TX4 \u00e0 4 canaux, les accessoires et le manuel. Batterie de secours possible (non incluse). Dimensions moteur : 360\u00d7200\u00d745 mm, guide : 1550\u00d7250\u00d750 mm. Poids total : 15,5 kg (2 colis). Garantie 24 mois.","og_url":"https:\/\/btmtelectric.com\/index.php\/product\/moteur-de-plafond-a-traction-faac-genius-zodiac-60-2rcsz-portes-basculante-garage\/","og_site_name":"BTMT ELECTRIC \u2013 Solutions \u00c9lectriques Fiables et Innovantes","article_publisher":"https:\/\/www.facebook.com\/profile.php?id=61578000361796","article_modified_time":"2025-08-19T13:14:44+00:00","og_image":[{"width":1000,"height":1000,"url":"https:\/\/btmtelectric.com\/wp-content\/uploads\/2025\/07\/moteur-de-plafond-a-traction-faac-genius-zodiac-60-2rcsz-portes-basculante-garage-kit-zodiac-avec-2-telecommande-by-atecnica_1024.jpg","type":"image\/jpeg"}],"twitter_card":"summary_large_image","twitter_misc":{"Dur\u00e9e de lecture estim\u00e9e":"1 minute"},"schema":{"@context":"https:\/\/schema.org","@graph":[{"@type":"WebPage","@id":"https:\/\/btmtelectric.com\/index.php\/product\/moteur-de-plafond-a-traction-faac-genius-zodiac-60-2rcsz-portes-basculante-garage\/","url":"https:\/\/btmtelectric.com\/index.php\/product\/moteur-de-plafond-a-traction-faac-genius-zodiac-60-2rcsz-portes-basculante-garage\/","name":"Moteur de plafond \u00e0 traction FAAC GENIUS ZODIAC 60 2RCSZ portes basculante garage - BTMT ELECTRIC \u2013 Solutions \u00c9lectriques Fiables et Innovantes","isPartOf":{"@id":"https:\/\/btmtelectric.com\/#website"},"primaryImageOfPage":{"@id":"https:\/\/btmtelectric.com\/index.php\/product\/moteur-de-plafond-a-traction-faac-genius-zodiac-60-2rcsz-portes-basculante-garage\/#primaryimage"},"image":{"@id":"https:\/\/btmtelectric.com\/index.php\/product\/moteur-de-plafond-a-traction-faac-genius-zodiac-60-2rcsz-portes-basculante-garage\/#primaryimage"},"thumbnailUrl":"https:\/\/btmtelectric.com\/wp-content\/uploads\/2025\/07\/moteur-de-plafond-a-traction-faac-genius-zodiac-60-2rcsz-portes-basculante-garage-kit-zodiac-avec-2-telecommande-by-atecnica_1024.jpg","datePublished":"2025-07-22T08:21:21+00:00","dateModified":"2025-08-19T13:14:44+00:00","breadcrumb":{"@id":"https:\/\/btmtelectric.com\/index.php\/product\/moteur-de-plafond-a-traction-faac-genius-zodiac-60-2rcsz-portes-basculante-garage\/#breadcrumb"},"inLanguage":"fr-FR","potentialAction":[{"@type":"ReadAction","target":["https:\/\/btmtelectric.com\/index.php\/product\/moteur-de-plafond-a-traction-faac-genius-zodiac-60-2rcsz-portes-basculante-garage\/"]}]},{"@type":"ImageObject","inLanguage":"fr-FR","@id":"https:\/\/btmtelectric.com\/index.php\/product\/moteur-de-plafond-a-traction-faac-genius-zodiac-60-2rcsz-portes-basculante-garage\/#primaryimage","url":"https:\/\/btmtelectric.com\/wp-content\/uploads\/2025\/07\/moteur-de-plafond-a-traction-faac-genius-zodiac-60-2rcsz-portes-basculante-garage-kit-zodiac-avec-2-telecommande-by-atecnica_1024.jpg","contentUrl":"https:\/\/btmtelectric.com\/wp-content\/uploads\/2025\/07\/moteur-de-plafond-a-traction-faac-genius-zodiac-60-2rcsz-portes-basculante-garage-kit-zodiac-avec-2-telecommande-by-atecnica_1024.jpg","width":1000,"height":1000},{"@type":"BreadcrumbList","@id":"https:\/\/btmtelectric.com\/index.php\/product\/moteur-de-plafond-a-traction-faac-genius-zodiac-60-2rcsz-portes-basculante-garage\/#breadcrumb","itemListElement":[{"@type":"ListItem","position":1,"name":"Accueil","item":"https:\/\/btmtelectric.com\/"},{"@type":"ListItem","position":2,"name":"Boutique","item":"https:\/\/btmtelectric.com\/index.php\/boutique\/"},{"@type":"ListItem","position":3,"name":"Moteur de plafond \u00e0 traction FAAC GENIUS ZODIAC 60 2RCSZ portes basculante garage"}]},{"@type":"WebSite","@id":"https:\/\/btmtelectric.com\/#website","url":"https:\/\/btmtelectric.com\/","name":"BTMT ELECTRIC \u2013 Solutions \u00c9lectriques Fiables et Innovantes","description":"","publisher":{"@id":"https:\/\/btmtelectric.com\/#organization"},"potentialAction":[{"@type":"SearchAction","target":{"@type":"EntryPoint","urlTemplate":"https:\/\/btmtelectric.com\/?s={search_term_string}"},"query-input":{"@type":"PropertyValueSpecification","valueRequired":true,"valueName":"search_term_string"}}],"inLanguage":"fr-FR"},{"@type":"Organization","@id":"https:\/\/btmtelectric.com\/#organization","name":"BTMT ELECTRIC \u2013 Solutions \u00c9lectriques Fiables et Innovantes","url":"https:\/\/btmtelectric.com\/","logo":{"@type":"ImageObject","inLanguage":"fr-FR","@id":"https:\/\/btmtelectric.com\/#\/schema\/logo\/image\/","url":"https:\/\/btmtelectric.com\/wp-content\/uploads\/2025\/07\/WhatsApp_Image_2025-07-09_at_11.45.18_AM-removebg-preview-1.png","contentUrl":"https:\/\/btmtelectric.com\/wp-content\/uploads\/2025\/07\/WhatsApp_Image_2025-07-09_at_11.45.18_AM-removebg-preview-1.png","width":175,"height":42,"caption":"BTMT ELECTRIC \u2013 Solutions \u00c9lectriques Fiables et Innovantes"},"image":{"@id":"https:\/\/btmtelectric.com\/#\/schema\/logo\/image\/"},"sameAs":["https:\/\/www.facebook.com\/profile.php?id=61578000361796","https:\/\/www.instagram.com\/btmtelectric\/"]}]}},"_links":{"self":[{"href":"https:\/\/btmtelectric.com\/index.php\/wp-json\/wp\/v2\/product\/8370","targetHints":{"allow":["GET"]}}],"collection":[{"href":"https:\/\/btmtelectric.com\/index.php\/wp-json\/wp\/v2\/product"}],"about":[{"href":"https:\/\/btmtelectric.com\/index.php\/wp-json\/wp\/v2\/types\/product"}],"replies":[{"embeddable":true,"href":"https:\/\/btmtelectric.com\/index.php\/wp-json\/wp\/v2\/comments?post=8370"}],"wp:featuredmedia":[{"embeddable":true,"href":"https:\/\/btmtelectric.com\/index.php\/wp-json\/wp\/v2\/media\/8371"}],"wp:attachment":[{"href":"https:\/\/btmtelectric.com\/index.php\/wp-json\/wp\/v2\/media?parent=8370"}],"wp:term":[{"taxonomy":"product_brand","embeddable":true,"href":"https:\/\/btmtelectric.com\/index.php\/wp-json\/wp\/v2\/product_brand?post=8370"},{"taxonomy":"product_cat","embeddable":true,"href":"https:\/\/btmtelectric.com\/index.php\/wp-json\/wp\/v2\/product_cat?post=8370"},{"taxonomy":"product_tag","embeddable":true,"href":"https:\/\/btmtelectric.com\/index.php\/wp-json\/wp\/v2\/product_tag?post=8370"}],"curies":[{"name":"wp","href":"https:\/\/api.w.org\/{rel}","templated":true}]}}