{"id":8368,"date":"2025-07-22T08:19:34","date_gmt":"2025-07-22T08:19:34","guid":{"rendered":"https:\/\/btmtelectric.com\/?post_type=product&#038;p=8368"},"modified":"2025-07-22T08:19:34","modified_gmt":"2025-07-22T08:19:34","slug":"stabilisateur-de-tension-kebo-sdr-2000va","status":"publish","type":"product","link":"https:\/\/btmtelectric.com\/index.php\/product\/stabilisateur-de-tension-kebo-sdr-2000va\/","title":{"rendered":"Stabilisateur de tension KEBO , SDR-2000VA"},"content":{"rendered":"<p data-start=\"848\" data-end=\"1297\">Le r\u00e9gulateur de tension <strong data-start=\"873\" data-end=\"887\">SDR-2000VA<\/strong> est un appareil monophas\u00e9 d\u2019une capacit\u00e9 de 2000 VA, con\u00e7u avec une technologie avanc\u00e9e \u00e0 circuit num\u00e9rique pilot\u00e9 par CPU, coupl\u00e9 \u00e0 un transformateur CRGO. Il accepte une large plage de tension d\u2019entr\u00e9e (100-260 Vca ou 80-145 Vca) avec une fr\u00e9quence de 50\/60 Hz, et d\u00e9livre une sortie stable de 220 V, 230 V ou 120 V selon les besoins, avec une pr\u00e9cision allant de 6,5 % \u00e0 10 % et un rendement \u00e9lev\u00e9 de 98 %.<\/p>\n<p data-start=\"1299\" data-end=\"1709\">Son affichage num\u00e9rique permet de visualiser en temps r\u00e9el la tension d\u2019entr\u00e9e et de sortie. Trois voyants LED permettent de suivre l\u2019\u00e9tat de l\u2019appareil : vert pour l&#8217;activation, jaune en cas de d\u00e9lai, et rouge en cas de coupure ou de surchauffe. Ce r\u00e9gulateur assure une protection compl\u00e8te contre les hautes et basses tensions, les surcharges, la surchauffe, et les courts-circuits (via disjoncteur int\u00e9gr\u00e9).<\/p>\n<p data-start=\"1711\" data-end=\"2039\">Son syst\u00e8me de refroidissement est assur\u00e9 par une glaci\u00e8re interne. Conforme aux normes CE, EN 60950 et EN55024, l\u2019appareil peut fonctionner dans des environnements de 0 \u00e0 40\u00b0C avec une humidit\u00e9 relative de 10 \u00e0 102 % sans condensation. Il mesure 285 mm de long, 235 mm de large et 187 mm de haut, pour un poids total de 3,1 kg.<\/p>\n","protected":false},"excerpt":{"rendered":"<p>Le mod\u00e8le <strong data-start=\"115\" data-end=\"129\">SDR-2000VA<\/strong> est un r\u00e9gulateur de tension monophas\u00e9 de 2000 VA, dot\u00e9 d\u2019une technologie num\u00e9rique \u00e0 base de CPU et transformateur CRGO. Il accepte une tension d\u2019entr\u00e9e de 100 \u00e0 260 V (ou 80 \u00e0 145 V) et fournit une sortie stable de 220\/230\/120 V avec une pr\u00e9cision de 6,5 \u00e0 10 % et une efficacit\u00e9 de 98 %. Il int\u00e8gre un \u00e9cran affichant la tension d\u2019entr\u00e9e et de sortie, ainsi que des voyants LED indiquant l\u2019\u00e9tat de fonctionnement (vert, jaune ou rouge). Il offre une protection compl\u00e8te : surtension, sous-tension, surcharge, surchauffe et court-circuit via disjoncteur. Conforme aux normes CE, EN60950 et EN55024, il fonctionne entre 0 et 40\u00b0C, mesure 285 x 235 x 187 mm et p\u00e8se 3,1 kg.<\/p>\n","protected":false},"featured_media":8369,"comment_status":"open","ping_status":"closed","template":"","meta":{"_acf_changed":false,"content-type":""},"product_brand":[],"product_cat":[380],"product_tag":[],"class_list":{"0":"post-8368","1":"product","2":"type-product","3":"status-publish","4":"has-post-thumbnail","6":"product_cat-stabilisateur","8":"first","9":"instock","10":"shipping-taxable","11":"purchasable","12":"product-type-simple"},"acf":[],"yoast_head":"<!-- This site is optimized with the Yoast SEO plugin v27.3 - https:\/\/yoast.com\/product\/yoast-seo-wordpress\/ -->\n<title>Stabilisateur de tension KEBO , SDR-2000VA - BTMT ELECTRIC \u2013 Solutions \u00c9lectriques Fiables et Innovantes<\/title>\n<meta name=\"robots\" content=\"index, follow, max-snippet:-1, max-image-preview:large, max-video-preview:-1\" \/>\n<link rel=\"canonical\" href=\"https:\/\/btmtelectric.com\/index.php\/product\/stabilisateur-de-tension-kebo-sdr-2000va\/\" \/>\n<meta property=\"og:locale\" content=\"fr_FR\" \/>\n<meta property=\"og:type\" content=\"article\" \/>\n<meta property=\"og:title\" content=\"Stabilisateur de tension KEBO , SDR-2000VA - BTMT ELECTRIC \u2013 Solutions \u00c9lectriques Fiables et Innovantes\" \/>\n<meta property=\"og:description\" content=\"Le mod\u00e8le SDR-2000VA est un r\u00e9gulateur de tension monophas\u00e9 de 2000 VA, dot\u00e9 d\u2019une technologie num\u00e9rique \u00e0 base de CPU et transformateur CRGO. Il accepte une tension d\u2019entr\u00e9e de 100 \u00e0 260 V (ou 80 \u00e0 145 V) et fournit une sortie stable de 220\/230\/120 V avec une pr\u00e9cision de 6,5 \u00e0 10 % et une efficacit\u00e9 de 98 %. Il int\u00e8gre un \u00e9cran affichant la tension d\u2019entr\u00e9e et de sortie, ainsi que des voyants LED indiquant l\u2019\u00e9tat de fonctionnement (vert, jaune ou rouge). Il offre une protection compl\u00e8te : surtension, sous-tension, surcharge, surchauffe et court-circuit via disjoncteur. Conforme aux normes CE, EN60950 et EN55024, il fonctionne entre 0 et 40\u00b0C, mesure 285 x 235 x 187 mm et p\u00e8se 3,1 kg.\" \/>\n<meta property=\"og:url\" content=\"https:\/\/btmtelectric.com\/index.php\/product\/stabilisateur-de-tension-kebo-sdr-2000va\/\" \/>\n<meta property=\"og:site_name\" content=\"BTMT ELECTRIC \u2013 Solutions \u00c9lectriques Fiables et Innovantes\" \/>\n<meta property=\"article:publisher\" content=\"https:\/\/www.facebook.com\/profile.php?id=61578000361796\" \/>\n<meta property=\"og:image\" content=\"https:\/\/btmtelectric.com\/wp-content\/uploads\/2025\/07\/stabilisateur-de-tension-sdr-2000va-tuni-smart-innovation_2048x2048-1.png\" \/>\n\t<meta property=\"og:image:width\" content=\"462\" \/>\n\t<meta property=\"og:image:height\" content=\"454\" \/>\n\t<meta property=\"og:image:type\" content=\"image\/png\" \/>\n<meta name=\"twitter:card\" content=\"summary_large_image\" \/>\n<meta name=\"twitter:label1\" content=\"Dur\u00e9e de lecture estim\u00e9e\" \/>\n\t<meta name=\"twitter:data1\" content=\"1 minute\" \/>\n<script type=\"application\/ld+json\" class=\"yoast-schema-graph\">{\"@context\":\"https:\\\/\\\/schema.org\",\"@graph\":[{\"@type\":\"WebPage\",\"@id\":\"https:\\\/\\\/btmtelectric.com\\\/index.php\\\/product\\\/stabilisateur-de-tension-kebo-sdr-2000va\\\/\",\"url\":\"https:\\\/\\\/btmtelectric.com\\\/index.php\\\/product\\\/stabilisateur-de-tension-kebo-sdr-2000va\\\/\",\"name\":\"Stabilisateur de tension KEBO , SDR-2000VA - BTMT ELECTRIC \u2013 Solutions \u00c9lectriques Fiables et Innovantes\",\"isPartOf\":{\"@id\":\"https:\\\/\\\/btmtelectric.com\\\/#website\"},\"primaryImageOfPage\":{\"@id\":\"https:\\\/\\\/btmtelectric.com\\\/index.php\\\/product\\\/stabilisateur-de-tension-kebo-sdr-2000va\\\/#primaryimage\"},\"image\":{\"@id\":\"https:\\\/\\\/btmtelectric.com\\\/index.php\\\/product\\\/stabilisateur-de-tension-kebo-sdr-2000va\\\/#primaryimage\"},\"thumbnailUrl\":\"https:\\\/\\\/btmtelectric.com\\\/wp-content\\\/uploads\\\/2025\\\/07\\\/stabilisateur-de-tension-sdr-2000va-tuni-smart-innovation_2048x2048-1.png\",\"datePublished\":\"2025-07-22T08:19:34+00:00\",\"breadcrumb\":{\"@id\":\"https:\\\/\\\/btmtelectric.com\\\/index.php\\\/product\\\/stabilisateur-de-tension-kebo-sdr-2000va\\\/#breadcrumb\"},\"inLanguage\":\"fr-FR\",\"potentialAction\":[{\"@type\":\"ReadAction\",\"target\":[\"https:\\\/\\\/btmtelectric.com\\\/index.php\\\/product\\\/stabilisateur-de-tension-kebo-sdr-2000va\\\/\"]}]},{\"@type\":\"ImageObject\",\"inLanguage\":\"fr-FR\",\"@id\":\"https:\\\/\\\/btmtelectric.com\\\/index.php\\\/product\\\/stabilisateur-de-tension-kebo-sdr-2000va\\\/#primaryimage\",\"url\":\"https:\\\/\\\/btmtelectric.com\\\/wp-content\\\/uploads\\\/2025\\\/07\\\/stabilisateur-de-tension-sdr-2000va-tuni-smart-innovation_2048x2048-1.png\",\"contentUrl\":\"https:\\\/\\\/btmtelectric.com\\\/wp-content\\\/uploads\\\/2025\\\/07\\\/stabilisateur-de-tension-sdr-2000va-tuni-smart-innovation_2048x2048-1.png\",\"width\":462,\"height\":454},{\"@type\":\"BreadcrumbList\",\"@id\":\"https:\\\/\\\/btmtelectric.com\\\/index.php\\\/product\\\/stabilisateur-de-tension-kebo-sdr-2000va\\\/#breadcrumb\",\"itemListElement\":[{\"@type\":\"ListItem\",\"position\":1,\"name\":\"Accueil\",\"item\":\"https:\\\/\\\/btmtelectric.com\\\/\"},{\"@type\":\"ListItem\",\"position\":2,\"name\":\"Boutique\",\"item\":\"https:\\\/\\\/btmtelectric.com\\\/index.php\\\/boutique\\\/\"},{\"@type\":\"ListItem\",\"position\":3,\"name\":\"Stabilisateur de tension KEBO , SDR-2000VA\"}]},{\"@type\":\"WebSite\",\"@id\":\"https:\\\/\\\/btmtelectric.com\\\/#website\",\"url\":\"https:\\\/\\\/btmtelectric.com\\\/\",\"name\":\"BTMT ELECTRIC \u2013 Solutions \u00c9lectriques Fiables et Innovantes\",\"description\":\"\",\"publisher\":{\"@id\":\"https:\\\/\\\/btmtelectric.com\\\/#organization\"},\"potentialAction\":[{\"@type\":\"SearchAction\",\"target\":{\"@type\":\"EntryPoint\",\"urlTemplate\":\"https:\\\/\\\/btmtelectric.com\\\/?s={search_term_string}\"},\"query-input\":{\"@type\":\"PropertyValueSpecification\",\"valueRequired\":true,\"valueName\":\"search_term_string\"}}],\"inLanguage\":\"fr-FR\"},{\"@type\":\"Organization\",\"@id\":\"https:\\\/\\\/btmtelectric.com\\\/#organization\",\"name\":\"BTMT ELECTRIC \u2013 Solutions \u00c9lectriques Fiables et Innovantes\",\"url\":\"https:\\\/\\\/btmtelectric.com\\\/\",\"logo\":{\"@type\":\"ImageObject\",\"inLanguage\":\"fr-FR\",\"@id\":\"https:\\\/\\\/btmtelectric.com\\\/#\\\/schema\\\/logo\\\/image\\\/\",\"url\":\"https:\\\/\\\/btmtelectric.com\\\/wp-content\\\/uploads\\\/2025\\\/07\\\/WhatsApp_Image_2025-07-09_at_11.45.18_AM-removebg-preview-1.png\",\"contentUrl\":\"https:\\\/\\\/btmtelectric.com\\\/wp-content\\\/uploads\\\/2025\\\/07\\\/WhatsApp_Image_2025-07-09_at_11.45.18_AM-removebg-preview-1.png\",\"width\":175,\"height\":42,\"caption\":\"BTMT ELECTRIC \u2013 Solutions \u00c9lectriques Fiables et Innovantes\"},\"image\":{\"@id\":\"https:\\\/\\\/btmtelectric.com\\\/#\\\/schema\\\/logo\\\/image\\\/\"},\"sameAs\":[\"https:\\\/\\\/www.facebook.com\\\/profile.php?id=61578000361796\",\"https:\\\/\\\/www.instagram.com\\\/btmtelectric\\\/\"]}]}<\/script>\n<!-- \/ Yoast SEO plugin. -->","yoast_head_json":{"title":"Stabilisateur de tension KEBO , SDR-2000VA - BTMT ELECTRIC \u2013 Solutions \u00c9lectriques Fiables et Innovantes","robots":{"index":"index","follow":"follow","max-snippet":"max-snippet:-1","max-image-preview":"max-image-preview:large","max-video-preview":"max-video-preview:-1"},"canonical":"https:\/\/btmtelectric.com\/index.php\/product\/stabilisateur-de-tension-kebo-sdr-2000va\/","og_locale":"fr_FR","og_type":"article","og_title":"Stabilisateur de tension KEBO , SDR-2000VA - BTMT ELECTRIC \u2013 Solutions \u00c9lectriques Fiables et Innovantes","og_description":"Le mod\u00e8le SDR-2000VA est un r\u00e9gulateur de tension monophas\u00e9 de 2000 VA, dot\u00e9 d\u2019une technologie num\u00e9rique \u00e0 base de CPU et transformateur CRGO. Il accepte une tension d\u2019entr\u00e9e de 100 \u00e0 260 V (ou 80 \u00e0 145 V) et fournit une sortie stable de 220\/230\/120 V avec une pr\u00e9cision de 6,5 \u00e0 10 % et une efficacit\u00e9 de 98 %. Il int\u00e8gre un \u00e9cran affichant la tension d\u2019entr\u00e9e et de sortie, ainsi que des voyants LED indiquant l\u2019\u00e9tat de fonctionnement (vert, jaune ou rouge). Il offre une protection compl\u00e8te : surtension, sous-tension, surcharge, surchauffe et court-circuit via disjoncteur. Conforme aux normes CE, EN60950 et EN55024, il fonctionne entre 0 et 40\u00b0C, mesure 285 x 235 x 187 mm et p\u00e8se 3,1 kg.","og_url":"https:\/\/btmtelectric.com\/index.php\/product\/stabilisateur-de-tension-kebo-sdr-2000va\/","og_site_name":"BTMT ELECTRIC \u2013 Solutions \u00c9lectriques Fiables et Innovantes","article_publisher":"https:\/\/www.facebook.com\/profile.php?id=61578000361796","og_image":[{"width":462,"height":454,"url":"https:\/\/btmtelectric.com\/wp-content\/uploads\/2025\/07\/stabilisateur-de-tension-sdr-2000va-tuni-smart-innovation_2048x2048-1.png","type":"image\/png"}],"twitter_card":"summary_large_image","twitter_misc":{"Dur\u00e9e de lecture estim\u00e9e":"1 minute"},"schema":{"@context":"https:\/\/schema.org","@graph":[{"@type":"WebPage","@id":"https:\/\/btmtelectric.com\/index.php\/product\/stabilisateur-de-tension-kebo-sdr-2000va\/","url":"https:\/\/btmtelectric.com\/index.php\/product\/stabilisateur-de-tension-kebo-sdr-2000va\/","name":"Stabilisateur de tension KEBO , SDR-2000VA - BTMT ELECTRIC \u2013 Solutions \u00c9lectriques Fiables et Innovantes","isPartOf":{"@id":"https:\/\/btmtelectric.com\/#website"},"primaryImageOfPage":{"@id":"https:\/\/btmtelectric.com\/index.php\/product\/stabilisateur-de-tension-kebo-sdr-2000va\/#primaryimage"},"image":{"@id":"https:\/\/btmtelectric.com\/index.php\/product\/stabilisateur-de-tension-kebo-sdr-2000va\/#primaryimage"},"thumbnailUrl":"https:\/\/btmtelectric.com\/wp-content\/uploads\/2025\/07\/stabilisateur-de-tension-sdr-2000va-tuni-smart-innovation_2048x2048-1.png","datePublished":"2025-07-22T08:19:34+00:00","breadcrumb":{"@id":"https:\/\/btmtelectric.com\/index.php\/product\/stabilisateur-de-tension-kebo-sdr-2000va\/#breadcrumb"},"inLanguage":"fr-FR","potentialAction":[{"@type":"ReadAction","target":["https:\/\/btmtelectric.com\/index.php\/product\/stabilisateur-de-tension-kebo-sdr-2000va\/"]}]},{"@type":"ImageObject","inLanguage":"fr-FR","@id":"https:\/\/btmtelectric.com\/index.php\/product\/stabilisateur-de-tension-kebo-sdr-2000va\/#primaryimage","url":"https:\/\/btmtelectric.com\/wp-content\/uploads\/2025\/07\/stabilisateur-de-tension-sdr-2000va-tuni-smart-innovation_2048x2048-1.png","contentUrl":"https:\/\/btmtelectric.com\/wp-content\/uploads\/2025\/07\/stabilisateur-de-tension-sdr-2000va-tuni-smart-innovation_2048x2048-1.png","width":462,"height":454},{"@type":"BreadcrumbList","@id":"https:\/\/btmtelectric.com\/index.php\/product\/stabilisateur-de-tension-kebo-sdr-2000va\/#breadcrumb","itemListElement":[{"@type":"ListItem","position":1,"name":"Accueil","item":"https:\/\/btmtelectric.com\/"},{"@type":"ListItem","position":2,"name":"Boutique","item":"https:\/\/btmtelectric.com\/index.php\/boutique\/"},{"@type":"ListItem","position":3,"name":"Stabilisateur de tension KEBO , SDR-2000VA"}]},{"@type":"WebSite","@id":"https:\/\/btmtelectric.com\/#website","url":"https:\/\/btmtelectric.com\/","name":"BTMT ELECTRIC \u2013 Solutions \u00c9lectriques Fiables et Innovantes","description":"","publisher":{"@id":"https:\/\/btmtelectric.com\/#organization"},"potentialAction":[{"@type":"SearchAction","target":{"@type":"EntryPoint","urlTemplate":"https:\/\/btmtelectric.com\/?s={search_term_string}"},"query-input":{"@type":"PropertyValueSpecification","valueRequired":true,"valueName":"search_term_string"}}],"inLanguage":"fr-FR"},{"@type":"Organization","@id":"https:\/\/btmtelectric.com\/#organization","name":"BTMT ELECTRIC \u2013 Solutions \u00c9lectriques Fiables et Innovantes","url":"https:\/\/btmtelectric.com\/","logo":{"@type":"ImageObject","inLanguage":"fr-FR","@id":"https:\/\/btmtelectric.com\/#\/schema\/logo\/image\/","url":"https:\/\/btmtelectric.com\/wp-content\/uploads\/2025\/07\/WhatsApp_Image_2025-07-09_at_11.45.18_AM-removebg-preview-1.png","contentUrl":"https:\/\/btmtelectric.com\/wp-content\/uploads\/2025\/07\/WhatsApp_Image_2025-07-09_at_11.45.18_AM-removebg-preview-1.png","width":175,"height":42,"caption":"BTMT ELECTRIC \u2013 Solutions \u00c9lectriques Fiables et Innovantes"},"image":{"@id":"https:\/\/btmtelectric.com\/#\/schema\/logo\/image\/"},"sameAs":["https:\/\/www.facebook.com\/profile.php?id=61578000361796","https:\/\/www.instagram.com\/btmtelectric\/"]}]}},"_links":{"self":[{"href":"https:\/\/btmtelectric.com\/index.php\/wp-json\/wp\/v2\/product\/8368","targetHints":{"allow":["GET"]}}],"collection":[{"href":"https:\/\/btmtelectric.com\/index.php\/wp-json\/wp\/v2\/product"}],"about":[{"href":"https:\/\/btmtelectric.com\/index.php\/wp-json\/wp\/v2\/types\/product"}],"replies":[{"embeddable":true,"href":"https:\/\/btmtelectric.com\/index.php\/wp-json\/wp\/v2\/comments?post=8368"}],"wp:featuredmedia":[{"embeddable":true,"href":"https:\/\/btmtelectric.com\/index.php\/wp-json\/wp\/v2\/media\/8369"}],"wp:attachment":[{"href":"https:\/\/btmtelectric.com\/index.php\/wp-json\/wp\/v2\/media?parent=8368"}],"wp:term":[{"taxonomy":"product_brand","embeddable":true,"href":"https:\/\/btmtelectric.com\/index.php\/wp-json\/wp\/v2\/product_brand?post=8368"},{"taxonomy":"product_cat","embeddable":true,"href":"https:\/\/btmtelectric.com\/index.php\/wp-json\/wp\/v2\/product_cat?post=8368"},{"taxonomy":"product_tag","embeddable":true,"href":"https:\/\/btmtelectric.com\/index.php\/wp-json\/wp\/v2\/product_tag?post=8368"}],"curies":[{"name":"wp","href":"https:\/\/api.w.org\/{rel}","templated":true}]}}