{"id":8366,"date":"2025-07-22T08:15:52","date_gmt":"2025-07-22T08:15:52","guid":{"rendered":"https:\/\/btmtelectric.com\/?post_type=product&#038;p=8366"},"modified":"2025-07-22T08:15:52","modified_gmt":"2025-07-22T08:15:52","slug":"sdr-5000va-regulateur-de-tension-numerique-5-kva-monophase","status":"publish","type":"product","link":"https:\/\/btmtelectric.com\/index.php\/product\/sdr-5000va-regulateur-de-tension-numerique-5-kva-monophase\/","title":{"rendered":"SDR-5000VA \u2013 R\u00e9gulateur de tension num\u00e9rique 5 KVA monophas\u00e9"},"content":{"rendered":"<p data-start=\"566\" data-end=\"863\">Ce r\u00e9gulateur de tension a \u00e9t\u00e9 con\u00e7u pour prot\u00e9ger les \u00e9quipements de l\u2019industrie \u00e9lectrom\u00e9canique. Il permet de stabiliser la tension, de r\u00e9guler la temp\u00e9rature, la vitesse ainsi que la luminosit\u00e9 de vos appareils. Son design compact et moderne le rend \u00e0 la fois esth\u00e9tique et facile \u00e0 manipuler.<\/p>\n","protected":false},"excerpt":{"rendered":"<p data-start=\"126\" data-end=\"405\">R\u00e9gulateur compact et performant pour stabiliser la tension et prot\u00e9ger vos \u00e9quipements \u00e9lectrom\u00e9caniques. Id\u00e9al pour contr\u00f4ler temp\u00e9rature, vitesse et luminosit\u00e9.<\/p>\n","protected":false},"featured_media":8367,"comment_status":"open","ping_status":"closed","template":"","meta":{"_acf_changed":false,"content-type":""},"product_brand":[],"product_cat":[380],"product_tag":[],"class_list":{"0":"post-8366","1":"product","2":"type-product","3":"status-publish","4":"has-post-thumbnail","6":"product_cat-stabilisateur","8":"first","9":"instock","10":"shipping-taxable","11":"purchasable","12":"product-type-simple"},"acf":[],"yoast_head":"<!-- This site is optimized with the Yoast SEO plugin v27.3 - https:\/\/yoast.com\/product\/yoast-seo-wordpress\/ -->\n<title>SDR-5000VA \u2013 R\u00e9gulateur de tension num\u00e9rique 5 KVA monophas\u00e9 - BTMT ELECTRIC \u2013 Solutions \u00c9lectriques Fiables et Innovantes<\/title>\n<meta name=\"robots\" content=\"index, follow, max-snippet:-1, max-image-preview:large, max-video-preview:-1\" \/>\n<link rel=\"canonical\" href=\"https:\/\/btmtelectric.com\/index.php\/product\/sdr-5000va-regulateur-de-tension-numerique-5-kva-monophase\/\" \/>\n<meta property=\"og:locale\" content=\"fr_FR\" \/>\n<meta property=\"og:type\" content=\"article\" \/>\n<meta property=\"og:title\" content=\"SDR-5000VA \u2013 R\u00e9gulateur de tension num\u00e9rique 5 KVA monophas\u00e9 - BTMT ELECTRIC \u2013 Solutions \u00c9lectriques Fiables et Innovantes\" \/>\n<meta property=\"og:description\" content=\"R\u00e9gulateur compact et performant pour stabiliser la tension et prot\u00e9ger vos \u00e9quipements \u00e9lectrom\u00e9caniques. Id\u00e9al pour contr\u00f4ler temp\u00e9rature, vitesse et luminosit\u00e9.\" \/>\n<meta property=\"og:url\" content=\"https:\/\/btmtelectric.com\/index.php\/product\/sdr-5000va-regulateur-de-tension-numerique-5-kva-monophase\/\" \/>\n<meta property=\"og:site_name\" content=\"BTMT ELECTRIC \u2013 Solutions \u00c9lectriques Fiables et Innovantes\" \/>\n<meta property=\"article:publisher\" content=\"https:\/\/www.facebook.com\/profile.php?id=61578000361796\" \/>\n<meta property=\"og:image\" content=\"https:\/\/btmtelectric.com\/wp-content\/uploads\/2025\/07\/stabilisateur-de-tension-kebo-5000va.jpg\" \/>\n\t<meta property=\"og:image:width\" content=\"800\" \/>\n\t<meta property=\"og:image:height\" content=\"800\" \/>\n\t<meta property=\"og:image:type\" content=\"image\/jpeg\" \/>\n<meta name=\"twitter:card\" content=\"summary_large_image\" \/>\n<script type=\"application\/ld+json\" class=\"yoast-schema-graph\">{\"@context\":\"https:\\\/\\\/schema.org\",\"@graph\":[{\"@type\":\"WebPage\",\"@id\":\"https:\\\/\\\/btmtelectric.com\\\/index.php\\\/product\\\/sdr-5000va-regulateur-de-tension-numerique-5-kva-monophase\\\/\",\"url\":\"https:\\\/\\\/btmtelectric.com\\\/index.php\\\/product\\\/sdr-5000va-regulateur-de-tension-numerique-5-kva-monophase\\\/\",\"name\":\"SDR-5000VA \u2013 R\u00e9gulateur de tension num\u00e9rique 5 KVA monophas\u00e9 - BTMT ELECTRIC \u2013 Solutions \u00c9lectriques Fiables et Innovantes\",\"isPartOf\":{\"@id\":\"https:\\\/\\\/btmtelectric.com\\\/#website\"},\"primaryImageOfPage\":{\"@id\":\"https:\\\/\\\/btmtelectric.com\\\/index.php\\\/product\\\/sdr-5000va-regulateur-de-tension-numerique-5-kva-monophase\\\/#primaryimage\"},\"image\":{\"@id\":\"https:\\\/\\\/btmtelectric.com\\\/index.php\\\/product\\\/sdr-5000va-regulateur-de-tension-numerique-5-kva-monophase\\\/#primaryimage\"},\"thumbnailUrl\":\"https:\\\/\\\/btmtelectric.com\\\/wp-content\\\/uploads\\\/2025\\\/07\\\/stabilisateur-de-tension-kebo-5000va.jpg\",\"datePublished\":\"2025-07-22T08:15:52+00:00\",\"breadcrumb\":{\"@id\":\"https:\\\/\\\/btmtelectric.com\\\/index.php\\\/product\\\/sdr-5000va-regulateur-de-tension-numerique-5-kva-monophase\\\/#breadcrumb\"},\"inLanguage\":\"fr-FR\",\"potentialAction\":[{\"@type\":\"ReadAction\",\"target\":[\"https:\\\/\\\/btmtelectric.com\\\/index.php\\\/product\\\/sdr-5000va-regulateur-de-tension-numerique-5-kva-monophase\\\/\"]}]},{\"@type\":\"ImageObject\",\"inLanguage\":\"fr-FR\",\"@id\":\"https:\\\/\\\/btmtelectric.com\\\/index.php\\\/product\\\/sdr-5000va-regulateur-de-tension-numerique-5-kva-monophase\\\/#primaryimage\",\"url\":\"https:\\\/\\\/btmtelectric.com\\\/wp-content\\\/uploads\\\/2025\\\/07\\\/stabilisateur-de-tension-kebo-5000va.jpg\",\"contentUrl\":\"https:\\\/\\\/btmtelectric.com\\\/wp-content\\\/uploads\\\/2025\\\/07\\\/stabilisateur-de-tension-kebo-5000va.jpg\",\"width\":800,\"height\":800},{\"@type\":\"BreadcrumbList\",\"@id\":\"https:\\\/\\\/btmtelectric.com\\\/index.php\\\/product\\\/sdr-5000va-regulateur-de-tension-numerique-5-kva-monophase\\\/#breadcrumb\",\"itemListElement\":[{\"@type\":\"ListItem\",\"position\":1,\"name\":\"Accueil\",\"item\":\"https:\\\/\\\/btmtelectric.com\\\/\"},{\"@type\":\"ListItem\",\"position\":2,\"name\":\"Boutique\",\"item\":\"https:\\\/\\\/btmtelectric.com\\\/index.php\\\/boutique\\\/\"},{\"@type\":\"ListItem\",\"position\":3,\"name\":\"SDR-5000VA \u2013 R\u00e9gulateur de tension num\u00e9rique 5 KVA monophas\u00e9\"}]},{\"@type\":\"WebSite\",\"@id\":\"https:\\\/\\\/btmtelectric.com\\\/#website\",\"url\":\"https:\\\/\\\/btmtelectric.com\\\/\",\"name\":\"BTMT ELECTRIC \u2013 Solutions \u00c9lectriques Fiables et Innovantes\",\"description\":\"\",\"publisher\":{\"@id\":\"https:\\\/\\\/btmtelectric.com\\\/#organization\"},\"potentialAction\":[{\"@type\":\"SearchAction\",\"target\":{\"@type\":\"EntryPoint\",\"urlTemplate\":\"https:\\\/\\\/btmtelectric.com\\\/?s={search_term_string}\"},\"query-input\":{\"@type\":\"PropertyValueSpecification\",\"valueRequired\":true,\"valueName\":\"search_term_string\"}}],\"inLanguage\":\"fr-FR\"},{\"@type\":\"Organization\",\"@id\":\"https:\\\/\\\/btmtelectric.com\\\/#organization\",\"name\":\"BTMT ELECTRIC \u2013 Solutions \u00c9lectriques Fiables et Innovantes\",\"url\":\"https:\\\/\\\/btmtelectric.com\\\/\",\"logo\":{\"@type\":\"ImageObject\",\"inLanguage\":\"fr-FR\",\"@id\":\"https:\\\/\\\/btmtelectric.com\\\/#\\\/schema\\\/logo\\\/image\\\/\",\"url\":\"https:\\\/\\\/btmtelectric.com\\\/wp-content\\\/uploads\\\/2025\\\/07\\\/WhatsApp_Image_2025-07-09_at_11.45.18_AM-removebg-preview-1.png\",\"contentUrl\":\"https:\\\/\\\/btmtelectric.com\\\/wp-content\\\/uploads\\\/2025\\\/07\\\/WhatsApp_Image_2025-07-09_at_11.45.18_AM-removebg-preview-1.png\",\"width\":175,\"height\":42,\"caption\":\"BTMT ELECTRIC \u2013 Solutions \u00c9lectriques Fiables et Innovantes\"},\"image\":{\"@id\":\"https:\\\/\\\/btmtelectric.com\\\/#\\\/schema\\\/logo\\\/image\\\/\"},\"sameAs\":[\"https:\\\/\\\/www.facebook.com\\\/profile.php?id=61578000361796\",\"https:\\\/\\\/www.instagram.com\\\/btmtelectric\\\/\"]}]}<\/script>\n<!-- \/ Yoast SEO plugin. -->","yoast_head_json":{"title":"SDR-5000VA \u2013 R\u00e9gulateur de tension num\u00e9rique 5 KVA monophas\u00e9 - BTMT ELECTRIC \u2013 Solutions \u00c9lectriques Fiables et Innovantes","robots":{"index":"index","follow":"follow","max-snippet":"max-snippet:-1","max-image-preview":"max-image-preview:large","max-video-preview":"max-video-preview:-1"},"canonical":"https:\/\/btmtelectric.com\/index.php\/product\/sdr-5000va-regulateur-de-tension-numerique-5-kva-monophase\/","og_locale":"fr_FR","og_type":"article","og_title":"SDR-5000VA \u2013 R\u00e9gulateur de tension num\u00e9rique 5 KVA monophas\u00e9 - BTMT ELECTRIC \u2013 Solutions \u00c9lectriques Fiables et Innovantes","og_description":"R\u00e9gulateur compact et performant pour stabiliser la tension et prot\u00e9ger vos \u00e9quipements \u00e9lectrom\u00e9caniques. Id\u00e9al pour contr\u00f4ler temp\u00e9rature, vitesse et luminosit\u00e9.","og_url":"https:\/\/btmtelectric.com\/index.php\/product\/sdr-5000va-regulateur-de-tension-numerique-5-kva-monophase\/","og_site_name":"BTMT ELECTRIC \u2013 Solutions \u00c9lectriques Fiables et Innovantes","article_publisher":"https:\/\/www.facebook.com\/profile.php?id=61578000361796","og_image":[{"width":800,"height":800,"url":"https:\/\/btmtelectric.com\/wp-content\/uploads\/2025\/07\/stabilisateur-de-tension-kebo-5000va.jpg","type":"image\/jpeg"}],"twitter_card":"summary_large_image","schema":{"@context":"https:\/\/schema.org","@graph":[{"@type":"WebPage","@id":"https:\/\/btmtelectric.com\/index.php\/product\/sdr-5000va-regulateur-de-tension-numerique-5-kva-monophase\/","url":"https:\/\/btmtelectric.com\/index.php\/product\/sdr-5000va-regulateur-de-tension-numerique-5-kva-monophase\/","name":"SDR-5000VA \u2013 R\u00e9gulateur de tension num\u00e9rique 5 KVA monophas\u00e9 - BTMT ELECTRIC \u2013 Solutions \u00c9lectriques Fiables et Innovantes","isPartOf":{"@id":"https:\/\/btmtelectric.com\/#website"},"primaryImageOfPage":{"@id":"https:\/\/btmtelectric.com\/index.php\/product\/sdr-5000va-regulateur-de-tension-numerique-5-kva-monophase\/#primaryimage"},"image":{"@id":"https:\/\/btmtelectric.com\/index.php\/product\/sdr-5000va-regulateur-de-tension-numerique-5-kva-monophase\/#primaryimage"},"thumbnailUrl":"https:\/\/btmtelectric.com\/wp-content\/uploads\/2025\/07\/stabilisateur-de-tension-kebo-5000va.jpg","datePublished":"2025-07-22T08:15:52+00:00","breadcrumb":{"@id":"https:\/\/btmtelectric.com\/index.php\/product\/sdr-5000va-regulateur-de-tension-numerique-5-kva-monophase\/#breadcrumb"},"inLanguage":"fr-FR","potentialAction":[{"@type":"ReadAction","target":["https:\/\/btmtelectric.com\/index.php\/product\/sdr-5000va-regulateur-de-tension-numerique-5-kva-monophase\/"]}]},{"@type":"ImageObject","inLanguage":"fr-FR","@id":"https:\/\/btmtelectric.com\/index.php\/product\/sdr-5000va-regulateur-de-tension-numerique-5-kva-monophase\/#primaryimage","url":"https:\/\/btmtelectric.com\/wp-content\/uploads\/2025\/07\/stabilisateur-de-tension-kebo-5000va.jpg","contentUrl":"https:\/\/btmtelectric.com\/wp-content\/uploads\/2025\/07\/stabilisateur-de-tension-kebo-5000va.jpg","width":800,"height":800},{"@type":"BreadcrumbList","@id":"https:\/\/btmtelectric.com\/index.php\/product\/sdr-5000va-regulateur-de-tension-numerique-5-kva-monophase\/#breadcrumb","itemListElement":[{"@type":"ListItem","position":1,"name":"Accueil","item":"https:\/\/btmtelectric.com\/"},{"@type":"ListItem","position":2,"name":"Boutique","item":"https:\/\/btmtelectric.com\/index.php\/boutique\/"},{"@type":"ListItem","position":3,"name":"SDR-5000VA \u2013 R\u00e9gulateur de tension num\u00e9rique 5 KVA monophas\u00e9"}]},{"@type":"WebSite","@id":"https:\/\/btmtelectric.com\/#website","url":"https:\/\/btmtelectric.com\/","name":"BTMT ELECTRIC \u2013 Solutions \u00c9lectriques Fiables et Innovantes","description":"","publisher":{"@id":"https:\/\/btmtelectric.com\/#organization"},"potentialAction":[{"@type":"SearchAction","target":{"@type":"EntryPoint","urlTemplate":"https:\/\/btmtelectric.com\/?s={search_term_string}"},"query-input":{"@type":"PropertyValueSpecification","valueRequired":true,"valueName":"search_term_string"}}],"inLanguage":"fr-FR"},{"@type":"Organization","@id":"https:\/\/btmtelectric.com\/#organization","name":"BTMT ELECTRIC \u2013 Solutions \u00c9lectriques Fiables et Innovantes","url":"https:\/\/btmtelectric.com\/","logo":{"@type":"ImageObject","inLanguage":"fr-FR","@id":"https:\/\/btmtelectric.com\/#\/schema\/logo\/image\/","url":"https:\/\/btmtelectric.com\/wp-content\/uploads\/2025\/07\/WhatsApp_Image_2025-07-09_at_11.45.18_AM-removebg-preview-1.png","contentUrl":"https:\/\/btmtelectric.com\/wp-content\/uploads\/2025\/07\/WhatsApp_Image_2025-07-09_at_11.45.18_AM-removebg-preview-1.png","width":175,"height":42,"caption":"BTMT ELECTRIC \u2013 Solutions \u00c9lectriques Fiables et Innovantes"},"image":{"@id":"https:\/\/btmtelectric.com\/#\/schema\/logo\/image\/"},"sameAs":["https:\/\/www.facebook.com\/profile.php?id=61578000361796","https:\/\/www.instagram.com\/btmtelectric\/"]}]}},"_links":{"self":[{"href":"https:\/\/btmtelectric.com\/index.php\/wp-json\/wp\/v2\/product\/8366","targetHints":{"allow":["GET"]}}],"collection":[{"href":"https:\/\/btmtelectric.com\/index.php\/wp-json\/wp\/v2\/product"}],"about":[{"href":"https:\/\/btmtelectric.com\/index.php\/wp-json\/wp\/v2\/types\/product"}],"replies":[{"embeddable":true,"href":"https:\/\/btmtelectric.com\/index.php\/wp-json\/wp\/v2\/comments?post=8366"}],"wp:featuredmedia":[{"embeddable":true,"href":"https:\/\/btmtelectric.com\/index.php\/wp-json\/wp\/v2\/media\/8367"}],"wp:attachment":[{"href":"https:\/\/btmtelectric.com\/index.php\/wp-json\/wp\/v2\/media?parent=8366"}],"wp:term":[{"taxonomy":"product_brand","embeddable":true,"href":"https:\/\/btmtelectric.com\/index.php\/wp-json\/wp\/v2\/product_brand?post=8366"},{"taxonomy":"product_cat","embeddable":true,"href":"https:\/\/btmtelectric.com\/index.php\/wp-json\/wp\/v2\/product_cat?post=8366"},{"taxonomy":"product_tag","embeddable":true,"href":"https:\/\/btmtelectric.com\/index.php\/wp-json\/wp\/v2\/product_tag?post=8366"}],"curies":[{"name":"wp","href":"https:\/\/api.w.org\/{rel}","templated":true}]}}