{"id":8237,"date":"2025-07-19T11:36:28","date_gmt":"2025-07-19T11:36:28","guid":{"rendered":"https:\/\/btmtelectric.com\/?post_type=product&#038;p=8237"},"modified":"2025-07-19T16:35:17","modified_gmt":"2025-07-19T16:35:17","slug":"chsm72m-hc-panneau-solaire-monofacial-540555w-182","status":"publish","type":"product","link":"https:\/\/btmtelectric.com\/index.php\/product\/chsm72m-hc-panneau-solaire-monofacial-540555w-182\/","title":{"rendered":"CHSM72M-HC \u2013 Panneau Solaire Monofacial 540~555W (182)"},"content":{"rendered":"<p data-start=\"514\" data-end=\"819\">Le <strong data-start=\"517\" data-end=\"531\">CHSM72M-HC<\/strong> est un panneau solaire de haute performance de la s\u00e9rie <strong data-start=\"588\" data-end=\"608\">Monofacial (182)<\/strong>, con\u00e7u pour offrir un rendement \u00e9nerg\u00e9tique sup\u00e9rieur dans toutes les conditions climatiques. Avec une puissance nominale de <strong data-start=\"734\" data-end=\"748\">540 \u00e0 555W<\/strong>, il convient parfaitement aux installations solaires \u00e0 grande \u00e9chelle.<\/p>\n<p data-start=\"821\" data-end=\"855\"><strong data-start=\"821\" data-end=\"855\">Caract\u00e9ristiques principales :<\/strong><\/p>\n<ul data-start=\"856\" data-end=\"1089\">\n<li data-start=\"856\" data-end=\"882\">\n<p data-start=\"858\" data-end=\"882\">Technologie : Monofacial<\/p>\n<\/li>\n<li data-start=\"883\" data-end=\"907\">\n<p data-start=\"885\" data-end=\"907\">Puissance : 540 ~ 555W<\/p>\n<\/li>\n<li data-start=\"908\" data-end=\"951\">\n<p data-start=\"910\" data-end=\"951\">Rendement \u00e9lev\u00e9 m\u00eame en faible luminosit\u00e9<\/p>\n<\/li>\n<li data-start=\"952\" data-end=\"995\">\n<p data-start=\"954\" data-end=\"995\">R\u00e9sistance aux intemp\u00e9ries (certifi\u00e9 IEC)<\/p>\n<\/li>\n<li data-start=\"996\" data-end=\"1062\">\n<p data-start=\"998\" data-end=\"1062\">Longue dur\u00e9e de vie (25 ans de garantie de performance lin\u00e9aire)<\/p>\n<\/li>\n<li data-start=\"1063\" data-end=\"1089\">\n<p data-start=\"1065\" data-end=\"1089\">Cadre aluminium renforc\u00e9<\/p>\n<\/li>\n<\/ul>\n<p data-start=\"1091\" data-end=\"1109\"><strong data-start=\"1091\" data-end=\"1109\">Applications :<\/strong><\/p>\n<ul data-start=\"1110\" data-end=\"1205\">\n<li data-start=\"1110\" data-end=\"1130\">\n<p data-start=\"1112\" data-end=\"1130\">Centrales solaires<\/p>\n<\/li>\n<li data-start=\"1131\" data-end=\"1161\">\n<p data-start=\"1133\" data-end=\"1161\">Installations r\u00e9sidentielles<\/p>\n<\/li>\n<li data-start=\"1162\" data-end=\"1205\">\n<p data-start=\"1164\" data-end=\"1205\">Syst\u00e8mes autonomes ou connect\u00e9s au r\u00e9seau<\/p>\n<\/li>\n<\/ul>\n","protected":false},"excerpt":{"rendered":"<p>Panneau solaire monofacial CHSM72M-HC (S\u00e9rie 182) avec une puissance de sortie de 540 \u00e0 555W. Id\u00e9al pour les installations solaires r\u00e9sidentielles ou industrielles.<\/p>\n","protected":false},"featured_media":8238,"comment_status":"open","ping_status":"closed","template":"","meta":{"_acf_changed":false,"content-type":""},"product_brand":[],"product_cat":[342],"product_tag":[],"class_list":{"0":"post-8237","1":"product","2":"type-product","3":"status-publish","4":"has-post-thumbnail","6":"product_cat-panneaux","8":"first","9":"instock","10":"shipping-taxable","11":"purchasable","12":"product-type-simple"},"acf":[],"yoast_head":"<!-- This site is optimized with the Yoast SEO plugin v27.3 - https:\/\/yoast.com\/product\/yoast-seo-wordpress\/ -->\n<title>CHSM72M-HC \u2013 Panneau Solaire Monofacial 540~555W (182) - BTMT ELECTRIC \u2013 Solutions \u00c9lectriques Fiables et Innovantes<\/title>\n<meta name=\"robots\" content=\"index, follow, max-snippet:-1, max-image-preview:large, max-video-preview:-1\" \/>\n<link rel=\"canonical\" href=\"https:\/\/btmtelectric.com\/index.php\/product\/chsm72m-hc-panneau-solaire-monofacial-540555w-182\/\" \/>\n<meta property=\"og:locale\" content=\"fr_FR\" \/>\n<meta property=\"og:type\" content=\"article\" \/>\n<meta property=\"og:title\" content=\"CHSM72M-HC \u2013 Panneau Solaire Monofacial 540~555W (182) - BTMT ELECTRIC \u2013 Solutions \u00c9lectriques Fiables et Innovantes\" \/>\n<meta property=\"og:description\" content=\"Panneau solaire monofacial CHSM72M-HC (S\u00e9rie 182) avec une puissance de sortie de 540 \u00e0 555W. Id\u00e9al pour les installations solaires r\u00e9sidentielles ou industrielles.\" \/>\n<meta property=\"og:url\" content=\"https:\/\/btmtelectric.com\/index.php\/product\/chsm72m-hc-panneau-solaire-monofacial-540555w-182\/\" \/>\n<meta property=\"og:site_name\" content=\"BTMT ELECTRIC \u2013 Solutions \u00c9lectriques Fiables et Innovantes\" \/>\n<meta property=\"article:publisher\" content=\"https:\/\/www.facebook.com\/profile.php?id=61578000361796\" \/>\n<meta property=\"article:modified_time\" content=\"2025-07-19T16:35:17+00:00\" \/>\n<meta property=\"og:image\" content=\"https:\/\/btmtelectric.com\/wp-content\/uploads\/2025\/07\/320_320_Product_logo_Crystalline_645cb196811e8.png\" \/>\n\t<meta property=\"og:image:width\" content=\"207\" \/>\n\t<meta property=\"og:image:height\" content=\"320\" \/>\n\t<meta property=\"og:image:type\" content=\"image\/png\" \/>\n<meta name=\"twitter:card\" content=\"summary_large_image\" \/>\n<script type=\"application\/ld+json\" class=\"yoast-schema-graph\">{\"@context\":\"https:\\\/\\\/schema.org\",\"@graph\":[{\"@type\":\"WebPage\",\"@id\":\"https:\\\/\\\/btmtelectric.com\\\/index.php\\\/product\\\/chsm72m-hc-panneau-solaire-monofacial-540555w-182\\\/\",\"url\":\"https:\\\/\\\/btmtelectric.com\\\/index.php\\\/product\\\/chsm72m-hc-panneau-solaire-monofacial-540555w-182\\\/\",\"name\":\"CHSM72M-HC \u2013 Panneau Solaire Monofacial 540~555W (182) - BTMT ELECTRIC \u2013 Solutions \u00c9lectriques Fiables et Innovantes\",\"isPartOf\":{\"@id\":\"https:\\\/\\\/btmtelectric.com\\\/#website\"},\"primaryImageOfPage\":{\"@id\":\"https:\\\/\\\/btmtelectric.com\\\/index.php\\\/product\\\/chsm72m-hc-panneau-solaire-monofacial-540555w-182\\\/#primaryimage\"},\"image\":{\"@id\":\"https:\\\/\\\/btmtelectric.com\\\/index.php\\\/product\\\/chsm72m-hc-panneau-solaire-monofacial-540555w-182\\\/#primaryimage\"},\"thumbnailUrl\":\"https:\\\/\\\/btmtelectric.com\\\/wp-content\\\/uploads\\\/2025\\\/07\\\/320_320_Product_logo_Crystalline_645cb196811e8.png\",\"datePublished\":\"2025-07-19T11:36:28+00:00\",\"dateModified\":\"2025-07-19T16:35:17+00:00\",\"breadcrumb\":{\"@id\":\"https:\\\/\\\/btmtelectric.com\\\/index.php\\\/product\\\/chsm72m-hc-panneau-solaire-monofacial-540555w-182\\\/#breadcrumb\"},\"inLanguage\":\"fr-FR\",\"potentialAction\":[{\"@type\":\"ReadAction\",\"target\":[\"https:\\\/\\\/btmtelectric.com\\\/index.php\\\/product\\\/chsm72m-hc-panneau-solaire-monofacial-540555w-182\\\/\"]}]},{\"@type\":\"ImageObject\",\"inLanguage\":\"fr-FR\",\"@id\":\"https:\\\/\\\/btmtelectric.com\\\/index.php\\\/product\\\/chsm72m-hc-panneau-solaire-monofacial-540555w-182\\\/#primaryimage\",\"url\":\"https:\\\/\\\/btmtelectric.com\\\/wp-content\\\/uploads\\\/2025\\\/07\\\/320_320_Product_logo_Crystalline_645cb196811e8.png\",\"contentUrl\":\"https:\\\/\\\/btmtelectric.com\\\/wp-content\\\/uploads\\\/2025\\\/07\\\/320_320_Product_logo_Crystalline_645cb196811e8.png\",\"width\":207,\"height\":320},{\"@type\":\"BreadcrumbList\",\"@id\":\"https:\\\/\\\/btmtelectric.com\\\/index.php\\\/product\\\/chsm72m-hc-panneau-solaire-monofacial-540555w-182\\\/#breadcrumb\",\"itemListElement\":[{\"@type\":\"ListItem\",\"position\":1,\"name\":\"Accueil\",\"item\":\"https:\\\/\\\/btmtelectric.com\\\/\"},{\"@type\":\"ListItem\",\"position\":2,\"name\":\"Boutique\",\"item\":\"https:\\\/\\\/btmtelectric.com\\\/index.php\\\/boutique\\\/\"},{\"@type\":\"ListItem\",\"position\":3,\"name\":\"CHSM72M-HC \u2013 Panneau Solaire Monofacial 540~555W (182)\"}]},{\"@type\":\"WebSite\",\"@id\":\"https:\\\/\\\/btmtelectric.com\\\/#website\",\"url\":\"https:\\\/\\\/btmtelectric.com\\\/\",\"name\":\"BTMT ELECTRIC \u2013 Solutions \u00c9lectriques Fiables et Innovantes\",\"description\":\"\",\"publisher\":{\"@id\":\"https:\\\/\\\/btmtelectric.com\\\/#organization\"},\"potentialAction\":[{\"@type\":\"SearchAction\",\"target\":{\"@type\":\"EntryPoint\",\"urlTemplate\":\"https:\\\/\\\/btmtelectric.com\\\/?s={search_term_string}\"},\"query-input\":{\"@type\":\"PropertyValueSpecification\",\"valueRequired\":true,\"valueName\":\"search_term_string\"}}],\"inLanguage\":\"fr-FR\"},{\"@type\":\"Organization\",\"@id\":\"https:\\\/\\\/btmtelectric.com\\\/#organization\",\"name\":\"BTMT ELECTRIC \u2013 Solutions \u00c9lectriques Fiables et Innovantes\",\"url\":\"https:\\\/\\\/btmtelectric.com\\\/\",\"logo\":{\"@type\":\"ImageObject\",\"inLanguage\":\"fr-FR\",\"@id\":\"https:\\\/\\\/btmtelectric.com\\\/#\\\/schema\\\/logo\\\/image\\\/\",\"url\":\"https:\\\/\\\/btmtelectric.com\\\/wp-content\\\/uploads\\\/2025\\\/07\\\/WhatsApp_Image_2025-07-09_at_11.45.18_AM-removebg-preview-1.png\",\"contentUrl\":\"https:\\\/\\\/btmtelectric.com\\\/wp-content\\\/uploads\\\/2025\\\/07\\\/WhatsApp_Image_2025-07-09_at_11.45.18_AM-removebg-preview-1.png\",\"width\":175,\"height\":42,\"caption\":\"BTMT ELECTRIC \u2013 Solutions \u00c9lectriques Fiables et Innovantes\"},\"image\":{\"@id\":\"https:\\\/\\\/btmtelectric.com\\\/#\\\/schema\\\/logo\\\/image\\\/\"},\"sameAs\":[\"https:\\\/\\\/www.facebook.com\\\/profile.php?id=61578000361796\",\"https:\\\/\\\/www.instagram.com\\\/btmtelectric\\\/\"]}]}<\/script>\n<!-- \/ Yoast SEO plugin. -->","yoast_head_json":{"title":"CHSM72M-HC \u2013 Panneau Solaire Monofacial 540~555W (182) - BTMT ELECTRIC \u2013 Solutions \u00c9lectriques Fiables et Innovantes","robots":{"index":"index","follow":"follow","max-snippet":"max-snippet:-1","max-image-preview":"max-image-preview:large","max-video-preview":"max-video-preview:-1"},"canonical":"https:\/\/btmtelectric.com\/index.php\/product\/chsm72m-hc-panneau-solaire-monofacial-540555w-182\/","og_locale":"fr_FR","og_type":"article","og_title":"CHSM72M-HC \u2013 Panneau Solaire Monofacial 540~555W (182) - BTMT ELECTRIC \u2013 Solutions \u00c9lectriques Fiables et Innovantes","og_description":"Panneau solaire monofacial CHSM72M-HC (S\u00e9rie 182) avec une puissance de sortie de 540 \u00e0 555W. Id\u00e9al pour les installations solaires r\u00e9sidentielles ou industrielles.","og_url":"https:\/\/btmtelectric.com\/index.php\/product\/chsm72m-hc-panneau-solaire-monofacial-540555w-182\/","og_site_name":"BTMT ELECTRIC \u2013 Solutions \u00c9lectriques Fiables et Innovantes","article_publisher":"https:\/\/www.facebook.com\/profile.php?id=61578000361796","article_modified_time":"2025-07-19T16:35:17+00:00","og_image":[{"width":207,"height":320,"url":"https:\/\/btmtelectric.com\/wp-content\/uploads\/2025\/07\/320_320_Product_logo_Crystalline_645cb196811e8.png","type":"image\/png"}],"twitter_card":"summary_large_image","schema":{"@context":"https:\/\/schema.org","@graph":[{"@type":"WebPage","@id":"https:\/\/btmtelectric.com\/index.php\/product\/chsm72m-hc-panneau-solaire-monofacial-540555w-182\/","url":"https:\/\/btmtelectric.com\/index.php\/product\/chsm72m-hc-panneau-solaire-monofacial-540555w-182\/","name":"CHSM72M-HC \u2013 Panneau Solaire Monofacial 540~555W (182) - BTMT ELECTRIC \u2013 Solutions \u00c9lectriques Fiables et Innovantes","isPartOf":{"@id":"https:\/\/btmtelectric.com\/#website"},"primaryImageOfPage":{"@id":"https:\/\/btmtelectric.com\/index.php\/product\/chsm72m-hc-panneau-solaire-monofacial-540555w-182\/#primaryimage"},"image":{"@id":"https:\/\/btmtelectric.com\/index.php\/product\/chsm72m-hc-panneau-solaire-monofacial-540555w-182\/#primaryimage"},"thumbnailUrl":"https:\/\/btmtelectric.com\/wp-content\/uploads\/2025\/07\/320_320_Product_logo_Crystalline_645cb196811e8.png","datePublished":"2025-07-19T11:36:28+00:00","dateModified":"2025-07-19T16:35:17+00:00","breadcrumb":{"@id":"https:\/\/btmtelectric.com\/index.php\/product\/chsm72m-hc-panneau-solaire-monofacial-540555w-182\/#breadcrumb"},"inLanguage":"fr-FR","potentialAction":[{"@type":"ReadAction","target":["https:\/\/btmtelectric.com\/index.php\/product\/chsm72m-hc-panneau-solaire-monofacial-540555w-182\/"]}]},{"@type":"ImageObject","inLanguage":"fr-FR","@id":"https:\/\/btmtelectric.com\/index.php\/product\/chsm72m-hc-panneau-solaire-monofacial-540555w-182\/#primaryimage","url":"https:\/\/btmtelectric.com\/wp-content\/uploads\/2025\/07\/320_320_Product_logo_Crystalline_645cb196811e8.png","contentUrl":"https:\/\/btmtelectric.com\/wp-content\/uploads\/2025\/07\/320_320_Product_logo_Crystalline_645cb196811e8.png","width":207,"height":320},{"@type":"BreadcrumbList","@id":"https:\/\/btmtelectric.com\/index.php\/product\/chsm72m-hc-panneau-solaire-monofacial-540555w-182\/#breadcrumb","itemListElement":[{"@type":"ListItem","position":1,"name":"Accueil","item":"https:\/\/btmtelectric.com\/"},{"@type":"ListItem","position":2,"name":"Boutique","item":"https:\/\/btmtelectric.com\/index.php\/boutique\/"},{"@type":"ListItem","position":3,"name":"CHSM72M-HC \u2013 Panneau Solaire Monofacial 540~555W (182)"}]},{"@type":"WebSite","@id":"https:\/\/btmtelectric.com\/#website","url":"https:\/\/btmtelectric.com\/","name":"BTMT ELECTRIC \u2013 Solutions \u00c9lectriques Fiables et Innovantes","description":"","publisher":{"@id":"https:\/\/btmtelectric.com\/#organization"},"potentialAction":[{"@type":"SearchAction","target":{"@type":"EntryPoint","urlTemplate":"https:\/\/btmtelectric.com\/?s={search_term_string}"},"query-input":{"@type":"PropertyValueSpecification","valueRequired":true,"valueName":"search_term_string"}}],"inLanguage":"fr-FR"},{"@type":"Organization","@id":"https:\/\/btmtelectric.com\/#organization","name":"BTMT ELECTRIC \u2013 Solutions \u00c9lectriques Fiables et Innovantes","url":"https:\/\/btmtelectric.com\/","logo":{"@type":"ImageObject","inLanguage":"fr-FR","@id":"https:\/\/btmtelectric.com\/#\/schema\/logo\/image\/","url":"https:\/\/btmtelectric.com\/wp-content\/uploads\/2025\/07\/WhatsApp_Image_2025-07-09_at_11.45.18_AM-removebg-preview-1.png","contentUrl":"https:\/\/btmtelectric.com\/wp-content\/uploads\/2025\/07\/WhatsApp_Image_2025-07-09_at_11.45.18_AM-removebg-preview-1.png","width":175,"height":42,"caption":"BTMT ELECTRIC \u2013 Solutions \u00c9lectriques Fiables et Innovantes"},"image":{"@id":"https:\/\/btmtelectric.com\/#\/schema\/logo\/image\/"},"sameAs":["https:\/\/www.facebook.com\/profile.php?id=61578000361796","https:\/\/www.instagram.com\/btmtelectric\/"]}]}},"_links":{"self":[{"href":"https:\/\/btmtelectric.com\/index.php\/wp-json\/wp\/v2\/product\/8237","targetHints":{"allow":["GET"]}}],"collection":[{"href":"https:\/\/btmtelectric.com\/index.php\/wp-json\/wp\/v2\/product"}],"about":[{"href":"https:\/\/btmtelectric.com\/index.php\/wp-json\/wp\/v2\/types\/product"}],"replies":[{"embeddable":true,"href":"https:\/\/btmtelectric.com\/index.php\/wp-json\/wp\/v2\/comments?post=8237"}],"wp:featuredmedia":[{"embeddable":true,"href":"https:\/\/btmtelectric.com\/index.php\/wp-json\/wp\/v2\/media\/8238"}],"wp:attachment":[{"href":"https:\/\/btmtelectric.com\/index.php\/wp-json\/wp\/v2\/media?parent=8237"}],"wp:term":[{"taxonomy":"product_brand","embeddable":true,"href":"https:\/\/btmtelectric.com\/index.php\/wp-json\/wp\/v2\/product_brand?post=8237"},{"taxonomy":"product_cat","embeddable":true,"href":"https:\/\/btmtelectric.com\/index.php\/wp-json\/wp\/v2\/product_cat?post=8237"},{"taxonomy":"product_tag","embeddable":true,"href":"https:\/\/btmtelectric.com\/index.php\/wp-json\/wp\/v2\/product_tag?post=8237"}],"curies":[{"name":"wp","href":"https:\/\/api.w.org\/{rel}","templated":true}]}}